{"id":5340,"date":"2025-07-24T23:38:39","date_gmt":"2025-07-24T21:38:39","guid":{"rendered":"http:\/\/localhost\/STAN-wordpress\/?page_id=147"},"modified":"2025-09-24T15:54:49","modified_gmt":"2025-09-24T13:54:49","slug":"contact","status":"publish","type":"page","link":"https:\/\/sites.ac-nancy-metz.fr\/lyc-stanislas-villers\/00stanwp\/contact\/","title":{"rendered":"Contact"},"content":{"rendered":"<p class=\"Style36\"><strong><u>Direction administrative et p\u00e9dagogique :<\/u><\/strong><\/p>\n<p class=\"Style31\">Proviseur : Bernard Segard<br \/>\nProviseur adjoint : Matthieu Roy<br \/>\nSecr\u00e9tariat : Ir\u00e8ne Schlosser\/Desmonts Fran\u00e7oise<\/p>\n<p class=\"Style36\"><strong><u>Service Vie scolaire :<\/u><\/strong><\/p>\n<p class=\"Style31\">Conseillers Principaux d\u2019\u00c9ducation : Diane Odinot, M. Alexandre Maio , Me Laila Boustol<\/p>\n<p class=\"Style37\">Absences, retards,&#8230;<\/p>\n<p><strong>Adresse postale:<\/strong> 468 rue de Vandoeuvre, 54600 Villers-L\u00e8s-Nancy<\/p>\n<p class=\"Style18\"><strong>T\u00e9l\u00e9phone:<\/strong> 03 83 91 35 05<br \/>\n<strong>Fax:<\/strong> 03.83.91.35.37<\/p>\n<p class=\"Style39\"><strong><u><span class=\"Style10\">Secr\u00e9tariat scolarit\u00e9<\/span><\/u><span class=\"Style10\">:<\/span><\/strong><\/p>\n<p class=\"Style44\">Godefroy Caroline<\/p>\n<p class=\"Style2 Style29\"><span class=\"Style34\">Inscriptions, les bourses, les transports&#8230;<strong><br \/>\nT\u00e9l: <\/strong>03 83 91 35 23<strong><br \/>\n<\/strong><\/span><\/p>\n<p class=\"Style36\" style=\"text-align: left;\" align=\"center\"><strong><u>Secteur H\u00f4telier : <\/u><\/strong><\/p>\n<p class=\"Style31\"><strong>Directeur D\u00e9l\u00e9gu\u00e9\u00a0 aux Formations Professionnelles et Technologiques: <\/strong><em>Me Duval Manuela<\/em><em><br \/>\n<\/em>T\u00e9l : 03 83 91 35 29<br \/>\n<strong>Fax: <\/strong>03 83 91 35 47 <strong><em><br \/>\n<\/em> Secr\u00e9tariat h\u00f4tellerie : <\/strong>03 83 91 35 36<\/p>\n<p><strong>Coordonnateurs ERASMUS:<\/strong><\/p>\n<p>Mme Yongbloutt Nad\u00e8ge : <a href=\"mailto:Nadege.Bonard@ac-nancy-metz.fr\">Nadege.Bonard@ac-nancy-metz.fr<\/a><\/p>\n<p><strong>Intendance<\/strong><\/p>\n<p><a href=\"https:\/\/sites.ac-nancy-metz.fr\/lyc-stanislas-villers\/00stanwp\/wp-content\/uploads\/2021\/02\/Formulaire-versement-TA-Stanislas.pdf\" target=\"_blank\" rel=\"noopener noreferrer\">Formulaire de versement de Taxe d&rsquo;apprentissage \u00e0 t\u00e9l\u00e9charger<\/a><\/p>\n<p class=\"Style16\" style=\"text-align: left;\" align=\"center\"><span class=\"Style43\"><strong class=\"Style29\"><u>Boite \u00e0 lettre \u00e9lectronique du lyc\u00e9e : <\/u><\/strong><\/span><span class=\"Style33\"><span class=\"Style29\"><br \/>\nPour toute demande de renseignements ou d&rsquo;envoi de documentations, vous pouvez \u00e9crire \u00e0 l&rsquo;adresse :<br \/>\n<a href=\"mailto:ce.0542208@ac-nancy-metz.fr\">ce.0542208@ac-nancy-metz.fr <\/a><\/span><\/span><\/p>\n<p class=\"Style26\" style=\"text-align: left;\" align=\"center\"><strong class=\"Style16\"><u>Administrateur du site<\/u><\/strong><span class=\"Style33\"><strong><a href=\"mailto:Gael.Vouters@ac-nancy-metz.fr\"><br \/>\n<\/a><\/strong>(pour toute remarque concernant le site du lyc\u00e9e)<\/span><\/p>\n<p class=\"Style16\" style=\"text-align: left;\" align=\"center\"><span class=\"Style31\"><a href=\"mailto:Gael.Vouters@ac-nancy-metz.fr\">Gael.Vouters@ac-nancy-metz.fr <\/a><\/span><\/p>\n","protected":false},"excerpt":{"rendered":"<p>Direction administrative et p\u00e9dagogique : Proviseur : Bernard Segard Proviseur adjoint : Matthieu Roy Secr\u00e9tariat : Ir\u00e8ne Schlosser\/Desmonts Fran\u00e7oise Service Vie scolaire : Conseillers Principaux d\u2019\u00c9ducation : Diane Odinot, M. Alexandre Maio , Me Laila Boustol Absences, retards,&#8230; Adresse postale: 468 rue de Vandoeuvre, 54600 Villers-L\u00e8s-Nancy T\u00e9l\u00e9phone: 03 83 91 35 05 Fax: 03.83.91.35.37 Secr\u00e9tariat [&hellip;]<\/p>\n","protected":false},"author":1,"featured_media":0,"parent":0,"menu_order":0,"comment_status":"closed","ping_status":"closed","template":"","meta":{"saved_in_kubio":false,"footnotes":""},"class_list":["post-5340","page","type-page","status-publish","hentry"],"kubio_ai_page_context":{"short_desc":"","purpose":"general"},"jetpack_sharing_enabled":true,"_links":{"self":[{"href":"https:\/\/sites.ac-nancy-metz.fr\/lyc-stanislas-villers\/00stanwp\/wp-json\/wp\/v2\/pages\/5340","targetHints":{"allow":["GET"]}}],"collection":[{"href":"https:\/\/sites.ac-nancy-metz.fr\/lyc-stanislas-villers\/00stanwp\/wp-json\/wp\/v2\/pages"}],"about":[{"href":"https:\/\/sites.ac-nancy-metz.fr\/lyc-stanislas-villers\/00stanwp\/wp-json\/wp\/v2\/types\/page"}],"author":[{"embeddable":true,"href":"https:\/\/sites.ac-nancy-metz.fr\/lyc-stanislas-villers\/00stanwp\/wp-json\/wp\/v2\/users\/1"}],"replies":[{"embeddable":true,"href":"https:\/\/sites.ac-nancy-metz.fr\/lyc-stanislas-villers\/00stanwp\/wp-json\/wp\/v2\/comments?post=5340"}],"version-history":[{"count":4,"href":"https:\/\/sites.ac-nancy-metz.fr\/lyc-stanislas-villers\/00stanwp\/wp-json\/wp\/v2\/pages\/5340\/revisions"}],"predecessor-version":[{"id":6600,"href":"https:\/\/sites.ac-nancy-metz.fr\/lyc-stanislas-villers\/00stanwp\/wp-json\/wp\/v2\/pages\/5340\/revisions\/6600"}],"wp:attachment":[{"href":"https:\/\/sites.ac-nancy-metz.fr\/lyc-stanislas-villers\/00stanwp\/wp-json\/wp\/v2\/media?parent=5340"}],"curies":[{"name":"wp","href":"https:\/\/api.w.org\/{rel}","templated":true}]}}