{"id":589,"date":"2025-07-24T22:53:43","date_gmt":"2025-07-24T20:53:43","guid":{"rendered":"http:\/\/sites.ac-nancy-metz.fr\/lyc-stanislas-villers\/0stanwp\/?page_id=589"},"modified":"2025-07-25T17:25:57","modified_gmt":"2025-07-25T15:25:57","slug":"formations-en-secourisme","status":"publish","type":"page","link":"https:\/\/sites.ac-nancy-metz.fr\/lyc-stanislas-villers\/00stanwp\/formations-en-secourisme\/","title":{"rendered":"Formations en secourisme"},"content":{"rendered":"<div class=\"wp-block-image\">\n<figure class=\"alignleft\"><img loading=\"lazy\" decoding=\"async\" width=\"271\" height=\"320\" src=\"https:\/\/sites.ac-nancy-metz.fr\/lyc-stanislas-villers\/00stanwp\/wp-content\/uploads\/2017\/02\/secourir.jpg\" alt=\"\" class=\"wp-image-590\" srcset=\"https:\/\/sites.ac-nancy-metz.fr\/lyc-stanislas-villers\/00stanwp\/wp-content\/uploads\/2017\/02\/secourir.jpg 271w, https:\/\/sites.ac-nancy-metz.fr\/lyc-stanislas-villers\/00stanwp\/wp-content\/uploads\/2017\/02\/secourir-254x300.jpg 254w\" sizes=\"(max-width: 271px) 100vw, 271px\" \/><\/figure>\n<\/div>\n\n\n<p class=\"Style10\"><\/p>\n\n\n\n<p class=\"Style10\">Le lyc\u00e9e Stanislas dispose de deux<u> formatrices qualifi\u00e9es et habilit\u00e9es<\/u> pour assurer les formations de secourisme dans l&rsquo;\u00e9tablissement \u00e0 destination des \u00e9l\u00e8ves et du personnel.<\/p>\n\n\n\n<ul class=\"wp-block-list Style10 Style28\">\n<li><div align=\"left\">1 formatrice PSC1 (Pr\u00e9vention et Secours Civiques de niveau 1)<\/div><br><\/li>\n\n\n\n<li><div align=\"left\">1 formatrice SST (Sauveteur Secouriste du Travail)<\/div><br><\/li>\n<\/ul>\n\n\n\n<p class=\"Style10\">L&rsquo;objectif est de faire acqu\u00e9rir aux \u00e9l\u00e8ves et aux personnels un comportement efficace et adapt\u00e9 face \u00e0 une situation d\u2019urgence.<\/p>\n\n\n\n<p class=\"Style10\"><strong><u>Le Sauveteur Secouriste du Travail<\/u><\/strong>:<\/p>\n\n\n\n<figure class=\"wp-block-image\"><img loading=\"lazy\" decoding=\"async\" width=\"150\" height=\"150\" src=\"https:\/\/sites.ac-nancy-metz.fr\/lyc-stanislas-villers\/00stanwp\/wp-content\/uploads\/2017\/02\/sst.gif\" alt=\"\" class=\"wp-image-339\"\/><\/figure>\n\n\n\n<p class=\"Style10\"><\/p>\n\n\n\n<p class=\"Style10\">Le Sauveteur Secouriste du Travail (SST) intervient dans le cadre de son activit\u00e9 professionnelle, il est un membre du personnel de l&rsquo;entreprise, il est capable de porter secours \u00e0 tout moment au sein de l\u2019entreprise \u00e0 toute victime d\u2019un accident du travail, dans l\u2019attente de l\u2019arriv\u00e9e des secours sp\u00e9cialis\u00e9s. Le SST d\u00e9tient aussi l\u2019unit\u00e9 d\u2019enseignement PSC 1.<\/p>\n\n\n\n<p class=\"Style10\">A l&rsquo;issue de la formation,<u> si le stagiaire est valid\u00e9 lors des \u00e9valuations continues<\/u>, il lui est d\u00e9livr\u00e9 un Certificat de Sauveteur Secouriste du Travail, <u>valable 24 mois maximum<\/u>.<\/p>\n\n\n\n<p class=\"Style10\">Le SST devra effectuer une s\u00e9quence de Maintien et Actualisation des Comp\u00e9tences (MAC)&nbsp; SST d&rsquo;une dur\u00e9e de 7 heures dans les 24 mois suivant sa validation initiale pour pouvoir garder sa certification de SST, dans le cas contraire il perd sa certification et ne pourra la retrouver qu&rsquo;\u00e0 l&rsquo;issue d&rsquo;une nouvelle s\u00e9quence de MAC au cours de laquelle il passera avec succ\u00e8s les \u00e9valuations propos\u00e9es.<\/p>\n","protected":false},"excerpt":{"rendered":"<p>Le lyc\u00e9e Stanislas dispose de deux formatrices qualifi\u00e9es et habilit\u00e9es pour assurer les formations de secourisme dans l&rsquo;\u00e9tablissement \u00e0 destination des \u00e9l\u00e8ves et du personnel. L&rsquo;objectif est de faire acqu\u00e9rir aux \u00e9l\u00e8ves et aux personnels un comportement efficace et adapt\u00e9 face \u00e0 une situation d\u2019urgence. Le Sauveteur Secouriste du Travail: Le Sauveteur Secouriste du Travail [&hellip;]<\/p>\n","protected":false},"author":1,"featured_media":0,"parent":0,"menu_order":0,"comment_status":"closed","ping_status":"closed","template":"","meta":{"saved_in_kubio":false,"footnotes":""},"class_list":["post-589","page","type-page","status-publish","hentry"],"kubio_ai_page_context":{"short_desc":"","purpose":"general"},"jetpack_sharing_enabled":true,"_links":{"self":[{"href":"https:\/\/sites.ac-nancy-metz.fr\/lyc-stanislas-villers\/00stanwp\/wp-json\/wp\/v2\/pages\/589","targetHints":{"allow":["GET"]}}],"collection":[{"href":"https:\/\/sites.ac-nancy-metz.fr\/lyc-stanislas-villers\/00stanwp\/wp-json\/wp\/v2\/pages"}],"about":[{"href":"https:\/\/sites.ac-nancy-metz.fr\/lyc-stanislas-villers\/00stanwp\/wp-json\/wp\/v2\/types\/page"}],"author":[{"embeddable":true,"href":"https:\/\/sites.ac-nancy-metz.fr\/lyc-stanislas-villers\/00stanwp\/wp-json\/wp\/v2\/users\/1"}],"replies":[{"embeddable":true,"href":"https:\/\/sites.ac-nancy-metz.fr\/lyc-stanislas-villers\/00stanwp\/wp-json\/wp\/v2\/comments?post=589"}],"version-history":[{"count":6,"href":"https:\/\/sites.ac-nancy-metz.fr\/lyc-stanislas-villers\/00stanwp\/wp-json\/wp\/v2\/pages\/589\/revisions"}],"predecessor-version":[{"id":6331,"href":"https:\/\/sites.ac-nancy-metz.fr\/lyc-stanislas-villers\/00stanwp\/wp-json\/wp\/v2\/pages\/589\/revisions\/6331"}],"wp:attachment":[{"href":"https:\/\/sites.ac-nancy-metz.fr\/lyc-stanislas-villers\/00stanwp\/wp-json\/wp\/v2\/media?parent=589"}],"curies":[{"name":"wp","href":"https:\/\/api.w.org\/{rel}","templated":true}]}}