{"id":6723,"date":"2025-11-11T10:16:16","date_gmt":"2025-11-11T09:16:16","guid":{"rendered":"https:\/\/sites.ac-nancy-metz.fr\/lyc-stanislas-villers\/00stanwp\/?page_id=6723"},"modified":"2025-11-11T10:37:35","modified_gmt":"2025-11-11T09:37:35","slug":"lycee-en-developpement-durable","status":"publish","type":"page","link":"https:\/\/sites.ac-nancy-metz.fr\/lyc-stanislas-villers\/00stanwp\/lycee-en-developpement-durable\/","title":{"rendered":"Lyc\u00e9e en d\u00e9veloppement durable"},"content":{"rendered":"\n<figure class=\"wp-block-embed is-type-wp-embed is-provider-lyc-e-polyvalent-r-gional-stanislas-villers-l-s-nancy wp-block-embed-lyc-e-polyvalent-r-gional-stanislas-villers-l-s-nancy\"><div class=\"wp-block-embed__wrapper\">\n<blockquote class=\"wp-embedded-content\" data-secret=\"QDNljFBWSQ\"><a href=\"https:\/\/sites.ac-nancy-metz.fr\/lyc-stanislas-villers\/00stanwp\/a-stan-le-gaspi-cest-banni\/\">\u00c0 Stan, le gaspi c&rsquo;est banni !<\/a><\/blockquote><iframe loading=\"lazy\" class=\"wp-embedded-content\" sandbox=\"allow-scripts\" security=\"restricted\" style=\"position: absolute; visibility: hidden;\" title=\"\u00ab\u00a0\u00c0 Stan, le gaspi c&rsquo;est banni !\u00a0\u00bb &#8212; Lyc\u00e9e Polyvalent R\u00e9gional Stanislas - Villers-L\u00e8s-Nancy\" src=\"https:\/\/sites.ac-nancy-metz.fr\/lyc-stanislas-villers\/00stanwp\/a-stan-le-gaspi-cest-banni\/embed\/#?secret=EOiKBp8pC6#?secret=QDNljFBWSQ\" data-secret=\"QDNljFBWSQ\" width=\"500\" height=\"282\" frameborder=\"0\" marginwidth=\"0\" marginheight=\"0\" scrolling=\"no\"><\/iframe>\n<\/div><\/figure>\n\n\n\n<figure class=\"wp-block-embed is-type-wp-embed is-provider-lyc-e-polyvalent-r-gional-stanislas-villers-l-s-nancy wp-block-embed-lyc-e-polyvalent-r-gional-stanislas-villers-l-s-nancy\"><div class=\"wp-block-embed__wrapper\">\n<blockquote class=\"wp-embedded-content\" data-secret=\"SwAjlMEynk\"><a href=\"https:\/\/sites.ac-nancy-metz.fr\/lyc-stanislas-villers\/00stanwp\/projet-manuterra-jardin-pedagogique\/\">Projet Manuterra \/ Jardin p\u00e9dagogique<\/a><\/blockquote><iframe loading=\"lazy\" class=\"wp-embedded-content\" sandbox=\"allow-scripts\" security=\"restricted\" style=\"position: absolute; visibility: hidden;\" title=\"\u00ab\u00a0Projet Manuterra \/ Jardin p\u00e9dagogique\u00a0\u00bb &#8212; Lyc\u00e9e Polyvalent R\u00e9gional Stanislas - Villers-L\u00e8s-Nancy\" src=\"https:\/\/sites.ac-nancy-metz.fr\/lyc-stanislas-villers\/00stanwp\/projet-manuterra-jardin-pedagogique\/embed\/#?secret=jhLbfQne0U#?secret=SwAjlMEynk\" data-secret=\"SwAjlMEynk\" width=\"500\" height=\"282\" frameborder=\"0\" marginwidth=\"0\" marginheight=\"0\" scrolling=\"no\"><\/iframe>\n<\/div><\/figure>\n\n\n\n<figure class=\"wp-block-embed is-type-wp-embed is-provider-lyc-e-polyvalent-r-gional-stanislas-villers-l-s-nancy wp-block-embed-lyc-e-polyvalent-r-gional-stanislas-villers-l-s-nancy\"><div class=\"wp-block-embed__wrapper\">\n<blockquote class=\"wp-embedded-content\" data-secret=\"E5cYDQlSbU\"><a href=\"https:\/\/sites.ac-nancy-metz.fr\/lyc-stanislas-villers\/00stanwp\/actions-ponctuelles\/\">Actions ponctuelles<\/a><\/blockquote><iframe loading=\"lazy\" class=\"wp-embedded-content\" sandbox=\"allow-scripts\" security=\"restricted\" style=\"position: absolute; visibility: hidden;\" title=\"\u00ab\u00a0Actions ponctuelles\u00a0\u00bb &#8212; Lyc\u00e9e Polyvalent R\u00e9gional Stanislas - Villers-L\u00e8s-Nancy\" src=\"https:\/\/sites.ac-nancy-metz.fr\/lyc-stanislas-villers\/00stanwp\/actions-ponctuelles\/embed\/#?secret=WPemytnsjK#?secret=E5cYDQlSbU\" data-secret=\"E5cYDQlSbU\" width=\"500\" height=\"282\" frameborder=\"0\" marginwidth=\"0\" marginheight=\"0\" scrolling=\"no\"><\/iframe>\n<\/div><\/figure>\n","protected":false},"excerpt":{"rendered":"","protected":false},"author":1,"featured_media":6736,"parent":0,"menu_order":0,"comment_status":"closed","ping_status":"closed","template":"","meta":{"saved_in_kubio":false,"footnotes":""},"class_list":["post-6723","page","type-page","status-publish","has-post-thumbnail","hentry"],"kubio_ai_page_context":{"short_desc":"","purpose":"general"},"jetpack_sharing_enabled":true,"_links":{"self":[{"href":"https:\/\/sites.ac-nancy-metz.fr\/lyc-stanislas-villers\/00stanwp\/wp-json\/wp\/v2\/pages\/6723","targetHints":{"allow":["GET"]}}],"collection":[{"href":"https:\/\/sites.ac-nancy-metz.fr\/lyc-stanislas-villers\/00stanwp\/wp-json\/wp\/v2\/pages"}],"about":[{"href":"https:\/\/sites.ac-nancy-metz.fr\/lyc-stanislas-villers\/00stanwp\/wp-json\/wp\/v2\/types\/page"}],"author":[{"embeddable":true,"href":"https:\/\/sites.ac-nancy-metz.fr\/lyc-stanislas-villers\/00stanwp\/wp-json\/wp\/v2\/users\/1"}],"replies":[{"embeddable":true,"href":"https:\/\/sites.ac-nancy-metz.fr\/lyc-stanislas-villers\/00stanwp\/wp-json\/wp\/v2\/comments?post=6723"}],"version-history":[{"count":4,"href":"https:\/\/sites.ac-nancy-metz.fr\/lyc-stanislas-villers\/00stanwp\/wp-json\/wp\/v2\/pages\/6723\/revisions"}],"predecessor-version":[{"id":6741,"href":"https:\/\/sites.ac-nancy-metz.fr\/lyc-stanislas-villers\/00stanwp\/wp-json\/wp\/v2\/pages\/6723\/revisions\/6741"}],"wp:featuredmedia":[{"embeddable":true,"href":"https:\/\/sites.ac-nancy-metz.fr\/lyc-stanislas-villers\/00stanwp\/wp-json\/wp\/v2\/media\/6736"}],"wp:attachment":[{"href":"https:\/\/sites.ac-nancy-metz.fr\/lyc-stanislas-villers\/00stanwp\/wp-json\/wp\/v2\/media?parent=6723"}],"curies":[{"name":"wp","href":"https:\/\/api.w.org\/{rel}","templated":true}]}}