{"id":6729,"date":"2025-11-11T10:21:31","date_gmt":"2025-11-11T09:21:31","guid":{"rendered":"https:\/\/sites.ac-nancy-metz.fr\/lyc-stanislas-villers\/00stanwp\/?page_id=6729"},"modified":"2025-12-11T10:01:01","modified_gmt":"2025-12-11T09:01:01","slug":"projet-manuterra-jardin-pedagogique","status":"publish","type":"page","link":"https:\/\/sites.ac-nancy-metz.fr\/lyc-stanislas-villers\/00stanwp\/projet-manuterra-jardin-pedagogique\/","title":{"rendered":"Projet Manuterra \/ Jardin p\u00e9dagogique"},"content":{"rendered":"\n<figure class=\"wp-block-embed is-type-wp-embed is-provider-lyc-e-polyvalent-r-gional-stanislas-villers-l-s-nancy wp-block-embed-lyc-e-polyvalent-r-gional-stanislas-villers-l-s-nancy\"><div class=\"wp-block-embed__wrapper\">\n<blockquote class=\"wp-embedded-content\" data-secret=\"IVw11qVoOP\"><a href=\"https:\/\/sites.ac-nancy-metz.fr\/lyc-stanislas-villers\/00stanwp\/2025\/12\/11\/de-la-terre-a-lassiette-un-jardin-pour-cultiver-savoir-faire-et-conscience-ecologique\/\">De la terre \u00e0 l\u2019assiette\u00a0: un jardin pour cultiver savoir-faire et conscience \u00e9cologique<\/a><\/blockquote><iframe loading=\"lazy\" class=\"wp-embedded-content\" sandbox=\"allow-scripts\" security=\"restricted\" style=\"position: absolute; visibility: hidden;\" title=\"\u00ab\u00a0De la terre \u00e0 l\u2019assiette\u00a0: un jardin pour cultiver savoir-faire et conscience \u00e9cologique\u00a0\u00bb &#8212; Lyc\u00e9e Polyvalent R\u00e9gional Stanislas - Villers-L\u00e8s-Nancy\" src=\"https:\/\/sites.ac-nancy-metz.fr\/lyc-stanislas-villers\/00stanwp\/2025\/12\/11\/de-la-terre-a-lassiette-un-jardin-pour-cultiver-savoir-faire-et-conscience-ecologique\/embed\/#?secret=zHjAe4BE1q#?secret=IVw11qVoOP\" data-secret=\"IVw11qVoOP\" width=\"500\" height=\"282\" frameborder=\"0\" marginwidth=\"0\" marginheight=\"0\" scrolling=\"no\"><\/iframe>\n<\/div><\/figure>\n","protected":false},"excerpt":{"rendered":"","protected":false},"author":1,"featured_media":6744,"parent":0,"menu_order":0,"comment_status":"closed","ping_status":"closed","template":"","meta":{"saved_in_kubio":false,"footnotes":""},"class_list":["post-6729","page","type-page","status-publish","has-post-thumbnail","hentry"],"kubio_ai_page_context":{"short_desc":"","purpose":"general"},"jetpack_sharing_enabled":true,"_links":{"self":[{"href":"https:\/\/sites.ac-nancy-metz.fr\/lyc-stanislas-villers\/00stanwp\/wp-json\/wp\/v2\/pages\/6729","targetHints":{"allow":["GET"]}}],"collection":[{"href":"https:\/\/sites.ac-nancy-metz.fr\/lyc-stanislas-villers\/00stanwp\/wp-json\/wp\/v2\/pages"}],"about":[{"href":"https:\/\/sites.ac-nancy-metz.fr\/lyc-stanislas-villers\/00stanwp\/wp-json\/wp\/v2\/types\/page"}],"author":[{"embeddable":true,"href":"https:\/\/sites.ac-nancy-metz.fr\/lyc-stanislas-villers\/00stanwp\/wp-json\/wp\/v2\/users\/1"}],"replies":[{"embeddable":true,"href":"https:\/\/sites.ac-nancy-metz.fr\/lyc-stanislas-villers\/00stanwp\/wp-json\/wp\/v2\/comments?post=6729"}],"version-history":[{"count":2,"href":"https:\/\/sites.ac-nancy-metz.fr\/lyc-stanislas-villers\/00stanwp\/wp-json\/wp\/v2\/pages\/6729\/revisions"}],"predecessor-version":[{"id":6870,"href":"https:\/\/sites.ac-nancy-metz.fr\/lyc-stanislas-villers\/00stanwp\/wp-json\/wp\/v2\/pages\/6729\/revisions\/6870"}],"wp:featuredmedia":[{"embeddable":true,"href":"https:\/\/sites.ac-nancy-metz.fr\/lyc-stanislas-villers\/00stanwp\/wp-json\/wp\/v2\/media\/6744"}],"wp:attachment":[{"href":"https:\/\/sites.ac-nancy-metz.fr\/lyc-stanislas-villers\/00stanwp\/wp-json\/wp\/v2\/media?parent=6729"}],"curies":[{"name":"wp","href":"https:\/\/api.w.org\/{rel}","templated":true}]}}