{"id":6731,"date":"2025-11-11T10:22:14","date_gmt":"2025-11-11T09:22:14","guid":{"rendered":"https:\/\/sites.ac-nancy-metz.fr\/lyc-stanislas-villers\/00stanwp\/?page_id=6731"},"modified":"2025-12-03T12:16:58","modified_gmt":"2025-12-03T11:16:58","slug":"actions-ponctuelles","status":"publish","type":"page","link":"https:\/\/sites.ac-nancy-metz.fr\/lyc-stanislas-villers\/00stanwp\/actions-ponctuelles\/","title":{"rendered":"Actions ponctuelles"},"content":{"rendered":"\n<figure class=\"wp-block-embed is-type-wp-embed is-provider-lyc-e-polyvalent-r-gional-stanislas-villers-l-s-nancy wp-block-embed-lyc-e-polyvalent-r-gional-stanislas-villers-l-s-nancy\"><div class=\"wp-block-embed__wrapper\">\n<blockquote class=\"wp-embedded-content\" data-secret=\"2yTUYWY8jI\"><a href=\"https:\/\/sites.ac-nancy-metz.fr\/lyc-stanislas-villers\/00stanwp\/2025\/12\/03\/operation-zero-dechet-dans-la-nature-a-stan\/\">Op\u00e9ration \u00ab Z\u00e9ro d\u00e9chet dans la nature \u00bb \u00e0 Stan<\/a><\/blockquote><iframe loading=\"lazy\" class=\"wp-embedded-content\" sandbox=\"allow-scripts\" security=\"restricted\" style=\"position: absolute; visibility: hidden;\" title=\"\u00ab\u00a0Op\u00e9ration \u00ab Z\u00e9ro d\u00e9chet dans la nature \u00bb \u00e0 Stan\u00a0\u00bb &#8212; Lyc\u00e9e Polyvalent R\u00e9gional Stanislas - Villers-L\u00e8s-Nancy\" src=\"https:\/\/sites.ac-nancy-metz.fr\/lyc-stanislas-villers\/00stanwp\/2025\/12\/03\/operation-zero-dechet-dans-la-nature-a-stan\/embed\/#?secret=cIDmQGrFLG#?secret=2yTUYWY8jI\" data-secret=\"2yTUYWY8jI\" width=\"500\" height=\"282\" frameborder=\"0\" marginwidth=\"0\" marginheight=\"0\" scrolling=\"no\"><\/iframe>\n<\/div><\/figure>\n","protected":false},"excerpt":{"rendered":"","protected":false},"author":1,"featured_media":6745,"parent":0,"menu_order":0,"comment_status":"closed","ping_status":"closed","template":"","meta":{"saved_in_kubio":false,"footnotes":""},"class_list":["post-6731","page","type-page","status-publish","has-post-thumbnail","hentry"],"kubio_ai_page_context":{"short_desc":"","purpose":"general"},"jetpack_sharing_enabled":true,"_links":{"self":[{"href":"https:\/\/sites.ac-nancy-metz.fr\/lyc-stanislas-villers\/00stanwp\/wp-json\/wp\/v2\/pages\/6731","targetHints":{"allow":["GET"]}}],"collection":[{"href":"https:\/\/sites.ac-nancy-metz.fr\/lyc-stanislas-villers\/00stanwp\/wp-json\/wp\/v2\/pages"}],"about":[{"href":"https:\/\/sites.ac-nancy-metz.fr\/lyc-stanislas-villers\/00stanwp\/wp-json\/wp\/v2\/types\/page"}],"author":[{"embeddable":true,"href":"https:\/\/sites.ac-nancy-metz.fr\/lyc-stanislas-villers\/00stanwp\/wp-json\/wp\/v2\/users\/1"}],"replies":[{"embeddable":true,"href":"https:\/\/sites.ac-nancy-metz.fr\/lyc-stanislas-villers\/00stanwp\/wp-json\/wp\/v2\/comments?post=6731"}],"version-history":[{"count":2,"href":"https:\/\/sites.ac-nancy-metz.fr\/lyc-stanislas-villers\/00stanwp\/wp-json\/wp\/v2\/pages\/6731\/revisions"}],"predecessor-version":[{"id":6848,"href":"https:\/\/sites.ac-nancy-metz.fr\/lyc-stanislas-villers\/00stanwp\/wp-json\/wp\/v2\/pages\/6731\/revisions\/6848"}],"wp:featuredmedia":[{"embeddable":true,"href":"https:\/\/sites.ac-nancy-metz.fr\/lyc-stanislas-villers\/00stanwp\/wp-json\/wp\/v2\/media\/6745"}],"wp:attachment":[{"href":"https:\/\/sites.ac-nancy-metz.fr\/lyc-stanislas-villers\/00stanwp\/wp-json\/wp\/v2\/media?parent=6731"}],"curies":[{"name":"wp","href":"https:\/\/api.w.org\/{rel}","templated":true}]}}