{"id":69,"date":"2025-07-24T19:10:38","date_gmt":"2025-07-24T17:10:38","guid":{"rendered":"http:\/\/localhost\/STAN-wordpress\/?page_id=69"},"modified":"2026-01-19T11:55:44","modified_gmt":"2026-01-19T10:55:44","slug":"general-scientifique","status":"publish","type":"page","link":"https:\/\/sites.ac-nancy-metz.fr\/lyc-stanislas-villers\/00stanwp\/formations\/general-scientifique\/","title":{"rendered":"G\u00e9n\u00e9ral \/ Scientifique"},"content":{"rendered":"\n<figure class=\"wp-block-embed is-type-wp-embed is-provider-lyc-e-polyvalent-r-gional-stanislas-villers-l-s-nancy wp-block-embed-lyc-e-polyvalent-r-gional-stanislas-villers-l-s-nancy\"><div class=\"wp-block-embed__wrapper\">\n<blockquote class=\"wp-embedded-content\" data-secret=\"yiaReNJ4Dm\"><a href=\"https:\/\/sites.ac-nancy-metz.fr\/lyc-stanislas-villers\/00stanwp\/baccalaureat-scientifique\/\">Baccalaur\u00e9at<\/a><\/blockquote><iframe loading=\"lazy\" class=\"wp-embedded-content\" sandbox=\"allow-scripts\" security=\"restricted\" style=\"position: absolute; visibility: hidden;\" title=\"\u00ab\u00a0Baccalaur\u00e9at\u00a0\u00bb &#8212; Lyc\u00e9e Polyvalent R\u00e9gional Stanislas - Villers-L\u00e8s-Nancy\" src=\"https:\/\/sites.ac-nancy-metz.fr\/lyc-stanislas-villers\/00stanwp\/baccalaureat-scientifique\/embed\/#?secret=QluKNQozcl#?secret=yiaReNJ4Dm\" data-secret=\"yiaReNJ4Dm\" width=\"500\" height=\"282\" frameborder=\"0\" marginwidth=\"0\" marginheight=\"0\" scrolling=\"no\"><\/iframe>\n<\/div><\/figure>\n\n\n\n<figure class=\"wp-block-embed is-type-wp-embed is-provider-lyc-e-polyvalent-r-gional-stanislas-villers-l-s-nancy wp-block-embed-lyc-e-polyvalent-r-gional-stanislas-villers-l-s-nancy\"><div class=\"wp-block-embed__wrapper\">\n<blockquote class=\"wp-embedded-content\" data-secret=\"Qq3VKAlq4y\"><a href=\"https:\/\/sites.ac-nancy-metz.fr\/lyc-stanislas-villers\/00stanwp\/formations\/general-scientifique\/btscira\/\">Brevet de Technicien Sup\u00e9rieur Contr\u00f4le Industriel et R\u00e9gulation Automatique (CIRA)<\/a><\/blockquote><iframe loading=\"lazy\" class=\"wp-embedded-content\" sandbox=\"allow-scripts\" security=\"restricted\" style=\"position: absolute; visibility: hidden;\" title=\"\u00ab\u00a0Brevet de Technicien Sup\u00e9rieur Contr\u00f4le Industriel et R\u00e9gulation Automatique (CIRA)\u00a0\u00bb &#8212; Lyc\u00e9e Polyvalent R\u00e9gional Stanislas - Villers-L\u00e8s-Nancy\" src=\"https:\/\/sites.ac-nancy-metz.fr\/lyc-stanislas-villers\/00stanwp\/formations\/general-scientifique\/btscira\/embed\/#?secret=AHCSZkpc4O#?secret=Qq3VKAlq4y\" data-secret=\"Qq3VKAlq4y\" width=\"500\" height=\"282\" frameborder=\"0\" marginwidth=\"0\" marginheight=\"0\" scrolling=\"no\"><\/iframe>\n<\/div><\/figure>\n\n\n\n<p><\/p>\n","protected":false},"excerpt":{"rendered":"","protected":false},"author":1,"featured_media":6238,"parent":5329,"menu_order":0,"comment_status":"closed","ping_status":"closed","template":"","meta":{"saved_in_kubio":false,"footnotes":""},"class_list":["post-69","page","type-page","status-publish","has-post-thumbnail","hentry"],"kubio_ai_page_context":{"short_desc":"","purpose":"general"},"jetpack_sharing_enabled":true,"_links":{"self":[{"href":"https:\/\/sites.ac-nancy-metz.fr\/lyc-stanislas-villers\/00stanwp\/wp-json\/wp\/v2\/pages\/69","targetHints":{"allow":["GET"]}}],"collection":[{"href":"https:\/\/sites.ac-nancy-metz.fr\/lyc-stanislas-villers\/00stanwp\/wp-json\/wp\/v2\/pages"}],"about":[{"href":"https:\/\/sites.ac-nancy-metz.fr\/lyc-stanislas-villers\/00stanwp\/wp-json\/wp\/v2\/types\/page"}],"author":[{"embeddable":true,"href":"https:\/\/sites.ac-nancy-metz.fr\/lyc-stanislas-villers\/00stanwp\/wp-json\/wp\/v2\/users\/1"}],"replies":[{"embeddable":true,"href":"https:\/\/sites.ac-nancy-metz.fr\/lyc-stanislas-villers\/00stanwp\/wp-json\/wp\/v2\/comments?post=69"}],"version-history":[{"count":5,"href":"https:\/\/sites.ac-nancy-metz.fr\/lyc-stanislas-villers\/00stanwp\/wp-json\/wp\/v2\/pages\/69\/revisions"}],"predecessor-version":[{"id":6914,"href":"https:\/\/sites.ac-nancy-metz.fr\/lyc-stanislas-villers\/00stanwp\/wp-json\/wp\/v2\/pages\/69\/revisions\/6914"}],"up":[{"embeddable":true,"href":"https:\/\/sites.ac-nancy-metz.fr\/lyc-stanislas-villers\/00stanwp\/wp-json\/wp\/v2\/pages\/5329"}],"wp:featuredmedia":[{"embeddable":true,"href":"https:\/\/sites.ac-nancy-metz.fr\/lyc-stanislas-villers\/00stanwp\/wp-json\/wp\/v2\/media\/6238"}],"wp:attachment":[{"href":"https:\/\/sites.ac-nancy-metz.fr\/lyc-stanislas-villers\/00stanwp\/wp-json\/wp\/v2\/media?parent=69"}],"curies":[{"name":"wp","href":"https:\/\/api.w.org\/{rel}","templated":true}]}}