{"id":100,"date":"2019-04-03T12:12:57","date_gmt":"2019-04-03T10:12:57","guid":{"rendered":"https:\/\/culture.ac-nancy-metz.fr\/?page_id=100"},"modified":"2022-11-24T14:14:54","modified_gmt":"2022-11-24T13:14:54","slug":"mentions-legales-et-confidentialite-des-donnees","status":"publish","type":"page","link":"https:\/\/sites.ac-nancy-metz.fr\/mathematiques\/mentions-legales-et-confidentialite-des-donnees\/","title":{"rendered":"Mentions l\u00e9gales et confidentialit\u00e9 des donn\u00e9es"},"content":{"rendered":"\n<p class=\"has-white-color has-vivid-cyan-blue-background-color has-text-color has-background\"><strong><strong>INFORMATIONS \u00c9DITORIALES<\/strong><\/strong><\/p>\n\n\n\n<p><strong>Directeur de publication<\/strong><\/p>\n\n\n\n<p>Richard Laganier, Recteur de la r\u00e9gion acad\u00e9mique Grand Est, recteur de l\u2019acad\u00e9mie de Nancy-Metz, Chancelier des Universit\u00e9s.<\/p>\n\n\n\n<p><strong>Responsables de la publication du site&nbsp;\u00ab\u00a0<\/strong>Math\u00e9matiques<strong>\u00ab\u00a0.<\/strong><\/p>\n\n\n\n<p><strong>Mesdames et messieurs les IA IPR Math\u00e9matiques de l&rsquo;acad\u00e9mie de Nancy-Metz<\/strong><strong>.<\/strong><\/p>\n\n\n\n<p><strong>Gestionnaire du site&nbsp;<\/strong><\/p>\n\n\n\n<p>Christophe Thomas, professeur de math\u00e9matiques.<font color=\"#007fac\"><span style=\"caret-color: rgb(0, 127, 172);\"><\/span><\/font><\/p>\n\n\n\n<p><strong>Raison sociale et h\u00e9bergeur<\/strong><\/p>\n\n\n\n<p><strong>Rectorat de l&rsquo;Acad\u00e9mie de Nancy-Metz,&nbsp;<\/strong>Division du Syst\u00e8me d&rsquo;Information du Grand Est, 9 rue des Brice &#8211; Rond-point Marguerite, CS 30 013, 54035 Nancy Cedex.<\/p>\n\n\n\n<p class=\"has-white-color has-vivid-cyan-blue-background-color has-text-color has-background\"><strong>DONN\u00c9ES \u00c0 CARACT\u00c8RE PERSONNEL<\/strong><\/p>\n\n\n\n<p>La protection des donn\u00e9es \u00e0 caract\u00e8re personnel est un droit.&nbsp;Nous nous&nbsp;engageons \u00e0 ce que la collecte et le traitement de vos donn\u00e9es, effectu\u00e9s \u00e0 partir de ce site, soient conformes \u00e0<a href=\"https:\/\/www.legifrance.gouv.fr\/eli\/loi\/2018\/6\/20\/JUSC1732261L\/jo\/texte\" target=\"_blank\" rel=\"noreferrer noopener\">La LOI n\u00b0 2018-493 du 20 juin 2018 relative \u00e0 la protection des donn\u00e9es personnelles<\/a>et au \u00ab\u00a0<a href=\"https:\/\/www.cnil.fr\/fr\/reglement-europeen-protection-donnees\" target=\"_blank\" rel=\"noreferrer noopener\">R\u00e8glement g\u00e9n\u00e9ral sur la protection des donn\u00e9es<\/a>\u00a0\u00bb (RGPD).<\/p>\n\n\n\n<p>Les donn\u00e9es statistiques recueillies sont utilis\u00e9es pour nous permettre d\u2019enrichir le parcours des internautes, fournir une meilleure information et ainsi participer \u00e0 l&rsquo;am\u00e9lioration de notre site.<\/p>\n\n\n\n<p><strong>\u00c0 propos des Cookies<\/strong><\/p>\n\n\n\n<p>Un cookie est un fichier texte d\u00e9pos\u00e9 sur votre ordinateur lors de la visite d&rsquo;un site ou de la consultation d&rsquo;une campagne de communication. Il permet de conserver des donn\u00e9es utilisateur afin de faciliter votre navigation et de vous offrir certaines fonctionnalit\u00e9s. Sur ce site nous utilisons des cookies afin de mesurer la fr\u00e9quentation du site ainsi que vous pour proposer des vid\u00e9os, des boutons de partage des contenus, des remont\u00e9es de contenus issus de plateformes sociales et des contenus interactifs.<\/p>\n\n\n\n<p>Les donn\u00e9es recueillies afin de mesurer la fr\u00e9quentation du site sont analys\u00e9es par le gestionnaire via un outil de mesure d&rsquo;audience Matomo (WP-Piwik), propos\u00e9 par la DSI (Division des Services Informatiques) de l&rsquo;Acad\u00e9mie de Nancy-Metz.<\/p>\n\n\n\n<p>Certaines fonctionnalit\u00e9s du site (lecteurs vid\u00e9os, contenus interactifs, affichage de contenus issus de plateformes sociales, etc.) font appel \u00e0 des services propos\u00e9s par des tiers. Ces fonctionnalit\u00e9s d\u00e9posent des cookies permettant aux tiers d\u2019identifier les sites que vous consultez et les contenus auxquels vous vous int\u00e9ressez.<\/p>\n\n\n\n<p>Nous vous invitons \u00e0 consulter les politiques de protection de la vie priv\u00e9e de ces tiers afin de prendre connaissance des finalit\u00e9s et modalit\u00e9s de traitement de vos donn\u00e9es par ces tiers ainsi que de vos droits et les modalit\u00e9s d\u2019exercice de ces derniers.<\/p>\n\n\n\n<ul class=\"wp-block-list\">\n<li><strong>Contenus interactifs<\/strong>&nbsp;:&nbsp;<a rel=\"noreferrer noopener\" href=\"https:\/\/www.google.fr\/intl\/fr\/policies\/privacy\/\" target=\"_blank\">YouTube<\/a>,&nbsp;<a rel=\"noreferrer noopener\" href=\"https:\/\/wiki.osmfoundation.org\/wiki\/Privacy_Policy\" target=\"_blank\">OpenStreetMap<\/a><\/li>\n<\/ul>\n\n\n\n<p>Vous avez la possibilit\u00e9 de choisir \u00e0 tout moment de d\u00e9sactiver tout ou partie des cookies g\u00e9n\u00e9r\u00e9s lors de votre consultation du site en cliquant sur le bouton \u00ab\u00a0r\u00e9voquer les cookies\u00a0\u00bb disponible en bas de chaque page. Les cookies peuvent \u00e9galement \u00eatre g\u00e9r\u00e9s au niveau de votre navigateur internet. Voici les proc\u00e9dures \u00e0 suivre pour g\u00e9rer les cookies au niveau de votre navigateur&nbsp;:<\/p>\n\n\n\n<ul class=\"wp-block-list\">\n<li><a href=\"https:\/\/support.mozilla.org\/fr\/kb\/activer-desactiver-cookies-preferences?redirectlocale=fr&amp;redirectslug=activer-desactiver-cookies\" target=\"_blank\" rel=\"noreferrer noopener\">Firefox<\/a><\/li>\n\n\n\n<li><a href=\"https:\/\/support.google.com\/chrome\/answer\/95647?hl=fr\" target=\"_blank\" rel=\"noreferrer noopener\">Chrome<\/a><\/li>\n\n\n\n<li><a href=\"https:\/\/support.microsoft.com\/en-us\/help\/17442\/windows-internet-explorer-delete-manage-cookies#ie=ie-9\" target=\"_blank\" rel=\"noreferrer noopener\">Explorer<\/a><\/li>\n\n\n\n<li><a href=\"https:\/\/support.apple.com\/kb\/PH17191?locale=en_US&amp;viewlocale=fr_FR\" target=\"_blank\" rel=\"noreferrer noopener\">Safari<\/a><\/li>\n\n\n\n<li><a href=\"https:\/\/www.opera.com\/help\/tutorials\/security\/privacy\/\" target=\"_blank\" rel=\"noreferrer noopener\">Opera<\/a><\/li>\n<\/ul>\n\n\n\n<p><strong>\u00c0 propos des photographies et des vid\u00e9os<\/strong><\/p>\n\n\n\n<p>Conform\u00e9ment \u00e0 la loi informatique et libert\u00e9s du 6 janvier 1978, vous disposez d\u2019un droit d\u2018acc\u00e8s, de rectification, de modification et de suppression des donn\u00e9es relatives aux photos et vid\u00e9os qui vous concernent. L\u2019application de ce droit est accord\u00e9 sans aucune exception.<\/p>\n\n\n\n<p>Pour toute r\u00e9clamation, vous pouvez adresser une lettre recommand\u00e9e avec accus\u00e9 de r\u00e9ception contenant les copies des photographies concern\u00e9es (ou de la copie d\u2019\u00e9cran pour une vid\u00e9o) \u00e0 l\u2019adresse suivante&nbsp;:<\/p>\n\n\n\n<p>Rectorat de l&rsquo;Acad\u00e9mie de Nancy-Metz,&nbsp;site Mably, 6 bis rue du man\u00e8ge, 54035 NANCY.<\/p>\n\n\n\n<p>Votre demande doit \u00eatre accompagn\u00e9e de la photocopie d\u2019un titre d\u2019identit\u00e9 comportant votre signature.<\/p>\n\n\n\n<p><strong>Exercer vos droits<\/strong><\/p>\n\n\n\n<p>Pour toute information ou exercice de vos droits relatifs \u00e0 l\u2019informatique, aux fichiers et aux libert\u00e9s sur les traitements de donn\u00e9es personnelles g\u00e9r\u00e9s par le site,  vous pouvez contacter notre d\u00e9l\u00e9gu\u00e9 acad\u00e9mique \u00e0 la protection des donn\u00e9es (DAPD) \u00e0 l&rsquo;adresse suivante :<\/p>\n\n\n\n<p>Rectorat de l&rsquo;Acad\u00e9mie de Nancy-Metz,&nbsp;D\u00e9l\u00e9gation Acad\u00e9mique \u00e0 la Protection des Donn\u00e9es,&nbsp;9 rue des Brice &#8211; Rond-point Marguerite, CS 30 013, 54035 Nancy Cedex<\/p>\n\n\n\n<p>Adresse de messagerie :&nbsp;<a>dpd@ac-nancy-metz.fr<\/a><\/p>\n\n\n\n<p>Vous disposez \u00e9galement du droit d&rsquo;introduire une r\u00e9clamation aupr\u00e8s de l&rsquo;autorit\u00e9 de contr\u00f4le comp\u00e9tente (<a rel=\"noreferrer noopener\" href=\"https:\/\/www.cnil.fr\/\" target=\"_blank\">CNIL<\/a>) si vous consid\u00e9rez que le site n&rsquo;a pas respect\u00e9 vos droits.<\/p>\n\n\n\n<p class=\"has-white-color has-vivid-cyan-blue-background-color has-text-color has-background\"><strong>DROITS D&rsquo;AUTEUR ET DROITS DE REPRODUCTION DU CONTENU MIS EN LIGNE<\/strong><\/p>\n\n\n\n<ul class=\"wp-block-list\">\n<li><strong>Droits de reproduction des documents publics ou officiels<\/strong><\/li>\n<\/ul>\n\n\n\n<p>Depuis la publication de l&rsquo;ordonnance n\u00b0 2005-650 du 6 juin 2005 relative \u00e0 la libert\u00e9 d&rsquo;acc\u00e8s aux documents administratifs et \u00e0 la r\u00e9utilisation des informations publiques, ces informations peuvent \u00eatre r\u00e9utilis\u00e9es \u00e0 d&rsquo;autres fins que celles pour lesquelles elles ont \u00e9t\u00e9 produites, et particuli\u00e8rement les informations faisant l&rsquo;objet d&rsquo;une diffusion publique. Les documents publics ou officiels ne sont couverts par aucun droit d&rsquo;auteur et peuvent donc \u00eatre reproduits librement. Le graphisme, l&rsquo;iconographie ainsi que le contenu \u00e9ditorial demeurent la propri\u00e9t\u00e9 de l&rsquo;\u00c9tat, et, \u00e0 ce titre, font l&rsquo;objet des protections pr\u00e9vues par le Code de la propri\u00e9t\u00e9 intellectuelle.<\/p>\n\n\n\n<p>L&rsquo;article L.122-5 du code de la propri\u00e9t\u00e9 intellectuelle pose le principe selon lequel, \u00ab\u00a0lorsque l&rsquo;\u0153uvre a \u00e9t\u00e9 divulgu\u00e9e, l&rsquo;auteur ne peut interdire la diffusion, m\u00eame int\u00e9grale, par la voie de presse ou de t\u00e9l\u00e9diffusion, \u00e0 titre d&rsquo;information d&rsquo;actualit\u00e9, des discours destin\u00e9s au public prononc\u00e9s dans les assembl\u00e9es politiques, (&#8230;), ainsi que dans les r\u00e9unions publiques d&rsquo;ordre politique et les c\u00e9r\u00e9monies officielles\u00a0\u00bb.<\/p>\n\n\n\n<p>C&rsquo;est donc le cas notamment pour les discours et interventions du ministre de l&rsquo;\u00e9ducation nationale et de la jeunesse qui s&rsquo;apparentent \u00e0 une exception au droit d&rsquo;auteur.<\/p>\n\n\n\n<p>De m\u00eame, les documents publics ou officiels tels que les communiqu\u00e9s officiels du minist\u00e8re de l&rsquo;\u00e9ducation nationale et de la jeunesse ne sont couverts par aucun droit d&rsquo;auteur, et peuvent en cons\u00e9quence \u00eatre reproduits librement.<\/p>\n\n\n\n<p>Si la reprise de ces contenus de fa\u00e7on partielle ou int\u00e9grale est autoris\u00e9e, elle doit \u00eatre obligatoirement assortie de la mention du nom de l&rsquo;auteur, de la source, et \u00e9ventuellement d&rsquo;un lien renvoyant vers le document original en ligne sur le site. La mention \u00ab\u00a0https:\/\/sites.ac-nancy-metz.fr\/mathematiques &#8211; Acad\u00e9mie de Nancy-Metz &#8211; R\u00e9gion Acad\u00e9mique Grand Est &#8211; MENJ\u00a0\u00bb devra donc \u00eatre indiqu\u00e9e. Tous les autres contenus pr\u00e9sents sur le site sont couverts par le droit d&rsquo;auteur. Toute reprise est d\u00e8s lors conditionn\u00e9e \u00e0 l&rsquo;accord de l&rsquo;auteur en vertu de l&rsquo;article L.122-4 du Code de la propri\u00e9t\u00e9 Intellectuelle.<\/p>\n\n\n\n<p>Les informations utilis\u00e9es ne doivent l&rsquo;\u00eatre qu&rsquo;\u00e0 des fins personnelles, associatives ou professionnelles&nbsp;; toute diffusion ou utilisation \u00e0 des fins commerciales ou publicitaires \u00e9tant interdites.<\/p>\n\n\n\n<ul class=\"wp-block-list\">\n<li><strong>Demande d&rsquo;autorisation de reproduction des logos<\/strong><\/li>\n<\/ul>\n\n\n\n<p>L&rsquo;utilisation du logotype du minist\u00e8re est soumise \u00e0 autorisation. Elle ne pourra en aucun cas \u00eatre accord\u00e9e \u00e0 une demande concernant les sites priv\u00e9s, personnels ou commerciaux hors partenariat avec le minist\u00e8re. Dans le cas contraire, vous pouvez contacter Florence Bottollier-Eid, conseill\u00e8re artistique et iconographique, en utilisant le&nbsp;<a href=\"http:\/\/www.xn--ducation-90a.gouv.fr\/pid33441\/nous-contacter.html#Demande_d_autorisation_de_reproduction_de_visuel_ou_du_logotype\">formulaire \u00ab\u00a0Utilisation du logotype du minist\u00e8re\u00a0\u00bb<\/a>.<\/p>\n\n\n\n<p>L&rsquo;utilisation du logotype de l&rsquo;acad\u00e9mie est soumise \u00e0 autorisation. Elle ne pourra en aucun cas \u00eatre accord\u00e9e \u00e0 une demande concernant les sites priv\u00e9s, personnels ou commerciaux hors partenariat avec l&rsquo;acad\u00e9mie. Dans le cas contraire, vous pouvez contacter la&nbsp;d\u00e9l\u00e9guation \u00e0 la communication :&nbsp;<a>communication@ac-nancy-metz.fr<\/a><\/p>\n\n\n\n<ul class=\"wp-block-list\">\n<li><strong>Demande d&rsquo;autorisation de reproduction des contenus<\/strong><\/li>\n<\/ul>\n\n\n\n<p>Toute copie partielle ou int\u00e9grale du site doit faire l&rsquo;objet d&rsquo;une d\u00e9claration aupr\u00e8s du gestionnaire du site.<\/p>\n\n\n\n<p>La demande devra pr\u00e9ciser le contenu vis\u00e9 ainsi que la publication ou le site sur lequel ce dernier figurera. Une fois cette autorisation obtenue, la reproduction d&rsquo;un contenu doit ob\u00e9ir aux principes suivants&nbsp;:<\/p>\n\n\n\n<ul class=\"wp-block-list\">\n<li>gratuit\u00e9 de la diffusion<\/li>\n\n\n\n<li>respect de l&rsquo;int\u00e9grit\u00e9 des documents reproduits (aucune modification, ni alt\u00e9ration d&rsquo;aucune sorte)<\/li>\n\n\n\n<li>mention obligatoire&nbsp;: \u00ab\u00a0\u00a0\u00bbhttps:\/\/sites.ac-nancy-metz.fr\/mathematiques &#8211; Acad\u00e9mie de Nancy-Metz &#8211; R\u00e9gion Acad\u00e9mique Grand Est &#8211; MENJ\u00a0\u00bb. Cette mention pointera gr\u00e2ce \u00e0 un lien hypertexte directement sur le contenu.<\/li>\n\n\n\n<li>insertion d&rsquo;une ic\u00f4ne repr\u00e9sentant le site internet<\/li>\n<\/ul>\n\n\n\n<p>Les organismes sous tutelle ainsi que les autres minist\u00e8res sont dispens\u00e9s de cette demande d&rsquo;autorisation sous r\u00e9serve d&rsquo;insertion de la mention \u00ab\u00a0https:\/\/sites.ac-nancy-metz.fr\/mathematiques &#8211; Acad\u00e9mie de Nancy-Metz &#8211; R\u00e9gion Acad\u00e9mique Grand Est &#8211; MENJ\u00a0\u00bb. Cette mention pointera gr\u00e2ce \u00e0 un lien hypertexte directement sur le contenu.<\/p>\n\n\n\n<ul class=\"wp-block-list\">\n<li><strong>Cr\u00e9dits photographiques<\/strong><\/li>\n<\/ul>\n\n\n\n<p>Sauf mention contraire, les images d&rsquo;illustrations utilis\u00e9es sur ce site sont issues de banques d&rsquo;images sous <a href=\"https:\/\/creativecommons.org\/publicdomain\/zero\/1.0\/legalcode.fr\">licence Creative Commons CC0<\/a>&nbsp;ou de supports dont les droits sont d\u00e9tenus par l&rsquo;Acad\u00e9mie de Nancy-Metz &#8211; R\u00e9gion Acad\u00e9mique Grand Est &#8211; MENJ ou par le concepteur du site.<\/p>\n\n\n\n<ul class=\"wp-block-list\">\n<li><strong>Cr\u00e9dits vid\u00e9os<\/strong><\/li>\n<\/ul>\n\n\n\n<p>L&rsquo;Acad\u00e9mie de Nancy-Metz &#8211; R\u00e9gion Acad\u00e9mique Grand Est &#8211; MENJ ou le gestionnaire du site, sont&nbsp;titulaires des droits relatifs \u00e0 la diffusion et la propri\u00e9t\u00e9 intellectuelle des vid\u00e9os figurant sur l&rsquo;ensemble du site (sauf mention contraire).<\/p>\n\n\n\n<ul class=\"wp-block-list\">\n<li><strong>Cr\u00e9ation de liens vers le site<\/strong><\/li>\n<\/ul>\n\n\n\n<p>Tout site public ou priv\u00e9 est autoris\u00e9 \u00e0 \u00e9tablir, sans autorisation pr\u00e9alable, un lien (y compris profond) vers les informations diffus\u00e9es par le site.<\/p>\n\n\n\n<p>Pour les sites Internet, la reproduction, apr\u00e8s autorisation, d\u2019un contenu doit mentionner tr\u00e8s clairement l\u2019origine du document sous forme d\u2019une adresse internet&nbsp;: https:\/\/sites.ac-nancy-metz.fr\/mathematiques<\/p>\n\n\n\n<p>Il conviendra en outre d\u2019ajouter en bas de chaque page, la mention \u00ab\u00a0Droits r\u00e9serv\u00e9s\u00a0\u00bb.<\/p>\n\n\n\n<p>La mise en place de \u00ab\u00a0liens profonds\u00a0\u00bb pointant directement sur le document souhait\u00e9 devra \u00eatre privil\u00e9gi\u00e9e par rapport \u00e0 la reproduction de contenus.<\/p>\n\n\n\n<p>En effet, dans ce cas, la mise en place de liens vers le site n\u2019est conditionn\u00e9e \u00e0 aucun accord pr\u00e9alable. Cependant la mention explicite du site dans l\u2019intitul\u00e9 du lien est recommand\u00e9e.<\/p>\n\n\n\n<p>Les sites qui font le choix de pointer vers ce site engagent leur responsabilit\u00e9 d\u00e8s lors qu\u2019ils porteraient atteinte \u00e0 l\u2019image du site public.<\/p>\n\n\n\n<ul class=\"wp-block-list\">\n<li><strong>Liens hypertextes propos\u00e9s<\/strong><\/li>\n<\/ul>\n\n\n\n<p>Des liens vers d\u2019autres sites, priv\u00e9s ou officiels, fran\u00e7ais ou \u00e9trangers, sont propos\u00e9s. Leur pr\u00e9sence ne saurait engager le minist\u00e8re de l\u2019\u00e9ducation nationale et de la jeunesse quant \u00e0 leur contenu et ne vise qu\u2019\u00e0 permettre \u00e0 l\u2019internaute de trouver plus facilement d\u2019autres ressources documentaires sur le sujet consult\u00e9.<\/p>\n\n\n\n<p>Les informations et\/ou documents disponibles sur ce site sont susceptibles d\u2019\u00eatre modifi\u00e9s \u00e0 tout moment, et peuvent faire l\u2019objet de mises \u00e0 jour.<\/p>\n\n\n\n<p>L&rsquo;Acad\u00e9mie de Nancy-Metz&nbsp;ne pourra en aucun cas \u00eatre tenue responsable de tout dommage de quelque nature qu\u2019il soit r\u00e9sultant de l\u2019interpr\u00e9tation ou de l\u2019utilisation des informations et\/ou documents disponibles sur ce site.<\/p>\n\n\n\n<p>Aucune d\u00e9marche de liens vers des sites priv\u00e9s, personnels ou commerciaux ne sera satisfaite.<\/p>\n\n\n\n<ul class=\"wp-block-list\">\n<li><strong>Accessibilit\u00e9 du site<\/strong><\/li>\n<\/ul>\n\n\n\n<p>Nous essayons de rendre nos nouveaux contenus les plus accessibles possible et travaillons \u00e0 la mise en conformit\u00e9 des contenus plus anciens. Nous vous invitons \u00e0 faire remonter toute anomalie que vous pourriez constater.<\/p>\n\n\n\n<p class=\"has-white-color has-vivid-cyan-blue-background-color has-text-color has-background\"><strong>AIDE ET ENVIRONNEMENT TECHNIQUE<\/strong><\/p>\n\n\n\n<ul class=\"wp-block-list\">\n<li>&nbsp;<strong>Affichage<\/strong><\/li>\n<\/ul>\n\n\n\n<p>Ce site est optimis\u00e9 pour un affichage sur poste fixe, tablettes ou smartphone. Il est pr\u00e9vu pour les principaux navigateurs Mozilla Firefox, Google Chrome, Safari, Opera et Microsoft Edge.<\/p>\n\n\n\n<ul class=\"wp-block-list\">\n<li><strong>Aide technique<\/strong><\/li>\n<\/ul>\n\n\n\n<p><strong>Format P.D.F. &#8211; Adobe\u00ae Reader\u00ae<br><\/strong>Le site contient de nombreux fichiers au format P.D.F. (portable document format) qui permet de consulter et imprimer un fichier sur tout type de mat\u00e9riel, plate-forme et \u00e9quipement divers. Pour lire ce format, il faut disposer d&rsquo;un logiciel gratuit intitul\u00e9 Adobe\u00ae Reader\u00ae que l&rsquo;on t\u00e9l\u00e9charge sur le site internet d&rsquo;Adobe France \u00e0 cette adresse :<br><a href=\"http:\/\/www.adobe.fr\/products\/acrobat\/readstep2.html\">http:\/\/www.adobe.fr\/products\/acrobat\/readstep2.html<\/a><\/p>\n\n\n\n<p><strong>Format Power Point &#8211; Microsoft<\/strong><\/p>\n\n\n\n<p>Certains documents sont pr\u00e9sent\u00e9s en Power Point. Si vous ne disposez pas de ce logiciel, vous pouvez t\u00e9l\u00e9charger une visionneuse gratuitement \u00e0 l&rsquo;adresse suivante :&nbsp;<a href=\"https:\/\/www.microsoft.com\/fr-fr\/download\/details.aspx?id=13\">https:\/\/www.microsoft.com\/fr-fr\/download\/details.aspx?id=13<\/a><\/p>\n\n\n\n<p><em>Ce document pr\u00e9sentant nos mentions l\u00e9gales et&nbsp;notre traitement des donn\u00e9es personnelles a \u00e9t\u00e9 adapt\u00e9 \u00e0 partir de celui disponible sur le site&nbsp;<\/em><a href=\"http:\/\/www.education.gouv.fr\/cid2606\/mentions-legales.html\">education.gouv.fr \u00a9 www.education.gouv.fr &#8211; MENJ &#8211; droits r\u00e9serv\u00e9s&nbsp;<\/a><\/p>\n\n\n\n<p><em>Derni\u00e8re mise \u00e0 jour : 22\/11\/2022<\/em><\/p>\n","protected":false},"excerpt":{"rendered":"<p>INFORMATIONS \u00c9DITORIALES Directeur de publication Richard Laganier, Recteur de la r\u00e9gion acad\u00e9mique Grand Est, recteur de l\u2019acad\u00e9mie de Nancy-Metz, Chancelier des Universit\u00e9s. Responsables de la publication&#8230;<\/p>\n","protected":false},"author":1,"featured_media":0,"parent":0,"menu_order":0,"comment_status":"closed","ping_status":"closed","template":"","meta":{"footnotes":""},"class_list":["post-100","page","type-page","status-publish","hentry"],"_links":{"self":[{"href":"https:\/\/sites.ac-nancy-metz.fr\/mathematiques\/wp-json\/wp\/v2\/pages\/100","targetHints":{"allow":["GET"]}}],"collection":[{"href":"https:\/\/sites.ac-nancy-metz.fr\/mathematiques\/wp-json\/wp\/v2\/pages"}],"about":[{"href":"https:\/\/sites.ac-nancy-metz.fr\/mathematiques\/wp-json\/wp\/v2\/types\/page"}],"author":[{"embeddable":true,"href":"https:\/\/sites.ac-nancy-metz.fr\/mathematiques\/wp-json\/wp\/v2\/users\/1"}],"replies":[{"embeddable":true,"href":"https:\/\/sites.ac-nancy-metz.fr\/mathematiques\/wp-json\/wp\/v2\/comments?post=100"}],"version-history":[{"count":13,"href":"https:\/\/sites.ac-nancy-metz.fr\/mathematiques\/wp-json\/wp\/v2\/pages\/100\/revisions"}],"predecessor-version":[{"id":2012,"href":"https:\/\/sites.ac-nancy-metz.fr\/mathematiques\/wp-json\/wp\/v2\/pages\/100\/revisions\/2012"}],"wp:attachment":[{"href":"https:\/\/sites.ac-nancy-metz.fr\/mathematiques\/wp-json\/wp\/v2\/media?parent=100"}],"curies":[{"name":"wp","href":"https:\/\/api.w.org\/{rel}","templated":true}]}}