{"id":2119,"date":"2022-11-27T18:12:09","date_gmt":"2022-11-27T17:12:09","guid":{"rendered":"https:\/\/sites.ac-nancy-metz.fr\/mathematiques\/?page_id=2119"},"modified":"2024-09-17T08:28:34","modified_gmt":"2024-09-17T07:28:34","slug":"dnl","status":"publish","type":"page","link":"https:\/\/sites.ac-nancy-metz.fr\/mathematiques\/enseigner\/dnl\/","title":{"rendered":"Enseigner la DNL"},"content":{"rendered":"\n<h2 class=\"has-text-align-center wp-block-heading\"><strong>Discipline non linguistique<\/strong><\/h2>\n\n\n\n<hr class=\"wp-block-separator has-alpha-channel-opacity\"\/>\n\n\n<ul class=\"wp-block-latest-posts__list has-dates has-author wp-block-latest-posts\"><li><div class=\"wp-block-latest-posts__featured-image alignleft\"><img loading=\"lazy\" decoding=\"async\" width=\"300\" height=\"294\" src=\"https:\/\/sites.ac-nancy-metz.fr\/mathematiques\/wp-content\/uploads\/image-6-300x294.png\" class=\"attachment-medium size-medium wp-post-image\" alt=\"\" style=\"max-width:300px;max-height:300px;\" srcset=\"https:\/\/sites.ac-nancy-metz.fr\/mathematiques\/wp-content\/uploads\/image-6-300x294.png 300w, https:\/\/sites.ac-nancy-metz.fr\/mathematiques\/wp-content\/uploads\/image-6.png 601w\" sizes=\"auto, (max-width: 300px) 100vw, 300px\" \/><\/div><a class=\"wp-block-latest-posts__post-title\" href=\"https:\/\/sites.ac-nancy-metz.fr\/mathematiques\/lenseignement-integre-langue-discipline-approches-clil-emile-dnl\/\">L\u2019enseignement int\u00e9gr\u00e9 langue\u2013discipline : approches CLIL\/EMILE\/DNL<\/a><div class=\"wp-block-latest-posts__post-author\">par Nadine Joseph<\/div><time datetime=\"2026-02-26T16:52:17+01:00\" class=\"wp-block-latest-posts__post-date\">26\/02\/2026<\/time><div class=\"wp-block-latest-posts__post-excerpt\">Novembre 2025 &#8211; \u00c9labor\u00e9e dans le cadre&nbsp;des rencontres du LIRE \u00ab\u00a0Questions d\u2019actualit\u00e9 : regards \u00e0 l\u2019international\u00a0\u00bb des 26 et 27 novembre 2025, sur le th\u00e8me \u00ab\u00a0Optimiser l\u2019enseignement CLIL\/DNL\/EMILE aux niveaux primaire et secondaire\u00a0\u00bb, cette bibliographique&nbsp;rassemble des travaux r\u00e9cents sur l\u2019enseignement int\u00e9gr\u00e9 des langues et des disciplines. https:\/\/liseo.france-education-international.fr\/site\/bibliographies\/bibliographie-CLIL-EMILE-DNL-version-numerique.pdf Une bibliographie structur\u00e9e en six grands axes th\u00e9matiques&#8230;<\/div><\/li>\n<li><div class=\"wp-block-latest-posts__featured-image alignleft\"><img loading=\"lazy\" decoding=\"async\" width=\"300\" height=\"200\" src=\"https:\/\/sites.ac-nancy-metz.fr\/mathematiques\/wp-content\/uploads\/drapeaux-francais-allemand-300x200.jpg\" class=\"attachment-medium size-medium wp-post-image\" alt=\"\" style=\"max-width:300px;max-height:300px;\" srcset=\"https:\/\/sites.ac-nancy-metz.fr\/mathematiques\/wp-content\/uploads\/drapeaux-francais-allemand-300x200.jpg 300w, https:\/\/sites.ac-nancy-metz.fr\/mathematiques\/wp-content\/uploads\/drapeaux-francais-allemand.jpg 612w\" sizes=\"auto, (max-width: 300px) 100vw, 300px\" \/><\/div><a class=\"wp-block-latest-posts__post-title\" href=\"https:\/\/sites.ac-nancy-metz.fr\/mathematiques\/du-pratiquer-et-enseigner-lallemand-a-lecole-au-college-et-au-lycee-nouvelle-formule\/\">DU Pratiquer et enseigner l&rsquo;allemand \u00e0 l&rsquo;\u00e9cole, au coll\u00e8ge et au lyc\u00e9e \u00ab\u00a0Nouvelle formule !\u00a0\u00bb<\/a><div class=\"wp-block-latest-posts__post-author\">par Nadine Joseph<\/div><time datetime=\"2025-09-04T10:58:09+01:00\" class=\"wp-block-latest-posts__post-date\">04\/09\/2025<\/time><div class=\"wp-block-latest-posts__post-excerpt\">Vous \u00eates professeur(e) des \u00e9coles ou souhaitez devenir professeur(e) de DNL dans le 2nd degr\u00e9. Vous \u00eates int\u00e9ress\u00e9(e) par le travail en \u00e9quipe \u00e0 la rencontre d&rsquo;une nouvelle culture. Vous souhaitez r\u00e9activer vos connaissances en langue et culture allemande, alors profitez de la nouvelle formule de la formation offerte par le DU Pratiquer et enseigner&#8230;<\/div><\/li>\n<li><div class=\"wp-block-latest-posts__featured-image alignleft\"><img loading=\"lazy\" decoding=\"async\" width=\"300\" height=\"200\" src=\"https:\/\/sites.ac-nancy-metz.fr\/mathematiques\/wp-content\/uploads\/france-allemagne-300x200.jpg\" class=\"attachment-medium size-medium wp-post-image\" alt=\"\" style=\"max-width:300px;max-height:300px;\" srcset=\"https:\/\/sites.ac-nancy-metz.fr\/mathematiques\/wp-content\/uploads\/france-allemagne-300x200.jpg 300w, https:\/\/sites.ac-nancy-metz.fr\/mathematiques\/wp-content\/uploads\/france-allemagne.jpg 612w\" sizes=\"auto, (max-width: 300px) 100vw, 300px\" \/><\/div><a class=\"wp-block-latest-posts__post-title\" href=\"https:\/\/sites.ac-nancy-metz.fr\/mathematiques\/du-pratiquer-et-enseigner-lallemand-rentree-24\/\">DU Pratiquer et enseigner l&rsquo;allemand\u00a0Rentr\u00e9e 24<\/a><div class=\"wp-block-latest-posts__post-author\">par Nadine Joseph<\/div><time datetime=\"2024-09-03T13:28:15+01:00\" class=\"wp-block-latest-posts__post-date\">03\/09\/2024<\/time><div class=\"wp-block-latest-posts__post-excerpt\">Vous \u00eates professeur des \u00e9coles ou souhaitez devenir professeur de DNL. Vous \u00eates int\u00e9ress\u00e9 par le travail en \u00e9quipe \u00e0 la rencontre d&rsquo;une nouvelle culture. Vous souhaitez r\u00e9activer vos connaissances en langue et culture allemande, alors profitez des derni\u00e8res places de formation offertes par le DU Pratiquer et enseigner l&rsquo;allemand \u00e0 l&rsquo;\u00e9cole, au coll\u00e8ge et&#8230;<\/div><\/li>\n<li><div class=\"wp-block-latest-posts__featured-image alignleft\"><img loading=\"lazy\" decoding=\"async\" width=\"300\" height=\"169\" src=\"https:\/\/sites.ac-nancy-metz.fr\/mathematiques\/wp-content\/uploads\/amettre-300x169.jpeg\" class=\"attachment-medium size-medium wp-post-image\" alt=\"\" style=\"max-width:300px;max-height:300px;\" srcset=\"https:\/\/sites.ac-nancy-metz.fr\/mathematiques\/wp-content\/uploads\/amettre-300x169.jpeg 300w, https:\/\/sites.ac-nancy-metz.fr\/mathematiques\/wp-content\/uploads\/amettre-1024x576.jpeg 1024w, https:\/\/sites.ac-nancy-metz.fr\/mathematiques\/wp-content\/uploads\/amettre-768x432.jpeg 768w, https:\/\/sites.ac-nancy-metz.fr\/mathematiques\/wp-content\/uploads\/amettre-1536x864.jpeg 1536w, https:\/\/sites.ac-nancy-metz.fr\/mathematiques\/wp-content\/uploads\/amettre.jpeg 1920w\" sizes=\"auto, (max-width: 300px) 100vw, 300px\" \/><\/div><a class=\"wp-block-latest-posts__post-title\" href=\"https:\/\/sites.ac-nancy-metz.fr\/mathematiques\/enseigner-les-mathematiques-en-lve-dnl\/\">Enseigner les math\u00e9matiques en LVE (DNL)<\/a><div class=\"wp-block-latest-posts__post-author\">par Nadine Joseph<\/div><time datetime=\"2024-04-14T11:43:11+01:00\" class=\"wp-block-latest-posts__post-date\">14\/04\/2024<\/time><div class=\"wp-block-latest-posts__post-excerpt\">Enseigner en DNL math\u00e9matiques en coll\u00e8ge ou lyc\u00e9e, en section europ\u00e9enne ou hors section europ\u00e9enne. Renforcer les comp\u00e9tences linguistiques des \u00e9l\u00e8ves par une utilisation transdisciplinaire de la LVE, tout en se familiarisant avec la culture des pays concern\u00e9s et aborder les math\u00e9matiques autrement (p\u00e9dagogie de projets, entre autres). Tous les \u00e9l\u00e8ves, au coll\u00e8ge comme au&#8230;<\/div><\/li>\n<li><div class=\"wp-block-latest-posts__featured-image alignleft\"><img loading=\"lazy\" decoding=\"async\" width=\"300\" height=\"169\" src=\"https:\/\/sites.ac-nancy-metz.fr\/mathematiques\/wp-content\/uploads\/dnl-300x169.jpg\" class=\"attachment-medium size-medium wp-post-image\" alt=\"\" style=\"max-width:300px;max-height:300px;\" srcset=\"https:\/\/sites.ac-nancy-metz.fr\/mathematiques\/wp-content\/uploads\/dnl-300x169.jpg 300w, https:\/\/sites.ac-nancy-metz.fr\/mathematiques\/wp-content\/uploads\/dnl-1024x577.jpg 1024w, https:\/\/sites.ac-nancy-metz.fr\/mathematiques\/wp-content\/uploads\/dnl-768x432.jpg 768w, https:\/\/sites.ac-nancy-metz.fr\/mathematiques\/wp-content\/uploads\/dnl-1536x865.jpg 1536w, https:\/\/sites.ac-nancy-metz.fr\/mathematiques\/wp-content\/uploads\/dnl.jpg 1920w\" sizes=\"auto, (max-width: 300px) 100vw, 300px\" \/><\/div><a class=\"wp-block-latest-posts__post-title\" href=\"https:\/\/sites.ac-nancy-metz.fr\/mathematiques\/note-aux-candidats-a-la-certification-complementaire-pour-lenseignement-des-mathematiques-en-lve-session-2024\/\">Note aux candidats \u00e0 la certification compl\u00e9mentaire pour l&rsquo;enseignement des math\u00e9matiques en LVE &#8211; session 2024<\/a><div class=\"wp-block-latest-posts__post-author\">par Nadine Joseph<\/div><time datetime=\"2023-11-22T16:17:04+01:00\" class=\"wp-block-latest-posts__post-date\">22\/11\/2023<\/time><div class=\"wp-block-latest-posts__post-excerpt\"><\/div><\/li>\n<\/ul>","protected":false},"excerpt":{"rendered":"<p>Discipline non linguistique<\/p>\n","protected":false},"author":9,"featured_media":0,"parent":2218,"menu_order":4,"comment_status":"closed","ping_status":"closed","template":"","meta":{"footnotes":""},"class_list":["post-2119","page","type-page","status-publish","hentry"],"_links":{"self":[{"href":"https:\/\/sites.ac-nancy-metz.fr\/mathematiques\/wp-json\/wp\/v2\/pages\/2119","targetHints":{"allow":["GET"]}}],"collection":[{"href":"https:\/\/sites.ac-nancy-metz.fr\/mathematiques\/wp-json\/wp\/v2\/pages"}],"about":[{"href":"https:\/\/sites.ac-nancy-metz.fr\/mathematiques\/wp-json\/wp\/v2\/types\/page"}],"author":[{"embeddable":true,"href":"https:\/\/sites.ac-nancy-metz.fr\/mathematiques\/wp-json\/wp\/v2\/users\/9"}],"replies":[{"embeddable":true,"href":"https:\/\/sites.ac-nancy-metz.fr\/mathematiques\/wp-json\/wp\/v2\/comments?post=2119"}],"version-history":[{"count":12,"href":"https:\/\/sites.ac-nancy-metz.fr\/mathematiques\/wp-json\/wp\/v2\/pages\/2119\/revisions"}],"predecessor-version":[{"id":4286,"href":"https:\/\/sites.ac-nancy-metz.fr\/mathematiques\/wp-json\/wp\/v2\/pages\/2119\/revisions\/4286"}],"up":[{"embeddable":true,"href":"https:\/\/sites.ac-nancy-metz.fr\/mathematiques\/wp-json\/wp\/v2\/pages\/2218"}],"wp:attachment":[{"href":"https:\/\/sites.ac-nancy-metz.fr\/mathematiques\/wp-json\/wp\/v2\/media?parent=2119"}],"curies":[{"name":"wp","href":"https:\/\/api.w.org\/{rel}","templated":true}]}}