{"id":2121,"date":"2022-12-01T18:42:44","date_gmt":"2022-12-01T17:42:44","guid":{"rendered":"https:\/\/sites.ac-nancy-metz.fr\/mathematiques\/?page_id=2121"},"modified":"2024-09-17T08:28:43","modified_gmt":"2024-09-17T07:28:43","slug":"au-lycee","status":"publish","type":"page","link":"https:\/\/sites.ac-nancy-metz.fr\/mathematiques\/enseigner\/au-lycee\/","title":{"rendered":"Enseigner au lyc\u00e9e"},"content":{"rendered":"\n<p>Page en construction<\/p>\n\n\n\n<p><\/p>\n\n\n<ul class=\"wp-block-latest-posts__list has-dates has-author wp-block-latest-posts\"><li><div class=\"wp-block-latest-posts__featured-image alignleft\"><img loading=\"lazy\" decoding=\"async\" width=\"150\" height=\"150\" src=\"https:\/\/sites.ac-nancy-metz.fr\/mathematiques\/wp-content\/uploads\/image1-4-150x150.jpg\" class=\"attachment-thumbnail size-thumbnail wp-post-image\" alt=\"\" style=\"\" \/><\/div><a class=\"wp-block-latest-posts__post-title\" href=\"https:\/\/sites.ac-nancy-metz.fr\/mathematiques\/baccalaureat-epreuve-anticipee-de-mathematiques-en-fin-de-premiere-en-voies-generale-et-technologique\/\">Baccalaur\u00e9at\u00a0: \u00e9preuve anticip\u00e9e de math\u00e9matiques en fin de premi\u00e8re en voies g\u00e9n\u00e9rale et technologique<\/a><div class=\"wp-block-latest-posts__post-author\">par Nadine Joseph<\/div><time datetime=\"2025-06-15T17:27:51+01:00\" class=\"wp-block-latest-posts__post-date\">15\/06\/2025<\/time><div class=\"wp-block-latest-posts__post-excerpt\">Les textes officiels concernant l\u2019\u00e9preuve anticip\u00e9e de math\u00e9matiques sont consultables sur Eduscol. Il s\u2019agit des textes suivants : Cette \u00e9preuve concerne les candidats au baccalaur\u00e9at au titre de la session 2027, qui devront passer l\u2019\u00e9preuve anticip\u00e9e de math\u00e9matiques au cours de l\u2019ann\u00e9e scolaire 2025-2026. Une visioconf\u00e9rence concernant cette nouvelle \u00e9preuve sera propos\u00e9e \u00e0 l\u2019ensemble des&#8230;<\/div><\/li>\n<li><div class=\"wp-block-latest-posts__featured-image alignleft\"><img loading=\"lazy\" decoding=\"async\" width=\"150\" height=\"150\" src=\"https:\/\/sites.ac-nancy-metz.fr\/mathematiques\/wp-content\/uploads\/evaluations-150x150.jpg\" class=\"attachment-thumbnail size-thumbnail wp-post-image\" alt=\"\" style=\"\" \/><\/div><a class=\"wp-block-latest-posts__post-title\" href=\"https:\/\/sites.ac-nancy-metz.fr\/mathematiques\/evaluations-nationales-et-tests-de-positionnement-rentree-2024-2025\/\">\u00c9valuations nationales et tests de positionnement (Rentr\u00e9e 2024-2025)<\/a><div class=\"wp-block-latest-posts__post-author\">par Christophe THOMAS<\/div><time datetime=\"2024-09-15T13:51:18+01:00\" class=\"wp-block-latest-posts__post-date\">15\/09\/2024<\/time><div class=\"wp-block-latest-posts__post-excerpt\">Chaque \u00e9l\u00e8ve de sixi\u00e8me et de quatri\u00e8me et les \u00e9l\u00e8ves de cinqui\u00e8me et troisi\u00e8me des \u00e9tablissements pr\u00e9figurateurs et volontaires passent un test de fluence ainsi qu\u2019une \u00e9valuation sur support num\u00e9rique permettant d\u2019identifier ses acquis et ses besoins en fran\u00e7ais et en math\u00e9matiques.&nbsp;&nbsp;&nbsp;&nbsp;&nbsp;&nbsp;&nbsp;&nbsp;&nbsp; Les tests de positionnement en d\u00e9but de lyc\u00e9e concernent tous les \u00e9l\u00e8ves de&#8230;<\/div><\/li>\n<li><div class=\"wp-block-latest-posts__featured-image alignleft\"><img loading=\"lazy\" decoding=\"async\" width=\"150\" height=\"150\" src=\"https:\/\/sites.ac-nancy-metz.fr\/mathematiques\/wp-content\/uploads\/01-150x150.jpg\" class=\"attachment-thumbnail size-thumbnail wp-post-image\" alt=\"\" style=\"\" \/><\/div><a class=\"wp-block-latest-posts__post-title\" href=\"https:\/\/sites.ac-nancy-metz.fr\/mathematiques\/olympiades-de-mathematiques-de-premiere-session-2023\/\">Olympiades de Math\u00e9matiques de Premi\u00e8re \u2013 Session 2023<\/a><div class=\"wp-block-latest-posts__post-author\">par Mohammed HAYOUNI<\/div><time datetime=\"2023-01-09T19:56:14+01:00\" class=\"wp-block-latest-posts__post-date\">09\/01\/2023<\/time><div class=\"wp-block-latest-posts__post-excerpt\">Comme les ann\u00e9es pr\u00e9c\u00e9dentes, l\u2019acad\u00e9mie de Nancy-Metz organise le concours des olympiades de math\u00e9matiques destin\u00e9 aux \u00e9l\u00e8ves de premi\u00e8re.L\u2019\u00e9preuve aura lieu le&nbsp;mercredi 15 mars 2023 de 8h \u00e0 12h10.Les sujets sont propos\u00e9s en deux versions&nbsp;: Les inscriptions sont ouvertes jusqu\u2019au&nbsp;lundi 23 janvier 2023&nbsp;selon les modalit\u00e9s transmises \u00e0 votre chef d\u2019\u00e9tablissement et qui sont consultables dans&#8230;<\/div><\/li>\n<li><div class=\"wp-block-latest-posts__featured-image alignleft\"><img loading=\"lazy\" decoding=\"async\" width=\"150\" height=\"150\" src=\"https:\/\/sites.ac-nancy-metz.fr\/mathematiques\/wp-content\/uploads\/07-150x150.jpg\" class=\"attachment-thumbnail size-thumbnail wp-post-image\" alt=\"\" style=\"\" \/><\/div><a class=\"wp-block-latest-posts__post-title\" href=\"https:\/\/sites.ac-nancy-metz.fr\/mathematiques\/jfmi\/\">Journ\u00e9e \u00ab\u00a0Filles, maths et informatique\u00a0: une \u00e9quation lumineuse\u00a0\u00bb- ENIM, le 29\/09\/2022<\/a><div class=\"wp-block-latest-posts__post-author\">par Mohammed HAYOUNI<\/div><time datetime=\"2022-10-17T13:49:00+01:00\" class=\"wp-block-latest-posts__post-date\">17\/10\/2022<\/time><div class=\"wp-block-latest-posts__post-excerpt\">Le 29 septembre 2022, l\u2019Ecole Nationale d\u2019Ing\u00e9nieurs de Metz (ENIM) a accueilli une journ\u00e9e \u00ab&nbsp;Filles, maths et informatique&nbsp;: une \u00e9quation lumineuse&nbsp;\u00bb&nbsp;!Ont particip\u00e9 \u00e0 cette journ\u00e9e pr\u00e8s de 120 \u00e9l\u00e8ves des lyc\u00e9es Une capsule vid\u00e9o donne un aper\u00e7u de l\u2019ambiance et des activit\u00e9s de cette manifestation&nbsp;:<\/div><\/li>\n<li><div class=\"wp-block-latest-posts__featured-image alignleft\"><img loading=\"lazy\" decoding=\"async\" width=\"150\" height=\"150\" src=\"https:\/\/sites.ac-nancy-metz.fr\/mathematiques\/wp-content\/uploads\/etudiant-150x150.jpg\" class=\"attachment-thumbnail size-thumbnail wp-post-image\" alt=\"\" style=\"\" \/><\/div><a class=\"wp-block-latest-posts__post-title\" href=\"https:\/\/sites.ac-nancy-metz.fr\/mathematiques\/prgm-es-tg\/\">Programme d\u2019examen de l\u2019\u00e9preuve terminale de l\u2019enseignement de sp\u00e9cialit\u00e9 de math\u00e9matiques de la voie g\u00e9n\u00e9rale<\/a><div class=\"wp-block-latest-posts__post-author\">par Nadine Antonaccio<\/div><time datetime=\"2022-10-03T14:46:18+01:00\" class=\"wp-block-latest-posts__post-date\">03\/10\/2022<\/time><div class=\"wp-block-latest-posts__post-excerpt\">La pr\u00e9sente note de service d\u00e9finit, enseignement de sp\u00e9cialit\u00e9 par enseignement de sp\u00e9cialit\u00e9, les parties du programme sur lesquelles les candidats peuvent \u00eatre interrog\u00e9s lors des \u00e9preuves terminales de sp\u00e9cialit\u00e9. Elle synth\u00e9tise les dispositions publi\u00e9es au Bulletin officiel sp\u00e9cial n\u00b0&nbsp;2 du 11 f\u00e9vrier 2020, au Bulletin officiel n\u00b0&nbsp;30 du 29 juillet 2021 et au Bulletin&#8230;<\/div><\/li>\n<li><div class=\"wp-block-latest-posts__featured-image alignleft\"><img loading=\"lazy\" decoding=\"async\" width=\"150\" height=\"150\" src=\"https:\/\/sites.ac-nancy-metz.fr\/mathematiques\/wp-content\/uploads\/10-150x150.jpg\" class=\"attachment-thumbnail size-thumbnail wp-post-image\" alt=\"\" style=\"\" \/><\/div><a class=\"wp-block-latest-posts__post-title\" href=\"https:\/\/sites.ac-nancy-metz.fr\/mathematiques\/prgm-bac-stl\/\">Programme d\u2019examen de l\u2019\u00e9preuve terminale de l\u2019enseignement de sp\u00e9cialit\u00e9 Physique-Chimie et Math\u00e9matiques de STL<\/a><div class=\"wp-block-latest-posts__post-author\">par Nadine Antonaccio<\/div><time datetime=\"2022-09-30T15:15:27+01:00\" class=\"wp-block-latest-posts__post-date\">30\/09\/2022<\/time><div class=\"wp-block-latest-posts__post-excerpt\">La pr\u00e9sente note de service d\u00e9finit, enseignement de sp\u00e9cialit\u00e9 par enseignement de sp\u00e9cialit\u00e9, pour chaque s\u00e9rie, les parties des programmes sur lesquelles les candidats peuvent \u00eatre interrog\u00e9s lors des \u00e9preuves terminales d\u2019enseignements de sp\u00e9cialit\u00e9. Elle synth\u00e9tise les dispositions publi\u00e9es au Bulletin officiel sp\u00e9cial n\u00b0&nbsp;2 du 13 f\u00e9vrier 2020, et aux bulletins officiels des 3 d\u00e9cembre&#8230;<\/div><\/li>\n<li><div class=\"wp-block-latest-posts__featured-image alignleft\"><img loading=\"lazy\" decoding=\"async\" width=\"150\" height=\"150\" src=\"https:\/\/sites.ac-nancy-metz.fr\/mathematiques\/wp-content\/uploads\/algebra-1238600_1920-150x150.jpg\" class=\"attachment-thumbnail size-thumbnail wp-post-image\" alt=\"\" style=\"\" \/><\/div><a class=\"wp-block-latest-posts__post-title\" href=\"https:\/\/sites.ac-nancy-metz.fr\/mathematiques\/prgrm-tsti2d\/\">Programme d\u2019examen de l\u2019\u00e9preuve terminale de l\u2019enseignement de sp\u00e9cialit\u00e9 Physique-Chimie et Math\u00e9matiques de STI2D<\/a><div class=\"wp-block-latest-posts__post-author\">par Nadine Antonaccio<\/div><time datetime=\"2022-09-30T15:02:51+01:00\" class=\"wp-block-latest-posts__post-date\">30\/09\/2022<\/time><div class=\"wp-block-latest-posts__post-excerpt\">La pr\u00e9sente note de service d\u00e9finit, enseignement de sp\u00e9cialit\u00e9 par enseignement de sp\u00e9cialit\u00e9, pour chaque s\u00e9rie, les parties des programmes sur lesquelles les candidats peuvent \u00eatre interrog\u00e9s lors des \u00e9preuves terminales d\u2019enseignements de sp\u00e9cialit\u00e9. Elle synth\u00e9tise les dispositions publi\u00e9es au Bulletin officiel sp\u00e9cial n\u00b0&nbsp;2 du 13 f\u00e9vrier 2020, et aux bulletins officiels des 3 d\u00e9cembre&#8230;<\/div><\/li>\n<li><div class=\"wp-block-latest-posts__featured-image alignleft\"><img loading=\"lazy\" decoding=\"async\" width=\"150\" height=\"150\" src=\"https:\/\/sites.ac-nancy-metz.fr\/mathematiques\/wp-content\/uploads\/lettre-150x150.jpg\" class=\"attachment-thumbnail size-thumbnail wp-post-image\" alt=\"\" style=\"\" \/><\/div><a class=\"wp-block-latest-posts__post-title\" href=\"https:\/\/sites.ac-nancy-metz.fr\/mathematiques\/lettre-de-rentree-2022\/\">Lettre de rentr\u00e9e 2022<\/a><div class=\"wp-block-latest-posts__post-author\">par Nadine Antonaccio<\/div><time datetime=\"2022-09-23T13:46:31+01:00\" class=\"wp-block-latest-posts__post-date\">23\/09\/2022<\/time><div class=\"wp-block-latest-posts__post-excerpt\">Nous vous esp\u00e9rons tous en bonne sant\u00e9 ainsi que vos proches et vous souhaitons une ann\u00e9e scolaire sereine. Nous tenons \u00e0 vous remercier pour votre engagement au service de la r\u00e9ussite des \u00e9l\u00e8ves et le travail fourni au travers des diff\u00e9rentes missions d\u2019enseignement et d\u2019\u00e9valuation au cours de la pr\u00e9c\u00e9dente ann\u00e9e. Nous souhaitons la bienvenue&#8230;<\/div><\/li>\n<li><div class=\"wp-block-latest-posts__featured-image alignleft\"><img loading=\"lazy\" decoding=\"async\" width=\"150\" height=\"150\" src=\"https:\/\/sites.ac-nancy-metz.fr\/mathematiques\/wp-content\/uploads\/lettre-150x150.jpg\" class=\"attachment-thumbnail size-thumbnail wp-post-image\" alt=\"\" style=\"\" \/><\/div><a class=\"wp-block-latest-posts__post-title\" href=\"https:\/\/sites.ac-nancy-metz.fr\/mathematiques\/lettre-rentree-2022-bts\/\">Lettre de rentr\u00e9e 2022 pour les BTS<\/a><div class=\"wp-block-latest-posts__post-author\">par Nadine Antonaccio<\/div><time datetime=\"2022-09-22T14:03:39+01:00\" class=\"wp-block-latest-posts__post-date\">22\/09\/2022<\/time><div class=\"wp-block-latest-posts__post-excerpt\">Vous trouverez dans cette lettre de rentr\u00e9e 2022 pour les BTS un point, entre autres, sur&nbsp;: &#8211; les programmes et les horaires&nbsp;;&#8211; la certification&nbsp;: \u00e9preuve ponctuelle (\u00e9crite\/orale, groupements)&nbsp;;&#8211; la certification&nbsp;: le CCF&nbsp;;&#8211; la session de rattrapage (\u00e9preuves aussi dites de contr\u00f4le).<\/div><\/li>\n<li><div class=\"wp-block-latest-posts__featured-image alignleft\"><img loading=\"lazy\" decoding=\"async\" width=\"150\" height=\"150\" src=\"https:\/\/sites.ac-nancy-metz.fr\/mathematiques\/wp-content\/uploads\/calendrier-150x150.jpg\" class=\"attachment-thumbnail size-thumbnail wp-post-image\" alt=\"\" style=\"\" \/><\/div><a class=\"wp-block-latest-posts__post-title\" href=\"https:\/\/sites.ac-nancy-metz.fr\/mathematiques\/calendrier-2023-des-examens\/\">Calendrier 2023 des examens<\/a><div class=\"wp-block-latest-posts__post-author\">par Nadine Antonaccio<\/div><time datetime=\"2022-09-22T13:57:24+01:00\" class=\"wp-block-latest-posts__post-date\">22\/09\/2022<\/time><div class=\"wp-block-latest-posts__post-excerpt\">Le calendrier 2023 du dipl\u00f4me national du brevet et du baccalaur\u00e9at est publi\u00e9 au&nbsp;BO n\u00b035 du 22 septembre 2022<\/div><\/li>\n<\/ul>","protected":false},"excerpt":{"rendered":"<p>Page en construction<\/p>\n","protected":false},"author":9,"featured_media":0,"parent":2218,"menu_order":2,"comment_status":"closed","ping_status":"closed","template":"","meta":{"footnotes":""},"class_list":["post-2121","page","type-page","status-publish","hentry"],"_links":{"self":[{"href":"https:\/\/sites.ac-nancy-metz.fr\/mathematiques\/wp-json\/wp\/v2\/pages\/2121","targetHints":{"allow":["GET"]}}],"collection":[{"href":"https:\/\/sites.ac-nancy-metz.fr\/mathematiques\/wp-json\/wp\/v2\/pages"}],"about":[{"href":"https:\/\/sites.ac-nancy-metz.fr\/mathematiques\/wp-json\/wp\/v2\/types\/page"}],"author":[{"embeddable":true,"href":"https:\/\/sites.ac-nancy-metz.fr\/mathematiques\/wp-json\/wp\/v2\/users\/9"}],"replies":[{"embeddable":true,"href":"https:\/\/sites.ac-nancy-metz.fr\/mathematiques\/wp-json\/wp\/v2\/comments?post=2121"}],"version-history":[{"count":8,"href":"https:\/\/sites.ac-nancy-metz.fr\/mathematiques\/wp-json\/wp\/v2\/pages\/2121\/revisions"}],"predecessor-version":[{"id":4288,"href":"https:\/\/sites.ac-nancy-metz.fr\/mathematiques\/wp-json\/wp\/v2\/pages\/2121\/revisions\/4288"}],"up":[{"embeddable":true,"href":"https:\/\/sites.ac-nancy-metz.fr\/mathematiques\/wp-json\/wp\/v2\/pages\/2218"}],"wp:attachment":[{"href":"https:\/\/sites.ac-nancy-metz.fr\/mathematiques\/wp-json\/wp\/v2\/media?parent=2121"}],"curies":[{"name":"wp","href":"https:\/\/api.w.org\/{rel}","templated":true}]}}