{"id":2157,"date":"2022-12-01T19:31:40","date_gmt":"2022-12-01T18:31:40","guid":{"rendered":"https:\/\/sites.ac-nancy-metz.fr\/mathematiques\/?page_id=2157"},"modified":"2024-09-17T08:26:42","modified_gmt":"2024-09-17T07:26:42","slug":"laboratoires-de-mathematiques","status":"publish","type":"page","link":"https:\/\/sites.ac-nancy-metz.fr\/mathematiques\/laboratoires-de-mathematiques\/","title":{"rendered":"Laboratoires de math\u00e9matiques"},"content":{"rendered":"\n<hr class=\"wp-block-separator aligncenter has-text-color has-white-color has-alpha-channel-opacity has-white-background-color has-background\"\/>\n\n\n\n<h4 class=\"wp-block-heading\">Les laboratoires de l&rsquo;acad\u00e9mie :<\/h4>\n\n\n\n<table width=\"100%\">\n<tbody><tr>\n   <td width=\"25%\">\n         <img decoding=\"async\" src=\"https:\/\/sites.ac-nancy-metz.fr\/mathematiques\/wp-content\/uploads\/labomaths_rosa_parks.png\" alt=\"\" style=\"width: 200px;\">\n   <\/td>\n   <td width=\"75%;\" align=\"left\" ;=\"\" valign=\"center\">\n         <h6>LABO MATHS, Lyc\u00e9e polyvalent Rosa Parks (THIONVILLE)<\/h6>\n         <CENTER> <strong> <a href=\"https:\/\/sites.ac-nancy-metz.fr\/mathematiques\/labo-maths-lycee-rosa-parks\" rel=\"noopener\"> Labo Maths du lyc\u00e9e Rosa PARKS<\/a><\/strong> <\/CENTER> \n   <\/td>\n<\/tr>\n<\/tbody><\/table>\n\n\n\n<hr class=\"wp-block-separator aligncenter has-alpha-channel-opacity\"\/>\n\n\n\n<table width=\"100%\">\n<tbody><tr>\n   <td width=\"25%\">\n         <img decoding=\"async\" src=\"https:\/\/sites.ac-nancy-metz.fr\/mathematiques\/wp-content\/uploads\/labomaths_loritz.png\" alt=\"\" style=\"width: 200px;\">\n   <\/td>\n   <td width=\"75%;\" align=\"left\" ;=\"\" valign=\"center\">\n         <h6>LABO MATHS, Lyc\u00e9e Loritz (NANCY)<\/h6>\n         <CENTER> <strong> <a href=\"https:\/\/mobile.twitter.com\/labomathsloritz\" target=\"_blank\" rel=\"noopener\"> Compte Twitter du Labo Maths du lyc\u00e9e Loritz<\/a><\/strong> <\/CENTER> \n   <\/td>\n<\/tr>\n<\/tbody><\/table>\n\n\n\n<hr class=\"wp-block-separator aligncenter has-alpha-channel-opacity\"\/>\n\n\n\n<table width=\"100%\">\n<tbody><tr>\n   <td width=\"25%\">\n         <img decoding=\"async\" src=\"https:\/\/sites.ac-nancy-metz.fr\/mathematiques\/wp-content\/uploads\/Logo_Labomaths_Claude_gellee.png\" alt=\"\" style=\"width: 200px;\">\n   <\/td>\n   <td width=\"75%;\" align=\"left\" ;=\"\" valign=\"center\">\n         <h6>LABO MATHS, lyc\u00e9e Claude Gell\u00e9e (EPINAL): Vivre les maths !!<\/h6>\n   <\/td>\n<\/tr>\n<\/tbody><\/table>\n\n\n\n<hr class=\"wp-block-separator aligncenter has-alpha-channel-opacity\"\/>\n\n\n\n<table width=\"100%\">\n<tbody><tr>\n   <td width=\"25%\">\n         <img decoding=\"async\" src=\"https:\/\/sites.ac-nancy-metz.fr\/mathematiques\/wp-content\/uploads\/labomaths_Messmer_Sarrebourg-scaled.jpg\" alt=\"\" style=\"width: 200px;\">\n   <\/td>\n   <td width=\"75%;\" align=\"left\" ;=\"\" valign=\"center\">\n         <h6>LABO MATHS, Coll\u00e8ge Pierre MESSMER (SARREBOURG)<\/h6>\n   <\/td>\n<\/tr>\n<\/tbody><\/table>\n\n\n\n<hr class=\"wp-block-separator aligncenter has-alpha-channel-opacity\"\/>\n\n\n\n<table width=\"100%\">\n<tbody><tr>\n   <td width=\"25%\">\n         <img decoding=\"async\" src=\"https:\/\/sites.ac-nancy-metz.fr\/mathematiques\/wp-content\/uploads\/telechargement.png\" alt=\"\" style=\"width: 200px;\">\n   <\/td>\n   <td width=\"75%;\" align=\"left\" ;=\"\" valign=\"center\">\n         <h6>Laboratoire de La Source, Coll\u00e8ge LA SOURCE (AMNEVILLE)<\/h6>\n   <\/td>\n<\/tr>\n<\/tbody><\/table>\n\n\n\n<hr class=\"wp-block-separator aligncenter has-alpha-channel-opacity\"\/>\n\n\n\n<table width=\"100%\">\n<tbody><tr>\n   <td width=\"25%\">\n         <img decoding=\"async\" src=\"https:\/\/sites.ac-nancy-metz.fr\/mathematiques\/wp-content\/uploads\/labomaths-Erkmann_Chatrian.jpg\" alt=\"\" style=\"width: 200px;\">\n   <\/td>\n   <td width=\"75%;\" align=\"left\" ;=\"\" valign=\"center\">\n         <h6>LABO MATHS, Coll\u00e8ge-Lyc\u00e9e Erckmann CHATRIAN (PHALSBOURG)<\/h6>\n   <\/td>\n<\/tr>\n<\/tbody><\/table>\n\n\n\n<hr class=\"wp-block-separator aligncenter has-alpha-channel-opacity\"\/>\n\n\n\n<table width=\"100%\">\n<tbody><tr>\n   <td width=\"25%\">\n         <img decoding=\"async\" src=\"https:\/\/sites.ac-nancy-metz.fr\/mathematiques\/wp-content\/uploads\/labomaths_les-recollets-300x69-1.jpg\" alt=\"\" style=\"width: 200px;\">\n   <\/td>\n   <td width=\"75%;\" align=\"left\" ;=\"\" valign=\"center\">\n         <h6>LABOMATHS, Ensemble Scolaire Priv\u00e9 LES R\u00c9COLLETS (LONGWY)<\/h6>\n   <\/td>\n<\/tr>\n<\/tbody><\/table>\n\n\n\n<hr class=\"wp-block-separator aligncenter has-alpha-channel-opacity\"\/>\n\n\n\n<table width=\"100%\">\n<tbody><tr>\n   <td width=\"25%\">\n         <img decoding=\"async\" src=\"https:\/\/sites.ac-nancy-metz.fr\/mathematiques\/wp-content\/uploads\/labomath-st_exupery_epinal.png\" alt=\"\" style=\"width: 200px;\">\n   <\/td>\n   <td width=\"75%;\" align=\"left\" ;=\"\" valign=\"center\">\n         <h6>LABO MATHS, Coll\u00e8ge Saint Exup\u00e9ry (EPINAL)<\/h6>\n   <\/td>\n<\/tr>\n<\/tbody><\/table>\n\n\n\n<hr class=\"wp-block-separator aligncenter has-alpha-channel-opacity\"\/>\n\n\n\n<table width=\"100%\">\n<tbody><tr>\n   <td width=\"25%\">\n         <img decoding=\"async\" src=\"https:\/\/sites.ac-nancy-metz.fr\/mathematiques\/wp-content\/uploads\/labomaths_condorcet.jpg\" alt=\"\" style=\"width: 200px;\">\n   <\/td>\n   <td width=\"75%;\" align=\"left\" ;=\"\" valign=\"center\">\n         <h6>LABO MATHS, Territoire de FORBACH, Lyc\u00e9e CONDORCET de Schoeneck<\/h6>\n   <\/td>\n<\/tr>\n<\/tbody><\/table>\n\n\n\n<hr class=\"wp-block-separator aligncenter has-alpha-channel-opacity\"\/>\n\n\n\n<table width=\"100%\">\n<tbody><tr>\n   <td width=\"25%\">\n         <img decoding=\"async\" src=\"https:\/\/sites.ac-nancy-metz.fr\/mathematiques\/wp-content\/uploads\/labomaths_commuication.png\" alt=\"\" style=\"width: 200px;\">\n   <\/td>\n   <td width=\"75%;\" align=\"left\" ;=\"\" valign=\"center\">\n         <h6>LABO MATHS LYCOM, Lyc\u00e9e de la communication (METZ)<\/h6>\n   <\/td>\n<\/tr>\n<\/tbody><\/table>\n\n\n\n<hr class=\"wp-block-separator aligncenter has-alpha-channel-opacity\"\/>\n\n\n\n<table width=\"100%\">\n<tbody><tr>\n   <td width=\"25%\">\n         <img decoding=\"async\" src=\"https:\/\/sites.ac-nancy-metz.fr\/mathematiques\/wp-content\/uploads\/Logo_LaboMaths_ArsSurMoselle.png\" alt=\"\" style=\"width: 200px;\">\n   <\/td>\n   <td width=\"75%;\" align=\"left\" ;=\"\" valign=\"center\">\n         <h6>LABO MATHS, Territoire de FORBACH, Coll\u00e8ge Pilatre ROZIER, Ars-sur-Moselle (57)<\/h6>\n   <\/td>\n<\/tr>\n<\/tbody><\/table>\n\n\n\n<hr class=\"wp-block-separator aligncenter has-text-color has-cyan-bluish-gray-color has-alpha-channel-opacity has-cyan-bluish-gray-background-color has-background\"\/>\n\n\n\n<h4 class=\"wp-block-heading\">Les derniers articles publi\u00e9s par les laboratoires de math\u00e9matiques :<\/h4>\n\n\n\n<hr class=\"wp-block-separator has-alpha-channel-opacity\"\/>\n\n\n<ul class=\"wp-block-latest-posts__list has-dates has-author wp-block-latest-posts\"><li><div class=\"wp-block-latest-posts__featured-image alignleft\"><a href=\"https:\/\/sites.ac-nancy-metz.fr\/mathematiques\/projets-du-labomaths-de-sarrebourg-2025-au-college-pierre-messmer\/\" aria-label=\"Projets du LABOMATHS de Sarrebourg 2025 au coll\u00e8ge Pierre Messmer\"><img loading=\"lazy\" decoding=\"async\" width=\"150\" height=\"150\" src=\"https:\/\/sites.ac-nancy-metz.fr\/mathematiques\/wp-content\/uploads\/LaboMaths_Sarrebourg-150x150.jpg\" class=\"attachment-thumbnail size-thumbnail wp-post-image\" alt=\"\" style=\"\" \/><\/a><\/div><a class=\"wp-block-latest-posts__post-title\" href=\"https:\/\/sites.ac-nancy-metz.fr\/mathematiques\/projets-du-labomaths-de-sarrebourg-2025-au-college-pierre-messmer\/\">Projets du LABOMATHS de Sarrebourg 2025 au coll\u00e8ge Pierre Messmer<\/a><div class=\"wp-block-latest-posts__post-author\">par Christophe THOMAS<\/div><time datetime=\"2025-04-07T08:51:10+01:00\" class=\"wp-block-latest-posts__post-date\">07\/04\/2025<\/time><div class=\"wp-block-latest-posts__post-excerpt\">Les membres du Labomaths : Les membres sont des enseignants de primaire, coll\u00e8ge et SEGPA. Projets en cours FORMATION Une FIL cycle 3 (inter-degr\u00e9s) est en cours en partenariat avec l\u2019INSPE en la personne de Carine Huin.Le th\u00e8me choisit cette ann\u00e9e est celui des fractions. Deux formations ont dores et d\u00e9j\u00e0 eu lieu et une&#8230;<\/div><\/li>\n<li><div class=\"wp-block-latest-posts__featured-image alignleft\"><a href=\"https:\/\/sites.ac-nancy-metz.fr\/mathematiques\/visioconference-de-jean-jacques-dupas-sur-ada-lovelace\/\" aria-label=\"Visioconf\u00e9rence de Jean-Jacques Dupas sur Ada Lovelace.\"><img loading=\"lazy\" decoding=\"async\" width=\"150\" height=\"150\" src=\"https:\/\/sites.ac-nancy-metz.fr\/mathematiques\/wp-content\/uploads\/labomaths_rosa_parks-150x150.png\" class=\"attachment-thumbnail size-thumbnail wp-post-image\" alt=\"Labomaths Rosa Parks\" style=\"\" \/><\/a><\/div><a class=\"wp-block-latest-posts__post-title\" href=\"https:\/\/sites.ac-nancy-metz.fr\/mathematiques\/visioconference-de-jean-jacques-dupas-sur-ada-lovelace\/\">Visioconf\u00e9rence de Jean-Jacques Dupas sur Ada Lovelace.<\/a><div class=\"wp-block-latest-posts__post-author\">par Mohammed HAYOUNI<\/div><time datetime=\"2024-10-10T10:37:02+01:00\" class=\"wp-block-latest-posts__post-date\">10\/10\/2024<\/time><div class=\"wp-block-latest-posts__post-excerpt\">Le laboratoire de math\u00e9matiques de Thionville vous propose le lundi 18 novembre \u00e0 12h une visioconf\u00e9rence de Jean-Jacques Dupas sur Ada Lovelace. \u00ab\u00a0Jeune, belle, intelligente, scientifique, Lady Ada KING comtesse de Lovelace fut la premi\u00e8re programmeuse de l\u2019histoire. D\u00e9couvrez comment elle a failli pr\u00e9cipiter notre monde dans une \u00e8re informatique m\u00e9canique.\u00a0\u00bb Voici le lien de&#8230;<\/div><\/li>\n<li><div class=\"wp-block-latest-posts__featured-image alignleft\"><a href=\"https:\/\/sites.ac-nancy-metz.fr\/mathematiques\/labo-de-cormontaigne-atelier-n9\/\" aria-label=\"Labo de Cormontaigne : Atelier n\u00b09\"><img loading=\"lazy\" decoding=\"async\" width=\"150\" height=\"150\" src=\"https:\/\/sites.ac-nancy-metz.fr\/mathematiques\/wp-content\/uploads\/Labomaths_Cormontaigne_Atlier9_MEA-150x150.png\" class=\"attachment-thumbnail size-thumbnail wp-post-image\" alt=\"\" style=\"\" \/><\/a><\/div><a class=\"wp-block-latest-posts__post-title\" href=\"https:\/\/sites.ac-nancy-metz.fr\/mathematiques\/labo-de-cormontaigne-atelier-n9\/\">Labo de Cormontaigne : Atelier n\u00b09<\/a><div class=\"wp-block-latest-posts__post-author\">par Christophe THOMAS<\/div><time datetime=\"2024-10-04T17:04:28+01:00\" class=\"wp-block-latest-posts__post-date\">04\/10\/2024<\/time><div class=\"wp-block-latest-posts__post-excerpt\">Le labo de maths du lyc\u00e9e Cormontaigne de Metz vous invite \u00e0 son 9e atelier le mercredi 16 octobre \u00e0 18h ! Au milieu de l&rsquo;oeuvre colossale d&rsquo;Euler se trouve une petite formule qui permet de comprendre et r\u00e9soudre des probl\u00e8mes qui semblaient fort diff\u00e9rents\u2026 Nous verrons une d\u00e9monstration (\u00e0 base de vikings !) de&#8230;<\/div><\/li>\n<li><div class=\"wp-block-latest-posts__featured-image alignleft\"><a href=\"https:\/\/sites.ac-nancy-metz.fr\/mathematiques\/labomaths-du-lycee-loritz-nancy\/\" aria-label=\"Labomaths du lyc\u00e9e Loritz (Nancy)\"><img loading=\"lazy\" decoding=\"async\" width=\"150\" height=\"150\" src=\"https:\/\/sites.ac-nancy-metz.fr\/mathematiques\/wp-content\/uploads\/600x200-150x150.png\" class=\"attachment-thumbnail size-thumbnail wp-post-image\" alt=\"\" style=\"\" \/><\/a><\/div><a class=\"wp-block-latest-posts__post-title\" href=\"https:\/\/sites.ac-nancy-metz.fr\/mathematiques\/labomaths-du-lycee-loritz-nancy\/\">Labomaths du lyc\u00e9e Loritz (Nancy)<\/a><div class=\"wp-block-latest-posts__post-author\">par Christophe THOMAS<\/div><time datetime=\"2020-05-19T13:48:00+01:00\" class=\"wp-block-latest-posts__post-date\">19\/05\/2020<\/time><div class=\"wp-block-latest-posts__post-excerpt\">\u00c0 la suite du plan Villani-Torossian, un laboratoire de math\u00e9matiques s\u2019est implant\u00e9 au lyc\u00e9e Loritz de Nancy. Vous trouverez ici des informations sur ce projet. Vous pouvez assister \u00e0 un atelier, proposer un atelier ou une conf\u00e9rence en envoyant un courriel \u00e0 l\u2019adresse&nbsp;:&nbsp;labomaths (at) loritz.fr&nbsp;. Il est aussi possible d\u2019inscrire des \u00e9l\u00e8ves aux conf\u00e9rences, \u00e9galement&#8230;<\/div><\/li>\n<\/ul>","protected":false},"excerpt":{"rendered":"<p>Les laboratoires de l&rsquo;acad\u00e9mie : LABO MATHS, Lyc\u00e9e polyvalent Rosa Parks (THIONVILLE) Labo Maths du lyc\u00e9e Rosa PARKS LABO MATHS, Lyc\u00e9e Loritz (NANCY) Compte Twitter du&#8230;<\/p>\n","protected":false},"author":9,"featured_media":0,"parent":0,"menu_order":0,"comment_status":"closed","ping_status":"closed","template":"","meta":{"footnotes":""},"class_list":["post-2157","page","type-page","status-publish","hentry"],"_links":{"self":[{"href":"https:\/\/sites.ac-nancy-metz.fr\/mathematiques\/wp-json\/wp\/v2\/pages\/2157","targetHints":{"allow":["GET"]}}],"collection":[{"href":"https:\/\/sites.ac-nancy-metz.fr\/mathematiques\/wp-json\/wp\/v2\/pages"}],"about":[{"href":"https:\/\/sites.ac-nancy-metz.fr\/mathematiques\/wp-json\/wp\/v2\/types\/page"}],"author":[{"embeddable":true,"href":"https:\/\/sites.ac-nancy-metz.fr\/mathematiques\/wp-json\/wp\/v2\/users\/9"}],"replies":[{"embeddable":true,"href":"https:\/\/sites.ac-nancy-metz.fr\/mathematiques\/wp-json\/wp\/v2\/comments?post=2157"}],"version-history":[{"count":49,"href":"https:\/\/sites.ac-nancy-metz.fr\/mathematiques\/wp-json\/wp\/v2\/pages\/2157\/revisions"}],"predecessor-version":[{"id":4280,"href":"https:\/\/sites.ac-nancy-metz.fr\/mathematiques\/wp-json\/wp\/v2\/pages\/2157\/revisions\/4280"}],"wp:attachment":[{"href":"https:\/\/sites.ac-nancy-metz.fr\/mathematiques\/wp-json\/wp\/v2\/media?parent=2157"}],"curies":[{"name":"wp","href":"https:\/\/api.w.org\/{rel}","templated":true}]}}