{"id":2173,"date":"2022-12-01T19:18:06","date_gmt":"2022-12-01T18:18:06","guid":{"rendered":"https:\/\/sites.ac-nancy-metz.fr\/mathematiques\/?page_id=2173"},"modified":"2024-09-17T08:06:22","modified_gmt":"2024-09-17T07:06:22","slug":"course-aux-nombres","status":"publish","type":"page","link":"https:\/\/sites.ac-nancy-metz.fr\/mathematiques\/vie-des-mathematiques\/concours\/course-aux-nombres\/","title":{"rendered":"La course aux nombres"},"content":{"rendered":"<div class=\"wp-block-image\">\n<figure class=\"aligncenter size-full is-resized\"><img loading=\"lazy\" decoding=\"async\" src=\"https:\/\/sites.ac-nancy-metz.fr\/mathematiques\/wp-content\/uploads\/Course-au-nombres.png\" alt=\"\" class=\"wp-image-2307\" width=\"371\" height=\"246\" srcset=\"https:\/\/sites.ac-nancy-metz.fr\/mathematiques\/wp-content\/uploads\/Course-au-nombres.png 495w, https:\/\/sites.ac-nancy-metz.fr\/mathematiques\/wp-content\/uploads\/Course-au-nombres-300x199.png 300w\" sizes=\"auto, (max-width: 371px) 100vw, 371px\" \/><\/figure>\n<\/div>\n\n\n<p>Il s\u2019agit d\u2019un concours d\u2019activit\u00e9s mentales portant sur des th\u00e8mes math\u00e9matiques vari\u00e9s. Cette action vise \u00e0 promouvoir des pratiques p\u00e9dagogiques et didactiques qui installent les fondamentaux et d\u00e9veloppent des automatismes.<\/p>\n\n\n\n<hr class=\"wp-block-separator has-alpha-channel-opacity\"\/>\n\n\n\n<div class=\"wp-block-buttons has-custom-font-size has-medium-font-size is-content-justification-center is-layout-flex wp-container-core-buttons-is-layout-16018d1d wp-block-buttons-is-layout-flex\">\n<div class=\"wp-block-button\"><a class=\"wp-block-button__link wp-element-button\" href=\"https:\/\/sites.ac-nancy-metz.fr\/mathematiques\/vie-des-mathematiques\/concours\/course-aux-nombres\/can-annales\/\">Sujets des ann\u00e9es ant\u00e9rieures et documents d&rsquo;accompagnement<\/a><\/div>\n<\/div>\n\n\n\n<hr class=\"wp-block-separator has-alpha-channel-opacity\"\/>\n\n\n\n<h3 class=\"has-text-align-center wp-block-heading\"><strong>Les derni\u00e8res publications relatives \u00e0 la Course aux nombres<\/strong><\/h3>\n\n\n\n<hr class=\"wp-block-separator has-alpha-channel-opacity\"\/>\n\n\n<ul class=\"wp-block-latest-posts__list has-dates has-author wp-block-latest-posts\"><li><div class=\"wp-block-latest-posts__featured-image alignleft\"><img loading=\"lazy\" decoding=\"async\" width=\"300\" height=\"199\" src=\"https:\/\/sites.ac-nancy-metz.fr\/mathematiques\/wp-content\/uploads\/Course-au-nombres-300x199.png\" class=\"attachment-medium size-medium wp-post-image\" alt=\"\" style=\"\" srcset=\"https:\/\/sites.ac-nancy-metz.fr\/mathematiques\/wp-content\/uploads\/Course-au-nombres-300x199.png 300w, https:\/\/sites.ac-nancy-metz.fr\/mathematiques\/wp-content\/uploads\/Course-au-nombres.png 495w\" sizes=\"auto, (max-width: 300px) 100vw, 300px\" \/><\/div><a class=\"wp-block-latest-posts__post-title\" href=\"https:\/\/sites.ac-nancy-metz.fr\/mathematiques\/organisation-de-la-course-aux-nombres-2024\/\">Organisation de la Course aux Nombres 2024<\/a><div class=\"wp-block-latest-posts__post-author\">par Nadine Antonaccio<\/div><time datetime=\"2023-11-18T14:08:10+01:00\" class=\"wp-block-latest-posts__post-date\">18\/11\/2023<\/time><div class=\"wp-block-latest-posts__post-excerpt\">Nous souhaitons attirer votre attention sur l\u2019organisation du concours de la \u00ab&nbsp;course aux nombres&nbsp;2024 \u00bb. Ce concours organis\u00e9 en collaboration avec dix autres acad\u00e9mies (Dijon, Lyon, Nancy-Metz, Reims, Nantes, Orl\u00e9ans-Tours, Rennes, Rouen-Caen, Strasbourg, Toulouse, Versailles) est propos\u00e9 des classes de CP aux classes de STS. Il s\u2019agit d\u2019un concours d\u2019activit\u00e9s mentales d\u2019une dur\u00e9e de 7&#8230;<\/div><\/li>\n<li><div class=\"wp-block-latest-posts__featured-image alignleft\"><img loading=\"lazy\" decoding=\"async\" width=\"300\" height=\"169\" src=\"https:\/\/sites.ac-nancy-metz.fr\/mathematiques\/wp-content\/uploads\/can-300x169.png\" class=\"attachment-medium size-medium wp-post-image\" alt=\"\" style=\"\" srcset=\"https:\/\/sites.ac-nancy-metz.fr\/mathematiques\/wp-content\/uploads\/can-300x169.png 300w, https:\/\/sites.ac-nancy-metz.fr\/mathematiques\/wp-content\/uploads\/can-1024x576.png 1024w, https:\/\/sites.ac-nancy-metz.fr\/mathematiques\/wp-content\/uploads\/can-768x432.png 768w, https:\/\/sites.ac-nancy-metz.fr\/mathematiques\/wp-content\/uploads\/can-1536x864.png 1536w, https:\/\/sites.ac-nancy-metz.fr\/mathematiques\/wp-content\/uploads\/can.png 1920w\" sizes=\"auto, (max-width: 300px) 100vw, 300px\" \/><\/div><a class=\"wp-block-latest-posts__post-title\" href=\"https:\/\/sites.ac-nancy-metz.fr\/mathematiques\/la-course-aux-nombres\/\">La Course aux Nombres<\/a><div class=\"wp-block-latest-posts__post-author\">par Nadine Antonaccio<\/div><time datetime=\"2020-11-16T12:06:00+01:00\" class=\"wp-block-latest-posts__post-date\">16\/11\/2020<\/time><div class=\"wp-block-latest-posts__post-excerpt\">Le concours de la course aux nombres a \u00e9t\u00e9 cr\u00e9\u00e9 par le service p\u00e9dagogique de l\u2019AEFE (Agence pour l\u2019Enseignement Fran\u00e7ais \u00e0 l\u2019Etranger). De nombreux \u00e9tablissements scolaires fran\u00e7ais \u00e0 l\u2019\u00e9tranger y participent chaque ann\u00e9e.L\u2019\u00e9preuve consiste \u00e0 r\u00e9pondre dans un d\u00e9lai de 9 minutes \u00e0 30 questions d\u2019activit\u00e9s mentales (7 minutes pour 20 questions pour les classes&#8230;<\/div><\/li>\n<li><div class=\"wp-block-latest-posts__featured-image alignleft\"><img loading=\"lazy\" decoding=\"async\" width=\"300\" height=\"169\" src=\"https:\/\/sites.ac-nancy-metz.fr\/mathematiques\/wp-content\/uploads\/can-300x169.png\" class=\"attachment-medium size-medium wp-post-image\" alt=\"\" style=\"\" srcset=\"https:\/\/sites.ac-nancy-metz.fr\/mathematiques\/wp-content\/uploads\/can-300x169.png 300w, https:\/\/sites.ac-nancy-metz.fr\/mathematiques\/wp-content\/uploads\/can-1024x576.png 1024w, https:\/\/sites.ac-nancy-metz.fr\/mathematiques\/wp-content\/uploads\/can-768x432.png 768w, https:\/\/sites.ac-nancy-metz.fr\/mathematiques\/wp-content\/uploads\/can-1536x864.png 1536w, https:\/\/sites.ac-nancy-metz.fr\/mathematiques\/wp-content\/uploads\/can.png 1920w\" sizes=\"auto, (max-width: 300px) 100vw, 300px\" \/><\/div><a class=\"wp-block-latest-posts__post-title\" href=\"https:\/\/sites.ac-nancy-metz.fr\/mathematiques\/site-dentrainement-a-la-course-aux-nombres\/\">Sites d\u2019entrainement \u00e0 la Course aux Nombres<\/a><div class=\"wp-block-latest-posts__post-author\">par Nadine Antonaccio<\/div><time datetime=\"2020-05-05T12:00:00+01:00\" class=\"wp-block-latest-posts__post-date\">05\/05\/2020<\/time><div class=\"wp-block-latest-posts__post-excerpt\">Patrick Boissi\u00e8re, IA-IPR de Toulouse, vous propose un padlet \u00ab\u00a0Course aux nombres\u00a0\u00bb qui offre l\u2019avantage aux \u00e9l\u00e8ves du cycle 3 \u00e0 la classe de terminale de s\u2019entrainer en toute autonomie. Vous y trouverez de tr\u00e8s nombreux sujets des ann\u00e9es ant\u00e9rieures et certains propos\u00e9s dans les lyc\u00e9es de l\u2019AEFE. A visiter \u00e9galement, le site CoopMaths propose&#8230;<\/div><\/li>\n<\/ul>","protected":false},"excerpt":{"rendered":"<p>Il s\u2019agit d\u2019un concours d\u2019activit\u00e9s mentales portant sur des th\u00e8mes math\u00e9matiques vari\u00e9s. Cette action vise \u00e0 promouvoir des pratiques p\u00e9dagogiques et didactiques qui installent les fondamentaux&#8230;<\/p>\n","protected":false},"author":9,"featured_media":0,"parent":2255,"menu_order":0,"comment_status":"closed","ping_status":"closed","template":"","meta":{"footnotes":""},"class_list":["post-2173","page","type-page","status-publish","hentry"],"_links":{"self":[{"href":"https:\/\/sites.ac-nancy-metz.fr\/mathematiques\/wp-json\/wp\/v2\/pages\/2173","targetHints":{"allow":["GET"]}}],"collection":[{"href":"https:\/\/sites.ac-nancy-metz.fr\/mathematiques\/wp-json\/wp\/v2\/pages"}],"about":[{"href":"https:\/\/sites.ac-nancy-metz.fr\/mathematiques\/wp-json\/wp\/v2\/types\/page"}],"author":[{"embeddable":true,"href":"https:\/\/sites.ac-nancy-metz.fr\/mathematiques\/wp-json\/wp\/v2\/users\/9"}],"replies":[{"embeddable":true,"href":"https:\/\/sites.ac-nancy-metz.fr\/mathematiques\/wp-json\/wp\/v2\/comments?post=2173"}],"version-history":[{"count":13,"href":"https:\/\/sites.ac-nancy-metz.fr\/mathematiques\/wp-json\/wp\/v2\/pages\/2173\/revisions"}],"predecessor-version":[{"id":4255,"href":"https:\/\/sites.ac-nancy-metz.fr\/mathematiques\/wp-json\/wp\/v2\/pages\/2173\/revisions\/4255"}],"up":[{"embeddable":true,"href":"https:\/\/sites.ac-nancy-metz.fr\/mathematiques\/wp-json\/wp\/v2\/pages\/2255"}],"wp:attachment":[{"href":"https:\/\/sites.ac-nancy-metz.fr\/mathematiques\/wp-json\/wp\/v2\/media?parent=2173"}],"curies":[{"name":"wp","href":"https:\/\/api.w.org\/{rel}","templated":true}]}}