{"id":2183,"date":"2022-12-01T15:22:33","date_gmt":"2022-12-01T14:22:33","guid":{"rendered":"https:\/\/sites.ac-nancy-metz.fr\/mathematiques\/?page_id=2183"},"modified":"2024-09-17T08:04:25","modified_gmt":"2024-09-17T07:04:25","slug":"vos-ia-ipr","status":"publish","type":"page","link":"https:\/\/sites.ac-nancy-metz.fr\/mathematiques\/sinformer\/inspection\/vos-ia-ipr\/","title":{"rendered":"Les IA-IPR"},"content":{"rendered":"\n<p>Cinq inspecteurs p\u00e9dagogiques r\u00e9gionaux exercent en math\u00e9matiques :<\/p>\n\n\n\n<ul class=\"wp-block-list\">\n<li><strong>Nadine ANTONACCIO<\/strong> : <a href=\"mailto:nadine.antonaccio@ac-nancy-metz.fr\">nadine.antonaccio@ac-nancy-metz.fr<\/a><\/li>\n\n\n\n<li><strong>Mohammed HAYOUNI<\/strong> : <a href=\"mailto:mohammed.hayouni@ac-nancy-metz.fr\">mohammed.hayouni@ac-nancy-metz.fr<\/a><\/li>\n\n\n\n<li><strong>Isabelle JACQUES<\/strong> : <a href=\"mailto:isabelle.jacques@ac-nancy-metz.fr\">isabelle.jacques@ac-nancy-metz.fr<\/a><\/li>\n\n\n\n<li><strong>Nadine JOSEPH<\/strong> : <a href=\"mailto:nadine.joseph@ac-nancy-metz.fr\">nadine.joseph@ac-nancy-metz.fr<\/a><\/li>\n\n\n\n<li><strong>Sandrine LADA<\/strong> : <a href=\"mailto:sandrine.lada@ac-nancy-metz.fr\">sandrine.lada@ac-nancy-metz.fr<\/a><\/li>\n<\/ul>\n\n\n\n<p>Il vous est possible de nous joindre, soit par t\u00e9l\u00e9phone au secr\u00e9tariat des IPR (03 83 86 25 42) qui nous transmettra le message, soit, de pr\u00e9f\u00e9rence, par courrier \u00e9lectronique \u00e0 l\u2019adresse collective : <strong><a href=\"mailto:iprmath@ac-nancy-metz.fr\">iprmath@ac-nancy-metz.fr<\/a><\/strong> en utilisant votre adresse professionnelle du type prenom.nom@ac-nancy-metz.fr.<\/p>\n","protected":false},"excerpt":{"rendered":"<p>Cinq inspecteurs p\u00e9dagogiques r\u00e9gionaux exercent en math\u00e9matiques : Il vous est possible de nous joindre, soit par t\u00e9l\u00e9phone au secr\u00e9tariat des IPR (03 83 86 25&#8230;<\/p>\n","protected":false},"author":9,"featured_media":0,"parent":2127,"menu_order":0,"comment_status":"closed","ping_status":"closed","template":"","meta":{"footnotes":""},"class_list":["post-2183","page","type-page","status-publish","hentry"],"_links":{"self":[{"href":"https:\/\/sites.ac-nancy-metz.fr\/mathematiques\/wp-json\/wp\/v2\/pages\/2183","targetHints":{"allow":["GET"]}}],"collection":[{"href":"https:\/\/sites.ac-nancy-metz.fr\/mathematiques\/wp-json\/wp\/v2\/pages"}],"about":[{"href":"https:\/\/sites.ac-nancy-metz.fr\/mathematiques\/wp-json\/wp\/v2\/types\/page"}],"author":[{"embeddable":true,"href":"https:\/\/sites.ac-nancy-metz.fr\/mathematiques\/wp-json\/wp\/v2\/users\/9"}],"replies":[{"embeddable":true,"href":"https:\/\/sites.ac-nancy-metz.fr\/mathematiques\/wp-json\/wp\/v2\/comments?post=2183"}],"version-history":[{"count":10,"href":"https:\/\/sites.ac-nancy-metz.fr\/mathematiques\/wp-json\/wp\/v2\/pages\/2183\/revisions"}],"predecessor-version":[{"id":4246,"href":"https:\/\/sites.ac-nancy-metz.fr\/mathematiques\/wp-json\/wp\/v2\/pages\/2183\/revisions\/4246"}],"up":[{"embeddable":true,"href":"https:\/\/sites.ac-nancy-metz.fr\/mathematiques\/wp-json\/wp\/v2\/pages\/2127"}],"wp:attachment":[{"href":"https:\/\/sites.ac-nancy-metz.fr\/mathematiques\/wp-json\/wp\/v2\/media?parent=2183"}],"curies":[{"name":"wp","href":"https:\/\/api.w.org\/{rel}","templated":true}]}}