{"id":2187,"date":"2022-12-01T15:30:14","date_gmt":"2022-12-01T14:30:14","guid":{"rendered":"https:\/\/sites.ac-nancy-metz.fr\/mathematiques\/?page_id=2187"},"modified":"2024-09-17T08:04:42","modified_gmt":"2024-09-17T07:04:42","slug":"lettres-de-rentree","status":"publish","type":"page","link":"https:\/\/sites.ac-nancy-metz.fr\/mathematiques\/sinformer\/inspection\/lettres-de-rentree\/","title":{"rendered":"Lettres de rentr\u00e9e"},"content":{"rendered":"<ul class=\"wp-block-latest-posts__list has-dates has-author wp-block-latest-posts\"><li><div class=\"wp-block-latest-posts__featured-image alignleft\"><a href=\"https:\/\/sites.ac-nancy-metz.fr\/mathematiques\/lettre-de-rentree-2023-pour-les-bts\/\" aria-label=\"Lettre de rentr\u00e9e 2023 pour les BTS\"><img loading=\"lazy\" decoding=\"async\" width=\"150\" height=\"150\" src=\"https:\/\/sites.ac-nancy-metz.fr\/mathematiques\/wp-content\/uploads\/lettre-150x150.jpg\" class=\"attachment-thumbnail size-thumbnail wp-post-image\" alt=\"\" style=\"\" \/><\/a><\/div><a class=\"wp-block-latest-posts__post-title\" href=\"https:\/\/sites.ac-nancy-metz.fr\/mathematiques\/lettre-de-rentree-2023-pour-les-bts\/\">Lettre de rentr\u00e9e 2023 pour les BTS<\/a><div class=\"wp-block-latest-posts__post-author\">par Nadine Antonaccio<\/div><time datetime=\"2023-11-08T11:16:18+01:00\" class=\"wp-block-latest-posts__post-date\">08\/11\/2023<\/time><div class=\"wp-block-latest-posts__post-excerpt\">Vous trouverez dans cette lettre de rentr\u00e9e 2023 pour les BTS des informations, entre autres, sur&nbsp;: Une attention doit \u00eatre port\u00e9e \u00e0 la transition du lyc\u00e9e vers les BTS dans les contextes de la transformation de la voie professionnelle et de la r\u00e9forme des baccalaur\u00e9ats g\u00e9n\u00e9raux et technologiques ainsi que de la mise en place&#8230;<\/div><\/li>\n<li><div class=\"wp-block-latest-posts__featured-image alignleft\"><a href=\"https:\/\/sites.ac-nancy-metz.fr\/mathematiques\/lettre-de-rentree-2023\/\" aria-label=\"Lettre de rentr\u00e9e 2023\"><img loading=\"lazy\" decoding=\"async\" width=\"150\" height=\"150\" src=\"https:\/\/sites.ac-nancy-metz.fr\/mathematiques\/wp-content\/uploads\/pexels-monstera-6238030-3-150x150.jpg\" class=\"attachment-thumbnail size-thumbnail wp-post-image\" alt=\"\" style=\"\" \/><\/a><\/div><a class=\"wp-block-latest-posts__post-title\" href=\"https:\/\/sites.ac-nancy-metz.fr\/mathematiques\/lettre-de-rentree-2023\/\">Lettre de rentr\u00e9e 2023<\/a><div class=\"wp-block-latest-posts__post-author\">par Christophe THOMAS<\/div><time datetime=\"2023-09-24T16:06:01+01:00\" class=\"wp-block-latest-posts__post-date\">24\/09\/2023<\/time><div class=\"wp-block-latest-posts__post-excerpt\">Lettre de rentr\u00e9e des math\u00e9matiques r\u00e9dig\u00e9e par les IA-IPR.<\/div><\/li>\n<li><div class=\"wp-block-latest-posts__featured-image alignleft\"><a href=\"https:\/\/sites.ac-nancy-metz.fr\/mathematiques\/lettre-de-rentree-2022\/\" aria-label=\"Lettre de rentr\u00e9e 2022\"><img loading=\"lazy\" decoding=\"async\" width=\"150\" height=\"150\" src=\"https:\/\/sites.ac-nancy-metz.fr\/mathematiques\/wp-content\/uploads\/lettre-150x150.jpg\" class=\"attachment-thumbnail size-thumbnail wp-post-image\" alt=\"\" style=\"\" \/><\/a><\/div><a class=\"wp-block-latest-posts__post-title\" href=\"https:\/\/sites.ac-nancy-metz.fr\/mathematiques\/lettre-de-rentree-2022\/\">Lettre de rentr\u00e9e 2022<\/a><div class=\"wp-block-latest-posts__post-author\">par Nadine Antonaccio<\/div><time datetime=\"2022-09-23T13:46:31+01:00\" class=\"wp-block-latest-posts__post-date\">23\/09\/2022<\/time><div class=\"wp-block-latest-posts__post-excerpt\">Nous vous esp\u00e9rons tous en bonne sant\u00e9 ainsi que vos proches et vous souhaitons une ann\u00e9e scolaire sereine. Nous tenons \u00e0 vous remercier pour votre engagement au service de la r\u00e9ussite des \u00e9l\u00e8ves et le travail fourni au travers des diff\u00e9rentes missions d\u2019enseignement et d\u2019\u00e9valuation au cours de la pr\u00e9c\u00e9dente ann\u00e9e. Nous souhaitons la bienvenue&#8230;<\/div><\/li>\n<li><div class=\"wp-block-latest-posts__featured-image alignleft\"><a href=\"https:\/\/sites.ac-nancy-metz.fr\/mathematiques\/lettre-rentree-2022-bts\/\" aria-label=\"Lettre de rentr\u00e9e 2022 pour les BTS\"><img loading=\"lazy\" decoding=\"async\" width=\"150\" height=\"150\" src=\"https:\/\/sites.ac-nancy-metz.fr\/mathematiques\/wp-content\/uploads\/lettre-150x150.jpg\" class=\"attachment-thumbnail size-thumbnail wp-post-image\" alt=\"\" style=\"\" \/><\/a><\/div><a class=\"wp-block-latest-posts__post-title\" href=\"https:\/\/sites.ac-nancy-metz.fr\/mathematiques\/lettre-rentree-2022-bts\/\">Lettre de rentr\u00e9e 2022 pour les BTS<\/a><div class=\"wp-block-latest-posts__post-author\">par Nadine Antonaccio<\/div><time datetime=\"2022-09-22T14:03:39+01:00\" class=\"wp-block-latest-posts__post-date\">22\/09\/2022<\/time><div class=\"wp-block-latest-posts__post-excerpt\">Vous trouverez dans cette lettre de rentr\u00e9e 2022 pour les BTS un point, entre autres, sur&nbsp;: &#8211; les programmes et les horaires&nbsp;;&#8211; la certification&nbsp;: \u00e9preuve ponctuelle (\u00e9crite\/orale, groupements)&nbsp;;&#8211; la certification&nbsp;: le CCF&nbsp;;&#8211; la session de rattrapage (\u00e9preuves aussi dites de contr\u00f4le).<\/div><\/li>\n<\/ul>","protected":false},"excerpt":{"rendered":"","protected":false},"author":9,"featured_media":0,"parent":2127,"menu_order":0,"comment_status":"closed","ping_status":"closed","template":"","meta":{"footnotes":""},"class_list":["post-2187","page","type-page","status-publish","hentry"],"_links":{"self":[{"href":"https:\/\/sites.ac-nancy-metz.fr\/mathematiques\/wp-json\/wp\/v2\/pages\/2187","targetHints":{"allow":["GET"]}}],"collection":[{"href":"https:\/\/sites.ac-nancy-metz.fr\/mathematiques\/wp-json\/wp\/v2\/pages"}],"about":[{"href":"https:\/\/sites.ac-nancy-metz.fr\/mathematiques\/wp-json\/wp\/v2\/types\/page"}],"author":[{"embeddable":true,"href":"https:\/\/sites.ac-nancy-metz.fr\/mathematiques\/wp-json\/wp\/v2\/users\/9"}],"replies":[{"embeddable":true,"href":"https:\/\/sites.ac-nancy-metz.fr\/mathematiques\/wp-json\/wp\/v2\/comments?post=2187"}],"version-history":[{"count":4,"href":"https:\/\/sites.ac-nancy-metz.fr\/mathematiques\/wp-json\/wp\/v2\/pages\/2187\/revisions"}],"predecessor-version":[{"id":4248,"href":"https:\/\/sites.ac-nancy-metz.fr\/mathematiques\/wp-json\/wp\/v2\/pages\/2187\/revisions\/4248"}],"up":[{"embeddable":true,"href":"https:\/\/sites.ac-nancy-metz.fr\/mathematiques\/wp-json\/wp\/v2\/pages\/2127"}],"wp:attachment":[{"href":"https:\/\/sites.ac-nancy-metz.fr\/mathematiques\/wp-json\/wp\/v2\/media?parent=2187"}],"curies":[{"name":"wp","href":"https:\/\/api.w.org\/{rel}","templated":true}]}}