{"id":2247,"date":"2022-12-01T19:10:20","date_gmt":"2022-12-01T18:10:20","guid":{"rendered":"https:\/\/sites.ac-nancy-metz.fr\/mathematiques\/?page_id=2247"},"modified":"2024-09-17T08:28:49","modified_gmt":"2024-09-17T07:28:49","slug":"stagiaires-tuteurs","status":"publish","type":"page","link":"https:\/\/sites.ac-nancy-metz.fr\/mathematiques\/se-former\/stagiaires-tuteurs\/","title":{"rendered":"Stagiaires \/ Tuteurs"},"content":{"rendered":"<ul class=\"wp-block-latest-posts__list has-dates has-author wp-block-latest-posts\"><li><div class=\"wp-block-latest-posts__featured-image alignleft\"><img loading=\"lazy\" decoding=\"async\" width=\"150\" height=\"150\" src=\"https:\/\/sites.ac-nancy-metz.fr\/mathematiques\/wp-content\/uploads\/pexels-thisisengineering-3862130-1-150x150.jpg\" class=\"attachment-thumbnail size-thumbnail wp-post-image\" alt=\"\" style=\"\" \/><\/div><a class=\"wp-block-latest-posts__post-title\" href=\"https:\/\/sites.ac-nancy-metz.fr\/mathematiques\/reunion-dinformation-a-destination-des-tuteurs-des-professeurs-stagiaires-2\/\">R\u00e9union d\u2019information \u00e0 destination des tuteurs des professeurs stagiaires<\/a><div class=\"wp-block-latest-posts__post-author\">par Nadine Antonaccio<\/div><time datetime=\"2022-09-26T14:19:00+01:00\" class=\"wp-block-latest-posts__post-date\">26\/09\/2022<\/time><div class=\"wp-block-latest-posts__post-excerpt\">Vous trouverez ci-dessous le diaporama pr\u00e9sent\u00e9 lors de la r\u00e9union d\u2019information \u00e0 destination des tuteurs des professeurs stagiaires en responsabilit\u00e9.<\/div><\/li>\n<li><div class=\"wp-block-latest-posts__featured-image alignleft\"><img loading=\"lazy\" decoding=\"async\" width=\"150\" height=\"150\" src=\"https:\/\/sites.ac-nancy-metz.fr\/mathematiques\/wp-content\/uploads\/07-150x150.jpg\" class=\"attachment-thumbnail size-thumbnail wp-post-image\" alt=\"\" style=\"\" \/><\/div><a class=\"wp-block-latest-posts__post-title\" href=\"https:\/\/sites.ac-nancy-metz.fr\/mathematiques\/professeurs-stagiaires-rentree-2022\/\">Professeurs stagiaires &#8211; rentr\u00e9e 2022<\/a><div class=\"wp-block-latest-posts__post-author\">par Nadine Antonaccio<\/div><time datetime=\"2022-08-30T14:47:00+01:00\" class=\"wp-block-latest-posts__post-date\">30\/08\/2022<\/time><div class=\"wp-block-latest-posts__post-excerpt\">Vous trouverez ci-dessous le diaporama pr\u00e9sent\u00e9 lors de la journ\u00e9e d\u2019accueil des professeurs contractuels alternants et des professeurs stagiaires de math\u00e9matiques. Bonne rentr\u00e9e \u00e0 toutes et \u00e0 tous Les IA-IPR de math\u00e9matiques de Nancy-Metz<\/div><\/li>\n<\/ul>","protected":false},"excerpt":{"rendered":"","protected":false},"author":10,"featured_media":0,"parent":2225,"menu_order":3,"comment_status":"closed","ping_status":"closed","template":"","meta":{"footnotes":""},"class_list":["post-2247","page","type-page","status-publish","hentry"],"_links":{"self":[{"href":"https:\/\/sites.ac-nancy-metz.fr\/mathematiques\/wp-json\/wp\/v2\/pages\/2247","targetHints":{"allow":["GET"]}}],"collection":[{"href":"https:\/\/sites.ac-nancy-metz.fr\/mathematiques\/wp-json\/wp\/v2\/pages"}],"about":[{"href":"https:\/\/sites.ac-nancy-metz.fr\/mathematiques\/wp-json\/wp\/v2\/types\/page"}],"author":[{"embeddable":true,"href":"https:\/\/sites.ac-nancy-metz.fr\/mathematiques\/wp-json\/wp\/v2\/users\/10"}],"replies":[{"embeddable":true,"href":"https:\/\/sites.ac-nancy-metz.fr\/mathematiques\/wp-json\/wp\/v2\/comments?post=2247"}],"version-history":[{"count":5,"href":"https:\/\/sites.ac-nancy-metz.fr\/mathematiques\/wp-json\/wp\/v2\/pages\/2247\/revisions"}],"predecessor-version":[{"id":4289,"href":"https:\/\/sites.ac-nancy-metz.fr\/mathematiques\/wp-json\/wp\/v2\/pages\/2247\/revisions\/4289"}],"up":[{"embeddable":true,"href":"https:\/\/sites.ac-nancy-metz.fr\/mathematiques\/wp-json\/wp\/v2\/pages\/2225"}],"wp:attachment":[{"href":"https:\/\/sites.ac-nancy-metz.fr\/mathematiques\/wp-json\/wp\/v2\/media?parent=2247"}],"curies":[{"name":"wp","href":"https:\/\/api.w.org\/{rel}","templated":true}]}}