{"id":2260,"date":"2022-12-01T19:20:09","date_gmt":"2022-12-01T18:20:09","guid":{"rendered":"https:\/\/sites.ac-nancy-metz.fr\/mathematiques\/?page_id=2260"},"modified":"2024-09-17T08:06:40","modified_gmt":"2024-09-17T07:06:40","slug":"jeux-mathematiques","status":"publish","type":"page","link":"https:\/\/sites.ac-nancy-metz.fr\/mathematiques\/vie-des-mathematiques\/jeux-mathematiques\/","title":{"rendered":"Jeux math\u00e9matiques"},"content":{"rendered":"<ul class=\"wp-block-latest-posts__list has-dates has-author wp-block-latest-posts\"><li><div class=\"wp-block-latest-posts__featured-image alignleft\"><img loading=\"lazy\" decoding=\"async\" width=\"150\" height=\"150\" src=\"https:\/\/sites.ac-nancy-metz.fr\/mathematiques\/wp-content\/uploads\/TFJM2_2004_MEA-150x150.jpg\" class=\"attachment-thumbnail size-thumbnail wp-post-image\" alt=\"\" style=\"\" \/><\/div><a class=\"wp-block-latest-posts__post-title\" href=\"https:\/\/sites.ac-nancy-metz.fr\/mathematiques\/14eme-edition-du-tfjm%c2%b2-a-nancy-13-14-avril-2024\/\">14\u00e8me \u00e9dition du TFJM\u00b2 \u00e0 Nancy (13-14 avril 2024)<\/a><div class=\"wp-block-latest-posts__post-author\">par Sandrine LADA<\/div><time datetime=\"2024-04-15T08:06:00+01:00\" class=\"wp-block-latest-posts__post-date\">15\/04\/2024<\/time><div class=\"wp-block-latest-posts__post-excerpt\">GRAND RASSEMBLEMENT DE LYC\u00c9ENS AUTOUR DE PROBL\u00c8MES MATH\u00c9MATIQUES Tournois Fran\u00e7ais des Jeunes Math\u00e9maticiennes et Math\u00e9maticiens Le week-end du 13-14 avril, 9 \u00e9quipes compos\u00e9es de 6 lyc\u00e9ens\/lyc\u00e9ennes et de leur(s) encadrant(s) se sont retrouv\u00e9es au lyc\u00e9e Loritz \u00e0 Nancy pour d\u00e9battre autour de probl\u00e8mes de recherche math\u00e9matique. Les \u00e9l\u00e8ves ont choisi plusieurs probl\u00e8mes parmi les 8&#8230;<\/div><\/li>\n<li><div class=\"wp-block-latest-posts__featured-image alignleft\"><img loading=\"lazy\" decoding=\"async\" width=\"150\" height=\"150\" src=\"https:\/\/sites.ac-nancy-metz.fr\/mathematiques\/wp-content\/uploads\/jeux_mathematiques-150x150.jpg\" class=\"attachment-thumbnail size-thumbnail wp-post-image\" alt=\"\" style=\"\" \/><\/div><a class=\"wp-block-latest-posts__post-title\" href=\"https:\/\/sites.ac-nancy-metz.fr\/mathematiques\/echange-ecole-college-a-frouard-autour-des-jeux-mathematiques\/\">\u00c9change \u00e9cole \/ coll\u00e8ge \u00e0 Frouard autour des jeux math\u00e9matiques.\u00a0<\/a><div class=\"wp-block-latest-posts__post-author\">par Christophe THOMAS<\/div><time datetime=\"2024-01-20T10:48:35+01:00\" class=\"wp-block-latest-posts__post-date\">20\/01\/2024<\/time><div class=\"wp-block-latest-posts__post-excerpt\">Liaison \u00e9cole Elsa Triolet &#8211; Coll\u00e8ge Jean Lur\u00e7at Article r\u00e9dig\u00e9 par S\u00e9bastien LOZANO, Professeur de math\u00e9matiques au coll\u00e8ge Jean Lur\u00e7at de Frouard \u00c9change entre les \u00e9l\u00e8ves de CM1\/CM2 de l&rsquo;\u00e9cole Elsa Triolet et du coll\u00e8ge Jean Lur\u00e7at autour des jeux math\u00e9matiques. Coop\u00e9ration, r\u00e9flexion tactique et amusement \u00e9ducatif cr\u00e9ant des liens inter-\u00e9coles. Au sein d&rsquo;une rencontre&#8230;<\/div><\/li>\n<li><div class=\"wp-block-latest-posts__featured-image alignleft\"><img loading=\"lazy\" decoding=\"async\" width=\"150\" height=\"150\" src=\"https:\/\/sites.ac-nancy-metz.fr\/mathematiques\/wp-content\/uploads\/pexels-pixabay-278918b-150x150.jpg\" class=\"attachment-thumbnail size-thumbnail wp-post-image\" alt=\"\" style=\"\" \/><\/div><a class=\"wp-block-latest-posts__post-title\" href=\"https:\/\/sites.ac-nancy-metz.fr\/mathematiques\/detrak\/\">D\u00c9TRAK<\/a><div class=\"wp-block-latest-posts__post-author\">par Christophe THOMAS<\/div><time datetime=\"2022-09-28T09:45:33+01:00\" class=\"wp-block-latest-posts__post-date\">28\/09\/2022<\/time><div class=\"wp-block-latest-posts__post-excerpt\">Auteur de l&rsquo;article original : S\u00e9bastien LOZANO Propos\u00e9 par&nbsp;Magalie THENOT&nbsp;avec son retour d\u2019exp\u00e9rimentation.Si vous testez ce jeu dans vos classes, vous pouvez, en cliquant sur le lien suivant, faire un retour en \u00e9crivant \u00e0&nbsp;@Magalie THENOT et @S\u00e9bastien LOZANO. \u29bf &nbsp; Un document avec des explications, un retour d\u2019exp\u00e9rimentation \u29bf &nbsp; Grille de score un exemplaire&#8230;<\/div><\/li>\n<li><div class=\"wp-block-latest-posts__featured-image alignleft\"><img loading=\"lazy\" decoding=\"async\" width=\"150\" height=\"150\" src=\"https:\/\/sites.ac-nancy-metz.fr\/mathematiques\/wp-content\/uploads\/pexels-pixabay-220057-1-150x150.jpg\" class=\"attachment-thumbnail size-thumbnail wp-post-image\" alt=\"\" style=\"\" \/><\/div><a class=\"wp-block-latest-posts__post-title\" href=\"https:\/\/sites.ac-nancy-metz.fr\/mathematiques\/deux-idees-a-tester\/\">Deux id\u00e9es \u00e0 tester<\/a><div class=\"wp-block-latest-posts__post-author\">par Christophe THOMAS<\/div><time datetime=\"2022-05-31T18:51:00+01:00\" class=\"wp-block-latest-posts__post-date\">31\/05\/2022<\/time><div class=\"wp-block-latest-posts__post-excerpt\">Auteur de l&rsquo;article original : S\u00e9bastien LOZANO Deux propositions de Val\u00e9rie Defranoux Avec des 6e&nbsp;: R\u00e9alisation humaine de figures g\u00e9om\u00e9triques. Objectifs&nbsp;: Avec 25 \u00e9l\u00e8ves il convient d\u2019\u00e9carter l\u2019un d\u2019entre eux &#8230; On peut prolonger cette mise en situation avec des calculs de p\u00e9rim\u00e8tre en prenant comme unit\u00e9 de longueur \u00ab&nbsp;un \u00e9l\u00e8ve&nbsp;\u00bb Idem avec l\u2019aire &#8230;&#8230;<\/div><\/li>\n<li><div class=\"wp-block-latest-posts__featured-image alignleft\"><img loading=\"lazy\" decoding=\"async\" width=\"150\" height=\"150\" src=\"https:\/\/sites.ac-nancy-metz.fr\/mathematiques\/wp-content\/uploads\/pexels-fabian-reitmeier-707837-1-150x150.jpg\" class=\"attachment-thumbnail size-thumbnail wp-post-image\" alt=\"\" style=\"\" \/><\/div><a class=\"wp-block-latest-posts__post-title\" href=\"https:\/\/sites.ac-nancy-metz.fr\/mathematiques\/adaptation-du-mathador\/\">Adaptation du Mathador<\/a><div class=\"wp-block-latest-posts__post-author\">par Christophe THOMAS<\/div><time datetime=\"2022-05-31T14:44:00+01:00\" class=\"wp-block-latest-posts__post-date\">31\/05\/2022<\/time><div class=\"wp-block-latest-posts__post-excerpt\">Auteur de l&rsquo;article original : S\u00e9bastien LOZANO Damien GUILARD&nbsp;propose une adaptation du jeu de calcul mental Mathador. Mat\u00e9riel But Obtenir le nombre cible en n\u2019utilisant qu\u2019une seule fois la valeur de chacun des 5 d\u00e9s. On n\u2019est pas oblig\u00e9 d\u2019utiliser tous les d\u00e9s. On peut multiplier, additionner, soustraire ou diviser la valeur d\u2019un d\u00e9 avec&#8230;<\/div><\/li>\n<\/ul>","protected":false},"excerpt":{"rendered":"","protected":false},"author":9,"featured_media":0,"parent":2227,"menu_order":0,"comment_status":"closed","ping_status":"closed","template":"","meta":{"footnotes":""},"class_list":["post-2260","page","type-page","status-publish","hentry"],"_links":{"self":[{"href":"https:\/\/sites.ac-nancy-metz.fr\/mathematiques\/wp-json\/wp\/v2\/pages\/2260","targetHints":{"allow":["GET"]}}],"collection":[{"href":"https:\/\/sites.ac-nancy-metz.fr\/mathematiques\/wp-json\/wp\/v2\/pages"}],"about":[{"href":"https:\/\/sites.ac-nancy-metz.fr\/mathematiques\/wp-json\/wp\/v2\/types\/page"}],"author":[{"embeddable":true,"href":"https:\/\/sites.ac-nancy-metz.fr\/mathematiques\/wp-json\/wp\/v2\/users\/9"}],"replies":[{"embeddable":true,"href":"https:\/\/sites.ac-nancy-metz.fr\/mathematiques\/wp-json\/wp\/v2\/comments?post=2260"}],"version-history":[{"count":4,"href":"https:\/\/sites.ac-nancy-metz.fr\/mathematiques\/wp-json\/wp\/v2\/pages\/2260\/revisions"}],"predecessor-version":[{"id":4258,"href":"https:\/\/sites.ac-nancy-metz.fr\/mathematiques\/wp-json\/wp\/v2\/pages\/2260\/revisions\/4258"}],"up":[{"embeddable":true,"href":"https:\/\/sites.ac-nancy-metz.fr\/mathematiques\/wp-json\/wp\/v2\/pages\/2227"}],"wp:attachment":[{"href":"https:\/\/sites.ac-nancy-metz.fr\/mathematiques\/wp-json\/wp\/v2\/media?parent=2260"}],"curies":[{"name":"wp","href":"https:\/\/api.w.org\/{rel}","templated":true}]}}