{"id":2681,"date":"2022-12-07T18:32:35","date_gmt":"2022-12-07T17:32:35","guid":{"rendered":"https:\/\/sites.ac-nancy-metz.fr\/mathematiques\/?page_id=2681"},"modified":"2024-09-17T08:07:10","modified_gmt":"2024-09-17T07:07:10","slug":"textes-officiels-bts","status":"publish","type":"page","link":"https:\/\/sites.ac-nancy-metz.fr\/mathematiques\/textes-officiels-bts\/","title":{"rendered":"Textes officiels (BTS)"},"content":{"rendered":"<ul class=\"wp-block-latest-posts__list has-dates has-author wp-block-latest-posts\"><li><div class=\"wp-block-latest-posts__featured-image alignleft\"><a href=\"https:\/\/sites.ac-nancy-metz.fr\/mathematiques\/vous-trouverez-dans-cet-article-la-lettre-de-rentree-des-bts-2025-les-programmes-de-mathematiques-ainsi-que-les-modules-de-mathematiques\/\" aria-label=\"Vous trouverez dans cet article la lettre de rentr\u00e9e des BTS &#8211; 2025, les programmes de math\u00e9matiques ainsi que les modules de math\u00e9matiques.\"><img loading=\"lazy\" decoding=\"async\" width=\"150\" height=\"150\" src=\"https:\/\/sites.ac-nancy-metz.fr\/mathematiques\/wp-content\/uploads\/lettre-150x150.jpg\" class=\"attachment-thumbnail size-thumbnail wp-post-image\" alt=\"\" style=\"\" \/><\/a><\/div><a class=\"wp-block-latest-posts__post-title\" href=\"https:\/\/sites.ac-nancy-metz.fr\/mathematiques\/vous-trouverez-dans-cet-article-la-lettre-de-rentree-des-bts-2025-les-programmes-de-mathematiques-ainsi-que-les-modules-de-mathematiques\/\">Vous trouverez dans cet article la lettre de rentr\u00e9e des BTS &#8211; 2025, les programmes de math\u00e9matiques ainsi que les modules de math\u00e9matiques.<\/a><div class=\"wp-block-latest-posts__post-author\">par Nadine Antonaccio<\/div><time datetime=\"2025-09-18T18:43:06+01:00\" class=\"wp-block-latest-posts__post-date\">18\/09\/2025<\/time><div class=\"wp-block-latest-posts__post-excerpt\">Elle comporte de nombreuses rubriques dont les programmes et horaires sans oublier les nouveaut\u00e9s en cette rentr\u00e9e. Focus sur les modalit\u00e9s de passation des CCF pour les \u00e9tudiants redoublants ou ayant chang\u00e9 de sp\u00e9cialit\u00e9 de BTS. L\u2019\u00e9tudiant redoublant sa premi\u00e8re ann\u00e9e repasse un CCF selon les m\u00eames modalit\u00e9s que les \u00e9tudiants non redoublants de premi\u00e8re&#8230;<\/div><\/li>\n<li><div class=\"wp-block-latest-posts__featured-image alignleft\"><a href=\"https:\/\/sites.ac-nancy-metz.fr\/mathematiques\/lettre-de-rentree-des-bts-2024\/\" aria-label=\"Lettre de rentr\u00e9e des BTS 2024\"><img loading=\"lazy\" decoding=\"async\" width=\"150\" height=\"150\" src=\"https:\/\/sites.ac-nancy-metz.fr\/mathematiques\/wp-content\/uploads\/lettre-150x150.jpg\" class=\"attachment-thumbnail size-thumbnail wp-post-image\" alt=\"\" style=\"\" \/><\/a><\/div><a class=\"wp-block-latest-posts__post-title\" href=\"https:\/\/sites.ac-nancy-metz.fr\/mathematiques\/lettre-de-rentree-des-bts-2024\/\">Lettre de rentr\u00e9e des BTS 2024<\/a><div class=\"wp-block-latest-posts__post-author\">par Nadine Antonaccio<\/div><time datetime=\"2024-09-30T10:55:37+01:00\" class=\"wp-block-latest-posts__post-date\">30\/09\/2024<\/time><div class=\"wp-block-latest-posts__post-excerpt\">Vous trouverez dans cet article la lettre de rentr\u00e9e des BTS &#8211; 2024, les programmes de math\u00e9matiques ainsi que les modules de math\u00e9matiques. En cette rentr\u00e9e 2024, deux mesures visant \u00e0 mieux garantir une poursuite d\u2019\u00e9tudes r\u00e9ussie des bacheliers professionnels en BTS voient le jour : Programmes de Math\u00e9matiques BTS Modules de math\u00e9matiques<\/div><\/li>\n<li><div class=\"wp-block-latest-posts__featured-image alignleft\"><a href=\"https:\/\/sites.ac-nancy-metz.fr\/mathematiques\/lettre-de-rentree-2023-pour-les-bts\/\" aria-label=\"Lettre de rentr\u00e9e 2023 pour les BTS\"><img loading=\"lazy\" decoding=\"async\" width=\"150\" height=\"150\" src=\"https:\/\/sites.ac-nancy-metz.fr\/mathematiques\/wp-content\/uploads\/lettre-150x150.jpg\" class=\"attachment-thumbnail size-thumbnail wp-post-image\" alt=\"\" style=\"\" \/><\/a><\/div><a class=\"wp-block-latest-posts__post-title\" href=\"https:\/\/sites.ac-nancy-metz.fr\/mathematiques\/lettre-de-rentree-2023-pour-les-bts\/\">Lettre de rentr\u00e9e 2023 pour les BTS<\/a><div class=\"wp-block-latest-posts__post-author\">par Nadine Antonaccio<\/div><time datetime=\"2023-11-08T11:16:18+01:00\" class=\"wp-block-latest-posts__post-date\">08\/11\/2023<\/time><div class=\"wp-block-latest-posts__post-excerpt\">Vous trouverez dans cette lettre de rentr\u00e9e 2023 pour les BTS des informations, entre autres, sur&nbsp;: Une attention doit \u00eatre port\u00e9e \u00e0 la transition du lyc\u00e9e vers les BTS dans les contextes de la transformation de la voie professionnelle et de la r\u00e9forme des baccalaur\u00e9ats g\u00e9n\u00e9raux et technologiques ainsi que de la mise en place&#8230;<\/div><\/li>\n<li><div class=\"wp-block-latest-posts__featured-image alignleft\"><a href=\"https:\/\/sites.ac-nancy-metz.fr\/mathematiques\/definition-des-epreuves-de-controle-du-brevet-de-technicien-superieur\/\" aria-label=\"D\u00e9finition des \u00e9preuves de contr\u00f4le du brevet de technicien sup\u00e9rieur\"><img loading=\"lazy\" decoding=\"async\" width=\"150\" height=\"150\" src=\"https:\/\/sites.ac-nancy-metz.fr\/mathematiques\/wp-content\/uploads\/etudiant-150x150.jpg\" class=\"attachment-thumbnail size-thumbnail wp-post-image\" alt=\"\" style=\"\" \/><\/a><\/div><a class=\"wp-block-latest-posts__post-title\" href=\"https:\/\/sites.ac-nancy-metz.fr\/mathematiques\/definition-des-epreuves-de-controle-du-brevet-de-technicien-superieur\/\">D\u00e9finition des \u00e9preuves de contr\u00f4le du brevet de technicien sup\u00e9rieur<\/a><div class=\"wp-block-latest-posts__post-author\">par Nadine Antonaccio<\/div><time datetime=\"2022-06-08T19:13:00+01:00\" class=\"wp-block-latest-posts__post-date\">08\/06\/2022<\/time><div class=\"wp-block-latest-posts__post-excerpt\">&nbsp;A compter de la session 2022, les candidats aux BTS qui ont obtenu une moyenne g\u00e9n\u00e9rale au moins \u00e9gale \u00e0 8 et inf\u00e9rieure \u00e0 10 sur 20 ainsi qu\u2019une note moyenne au moins \u00e9gale \u00e0 10 sur 20 aux \u00e9preuves professionnelles d\u00e9finies pour chaque sp\u00e9cialit\u00e9 du brevet de technicien sup\u00e9rieur, sont autoris\u00e9s \u00e0 se pr\u00e9senter&#8230;<\/div><\/li>\n<\/ul>","protected":false},"excerpt":{"rendered":"","protected":false},"author":9,"featured_media":0,"parent":0,"menu_order":0,"comment_status":"closed","ping_status":"closed","template":"","meta":{"footnotes":""},"class_list":["post-2681","page","type-page","status-publish","hentry"],"_links":{"self":[{"href":"https:\/\/sites.ac-nancy-metz.fr\/mathematiques\/wp-json\/wp\/v2\/pages\/2681","targetHints":{"allow":["GET"]}}],"collection":[{"href":"https:\/\/sites.ac-nancy-metz.fr\/mathematiques\/wp-json\/wp\/v2\/pages"}],"about":[{"href":"https:\/\/sites.ac-nancy-metz.fr\/mathematiques\/wp-json\/wp\/v2\/types\/page"}],"author":[{"embeddable":true,"href":"https:\/\/sites.ac-nancy-metz.fr\/mathematiques\/wp-json\/wp\/v2\/users\/9"}],"replies":[{"embeddable":true,"href":"https:\/\/sites.ac-nancy-metz.fr\/mathematiques\/wp-json\/wp\/v2\/comments?post=2681"}],"version-history":[{"count":6,"href":"https:\/\/sites.ac-nancy-metz.fr\/mathematiques\/wp-json\/wp\/v2\/pages\/2681\/revisions"}],"predecessor-version":[{"id":4262,"href":"https:\/\/sites.ac-nancy-metz.fr\/mathematiques\/wp-json\/wp\/v2\/pages\/2681\/revisions\/4262"}],"wp:attachment":[{"href":"https:\/\/sites.ac-nancy-metz.fr\/mathematiques\/wp-json\/wp\/v2\/media?parent=2681"}],"curies":[{"name":"wp","href":"https:\/\/api.w.org\/{rel}","templated":true}]}}