{"id":3104,"date":"2023-05-14T19:16:54","date_gmt":"2023-05-14T18:16:54","guid":{"rendered":"https:\/\/sites.ac-nancy-metz.fr\/mathematiques\/?page_id=3104"},"modified":"2023-06-01T12:03:13","modified_gmt":"2023-06-01T11:03:13","slug":"moodle-question-de-type-calculee-simple","status":"publish","type":"page","link":"https:\/\/sites.ac-nancy-metz.fr\/mathematiques\/moodle-question-de-type-calculee-simple\/","title":{"rendered":"Moodle &#8211; Question de type \u00ab\u00a0Calcul\u00e9e simple\u00a0\u00bb"},"content":{"rendered":"\n<div class=\"wp-block-group is-content-justification-space-between is-nowrap is-layout-flex wp-container-core-group-is-layout-0dfbf163 wp-block-group-is-layout-flex\">\n<figure class=\"wp-block-image size-full is-resized\"><img loading=\"lazy\" decoding=\"async\" src=\"https:\/\/sites.ac-nancy-metz.fr\/mathematiques\/wp-content\/uploads\/Moodle_calculee_simple_logo.png\" alt=\"\" class=\"wp-image-3105\" width=\"518\" height=\"118\" srcset=\"https:\/\/sites.ac-nancy-metz.fr\/mathematiques\/wp-content\/uploads\/Moodle_calculee_simple_logo.png 518w, https:\/\/sites.ac-nancy-metz.fr\/mathematiques\/wp-content\/uploads\/Moodle_calculee_simple_logo-300x68.png 300w\" sizes=\"auto, (max-width: 518px) 100vw, 518px\" \/><\/figure>\n\n\n\n<figure class=\"wp-block-image size-full is-resized\"><img loading=\"lazy\" decoding=\"async\" src=\"https:\/\/sites.ac-nancy-metz.fr\/mathematiques\/wp-content\/uploads\/Moodle-logo.svg_.png\" alt=\"\" class=\"wp-image-3099\" width=\"256\" height=\"66\" srcset=\"https:\/\/sites.ac-nancy-metz.fr\/mathematiques\/wp-content\/uploads\/Moodle-logo.svg_.png 1024w, https:\/\/sites.ac-nancy-metz.fr\/mathematiques\/wp-content\/uploads\/Moodle-logo.svg_-300x77.png 300w, https:\/\/sites.ac-nancy-metz.fr\/mathematiques\/wp-content\/uploads\/Moodle-logo.svg_-768x197.png 768w\" sizes=\"auto, (max-width: 256px) 100vw, 256px\" \/><\/figure>\n<\/div>\n\n\n\n<hr class=\"wp-block-separator aligncenter has-alpha-channel-opacity\"\/>\n\n\n\n<h3 class=\"wp-block-heading\"><strong>Cr\u00e9ation d\u2019une question de type \u00ab&nbsp;Calcul\u00e9e simple&nbsp;\u00bb pour un test Moodle<\/strong><\/h3>\n\n\n\n<hr class=\"wp-block-separator aligncenter has-alpha-channel-opacity\"\/>\n\n\n\n<p style=\"font-size:17px\">Les <strong>questions \u00ab\u00a0calcul\u00e9e\u00a0\u00bb et \u00ab\u00a0calcul\u00e9e simple<\/strong>\u00a0\u00bb sont des questions num\u00e9riques comportant des param\u00e8tres qui sont remplac\u00e9s par des valeurs prises al\u00e9atoirement dans un jeu de donn\u00e9es lorsque le test est effectu\u00e9.<\/p>\n\n\n\n<p style=\"font-size:17px\">Elles permettent de proposer diff\u00e9rentes variantes qu&rsquo;une m\u00eame question avec des valeurs num\u00e9riques diff\u00e9rentes.<\/p>\n\n\n\n<hr class=\"wp-block-separator aligncenter has-alpha-channel-opacity\"\/>\n\n\n\n<h4 class=\"wp-block-heading\"><mark style=\"background-color:#c3e6fd;color:#333333\" class=\"has-inline-color\">Un exemple<\/mark><\/h4>\n\n\n\n<div class=\"wp-block-group is-horizontal is-content-justification-center is-nowrap is-layout-flex wp-container-core-group-is-layout-ebaf334c wp-block-group-is-layout-flex\">\n<figure class=\"wp-block-image size-full is-resized is-style-default\"><img loading=\"lazy\" decoding=\"async\" src=\"https:\/\/sites.ac-nancy-metz.fr\/mathematiques\/wp-content\/uploads\/Moodle_calculee_simple_exemple.png\" alt=\"Question calcul\u00e9e simple\" class=\"wp-image-3109\" width=\"349\" height=\"237\" srcset=\"https:\/\/sites.ac-nancy-metz.fr\/mathematiques\/wp-content\/uploads\/Moodle_calculee_simple_exemple.png 465w, https:\/\/sites.ac-nancy-metz.fr\/mathematiques\/wp-content\/uploads\/Moodle_calculee_simple_exemple-300x204.png 300w\" sizes=\"auto, (max-width: 349px) 100vw, 349px\" \/><\/figure>\n\n\n\n<div class=\"wp-block-group is-vertical is-layout-flex wp-container-core-group-is-layout-8cf370e7 wp-block-group-is-layout-flex\">\n<p>Dans cette question, on a introduit <strong>un param\u00e8tre<\/strong> qui a \u00e9t\u00e9 remplac\u00e9 par la valeur <strong>-3<\/strong>.<\/p>\n\n\n\n<p>La<strong> r\u00e9ponse attendue est calcul\u00e9e \u00e0 partir du param\u00e8tre<\/strong>, d&rsquo;o\u00f9 le nom \u00ab\u00a0question calcul\u00e9e\u00a0\u00bb.<\/p>\n\n\n\n<p>Les questions peuvent avoir plusieurs param\u00e8tres.<\/p>\n\n\n\n<p>La ou les valeurs des param\u00e8tres sont prises dans une table qui est param\u00e9tr\u00e9e et cr\u00e9\u00e9e avec la question.<\/p>\n\n\n\n<p>Une tol\u00e9rance absolue ou relative par rapport \u00e0 la r\u00e9ponse attendue peut \u00eatre accord\u00e9e.<\/p>\n<\/div>\n<\/div>\n\n\n\n<hr class=\"wp-block-separator aligncenter has-alpha-channel-opacity\"\/>\n\n\n\n<h4 class=\"wp-block-heading\"><mark style=\"background-color:#c3e6fd;color:#333333\" class=\"has-inline-color\">Cr\u00e9ation pas \u00e0 pas d&rsquo;une question \u00ab\u00a0calcul\u00e9e simple\u00a0\u00bb \u00e0 partir d&rsquo;un exemple<\/mark><\/h4>\n\n\n\n<h5 class=\"has-text-align-left wp-block-heading\" style=\"text-transform:none\"><mark style=\"background-color:#c3e6fd;color:#333333\" class=\"has-inline-color\">1. R\u00e9daction de la question<\/mark><\/h5>\n\n\n\n<div class=\"wp-block-group is-content-justification-space-between is-nowrap is-layout-flex wp-container-core-group-is-layout-0dfbf163 wp-block-group-is-layout-flex\">\n<figure class=\"wp-block-image size-full\"><img loading=\"lazy\" decoding=\"async\" width=\"824\" height=\"412\" src=\"https:\/\/sites.ac-nancy-metz.fr\/mathematiques\/wp-content\/uploads\/Moodle_calculee_simple_creation-1.png\" alt=\"\" class=\"wp-image-3122\" srcset=\"https:\/\/sites.ac-nancy-metz.fr\/mathematiques\/wp-content\/uploads\/Moodle_calculee_simple_creation-1.png 824w, https:\/\/sites.ac-nancy-metz.fr\/mathematiques\/wp-content\/uploads\/Moodle_calculee_simple_creation-1-300x150.png 300w, https:\/\/sites.ac-nancy-metz.fr\/mathematiques\/wp-content\/uploads\/Moodle_calculee_simple_creation-1-768x384.png 768w\" sizes=\"auto, (max-width: 824px) 100vw, 824px\" \/><\/figure>\n\n\n\n<div class=\"wp-block-group is-vertical is-layout-flex wp-container-core-group-is-layout-8cf370e7 wp-block-group-is-layout-flex\">\n<p>Le texte de la question est saisie comme pour tout autre type de question mais on introduit un ou plusieurs <strong>jokers<\/strong> qui seront <strong>remplac\u00e9s par des valeurs num\u00e9riques<\/strong> choisies au hasard dans une table que l&rsquo;on aura renseign\u00e9e avec la question.<\/p>\n\n\n\n<p>Les jokers sont d\u00e9finis entre accolades. Ici nous n&rsquo;avons qu&rsquo;un seul <strong>jocker <mark style=\"background-color:rgba(0, 0, 0, 0)\" class=\"has-inline-color has-vivid-cyan-blue-color\">{a}<\/mark><\/strong>.<\/p>\n<\/div>\n<\/div>\n\n\n\n<hr class=\"wp-block-separator aligncenter has-alpha-channel-opacity\"\/>\n\n\n\n<h5 class=\"has-text-align-left wp-block-heading\"><mark style=\"background-color:#c3e6fd;color:#333333\" class=\"has-inline-color\">2. Construction de la r\u00e9ponse<\/mark><\/h5>\n\n\n\n<div class=\"wp-block-group is-nowrap is-layout-flex wp-container-core-group-is-layout-64989fb1 wp-block-group-is-layout-flex\">\n<figure class=\"wp-block-image size-full\"><img loading=\"lazy\" decoding=\"async\" width=\"694\" height=\"447\" src=\"https:\/\/sites.ac-nancy-metz.fr\/mathematiques\/wp-content\/uploads\/Moodle_calculee_simple_reponse.png\" alt=\"\" class=\"wp-image-3124\" srcset=\"https:\/\/sites.ac-nancy-metz.fr\/mathematiques\/wp-content\/uploads\/Moodle_calculee_simple_reponse.png 694w, https:\/\/sites.ac-nancy-metz.fr\/mathematiques\/wp-content\/uploads\/Moodle_calculee_simple_reponse-300x193.png 300w\" sizes=\"auto, (max-width: 694px) 100vw, 694px\" \/><\/figure>\n\n\n\n<div class=\"wp-block-group is-vertical is-layout-flex wp-container-core-group-is-layout-8cf370e7 wp-block-group-is-layout-flex\">\n<p><strong>La r\u00e9ponse est une formule<\/strong> faisant intervenir le ou les jokers (param\u00e8tres) introduits dans le texte de la question.<\/p>\n\n\n\n<p><strong>Les jokers sont encadr\u00e9s par des accolades.<\/strong><\/p>\n\n\n\n<p>On pr\u00e9cise le pourcentage de point \u00e0 accorder pour la r\u00e9ponse (en g\u00e9n\u00e9ral 100%).<\/p>\n\n\n\n<p>On peut accorder une marge de tol\u00e9rance, soit nominale (Par exemple \u00b1 0,1) ou relative \u00e0 la valeur attendue (par exemple 0,01 pour 1% de marge d&rsquo;erreur).<\/p>\n\n\n\n<p>Il est possible de proposer plusieurs r\u00e9ponses calcul\u00e9es apportant des points.<\/p>\n\n\n\n<p>On peut \u00e9galement choisir comment la forme de la r\u00e9ponse attendue sera affich\u00e9e \u00e0 l&rsquo;issue de la question en indiquant le nombre de d\u00e9cimales ou le nombre de chiffres significatifs souhait\u00e9.<\/p>\n\n\n\n<p><em>Une liste des fonctions les plus courantes pouvant \u00eatre utilis\u00e9es dans les formules est donn\u00e9e \u00e0 la fin de cette page.<\/em><\/p>\n<\/div>\n<\/div>\n\n\n\n<hr class=\"wp-block-separator aligncenter has-alpha-channel-opacity\"\/>\n\n\n\n<h5 class=\"has-text-align-left wp-block-heading\"><mark style=\"background-color:#c3e6fd;color:#333333\" class=\"has-inline-color\">3. Cr\u00e9ation d&rsquo;une table de valeurs pour les jokers<\/mark><\/h5>\n\n\n\n<p>Rechercher les jokers pour permettre d&rsquo;\u00e9tablir la liste des jokers  avant de cr\u00e9er une table de valeurs.<\/p>\n\n\n<div class=\"wp-block-image is-style-default\">\n<figure class=\"aligncenter size-full is-resized\"><img loading=\"lazy\" decoding=\"async\" src=\"https:\/\/sites.ac-nancy-metz.fr\/mathematiques\/wp-content\/uploads\/Moodle_calculee_simple_joker1.png\" alt=\"\" class=\"wp-image-3127\" width=\"545\" height=\"85\" srcset=\"https:\/\/sites.ac-nancy-metz.fr\/mathematiques\/wp-content\/uploads\/Moodle_calculee_simple_joker1.png 726w, https:\/\/sites.ac-nancy-metz.fr\/mathematiques\/wp-content\/uploads\/Moodle_calculee_simple_joker1-300x47.png 300w\" sizes=\"auto, (max-width: 545px) 100vw, 545px\" \/><\/figure>\n<\/div>\n\n\n<hr class=\"wp-block-separator aligncenter has-alpha-channel-opacity\"\/>\n\n\n\n<h5 class=\"wp-block-heading\"><mark style=\"background-color:#c3e6fd;color:#333333\" class=\"has-inline-color\">4. G\u00e9n\u00e9ration des jeux de valeurs pour les jokers<\/mark><\/h5>\n\n\n\n<div class=\"wp-block-group is-nowrap is-layout-flex wp-container-core-group-is-layout-ad2f72ca wp-block-group-is-layout-flex\">\n<figure class=\"wp-block-image size-full is-resized\"><img loading=\"lazy\" decoding=\"async\" src=\"https:\/\/sites.ac-nancy-metz.fr\/mathematiques\/wp-content\/uploads\/Moodle_calculee_simple_joker2b.png\" alt=\"\" class=\"wp-image-3352\" width=\"410\" height=\"281\" srcset=\"https:\/\/sites.ac-nancy-metz.fr\/mathematiques\/wp-content\/uploads\/Moodle_calculee_simple_joker2b.png 547w, https:\/\/sites.ac-nancy-metz.fr\/mathematiques\/wp-content\/uploads\/Moodle_calculee_simple_joker2b-300x205.png 300w, https:\/\/sites.ac-nancy-metz.fr\/mathematiques\/wp-content\/uploads\/Moodle_calculee_simple_joker2b-130x90.png 130w\" sizes=\"auto, (max-width: 410px) 100vw, 410px\" \/><\/figure>\n\n\n\n<div class=\"wp-block-group is-nowrap is-layout-flex wp-container-core-group-is-layout-ad2f72ca wp-block-group-is-layout-flex\">\n<p> <\/p>\n\n\n\n<div class=\"wp-block-group is-vertical is-layout-flex wp-container-core-group-is-layout-8cf370e7 wp-block-group-is-layout-flex\">\n<p><strong>D\u00e9velopper les options<\/strong> \u00e0 l&rsquo;aide de la petite fl\u00e8che \u00e0 gauche.<\/p>\n\n\n\n<p>Les jeux de valeurs seront g\u00e9n\u00e9r\u00e9s automatiquement<br>\u00e0 partir des propri\u00e9t\u00e9s renseign\u00e9s.<\/p>\n\n\n\n<p>Par exemple, ici, on s&rsquo;appr\u00eate \u00e0 g\u00e9n\u00e9rer une table avec 10 valeurs.<br>On obtiendra des enti\u00e8res comprises entre -10 et 10.<br>(Minimum=-10 ; Maximum=10 ; Nombre de d\u00e9cimales =0)<\/p>\n\n\n\n<p>Les valeurs g\u00e9n\u00e9r\u00e9es peuvent \u00eatre modifi\u00e9es par la suite. <\/p>\n\n\n\n<p>Cliquer une seule fois sur le <strong>bouton <mark style=\"background-color:#0f6fc5\" class=\"has-inline-color has-white-color\">  G\u00e9n\u00e9rer  <\/mark><\/strong>  pour lancer la cr\u00e9ation de la table.<\/p>\n<\/div>\n<\/div>\n<\/div>\n\n\n\n<hr class=\"wp-block-separator aligncenter has-alpha-channel-opacity\"\/>\n\n\n\n<h5 class=\"wp-block-heading\"><mark style=\"background-color:#c3e6fd;color:#333333\" class=\"has-inline-color\">5. Affichage des jeux de valeurs<\/mark><\/h5>\n\n\n\n<div class=\"wp-block-group is-nowrap is-layout-flex wp-container-core-group-is-layout-64989fb1 wp-block-group-is-layout-flex\">\n<figure class=\"wp-block-image size-full is-resized\"><img loading=\"lazy\" decoding=\"async\" src=\"https:\/\/sites.ac-nancy-metz.fr\/mathematiques\/wp-content\/uploads\/Moodle_calculee_simple_joker3b.png\" alt=\"\" class=\"wp-image-3361\" width=\"531\" height=\"208\" srcset=\"https:\/\/sites.ac-nancy-metz.fr\/mathematiques\/wp-content\/uploads\/Moodle_calculee_simple_joker3b.png 708w, https:\/\/sites.ac-nancy-metz.fr\/mathematiques\/wp-content\/uploads\/Moodle_calculee_simple_joker3b-300x117.png 300w\" sizes=\"auto, (max-width: 531px) 100vw, 531px\" \/><\/figure>\n\n\n\n<div class=\"wp-block-group is-vertical is-layout-flex wp-container-core-group-is-layout-8cf370e7 wp-block-group-is-layout-flex\">\n<p><strong>Indiquer le nombre de jeux<\/strong> de valeurs pour les jokers <strong>\u00e0 afficher<\/strong>.<\/p>\n\n\n\n<p>D\u00e9velopper la section<strong> <mark style=\"background-color:rgba(0, 0, 0, 0)\" class=\"has-inline-color has-vivid-cyan-blue-color\">Valeur du(des) jokers(s)<\/mark><\/strong>.<\/p>\n\n\n\n<p>Clique sur le <strong>bouton<\/strong> <strong><mark style=\"background-color:#0f6fc5\" class=\"has-inline-color has-white-color\">  Afficher  <\/mark><\/strong> pour visualiser les valeurs g\u00e9n\u00e9r\u00e9es al\u00e9atoirement.<\/p>\n<\/div>\n<\/div>\n\n\n\n<hr class=\"wp-block-separator aligncenter has-alpha-channel-opacity\"\/>\n\n\n\n<h5 class=\"wp-block-heading\"><mark style=\"background-color:#c3e6fd;color:#333333\" class=\"has-inline-color\">6. Modification manuelle des jeux de valeur<\/mark><mark style=\"background-color:#c3e6fd\" class=\"has-inline-color\">s<\/mark><\/h5>\n\n\n\n<p>Cliquer sur <mark style=\"background-color:rgba(0, 0, 0, 0)\" class=\"has-inline-color has-vivid-cyan-blue-color\"><strong>Afficher plus&#8230;<\/strong><\/mark> pour faire apparaitre l&rsquo;interface de modification des valeurs.<\/p>\n\n\n\n<div class=\"wp-block-group is-nowrap is-layout-flex wp-container-core-group-is-layout-64989fb1 wp-block-group-is-layout-flex\">\n<figure class=\"wp-block-image size-full is-resized\"><img loading=\"lazy\" decoding=\"async\" src=\"https:\/\/sites.ac-nancy-metz.fr\/mathematiques\/wp-content\/uploads\/Moodle_calculee_simple_joker4b.png\" alt=\"\" class=\"wp-image-3363\" width=\"313\" height=\"211\" srcset=\"https:\/\/sites.ac-nancy-metz.fr\/mathematiques\/wp-content\/uploads\/Moodle_calculee_simple_joker4b.png 417w, https:\/\/sites.ac-nancy-metz.fr\/mathematiques\/wp-content\/uploads\/Moodle_calculee_simple_joker4b-300x202.png 300w\" sizes=\"auto, (max-width: 313px) 100vw, 313px\" \/><\/figure>\n\n\n\n<div class=\"wp-block-group is-vertical is-layout-flex wp-container-core-group-is-layout-8cf370e7 wp-block-group-is-layout-flex\">\n<p>Modifier les valeurs du joker si besoin.<\/p>\n\n\n\n<p>Cliquer ensuite sur le bouton <mark style=\"background-color:#0f6fc5\" class=\"has-inline-color has-white-color\"><strong>  Modifier les valeurs des jokers  <\/strong><\/mark> pour enregistrer les nouvelles valeurs.<\/p>\n<\/div>\n<\/div>\n\n\n\n<hr class=\"wp-block-separator aligncenter has-alpha-channel-opacity\"\/>\n\n\n\n<h5 class=\"wp-block-heading\"><mark style=\"background-color:#c3e6fd;color:#333333\" class=\"has-inline-color\"> 7. Finalisation de la question<\/mark><\/h5>\n\n\n\n<p>Enregistrer la question \u00e0 l&rsquo;aide du bouton <strong><mark style=\"background-color:#0f6fc5\" class=\"has-inline-color has-white-color\">  Enregistrer  <\/mark><\/strong>  tout en bas de la page !<\/p>\n\n\n\n<hr class=\"wp-block-separator aligncenter has-alpha-channel-opacity is-style-wide\"\/>\n\n\n\n<p><strong>R\u00e9capitulatif des fonctions courantes utilisables dans les questions calcul\u00e9es :<\/strong><\/p>\n\n\n\n<figure class=\"wp-block-table aligncenter is-style-stripes has-small-font-size\"><table><thead><tr><th class=\"has-text-align-center\" data-align=\"center\"><strong>Fonction<\/strong><\/th><th class=\"has-text-align-center\" data-align=\"center\"><strong>D\u00e9signation<\/strong><\/th><\/tr><\/thead><tbody><tr><td class=\"has-text-align-center\" data-align=\"center\"><strong>abs<\/strong><\/td><td class=\"has-text-align-center\" data-align=\"center\"><em>valeur absolue<\/em><\/td><\/tr><tr><td class=\"has-text-align-center\" data-align=\"center\"><strong>ceil<\/strong><\/td><td class=\"has-text-align-center\" data-align=\"center\"><em>valeur approch\u00e9e enti\u00e8re par exc\u00e8s<\/em><\/td><\/tr><tr><td class=\"has-text-align-center\" data-align=\"center\"><strong>cos<\/strong><\/td><td class=\"has-text-align-center\" data-align=\"center\"><em>cosinus (en radians)<\/em><\/td><\/tr><tr><td class=\"has-text-align-center\" data-align=\"center\"><strong>deg2rad<\/strong><\/td><td class=\"has-text-align-center\" data-align=\"center\"><em>conversion de degr\u00e9s en radian<\/em><\/td><\/tr><tr><td class=\"has-text-align-center\" data-align=\"center\"><strong>exp<\/strong><\/td><td class=\"has-text-align-center\" data-align=\"center\"><em>exponentielle<\/em><\/td><\/tr><tr><td class=\"has-text-align-center\" data-align=\"center\"><strong>floor<\/strong><\/td><td class=\"has-text-align-center\" data-align=\"center\"><em>valeur approch\u00e9e enti\u00e8re par d\u00e9faut<\/em><\/td><\/tr><tr><td class=\"has-text-align-center\" data-align=\"center\"><strong>fmod<\/strong><\/td><td class=\"has-text-align-center\" data-align=\"center\"><em>reste de la division enti\u00e8re<\/em><\/td><\/tr><tr><td class=\"has-text-align-center\" data-align=\"center\"><strong>log<\/strong><\/td><td class=\"has-text-align-center\" data-align=\"center\"><em>logarithme n\u00e9p\u00e9rien<\/em><\/td><\/tr><tr><td class=\"has-text-align-center\" data-align=\"center\"><strong>pi()<\/strong><\/td><td class=\"has-text-align-center\" data-align=\"center\"><em>nombre pi<\/em><\/td><\/tr><tr><td class=\"has-text-align-center\" data-align=\"center\"><strong>pow<\/strong><\/td><td class=\"has-text-align-center\" data-align=\"center\"><em>puissance<\/em><\/td><\/tr><tr><td class=\"has-text-align-center\" data-align=\"center\"><strong>rad2deg<\/strong><\/td><td class=\"has-text-align-center\" data-align=\"center\"><em>conversion de radians en degr\u00e9s<\/em><\/td><\/tr><tr><td class=\"has-text-align-center\" data-align=\"center\"><strong>round<\/strong><\/td><td class=\"has-text-align-center\" data-align=\"center\"><em>arrondi \u00e0 l&rsquo;entier le plus proche<\/em><\/td><\/tr><tr><td class=\"has-text-align-center\" data-align=\"center\"><strong>sin<\/strong><\/td><td class=\"has-text-align-center\" data-align=\"center\"><em>sinus (en radians)<\/em><\/td><\/tr><tr><td class=\"has-text-align-center\" data-align=\"center\"><strong>sqrt<\/strong><\/td><td class=\"has-text-align-center\" data-align=\"center\"><em>racine carr\u00e9e<\/em><\/td><\/tr><tr><td class=\"has-text-align-center\" data-align=\"center\"><strong>tan<\/strong><\/td><td class=\"has-text-align-center\" data-align=\"center\"><em>tangente (en radians)<\/em><\/td><\/tr><\/tbody><\/table><\/figure>\n\n\n\n<hr class=\"wp-block-separator aligncenter has-alpha-channel-opacity is-style-wide\"\/>\n\n\n\n<p><strong>Auteur :<\/strong> <em>Christophe THOMAS<\/em>, IAN pour les math\u00e9matiques dans l&rsquo;acad\u00e9mie de Nancy-Metz.<br><strong>Date :<\/strong> Juin 2023<\/p>\n\n\n\n<p><\/p>\n","protected":false},"excerpt":{"rendered":"<p>Cr\u00e9ation d\u2019une question de type \u00ab&nbsp;Calcul\u00e9e simple&nbsp;\u00bb pour un test Moodle Les questions \u00ab\u00a0calcul\u00e9e\u00a0\u00bb et \u00ab\u00a0calcul\u00e9e simple\u00a0\u00bb sont des questions num\u00e9riques comportant des param\u00e8tres qui sont&#8230;<\/p>\n","protected":false},"author":9,"featured_media":0,"parent":0,"menu_order":0,"comment_status":"closed","ping_status":"closed","template":"","meta":{"footnotes":""},"class_list":["post-3104","page","type-page","status-publish","hentry"],"_links":{"self":[{"href":"https:\/\/sites.ac-nancy-metz.fr\/mathematiques\/wp-json\/wp\/v2\/pages\/3104","targetHints":{"allow":["GET"]}}],"collection":[{"href":"https:\/\/sites.ac-nancy-metz.fr\/mathematiques\/wp-json\/wp\/v2\/pages"}],"about":[{"href":"https:\/\/sites.ac-nancy-metz.fr\/mathematiques\/wp-json\/wp\/v2\/types\/page"}],"author":[{"embeddable":true,"href":"https:\/\/sites.ac-nancy-metz.fr\/mathematiques\/wp-json\/wp\/v2\/users\/9"}],"replies":[{"embeddable":true,"href":"https:\/\/sites.ac-nancy-metz.fr\/mathematiques\/wp-json\/wp\/v2\/comments?post=3104"}],"version-history":[{"count":76,"href":"https:\/\/sites.ac-nancy-metz.fr\/mathematiques\/wp-json\/wp\/v2\/pages\/3104\/revisions"}],"predecessor-version":[{"id":3519,"href":"https:\/\/sites.ac-nancy-metz.fr\/mathematiques\/wp-json\/wp\/v2\/pages\/3104\/revisions\/3519"}],"wp:attachment":[{"href":"https:\/\/sites.ac-nancy-metz.fr\/mathematiques\/wp-json\/wp\/v2\/media?parent=3104"}],"curies":[{"name":"wp","href":"https:\/\/api.w.org\/{rel}","templated":true}]}}