{"id":3297,"date":"2023-05-14T19:15:40","date_gmt":"2023-05-14T18:15:40","guid":{"rendered":"https:\/\/sites.ac-nancy-metz.fr\/mathematiques\/?page_id=3297"},"modified":"2024-09-17T08:00:04","modified_gmt":"2024-09-17T07:00:04","slug":"moodle-pour-les-mathematiques","status":"publish","type":"page","link":"https:\/\/sites.ac-nancy-metz.fr\/mathematiques\/enseigner\/numerique\/moodle-pour-les-mathematiques\/","title":{"rendered":"Moodle pour les math\u00e9matiques"},"content":{"rendered":"\n<figure class=\"wp-block-image size-full is-resized\"><img loading=\"lazy\" decoding=\"async\" src=\"https:\/\/sites.ac-nancy-metz.fr\/mathematiques\/wp-content\/uploads\/Moodle-logo.svg_.png\" alt=\"\" class=\"wp-image-3099\" width=\"512\" height=\"131\" srcset=\"https:\/\/sites.ac-nancy-metz.fr\/mathematiques\/wp-content\/uploads\/Moodle-logo.svg_.png 1024w, https:\/\/sites.ac-nancy-metz.fr\/mathematiques\/wp-content\/uploads\/Moodle-logo.svg_-300x77.png 300w, https:\/\/sites.ac-nancy-metz.fr\/mathematiques\/wp-content\/uploads\/Moodle-logo.svg_-768x197.png 768w\" sizes=\"auto, (max-width: 512px) 100vw, 512px\" \/><\/figure>\n\n\n\n<div class=\"wp-block-group is-nowrap is-layout-flex wp-container-core-group-is-layout-ad2f72ca wp-block-group-is-layout-flex\">\n<h5 class=\"wp-block-heading\"><strong>1.  Les Tests Moodle pour les math\u00e9matiques<\/strong><\/h5>\n\n\n\n<figure class=\"wp-block-image size-full is-resized\"><img loading=\"lazy\" decoding=\"async\" src=\"https:\/\/sites.ac-nancy-metz.fr\/mathematiques\/wp-content\/uploads\/Moodle_test_icone.png\" alt=\"\" class=\"wp-image-3298\" width=\"86\" height=\"63\"\/><\/figure>\n<\/div>\n\n\n\n<p>Le module d&rsquo;<strong>activit\u00e9 Test<\/strong> permet \u00e0 l&rsquo;enseignant de concevoir et de cr\u00e9er des exercices constitu\u00e9s d&rsquo;une grande vari\u00e9t\u00e9 de types de questions .<br>On trouve des types classiques comme les questions \u00e0 choix multiple, les vrai-faux, les r\u00e9ponses courtes, les r\u00e9ponses num\u00e9riques\u2026<br>Il existe \u00e9galement <strong>d&rsquo;autre types de questions particuli\u00e8rement int\u00e9ressants pour les enseignants de math\u00e9matiques<\/strong>.<br>Cette page en recense quelques-uns :<\/p>\n\n\n\n<ul class=\"wp-block-list\">\n<li><a href=\"#cloze\">Question <strong>Cloze<\/strong><\/a><\/li>\n\n\n\n<li><a href=\"#calculee\">Question <strong>Calcul\u00e9e<\/strong><\/a><\/li>\n\n\n\n<li><a href=\"#stack\">Question <strong>STACK<\/strong><\/a><\/li>\n<\/ul>\n\n\n\n<hr class=\"wp-block-separator aligncenter has-alpha-channel-opacity\"\/>\n\n\n\n<div class=\"wp-block-group is-nowrap is-layout-flex wp-container-core-group-is-layout-ad2f72ca wp-block-group-is-layout-flex\">\n<h5 class=\"wp-block-heading\"><strong>2. LaTeX et Moodle<\/strong><\/h5>\n\n\n\n<p class=\"has-medium-font-size\">\\(\\LaTeX\\)<\/p>\n<\/div>\n\n\n\n<p><strong>LaTeX <\/strong>peut \u00eatre utilis\u00e9 pour int\u00e9grer des formules math\u00e9matiques dans presque tous les types de questions. <\/p>\n\n\n\n<ul class=\"wp-block-list\">\n<li><a href=\"#latex\">\\(\\LaTeX\\) avec Moodle<\/a> <\/li>\n<\/ul>\n\n\n\n<hr class=\"wp-block-separator has-text-color has-vivid-cyan-blue-color has-alpha-channel-opacity has-vivid-cyan-blue-background-color has-background is-style-wide\"\/>\n\n\n\n<h5 class=\"wp-block-heading\"><strong>1.  Les Tests Moodle pour les math\u00e9matiques<\/strong><\/h5>\n\n\n\n<div class=\"wp-block-group is-nowrap is-layout-flex wp-container-core-group-is-layout-ad2f72ca wp-block-group-is-layout-flex\">\n<figure class=\"wp-block-image size-full is-resized\" id=\"cloze\"><img loading=\"lazy\" decoding=\"async\" src=\"https:\/\/sites.ac-nancy-metz.fr\/mathematiques\/wp-content\/uploads\/cloze_logo-1.png\" alt=\"\" class=\"wp-image-3102\" width=\"460\" height=\"71\" srcset=\"https:\/\/sites.ac-nancy-metz.fr\/mathematiques\/wp-content\/uploads\/cloze_logo-1.png 920w, https:\/\/sites.ac-nancy-metz.fr\/mathematiques\/wp-content\/uploads\/cloze_logo-1-300x46.png 300w, https:\/\/sites.ac-nancy-metz.fr\/mathematiques\/wp-content\/uploads\/cloze_logo-1-768x119.png 768w\" sizes=\"auto, (max-width: 460px) 100vw, 460px\" \/><\/figure>\n<\/div>\n\n\n\n<p>Les&nbsp;<strong>questions \u00e0 r\u00e9ponses int\u00e9gr\u00e9es (Cloze<\/strong>) sont form\u00e9es d\u2019un texte au sein duquel sont inclus plusieurs champs de r\u00e9ponse \u00e0 renseigner.<br>Les r\u00e9ponses peuvent \u00eatre :<\/p>\n\n\n\n<ul class=\"wp-block-list\">\n<li>choisies dans une liste propos\u00e9e (QCM),<\/li>\n\n\n\n<li>num\u00e9riques,<\/li>\n\n\n\n<li>du texte, sous la forme d&rsquo;une r\u00e9ponse courte.<\/li>\n<\/ul>\n\n\n\n<p>Ce type de questions est particuli\u00e8rement int\u00e9ressant car il permet de demander, dans une m\u00eame question, plusieurs r\u00e9ponses, pouvant transformer la question en un exercice complet.<\/p>\n\n\n\n<div class=\"wp-block-buttons is-content-justification-center is-layout-flex wp-container-core-buttons-is-layout-16018d1d wp-block-buttons-is-layout-flex\">\n<div class=\"wp-block-button\"><a class=\"wp-block-button__link wp-element-button\" href=\"https:\/\/sites.ac-nancy-metz.fr\/mathematiques\/?page_id=3023\">Cr\u00e9er une question Cloze<\/a><\/div>\n<\/div>\n\n\n\n<hr class=\"wp-block-separator has-text-color has-white-color has-alpha-channel-opacity has-white-background-color has-background\"\/>\n\n\n\n<hr class=\"wp-block-separator has-text-color has-vivid-cyan-blue-color has-alpha-channel-opacity has-vivid-cyan-blue-background-color has-background is-style-wide\"\/>\n\n\n\n<div id=\"calculee\" class=\"wp-block-group is-nowrap is-layout-flex wp-container-core-group-is-layout-ad2f72ca wp-block-group-is-layout-flex\">\n<figure class=\"wp-block-image size-full is-resized\"><img loading=\"lazy\" decoding=\"async\" src=\"https:\/\/sites.ac-nancy-metz.fr\/mathematiques\/wp-content\/uploads\/Moodle_calculee_simple_logo.png\" alt=\"\" class=\"wp-image-3105\" width=\"389\" height=\"89\" srcset=\"https:\/\/sites.ac-nancy-metz.fr\/mathematiques\/wp-content\/uploads\/Moodle_calculee_simple_logo.png 518w, https:\/\/sites.ac-nancy-metz.fr\/mathematiques\/wp-content\/uploads\/Moodle_calculee_simple_logo-300x68.png 300w\" sizes=\"auto, (max-width: 389px) 100vw, 389px\" \/><\/figure>\n<\/div>\n\n\n\n<p>Les <strong>questions \u00ab\u00a0calcul\u00e9e\u00a0\u00bb<\/strong> et <strong>\u00ab\u00a0calcul\u00e9e simple\u00a0\u00bb<\/strong> sont des questions num\u00e9riques comportant des param\u00e8tres qui sont remplac\u00e9s par des valeurs prises al\u00e9atoirement dans un jeu de donn\u00e9es lorsque le test est effectu\u00e9.<\/p>\n\n\n\n<p>Elles permettent de proposer diff\u00e9rentes variantes qu&rsquo;une m\u00eame question avec des valeurs num\u00e9riques diff\u00e9rentes.<\/p>\n\n\n\n<div class=\"wp-block-buttons is-content-justification-center is-layout-flex wp-container-core-buttons-is-layout-16018d1d wp-block-buttons-is-layout-flex\">\n<div class=\"wp-block-button\"><a class=\"wp-block-button__link wp-element-button\" href=\"https:\/\/sites.ac-nancy-metz.fr\/mathematiques\/?page_id=3104\">Cr\u00e9er une question calcul\u00e9e simple<\/a><\/div>\n<\/div>\n\n\n\n<hr class=\"wp-block-separator has-text-color has-white-color has-alpha-channel-opacity has-white-background-color has-background\"\/>\n\n\n\n<hr class=\"wp-block-separator has-text-color has-vivid-cyan-blue-color has-alpha-channel-opacity has-vivid-cyan-blue-background-color has-background is-style-wide\"\/>\n\n\n\n<div class=\"wp-block-group is-nowrap is-layout-flex wp-container-core-group-is-layout-ad2f72ca wp-block-group-is-layout-flex\">\n<figure class=\"wp-block-image size-full is-resized\" id=\"stack\"><img loading=\"lazy\" decoding=\"async\" src=\"https:\/\/sites.ac-nancy-metz.fr\/mathematiques\/wp-content\/uploads\/stack_logo.png\" alt=\"\" class=\"wp-image-3163\" width=\"279\" height=\"77\" srcset=\"https:\/\/sites.ac-nancy-metz.fr\/mathematiques\/wp-content\/uploads\/stack_logo.png 372w, https:\/\/sites.ac-nancy-metz.fr\/mathematiques\/wp-content\/uploads\/stack_logo-300x83.png 300w\" sizes=\"auto, (max-width: 279px) 100vw, 279px\" \/><\/figure>\n<\/div>\n\n\n\n<p>Les questions STACK sont des questions math\u00e9matiques utilisant un <strong>syst\u00e8me de calcul formel<\/strong> (bas\u00e9 sur Maxima) pour \u00e9tablir les propri\u00e9t\u00e9s des r\u00e9ponses des \u00e9l\u00e8ves. L&rsquo;utilisation du calcul formel apporte des fonctionnalit\u00e9s tr\u00e8s int\u00e9ressantes.<br>Les r\u00e9ponses des \u00e9l\u00e8ves sont analys\u00e9es et compar\u00e9es en terme d&rsquo;\u00e9quivalent \u00e0 celle attendue.<br>Contrairement aux autres type de questions, les r\u00e9ponses num\u00e9riques des \u00e9l\u00e8ves peuvent ne pas \u00eatre d\u00e9cimales. On peut demander une r\u00e9ponse num\u00e9rique rationnelle non d\u00e9cimale sous la forme d&rsquo;une fraction (irr\u00e9ductible ou non) ou irrationnelle ou encore une expressions alg\u00e9brique (en imposant ou non sa forme). STACK compare la r\u00e9ponse de l&rsquo;\u00e9l\u00e8ve \u00e0 la r\u00e9ponse attendue en terme d&rsquo;\u00e9quivalent alg\u00e9brique (avec diff\u00e9rentes options) pour valider ou non une r\u00e9ponse.<br>Les questions STACK sont tr\u00e8s puissantes mais techniquement assez difficile \u00e0 construire.<\/p>\n\n\n\n<div class=\"wp-block-buttons is-layout-flex wp-block-buttons-is-layout-flex\">\n<div class=\"wp-block-button aligncenter\"><a class=\"wp-block-button__link wp-element-button\" href=\"https:\/\/sites.ac-nancy-metz.fr\/mathematiques\/?page_id=3162\">Cr\u00e9er une question STACK<\/a><\/div>\n<\/div>\n\n\n\n<hr class=\"wp-block-separator has-text-color has-vivid-cyan-blue-color has-alpha-channel-opacity has-vivid-cyan-blue-background-color has-background is-style-wide\"\/>\n\n\n\n<h5 class=\"wp-block-heading\" id=\"latex\"><strong>2.  LaTeX avec Moodle<\/strong><\/h5>\n\n\n\n<p>Des formules math\u00e9matiques peuvent facilement \u00eatre \u00e9crite en \\(LaTeX\\) dans Moodle.<br>Il n&rsquo;est pas n\u00e9cessaire d&rsquo;avoir de grandes connaissances en LaTeX pour ins\u00e9rer des formules de bases telles qu&rsquo;une racine carr\u00e9e ou une fraction.<\/p>\n\n\n\n<div class=\"wp-block-buttons is-layout-flex wp-block-buttons-is-layout-flex\">\n<div class=\"wp-block-button aligncenter\"><a class=\"wp-block-button__link wp-element-button\" href=\"https:\/\/sites.ac-nancy-metz.fr\/mathematiques\/?page_id=3489\">Ecrire une formule LaTeX<\/a><\/div>\n<\/div>\n","protected":false},"excerpt":{"rendered":"<p>1. Les Tests Moodle pour les math\u00e9matiques Le module d&rsquo;activit\u00e9 Test permet \u00e0 l&rsquo;enseignant de concevoir et de cr\u00e9er des exercices constitu\u00e9s d&rsquo;une grande vari\u00e9t\u00e9 de&#8230;<\/p>\n","protected":false},"author":9,"featured_media":0,"parent":2198,"menu_order":0,"comment_status":"closed","ping_status":"closed","template":"","meta":{"footnotes":""},"class_list":["post-3297","page","type-page","status-publish","hentry"],"_links":{"self":[{"href":"https:\/\/sites.ac-nancy-metz.fr\/mathematiques\/wp-json\/wp\/v2\/pages\/3297","targetHints":{"allow":["GET"]}}],"collection":[{"href":"https:\/\/sites.ac-nancy-metz.fr\/mathematiques\/wp-json\/wp\/v2\/pages"}],"about":[{"href":"https:\/\/sites.ac-nancy-metz.fr\/mathematiques\/wp-json\/wp\/v2\/types\/page"}],"author":[{"embeddable":true,"href":"https:\/\/sites.ac-nancy-metz.fr\/mathematiques\/wp-json\/wp\/v2\/users\/9"}],"replies":[{"embeddable":true,"href":"https:\/\/sites.ac-nancy-metz.fr\/mathematiques\/wp-json\/wp\/v2\/comments?post=3297"}],"version-history":[{"count":38,"href":"https:\/\/sites.ac-nancy-metz.fr\/mathematiques\/wp-json\/wp\/v2\/pages\/3297\/revisions"}],"predecessor-version":[{"id":3503,"href":"https:\/\/sites.ac-nancy-metz.fr\/mathematiques\/wp-json\/wp\/v2\/pages\/3297\/revisions\/3503"}],"up":[{"embeddable":true,"href":"https:\/\/sites.ac-nancy-metz.fr\/mathematiques\/wp-json\/wp\/v2\/pages\/2198"}],"wp:attachment":[{"href":"https:\/\/sites.ac-nancy-metz.fr\/mathematiques\/wp-json\/wp\/v2\/media?parent=3297"}],"curies":[{"name":"wp","href":"https:\/\/api.w.org\/{rel}","templated":true}]}}