{"id":4051,"date":"2024-09-10T07:46:52","date_gmt":"2024-09-10T06:46:52","guid":{"rendered":"https:\/\/sites.ac-nancy-metz.fr\/mathematiques\/?page_id=4051"},"modified":"2024-09-17T08:28:23","modified_gmt":"2024-09-17T07:28:23","slug":"evaluations-nationales","status":"publish","type":"page","link":"https:\/\/sites.ac-nancy-metz.fr\/mathematiques\/se-former\/evaluations-nationales\/","title":{"rendered":"\u00c9valuations nationales et tests de positionnement"},"content":{"rendered":"<ul class=\"wp-block-latest-posts__list has-dates has-author wp-block-latest-posts\"><li><div class=\"wp-block-latest-posts__featured-image alignleft\"><a href=\"https:\/\/sites.ac-nancy-metz.fr\/mathematiques\/evaluations-nationales-et-tests-de-positionnement-rentree-2024-2025\/\" aria-label=\"\u00c9valuations nationales et tests de positionnement (Rentr\u00e9e 2024-2025)\"><img loading=\"lazy\" decoding=\"async\" width=\"150\" height=\"150\" src=\"https:\/\/sites.ac-nancy-metz.fr\/mathematiques\/wp-content\/uploads\/evaluations-150x150.jpg\" class=\"attachment-thumbnail size-thumbnail wp-post-image\" alt=\"\" style=\"\" \/><\/a><\/div><a class=\"wp-block-latest-posts__post-title\" href=\"https:\/\/sites.ac-nancy-metz.fr\/mathematiques\/evaluations-nationales-et-tests-de-positionnement-rentree-2024-2025\/\">\u00c9valuations nationales et tests de positionnement (Rentr\u00e9e 2024-2025)<\/a><div class=\"wp-block-latest-posts__post-author\">par Christophe THOMAS<\/div><time datetime=\"2024-09-15T13:51:18+01:00\" class=\"wp-block-latest-posts__post-date\">15\/09\/2024<\/time><div class=\"wp-block-latest-posts__post-excerpt\">Chaque \u00e9l\u00e8ve de sixi\u00e8me et de quatri\u00e8me et les \u00e9l\u00e8ves de cinqui\u00e8me et troisi\u00e8me des \u00e9tablissements pr\u00e9figurateurs et volontaires passent un test de fluence ainsi qu\u2019une \u00e9valuation sur support num\u00e9rique permettant d\u2019identifier ses acquis et ses besoins en fran\u00e7ais et en math\u00e9matiques.&nbsp;&nbsp;&nbsp;&nbsp;&nbsp;&nbsp;&nbsp;&nbsp;&nbsp; Les tests de positionnement en d\u00e9but de lyc\u00e9e concernent tous les \u00e9l\u00e8ves de&#8230;<\/div><\/li>\n<\/ul>","protected":false},"excerpt":{"rendered":"","protected":false},"author":9,"featured_media":0,"parent":2225,"menu_order":0,"comment_status":"closed","ping_status":"closed","template":"","meta":{"footnotes":""},"class_list":["post-4051","page","type-page","status-publish","hentry"],"_links":{"self":[{"href":"https:\/\/sites.ac-nancy-metz.fr\/mathematiques\/wp-json\/wp\/v2\/pages\/4051","targetHints":{"allow":["GET"]}}],"collection":[{"href":"https:\/\/sites.ac-nancy-metz.fr\/mathematiques\/wp-json\/wp\/v2\/pages"}],"about":[{"href":"https:\/\/sites.ac-nancy-metz.fr\/mathematiques\/wp-json\/wp\/v2\/types\/page"}],"author":[{"embeddable":true,"href":"https:\/\/sites.ac-nancy-metz.fr\/mathematiques\/wp-json\/wp\/v2\/users\/9"}],"replies":[{"embeddable":true,"href":"https:\/\/sites.ac-nancy-metz.fr\/mathematiques\/wp-json\/wp\/v2\/comments?post=4051"}],"version-history":[{"count":6,"href":"https:\/\/sites.ac-nancy-metz.fr\/mathematiques\/wp-json\/wp\/v2\/pages\/4051\/revisions"}],"predecessor-version":[{"id":4285,"href":"https:\/\/sites.ac-nancy-metz.fr\/mathematiques\/wp-json\/wp\/v2\/pages\/4051\/revisions\/4285"}],"up":[{"embeddable":true,"href":"https:\/\/sites.ac-nancy-metz.fr\/mathematiques\/wp-json\/wp\/v2\/pages\/2225"}],"wp:attachment":[{"href":"https:\/\/sites.ac-nancy-metz.fr\/mathematiques\/wp-json\/wp\/v2\/media?parent=4051"}],"curies":[{"name":"wp","href":"https:\/\/api.w.org\/{rel}","templated":true}]}}