{"id":4056,"date":"2024-09-10T18:15:59","date_gmt":"2024-09-10T17:15:59","guid":{"rendered":"https:\/\/sites.ac-nancy-metz.fr\/mathematiques\/?page_id=4056"},"modified":"2024-09-17T08:06:05","modified_gmt":"2024-09-17T07:06:05","slug":"actualites","status":"publish","type":"page","link":"https:\/\/sites.ac-nancy-metz.fr\/mathematiques\/vie-des-mathematiques\/actualites\/","title":{"rendered":"Actualit\u00e9s\u00a0"},"content":{"rendered":"\n<p>Le d\u00e9ploiement des <strong>laboratoires de math\u00e9matiques <\/strong>se poursuit dans notre acad\u00e9mie, avec des laboratoires op\u00e9rationnels et des projets en construction. Nous encourageons et accompagnons toutes les initiatives allant dans le sens de cette dynamique. Les nombreuses <a href=\"https:\/\/eduscol.education.fr\/1469\/laboratoires-de-mathematiques\">ressources, disponibles sur Eduscol<\/a>, peuvent alimenter la r\u00e9flexion lors des phases de construction ou de d\u00e9veloppement d\u2019un laboratoire de math\u00e9matiques.<\/p>\n\n\n\n<p>Les <strong>clubs de math\u00e9matiques<\/strong> favorisent une pratique des math\u00e9matiques fond\u00e9e sur le plaisir qui encourage les jeunes, et en particulier les jeunes filles, \u00e0 poursuivre des \u00e9tudes scientifiques. <a href=\"https:\/\/eduscol.education.fr\/1472\/clubs-de-mathematiques\">Les ressources pr\u00e9sentes sur Eduscol<\/a> constituent une aide pr\u00e9cieuse pour la mise en place de club de math\u00e9matiques en \u00e9tablissement.<\/p>\n\n\n\n<p>Les <strong>Olympiades de math\u00e9matiques<\/strong>, \u00e0 destination des \u00e9l\u00e8ves de quatri\u00e8me et de premi\u00e8re, participent \u00e0 la consolidation d\u2019une culture scientifique en permettant aux \u00e9l\u00e8ves de se confronter \u00e0 des situations probl\u00e8mes stimulantes, tout en soulignant le lien entre les math\u00e9matiques et les autres disciplines. Elles favorisent l\u2019ouverture de clubs et ateliers math\u00e9matiques et incitent les \u00e9l\u00e8ves \u00e0 se tourner vers les carri\u00e8res scientifiques.<\/p>\n\n\n\n<p>Les dates et les modalit\u00e9s d\u2019inscription pour l\u2019\u00e9dition 2025 seront annonc\u00e9es sur les m\u00e9dias habituels comme le site\u00a0 <a href=\"https:\/\/eduscol.education.fr\/3433\/olympiades-nationales-de-mathematiques\">Eduscol<\/a>, celui de l\u2019association <a href=\"https:\/\/animath.fr\/actions\/olympiades-mathematiques-de-premiere\/\">Animath<\/a>, le <a href=\"https:\/\/sites.ac-nancy-metz.fr\/mathematiques\/\">site acad\u00e9mique<\/a> et sur PARTAGE.\u00a0<\/p>\n\n\n\n<p><strong>Le Rallye Math\u00e9matique de Lorraine<\/strong>, organis\u00e9 par l\u2019APMEP et propos\u00e9 aux \u00e9l\u00e8ves de Troisi\u00e8me et de Seconde, permet aux classes enti\u00e8res d\u2019aborder des jeux et \u00e9nigmes motivants. Il favorise \u00e9galement la coop\u00e9ration et la communication. La prochaine \u00e9dition est pr\u00e9vue en <strong>avril 2025<\/strong>.<\/p>\n\n\n\n<p>La course aux nombres, \u00e0 destination des \u00e9l\u00e8ves de cycle 2 jusqu\u2019aux classes de STS, est propice pour r\u00e9investir les activit\u00e9s visant \u00e0 d\u00e9velopper des aptitudes pour le calcul r\u00e9fl\u00e9chi et \u00e0 construire de multiples automatismes num\u00e9riques et g\u00e9om\u00e9triques. L\u2019\u00e9preuve consiste \u00e0 r\u00e9pondre dans un d\u00e9lai de 9 minutes \u00e0 30 questions d\u2019activit\u00e9s mentales. Vous trouverez plus d\u2019informations, dont les annales des ann\u00e9es pr\u00e9c\u00e9dentes, dans la rubrique d\u00e9di\u00e9e. Pour toute information compl\u00e9mentaire, vous pouvez contacter Nadine ANTONACCIO.<\/p>\n\n\n\n<p>La prochaine \u00e9dition du <a href=\"https:\/\/castor-informatique.fr\">CASTOR informatique<\/a> aura lieu aura lieu du 10 novembre au 21 d\u00e9cembre 2024. Ce concours ouvert aux \u00e9l\u00e8ves du CM1 \u00e0 la terminale propose des d\u00e9fis dans le domaine des sciences du num\u00e9rique.<\/p>\n\n\n\n<p><a href=\"https:\/\/animath.fr\/\">L\u2019association Animath<\/a> poursuit, en collaboration avec de nombreuses structures d\u2019enseignement sup\u00e9rieur et de recherche, ses activit\u00e9s dont le but est de favoriser le go\u00fbt et la pratique des math\u00e9matiques et de l&rsquo;algorithmique en coll\u00e8ge et lyc\u00e9e. Parmi les actions soutenues figurent&nbsp;:<\/p>\n\n\n\n<ul class=\"wp-block-list\">\n<li>La comp\u00e9tition de cryptanalyse <a href=\"https:\/\/concours-alkindi.fr\/\">ALKINDI<\/a> (en 4<sup>e<\/sup>, 3<sup>e<\/sup> et Seconde) en collaboration avec <a href=\"http:\/\/www.france-ioi.org\/\">France IOI\u00a0<\/a>.<\/li>\n\n\n\n<li>Le tournoi Fran\u00e7ais des Jeunes Math\u00e9maticiens et Math\u00e9maticiennes au lyc\u00e9e\u00a0: <a href=\"https:\/\/tfjm.org\/\">TFJM<sup>2<\/sup><\/a><sup>\u00a0.<\/sup><strong>. <\/strong>Nous en profitons pour f\u00e9liciter les \u00e9l\u00e8ves du lyc\u00e9e jeanne d\u2019Arc de Nancy et leurs professeurs qui ont remport\u00e9 le tournoi national du TFJM\u00b2 2024 qui s&rsquo;est d\u00e9roul\u00e9 sur le campus de l&rsquo;ENS Paris-Saclay et sont arriv\u00e9s deuxi\u00e8me pour l&rsquo;\u00e9dition europ\u00e9enne du tournoi, l&rsquo;ETEAM.<\/li>\n<\/ul>\n\n\n\n<p>La FFJM organise le &nbsp;<a href=\"https:\/\/www.ffjm.org\/fr\/accueil-1\">Championnat International des jeux math\u00e9matiques et logiques<\/a>. Ce championnat qui s&rsquo;adresse \u00e0 tous, des \u00e9l\u00e8ves de l&rsquo;\u00e9cole primaire aux adultes (huit cat\u00e9gories), r\u00e9unit plus de 100 000 participants.&nbsp;D&rsquo;abord ouvert aux pays francophones, ce Championnat a maintenant des participants dans plus de vingt&nbsp;pays, ce qui a conduit \u00e0 la cr\u00e9ation du&nbsp;Comit\u00e9 International des Jeux Math\u00e9matiques<\/p>\n\n\n\n<p>Fruit d&rsquo;un partenariat entre la Fondation CG\u00e9nial et le dispositif minist\u00e9riel Sciences \u00e0 l\u2019\u00c9cole, <a href=\"https:\/\/www.cgenial.org\/82-nos-actions\/145-concours-cgenial\">le Concours CG\u00e9nial<\/a> valorise l\u2019enseignement des sciences et des technologies dans les coll\u00e8ges et les lyc\u00e9es. Une opportunit\u00e9 d\u2019impliquer les \u00e9l\u00e8ves dans un projet interdisciplinaire en mettant en perspective le r\u00f4le des math\u00e9matiques dans d\u2019autres domaines scientifiques et techniques. Le premier tour d\u2019inscription prendra fin le 12 novembre 2023.<\/p>\n\n\n\n<p>D\u2019autres concours de math\u00e9matiques peuvent \u00eatre propos\u00e9s aux \u00e9l\u00e8ves&nbsp;: <a href=\"http:\/\/www.drolesdemaths.org\/\">Dr\u00f4les de Maths<\/a>, <a href=\"http:\/\/www.mathkang.org\/concours\/index.html\">Kangourou<\/a> mais aussi des concours d\u2019initiative locale organis\u00e9s par un \u00e9tablissement ou dans le cadre d\u2019une action de liaison comme <a href=\"http:\/\/maths-msf.site.ac-strasbourg.fr\/\">Math\u00e9matiques sans fronti\u00e8res<\/a>.<\/p>\n","protected":false},"excerpt":{"rendered":"<p>Le d\u00e9ploiement des laboratoires de math\u00e9matiques se poursuit dans notre acad\u00e9mie, avec des laboratoires op\u00e9rationnels et des projets en construction. Nous encourageons et accompagnons toutes les&#8230;<\/p>\n","protected":false},"author":9,"featured_media":2648,"parent":2227,"menu_order":0,"comment_status":"closed","ping_status":"closed","template":"","meta":{"footnotes":""},"class_list":["post-4056","page","type-page","status-publish","has-post-thumbnail","hentry"],"_links":{"self":[{"href":"https:\/\/sites.ac-nancy-metz.fr\/mathematiques\/wp-json\/wp\/v2\/pages\/4056","targetHints":{"allow":["GET"]}}],"collection":[{"href":"https:\/\/sites.ac-nancy-metz.fr\/mathematiques\/wp-json\/wp\/v2\/pages"}],"about":[{"href":"https:\/\/sites.ac-nancy-metz.fr\/mathematiques\/wp-json\/wp\/v2\/types\/page"}],"author":[{"embeddable":true,"href":"https:\/\/sites.ac-nancy-metz.fr\/mathematiques\/wp-json\/wp\/v2\/users\/9"}],"replies":[{"embeddable":true,"href":"https:\/\/sites.ac-nancy-metz.fr\/mathematiques\/wp-json\/wp\/v2\/comments?post=4056"}],"version-history":[{"count":6,"href":"https:\/\/sites.ac-nancy-metz.fr\/mathematiques\/wp-json\/wp\/v2\/pages\/4056\/revisions"}],"predecessor-version":[{"id":4253,"href":"https:\/\/sites.ac-nancy-metz.fr\/mathematiques\/wp-json\/wp\/v2\/pages\/4056\/revisions\/4253"}],"up":[{"embeddable":true,"href":"https:\/\/sites.ac-nancy-metz.fr\/mathematiques\/wp-json\/wp\/v2\/pages\/2227"}],"wp:featuredmedia":[{"embeddable":true,"href":"https:\/\/sites.ac-nancy-metz.fr\/mathematiques\/wp-json\/wp\/v2\/media\/2648"}],"wp:attachment":[{"href":"https:\/\/sites.ac-nancy-metz.fr\/mathematiques\/wp-json\/wp\/v2\/media?parent=4056"}],"curies":[{"name":"wp","href":"https:\/\/api.w.org\/{rel}","templated":true}]}}