{"id":4068,"date":"2024-09-11T17:53:42","date_gmt":"2024-09-11T16:53:42","guid":{"rendered":"https:\/\/sites.ac-nancy-metz.fr\/mathematiques\/?page_id=4068"},"modified":"2024-09-17T08:07:44","modified_gmt":"2024-09-17T07:07:44","slug":"partenaires","status":"publish","type":"page","link":"https:\/\/sites.ac-nancy-metz.fr\/mathematiques\/partenaires\/","title":{"rendered":"Partenaires"},"content":{"rendered":"\n<p>Notre acad\u00e9mie compte un nombre important d&rsquo;ateliers MATh.en.JEANS. Une r\u00e9union d\u2019information sera organis\u00e9e en Visio.<\/p>\n\n\n\n<p>Pour en savoir plus, vous pouvez contacter la coordinatrice r\u00e9gionale Louisette HIRIART, <a href=\"mailto:louisette.hiriart@ac-nancy-metz.fr\">louisette.hiriart@ac-nancy-metz.fr<\/a> et\/ou consulter le site de l&rsquo;association <a href=\"http:\/\/www.mathenjeans.fr\/\">MATh.en.JEANS<\/a>.<\/p>\n\n\n\n<p>Nous poursuivons \u00e9galement notre partenariat avec l\u2019INRIA qui, cette ann\u00e9e encore, propose de nous accompagner dans la promotion des sciences gr\u00e2ce \u00e0 des interventions de chercheurs dans les classes dans des formats \u00e0 d\u00e9finir avec l\u2019institut (conf\u00e9rences, ateliers, films-d\u00e9bats\u2026). Dans le cadre de ce partenariat, <a href=\"https:\/\/chiche-snt.fr\/\"><em>le programme 1 scientifique &#8211; 1 classe : Chiche !<\/em><\/a> se poursuit. Ce programme s\u2019inscrit dans le cadre de l\u2019enseignement Sciences Num\u00e9riques et Technologie (SNT) et vise \u00e0 encourager les vocations scientifiques, notamment chez les jeunes filles, en favorisant les rencontres entre les \u00e9l\u00e8ves et des chercheurs. V\u00e9ronique POIREL, <a href=\"mailto:veronique.poirel@inria.fr\">veronique.poirel@inria.fr<\/a>, charg\u00e9e de m\u00e9diation scientifique \u00e0 INRIA est notre interlocutrice.<\/p>\n\n\n\n<p><strong>Le club math\u00e9matique de Nancy, <\/strong>gratuit, ouvert aux \u00e9l\u00e8ves de la quatri\u00e8me \u00e0 la terminale, se r\u00e9unit les mercredis de 14h30 \u00e0 16h30 en p\u00e9riode scolaire \u00e0 l&rsquo;Institut \u00c9lie Cartan (IECL) sur le campus de l&rsquo;universit\u00e9 \u00e0 Vand\u0153uvre-l\u00e8s-Nancy. Il est anim\u00e9 par des enseignants-chercheurs de l&rsquo;Universit\u00e9 de Lorraine. Les s\u00e9ances sont ind\u00e9pendantes les unes des autres et la pr\u00e9sence n&rsquo;est pas obligatoire \u00e0 chaque s\u00e9ance. L\u2019objectif est de pratiquer les math\u00e9matiques comme un loisir, de d\u00e9couvrir de nouveaux concepts et de se frotter \u00e0 des probl\u00e8mes originaux ou ardus, individuellement ou en groupe.<\/p>\n\n\n\n<p>Informations et inscription : <a href=\"http:\/\/departement.maths-nancy.xyz\/club\/\">http:\/\/departement.maths-nancy.xyz\/club\/<\/a>.<\/p>\n\n\n\n<p>Un stage intitul\u00e9&nbsp;<strong>\u00ab Les Cigognes \u00bb,<\/strong>&nbsp;labellis\u00e9 Stage MathC2+, a \u00e9t\u00e9 initi\u00e9 par cinq enseignants-chercheurs des universit\u00e9s de Lorraine et de Strasbourg&nbsp;: du 22 au 27 octobre 2023, \u00e0 Ramonchamp dans les Vosges, 25 lyc\u00e9ennes pourront rencontrer des enseignantes-chercheuses, participer \u00e0 des ateliers math\u00e9matiques et informatiques, et pratiquer des activit\u00e9s de plein-air.<\/p>\n\n\n\n<p>Renseignements et inscriptions sur&nbsp;<a href=\"https:\/\/iecl.univ-lorraine.fr\/cigognes\">https:\/\/iecl.univ-lorraine.fr\/cigognes<\/a>.<\/p>\n\n\n\n<p><\/p>\n","protected":false},"excerpt":{"rendered":"<p>Notre acad\u00e9mie compte un nombre important d&rsquo;ateliers MATh.en.JEANS. Une r\u00e9union d\u2019information sera organis\u00e9e en Visio. Pour en savoir plus, vous pouvez contacter la coordinatrice r\u00e9gionale Louisette&#8230;<\/p>\n","protected":false},"author":9,"featured_media":0,"parent":0,"menu_order":0,"comment_status":"closed","ping_status":"closed","template":"","meta":{"footnotes":""},"class_list":["post-4068","page","type-page","status-publish","hentry"],"_links":{"self":[{"href":"https:\/\/sites.ac-nancy-metz.fr\/mathematiques\/wp-json\/wp\/v2\/pages\/4068","targetHints":{"allow":["GET"]}}],"collection":[{"href":"https:\/\/sites.ac-nancy-metz.fr\/mathematiques\/wp-json\/wp\/v2\/pages"}],"about":[{"href":"https:\/\/sites.ac-nancy-metz.fr\/mathematiques\/wp-json\/wp\/v2\/types\/page"}],"author":[{"embeddable":true,"href":"https:\/\/sites.ac-nancy-metz.fr\/mathematiques\/wp-json\/wp\/v2\/users\/9"}],"replies":[{"embeddable":true,"href":"https:\/\/sites.ac-nancy-metz.fr\/mathematiques\/wp-json\/wp\/v2\/comments?post=4068"}],"version-history":[{"count":6,"href":"https:\/\/sites.ac-nancy-metz.fr\/mathematiques\/wp-json\/wp\/v2\/pages\/4068\/revisions"}],"predecessor-version":[{"id":4267,"href":"https:\/\/sites.ac-nancy-metz.fr\/mathematiques\/wp-json\/wp\/v2\/pages\/4068\/revisions\/4267"}],"wp:attachment":[{"href":"https:\/\/sites.ac-nancy-metz.fr\/mathematiques\/wp-json\/wp\/v2\/media?parent=4068"}],"curies":[{"name":"wp","href":"https:\/\/api.w.org\/{rel}","templated":true}]}}