{"id":4271,"date":"2024-09-17T08:19:38","date_gmt":"2024-09-17T07:19:38","guid":{"rendered":"https:\/\/sites.ac-nancy-metz.fr\/mathematiques\/?page_id=4271"},"modified":"2024-09-17T08:22:57","modified_gmt":"2024-09-17T07:22:57","slug":"labo-maths-lycee-rosa-parks","status":"publish","type":"page","link":"https:\/\/sites.ac-nancy-metz.fr\/mathematiques\/labo-maths-lycee-rosa-parks\/","title":{"rendered":"Labo Maths Lyc\u00e9e Rosa PARKS"},"content":{"rendered":"<div class=\"wp-block-image\">\n<figure class=\"aligncenter size-full\"><img loading=\"lazy\" decoding=\"async\" width=\"184\" height=\"184\" src=\"https:\/\/sites.ac-nancy-metz.fr\/mathematiques\/wp-content\/uploads\/logo_labo_rp-3e95b.jpg\" alt=\"\" class=\"wp-image-2465\" srcset=\"https:\/\/sites.ac-nancy-metz.fr\/mathematiques\/wp-content\/uploads\/logo_labo_rp-3e95b.jpg 184w, https:\/\/sites.ac-nancy-metz.fr\/mathematiques\/wp-content\/uploads\/logo_labo_rp-3e95b-150x150.jpg 150w\" sizes=\"auto, (max-width: 184px) 100vw, 184px\" \/><\/figure>\n<\/div>\n\n\n<p class=\"has-text-align-center has-medium-font-size\"><strong><a href=\"http:\/\/labodemathsthionville.eklablog.fr\/\" target=\"_blank\" rel=\"noreferrer noopener\">Visiter le labo de maths du Lyc\u00e9e Rosa PARKS de Thionville<\/a><\/strong><\/p>\n\n\n<ul class=\"wp-block-latest-posts__list has-dates has-author wp-block-latest-posts\"><li><div class=\"wp-block-latest-posts__featured-image alignleft\"><a href=\"https:\/\/sites.ac-nancy-metz.fr\/mathematiques\/visioconference-de-jean-jacques-dupas-sur-ada-lovelace\/\" aria-label=\"Visioconf\u00e9rence de Jean-Jacques Dupas sur Ada Lovelace.\"><img loading=\"lazy\" decoding=\"async\" width=\"150\" height=\"150\" src=\"https:\/\/sites.ac-nancy-metz.fr\/mathematiques\/wp-content\/uploads\/labomaths_rosa_parks-150x150.png\" class=\"attachment-thumbnail size-thumbnail wp-post-image\" alt=\"Labomaths Rosa Parks\" style=\"\" \/><\/a><\/div><a class=\"wp-block-latest-posts__post-title\" href=\"https:\/\/sites.ac-nancy-metz.fr\/mathematiques\/visioconference-de-jean-jacques-dupas-sur-ada-lovelace\/\">Visioconf\u00e9rence de Jean-Jacques Dupas sur Ada Lovelace.<\/a><div class=\"wp-block-latest-posts__post-author\">par Mohammed HAYOUNI<\/div><time datetime=\"2024-10-10T10:37:02+01:00\" class=\"wp-block-latest-posts__post-date\">10\/10\/2024<\/time><div class=\"wp-block-latest-posts__post-excerpt\">Le laboratoire de math\u00e9matiques de Thionville vous propose le lundi 18 novembre \u00e0 12h une visioconf\u00e9rence de Jean-Jacques Dupas sur Ada Lovelace. \u00ab\u00a0Jeune, belle, intelligente, scientifique, Lady Ada KING comtesse de Lovelace fut la premi\u00e8re programmeuse de l\u2019histoire. D\u00e9couvrez comment elle a failli pr\u00e9cipiter notre monde dans une \u00e8re informatique m\u00e9canique.\u00a0\u00bb Voici le lien de&#8230;<\/div><\/li>\n<\/ul>\n\n\n<p><\/p>\n","protected":false},"excerpt":{"rendered":"<p>Visiter le labo de maths du Lyc\u00e9e Rosa PARKS de Thionville<\/p>\n","protected":false},"author":9,"featured_media":0,"parent":0,"menu_order":0,"comment_status":"closed","ping_status":"closed","template":"","meta":{"footnotes":""},"class_list":["post-4271","page","type-page","status-publish","hentry"],"_links":{"self":[{"href":"https:\/\/sites.ac-nancy-metz.fr\/mathematiques\/wp-json\/wp\/v2\/pages\/4271","targetHints":{"allow":["GET"]}}],"collection":[{"href":"https:\/\/sites.ac-nancy-metz.fr\/mathematiques\/wp-json\/wp\/v2\/pages"}],"about":[{"href":"https:\/\/sites.ac-nancy-metz.fr\/mathematiques\/wp-json\/wp\/v2\/types\/page"}],"author":[{"embeddable":true,"href":"https:\/\/sites.ac-nancy-metz.fr\/mathematiques\/wp-json\/wp\/v2\/users\/9"}],"replies":[{"embeddable":true,"href":"https:\/\/sites.ac-nancy-metz.fr\/mathematiques\/wp-json\/wp\/v2\/comments?post=4271"}],"version-history":[{"count":4,"href":"https:\/\/sites.ac-nancy-metz.fr\/mathematiques\/wp-json\/wp\/v2\/pages\/4271\/revisions"}],"predecessor-version":[{"id":4276,"href":"https:\/\/sites.ac-nancy-metz.fr\/mathematiques\/wp-json\/wp\/v2\/pages\/4271\/revisions\/4276"}],"wp:attachment":[{"href":"https:\/\/sites.ac-nancy-metz.fr\/mathematiques\/wp-json\/wp\/v2\/media?parent=4271"}],"curies":[{"name":"wp","href":"https:\/\/api.w.org\/{rel}","templated":true}]}}