{"id":4307,"date":"2025-02-20T00:20:37","date_gmt":"2025-02-19T23:20:37","guid":{"rendered":"https:\/\/sites.ac-nancy-metz.fr\/mawebradio\/?page_id=4307"},"modified":"2026-03-27T17:20:39","modified_gmt":"2026-03-27T16:20:39","slug":"accueil","status":"publish","type":"page","link":"https:\/\/sites.ac-nancy-metz.fr\/mawebradio\/","title":{"rendered":"Accueil"},"content":{"rendered":"\n<div class=\"wp-block-cover alignfull is-light\"><span aria-hidden=\"true\" class=\"wp-block-cover__background has-white-background-color has-background-dim-80 has-background-dim\"><\/span><img loading=\"lazy\" decoding=\"async\" width=\"1500\" height=\"428\" class=\"wp-block-cover__image-background wp-image-4335\" alt=\"\" src=\"https:\/\/sites.ac-nancy-metz.fr\/mawebradio\/wp-content\/uploads\/cropped-GGTYK_5WIAAB5Wu-scaled-1.jpg\" data-object-fit=\"cover\" srcset=\"https:\/\/sites.ac-nancy-metz.fr\/mawebradio\/wp-content\/uploads\/cropped-GGTYK_5WIAAB5Wu-scaled-1.jpg 1500w, https:\/\/sites.ac-nancy-metz.fr\/mawebradio\/wp-content\/uploads\/cropped-GGTYK_5WIAAB5Wu-scaled-1-300x86.jpg 300w, https:\/\/sites.ac-nancy-metz.fr\/mawebradio\/wp-content\/uploads\/cropped-GGTYK_5WIAAB5Wu-scaled-1-1024x292.jpg 1024w, https:\/\/sites.ac-nancy-metz.fr\/mawebradio\/wp-content\/uploads\/cropped-GGTYK_5WIAAB5Wu-scaled-1-768x219.jpg 768w\" sizes=\"auto, (max-width: 1500px) 100vw, 1500px\" \/><div class=\"wp-block-cover__inner-container is-layout-constrained wp-block-cover-is-layout-constrained\">\n<p class=\"has-text-align-center\" style=\"font-size:40px\">Un outil au service de l&rsquo;\u00e9ducation aux m\u00e9dias et \u00e0 l&rsquo;information<\/p>\n\n\n\n<p class=\"has-text-align-center\"><strong>Ma WebRadio <\/strong>est un service propos\u00e9 par <a href=\"https:\/\/sites.ac-nancy-metz.fr\/clemi\">le CLEMI de l&rsquo;Acad\u00e9mie de Nancy-Metz<\/a> d\u00e9di\u00e9 \u00e0 la publication d&rsquo;\u00e9missions produites dans les \u00e9coles et les \u00e9tablissements dans une d\u00e9marche d&rsquo;\u00e9ducation aux m\u00e9dias et \u00e0 l&rsquo;information.<\/p>\n<\/div><\/div>\n\n\n\n<div class=\"wp-block-media-text is-stacked-on-mobile\" style=\"grid-template-columns:40% auto\"><figure class=\"wp-block-media-text__media\"><img loading=\"lazy\" decoding=\"async\" width=\"900\" height=\"482\" src=\"https:\/\/sites.ac-nancy-metz.fr\/mawebradio\/wp-content\/uploads\/LOGO_CLEMI_COULEUR_RVB.png\" alt=\"\" class=\"wp-image-4344 size-full\" srcset=\"https:\/\/sites.ac-nancy-metz.fr\/mawebradio\/wp-content\/uploads\/LOGO_CLEMI_COULEUR_RVB.png 900w, https:\/\/sites.ac-nancy-metz.fr\/mawebradio\/wp-content\/uploads\/LOGO_CLEMI_COULEUR_RVB-300x161.png 300w, https:\/\/sites.ac-nancy-metz.fr\/mawebradio\/wp-content\/uploads\/LOGO_CLEMI_COULEUR_RVB-768x411.png 768w\" sizes=\"auto, (max-width: 900px) 100vw, 900px\" \/><\/figure><div class=\"wp-block-media-text__content\">\n<p class=\"has-text-align-left\" style=\"font-size:17px\"><strong>Ma WebRadio <\/strong>est un service propos\u00e9 par <a href=\"https:\/\/sites.ac-nancy-metz.fr\/clemi\">le CLEMI de l&rsquo;Acad\u00e9mie de Nancy-Metz<\/a> d\u00e9di\u00e9 \u00e0 la publication d&rsquo;\u00e9missions produites dans les \u00e9coles et les \u00e9tablissements dans une d\u00e9marche d&rsquo;\u00e9ducation aux m\u00e9dias et \u00e0 l&rsquo;information.<\/p>\n\n\n\n<p class=\"has-text-align-left\" style=\"font-size:17px\">Avec cet outil simple vous avez la possibilit\u00e9 de publier facilement, en autonomie, vos \u00e9missions sur une page d\u00e9di\u00e9e.<\/p>\n\n\n\n<p style=\"font-size:17px\">Vous souhaitez disposer d&rsquo;un acc\u00e8s et d&rsquo;un accompagnement \u00e0 la publication de votre premi\u00e8re \u00e9mission ? <a href=\"mailto:clemi@ac-nancy-metz.fr\">N&rsquo;h\u00e9sitez pas \u00e0 nous contacter !<\/a><\/p>\n<\/div><\/div>\n\n\n\n<div style=\"height:40px\" aria-hidden=\"true\" class=\"wp-block-spacer\"><\/div>\n\n\n\n<div class=\"custom-widget\">\n  <div class=\"horizontal-bar\"><\/div>\n  <h2 class=\"entry-title\">Acc\u00e9der aux web radios<\/h2>\n<\/div>\n<h2 id=\"section1\"><\/h2>\n\n\n\n<div class=\"wp-block-columns is-layout-flex wp-container-core-columns-is-layout-1 wp-block-columns-is-layout-flex\">\n<div class=\"wp-block-column is-layout-flow wp-block-column-is-layout-flow\">\n<p class=\"has-text-align-center has-medium-font-size\"><strong>Acad\u00e9mie de Nancy-Metz<\/strong><\/p>\n\n\n\n<figure class=\"wp-block-image size-full is-style-rounded wp-duotone-unset-1\"><a href=\"https:\/\/sites.ac-nancy-metz.fr\/mawebradio\/ondesscolaires\/\"><img loading=\"lazy\" decoding=\"async\" width=\"750\" height=\"794\" src=\"https:\/\/sites.ac-nancy-metz.fr\/mawebradio\/wp-content\/uploads\/clemi-banner-webradio-jpg-23284.jpg\" alt=\"\" class=\"wp-image-4317\" style=\"aspect-ratio:1;object-fit:cover\" srcset=\"https:\/\/sites.ac-nancy-metz.fr\/mawebradio\/wp-content\/uploads\/clemi-banner-webradio-jpg-23284.jpg 750w, https:\/\/sites.ac-nancy-metz.fr\/mawebradio\/wp-content\/uploads\/clemi-banner-webradio-jpg-23284-283x300.jpg 283w\" sizes=\"auto, (max-width: 750px) 100vw, 750px\" \/><\/a><\/figure>\n\n\n\n<div class=\"wp-block-buttons is-layout-flex wp-block-buttons-is-layout-flex\">\n<div class=\"wp-block-button has-custom-width wp-block-button__width-100 is-style-outline is-style-outline--2\"><a class=\"wp-block-button__link wp-element-button\" href=\"https:\/\/sites.ac-nancy-metz.fr\/mawebradio\/ondesscolaires\/\">Les Ondes Scolaires<\/a><\/div>\n<\/div>\n<\/div>\n\n\n\n<div class=\"wp-block-column is-layout-flow wp-block-column-is-layout-flow\">\n<p class=\"has-text-align-center has-medium-font-size\"><strong><strong>Fr\u00e9quence Bichat (Lun\u00e9ville)<\/strong><\/strong><\/p>\n\n\n\n<figure class=\"wp-block-image size-full is-style-rounded wp-duotone-unset-3\"><a href=\"https:\/\/sites.ac-nancy-metz.fr\/mawebradio\/frequencebichat\/\"><img loading=\"lazy\" decoding=\"async\" width=\"1024\" height=\"1024\" src=\"https:\/\/sites.ac-nancy-metz.fr\/mawebradio\/wp-content\/uploads\/frequence_bichat.jpg\" alt=\"\" class=\"wp-image-4762\" style=\"aspect-ratio:1;object-fit:cover\" srcset=\"https:\/\/sites.ac-nancy-metz.fr\/mawebradio\/wp-content\/uploads\/frequence_bichat.jpg 1024w, https:\/\/sites.ac-nancy-metz.fr\/mawebradio\/wp-content\/uploads\/frequence_bichat-300x300.jpg 300w, https:\/\/sites.ac-nancy-metz.fr\/mawebradio\/wp-content\/uploads\/frequence_bichat-150x150.jpg 150w, https:\/\/sites.ac-nancy-metz.fr\/mawebradio\/wp-content\/uploads\/frequence_bichat-768x768.jpg 768w\" sizes=\"auto, (max-width: 1024px) 100vw, 1024px\" \/><\/a><\/figure>\n\n\n\n<div class=\"wp-block-buttons is-layout-flex wp-block-buttons-is-layout-flex\">\n<div class=\"wp-block-button has-custom-width wp-block-button__width-100 is-style-outline is-style-outline--4\"><a class=\"wp-block-button__link wp-element-button\" href=\"https:\/\/sites.ac-nancy-metz.fr\/mawebradio\/frequence-bichat\">Fr\u00e9quence Bichat (Lyc\u00e9e Ernest Bichat)<\/a><\/div>\n<\/div>\n<\/div>\n\n\n\n<div class=\"wp-block-column is-layout-flow wp-block-column-is-layout-flow\">\n<p class=\"has-text-align-center has-medium-font-size\"><strong><strong><strong>P&rsquo;Paul Studio (Piennes)<\/strong><\/strong><\/strong><\/p>\n\n\n\n<figure class=\"wp-block-image size-full is-style-rounded wp-duotone-unset-5\"><a href=\"https:\/\/sites.ac-nancy-metz.fr\/mawebradio\/ppaulstudio\/\"><img loading=\"lazy\" decoding=\"async\" width=\"1920\" height=\"1280\" src=\"https:\/\/sites.ac-nancy-metz.fr\/mawebradio\/wp-content\/uploads\/image_une_ppaul.jpg\" alt=\"\" class=\"wp-image-4564\" style=\"aspect-ratio:1;object-fit:cover\" srcset=\"https:\/\/sites.ac-nancy-metz.fr\/mawebradio\/wp-content\/uploads\/image_une_ppaul.jpg 1920w, https:\/\/sites.ac-nancy-metz.fr\/mawebradio\/wp-content\/uploads\/image_une_ppaul-300x200.jpg 300w, https:\/\/sites.ac-nancy-metz.fr\/mawebradio\/wp-content\/uploads\/image_une_ppaul-1024x683.jpg 1024w, https:\/\/sites.ac-nancy-metz.fr\/mawebradio\/wp-content\/uploads\/image_une_ppaul-768x512.jpg 768w, https:\/\/sites.ac-nancy-metz.fr\/mawebradio\/wp-content\/uploads\/image_une_ppaul-1536x1024.jpg 1536w\" sizes=\"auto, (max-width: 1920px) 100vw, 1920px\" \/><\/a><\/figure>\n\n\n\n<div class=\"wp-block-buttons is-layout-flex wp-block-buttons-is-layout-flex\">\n<div class=\"wp-block-button has-custom-width wp-block-button__width-100 is-style-outline is-style-outline--6\"><a class=\"wp-block-button__link wp-element-button\" href=\"https:\/\/sites.ac-nancy-metz.fr\/mawebradio\/ppaulstudio\/\">P&rsquo;Paul Studio (Coll\u00e8ge Paul Langevin)<\/a><\/div>\n<\/div>\n<\/div>\n\n\n\n<div class=\"wp-block-column is-layout-flow wp-block-column-is-layout-flow\">\n<p class=\"has-text-align-center has-medium-font-size\"><strong>Rabelais Webradio (Metz)<\/strong><\/p>\n\n\n\n<figure class=\"wp-block-image size-full is-style-rounded wp-duotone-unset-7\"><img loading=\"lazy\" decoding=\"async\" width=\"1920\" height=\"1080\" src=\"https:\/\/sites.ac-nancy-metz.fr\/mawebradio\/wp-content\/uploads\/image_une_radio_rabelais.jpg\" alt=\"\" class=\"wp-image-4882\" style=\"aspect-ratio:1;object-fit:cover\" srcset=\"https:\/\/sites.ac-nancy-metz.fr\/mawebradio\/wp-content\/uploads\/image_une_radio_rabelais.jpg 1920w, https:\/\/sites.ac-nancy-metz.fr\/mawebradio\/wp-content\/uploads\/image_une_radio_rabelais-300x169.jpg 300w, https:\/\/sites.ac-nancy-metz.fr\/mawebradio\/wp-content\/uploads\/image_une_radio_rabelais-1024x576.jpg 1024w, https:\/\/sites.ac-nancy-metz.fr\/mawebradio\/wp-content\/uploads\/image_une_radio_rabelais-768x432.jpg 768w, https:\/\/sites.ac-nancy-metz.fr\/mawebradio\/wp-content\/uploads\/image_une_radio_rabelais-1536x864.jpg 1536w\" sizes=\"auto, (max-width: 1920px) 100vw, 1920px\" \/><\/figure>\n\n\n\n<div class=\"wp-block-buttons is-layout-flex wp-block-buttons-is-layout-flex\">\n<div class=\"wp-block-button has-custom-width wp-block-button__width-100 is-style-outline is-style-outline--8\"><a class=\"wp-block-button__link wp-element-button\" href=\"https:\/\/sites.ac-nancy-metz.fr\/mawebradio\/rabelais-webradio\/\">Rabelais Webradio (Coll\u00e8ge Fran\u00e7ois Rabelais)<\/a><\/div>\n<\/div>\n<\/div>\n<\/div>\n\n\n\n<div class=\"wp-block-columns is-layout-flex wp-container-core-columns-is-layout-2 wp-block-columns-is-layout-flex\">\n<div class=\"wp-block-column is-layout-flow wp-block-column-is-layout-flow\">\n<p class=\"has-text-align-center has-medium-font-size\"><strong><strong><strong>Radio Point K (Nancy)&nbsp;<\/strong><\/strong><\/strong><\/p>\n\n\n\n<figure class=\"wp-block-image size-full is-style-rounded wp-duotone-unset-9\"><a href=\"https:\/\/sites.ac-nancy-metz.fr\/mawebradio\/radiopointk\/\"><img loading=\"lazy\" decoding=\"async\" width=\"1400\" height=\"1400\" src=\"https:\/\/sites.ac-nancy-metz.fr\/mawebradio\/wp-content\/uploads\/RadioPointK-1.jpg\" alt=\"\" class=\"wp-image-4715\" style=\"aspect-ratio:1;object-fit:cover\" srcset=\"https:\/\/sites.ac-nancy-metz.fr\/mawebradio\/wp-content\/uploads\/RadioPointK-1.jpg 1400w, https:\/\/sites.ac-nancy-metz.fr\/mawebradio\/wp-content\/uploads\/RadioPointK-1-300x300.jpg 300w, https:\/\/sites.ac-nancy-metz.fr\/mawebradio\/wp-content\/uploads\/RadioPointK-1-1024x1024.jpg 1024w, https:\/\/sites.ac-nancy-metz.fr\/mawebradio\/wp-content\/uploads\/RadioPointK-1-150x150.jpg 150w, https:\/\/sites.ac-nancy-metz.fr\/mawebradio\/wp-content\/uploads\/RadioPointK-1-768x768.jpg 768w\" sizes=\"auto, (max-width: 1400px) 100vw, 1400px\" \/><\/a><\/figure>\n\n\n\n<div class=\"wp-block-buttons is-layout-flex wp-block-buttons-is-layout-flex\">\n<div class=\"wp-block-button has-custom-width wp-block-button__width-100 is-style-outline is-style-outline--10\"><a class=\"wp-block-button__link wp-element-button\" href=\"https:\/\/sites.ac-nancy-metz.fr\/mawebradio\/radiopointk\/\">Radio Point K (Lyc\u00e9e Poincar\u00e9)<\/a><\/div>\n<\/div>\n<\/div>\n\n\n\n<div class=\"wp-block-column is-layout-flow wp-block-column-is-layout-flow\">\n<p class=\"has-text-align-center has-medium-font-size\"><strong><strong><strong>Radio Majo ! (Toul)<\/strong><\/strong><\/strong><\/p>\n\n\n\n<figure class=\"wp-block-image size-full is-style-rounded wp-duotone-unset-11\"><a href=\"https:\/\/sites.ac-nancy-metz.fr\/mawebradio\/radiomajo\"><img loading=\"lazy\" decoding=\"async\" width=\"1024\" height=\"1024\" src=\"https:\/\/sites.ac-nancy-metz.fr\/mawebradio\/wp-content\/uploads\/logo-radio-majo.jpg\" alt=\"\" class=\"wp-image-4783\" style=\"aspect-ratio:1;object-fit:cover\" srcset=\"https:\/\/sites.ac-nancy-metz.fr\/mawebradio\/wp-content\/uploads\/logo-radio-majo.jpg 1024w, https:\/\/sites.ac-nancy-metz.fr\/mawebradio\/wp-content\/uploads\/logo-radio-majo-300x300.jpg 300w, https:\/\/sites.ac-nancy-metz.fr\/mawebradio\/wp-content\/uploads\/logo-radio-majo-150x150.jpg 150w, https:\/\/sites.ac-nancy-metz.fr\/mawebradio\/wp-content\/uploads\/logo-radio-majo-768x768.jpg 768w\" sizes=\"auto, (max-width: 1024px) 100vw, 1024px\" \/><\/a><\/figure>\n\n\n\n<div class=\"wp-block-buttons is-layout-flex wp-block-buttons-is-layout-flex\">\n<div class=\"wp-block-button has-custom-width wp-block-button__width-100 is-style-outline is-style-outline--12\"><a class=\"wp-block-button__link wp-element-button\" href=\"https:\/\/sites.ac-nancy-metz.fr\/mawebradio\/radiomajo\">Radio Majo ! (Lyc\u00e9e Majorelle)<\/a><\/div>\n<\/div>\n<\/div>\n\n\n\n<div class=\"wp-block-column is-layout-flow wp-block-column-is-layout-flow\">\n<p class=\"has-text-align-center has-medium-font-size\"><strong><strong><strong>REC Ado (Saint-Nicolas-de-Port)<\/strong><\/strong><\/strong><\/p>\n\n\n\n<figure class=\"wp-block-image size-full is-style-rounded wp-duotone-unset-13\"><a href=\"https:\/\/sites.ac-nancy-metz.fr\/mawebradio\/recado\/\"><img loading=\"lazy\" decoding=\"async\" width=\"1920\" height=\"1280\" src=\"https:\/\/sites.ac-nancy-metz.fr\/mawebradio\/wp-content\/uploads\/image_une_recado.jpg\" alt=\"\" class=\"wp-image-4595\" style=\"aspect-ratio:1;object-fit:cover\" srcset=\"https:\/\/sites.ac-nancy-metz.fr\/mawebradio\/wp-content\/uploads\/image_une_recado.jpg 1920w, https:\/\/sites.ac-nancy-metz.fr\/mawebradio\/wp-content\/uploads\/image_une_recado-300x200.jpg 300w, https:\/\/sites.ac-nancy-metz.fr\/mawebradio\/wp-content\/uploads\/image_une_recado-1024x683.jpg 1024w, https:\/\/sites.ac-nancy-metz.fr\/mawebradio\/wp-content\/uploads\/image_une_recado-768x512.jpg 768w, https:\/\/sites.ac-nancy-metz.fr\/mawebradio\/wp-content\/uploads\/image_une_recado-1536x1024.jpg 1536w\" sizes=\"auto, (max-width: 1920px) 100vw, 1920px\" \/><\/a><\/figure>\n\n\n\n<div class=\"wp-block-buttons is-layout-flex wp-block-buttons-is-layout-flex\">\n<div class=\"wp-block-button has-custom-width wp-block-button__width-100 is-style-outline is-style-outline--14\"><a class=\"wp-block-button__link wp-element-button\" href=\"https:\/\/sites.ac-nancy-metz.fr\/mawebradio\/recado\/\">REC Ado (Coll\u00e8ge Antoine de Saint-Exup\u00e9ry)<\/a><\/div>\n<\/div>\n<\/div>\n\n\n\n<div class=\"wp-block-column is-layout-flow wp-block-column-is-layout-flow\"><\/div>\n<\/div>\n\n\n\n<div style=\"height:39px\" aria-hidden=\"true\" class=\"wp-block-spacer\"><\/div>\n\n\n\n<div class=\"custom-widget\">\n  <div class=\"horizontal-bar\"><\/div>\n  <h2 class=\"entry-title\">D\u00e9couvrir le CLEMI<\/h2>\n<\/div>\n<h2 id=\"section2\"><\/h2>\n\n\n\n<div style=\"height:51px\" aria-hidden=\"true\" class=\"wp-block-spacer\"><\/div>\n\n\n\n<div class=\"custom-widget\">\n  <div class=\"horizontal-bar\"><\/div>\n  <h2 class=\"entry-title\">Demandez votre acc\u00e8s<\/h2>\n<\/div>\n<h2 id=\"section3\"><\/h2>\n","protected":false},"excerpt":{"rendered":"<p>Ma WebRadio est un service propos\u00e9 par le CLEMI de l&rsquo;Acad\u00e9mie de Nancy-Metz d\u00e9di\u00e9 \u00e0 la publication d&rsquo;\u00e9missions produites dans les \u00e9coles et les \u00e9tablissements dans&#8230;<\/p>\n","protected":false},"author":1,"featured_media":0,"parent":0,"menu_order":0,"comment_status":"closed","ping_status":"closed","template":"","meta":{"footnotes":""},"class_list":["post-4307","page","type-page","status-publish","hentry"],"_links":{"self":[{"href":"https:\/\/sites.ac-nancy-metz.fr\/mawebradio\/wp-json\/wp\/v2\/pages\/4307","targetHints":{"allow":["GET"]}}],"collection":[{"href":"https:\/\/sites.ac-nancy-metz.fr\/mawebradio\/wp-json\/wp\/v2\/pages"}],"about":[{"href":"https:\/\/sites.ac-nancy-metz.fr\/mawebradio\/wp-json\/wp\/v2\/types\/page"}],"author":[{"embeddable":true,"href":"https:\/\/sites.ac-nancy-metz.fr\/mawebradio\/wp-json\/wp\/v2\/users\/1"}],"replies":[{"embeddable":true,"href":"https:\/\/sites.ac-nancy-metz.fr\/mawebradio\/wp-json\/wp\/v2\/comments?post=4307"}],"version-history":[{"count":21,"href":"https:\/\/sites.ac-nancy-metz.fr\/mawebradio\/wp-json\/wp\/v2\/pages\/4307\/revisions"}],"predecessor-version":[{"id":4885,"href":"https:\/\/sites.ac-nancy-metz.fr\/mawebradio\/wp-json\/wp\/v2\/pages\/4307\/revisions\/4885"}],"wp:attachment":[{"href":"https:\/\/sites.ac-nancy-metz.fr\/mawebradio\/wp-json\/wp\/v2\/media?parent=4307"}],"curies":[{"name":"wp","href":"https:\/\/api.w.org\/{rel}","templated":true}]}}