{"id":4407,"date":"2025-02-20T10:25:05","date_gmt":"2025-02-20T09:25:05","guid":{"rendered":"https:\/\/sites.ac-nancy-metz.fr\/mawebradio\/?page_id=4407"},"modified":"2025-02-20T12:51:19","modified_gmt":"2025-02-20T11:51:19","slug":"ondesscolaires","status":"publish","type":"page","link":"https:\/\/sites.ac-nancy-metz.fr\/mawebradio\/ondesscolaires\/","title":{"rendered":"Les Ondes Scolaires, le podcast de l&rsquo;Acad\u00e9mie de Nancy-Metz"},"content":{"rendered":"\n<figure class=\"wp-block-image alignfull size-large\"><img loading=\"lazy\" decoding=\"async\" width=\"1024\" height=\"220\" src=\"https:\/\/sites.ac-nancy-metz.fr\/mawebradio\/wp-content\/uploads\/ondes-scolaires-banniere-1024x220.jpg\" alt=\"\" class=\"wp-image-4411\" srcset=\"https:\/\/sites.ac-nancy-metz.fr\/mawebradio\/wp-content\/uploads\/ondes-scolaires-banniere-1024x220.jpg 1024w, https:\/\/sites.ac-nancy-metz.fr\/mawebradio\/wp-content\/uploads\/ondes-scolaires-banniere-300x64.jpg 300w, https:\/\/sites.ac-nancy-metz.fr\/mawebradio\/wp-content\/uploads\/ondes-scolaires-banniere-768x165.jpg 768w, https:\/\/sites.ac-nancy-metz.fr\/mawebradio\/wp-content\/uploads\/ondes-scolaires-banniere-1536x329.jpg 1536w, https:\/\/sites.ac-nancy-metz.fr\/mawebradio\/wp-content\/uploads\/ondes-scolaires-banniere.jpg 1600w\" sizes=\"auto, (max-width: 1024px) 100vw, 1024px\" \/><\/figure>\n\n\n\n<p style=\"font-size:17px\"><strong>L\u2019acad\u00e9mie produit et diffuse son propre podcast ! Intitul\u00e9e \u00ab&nbsp;Les Ondes Scolaires&nbsp;\u00bb, elle vous propose r\u00e9guli\u00e8rement des podcasts th\u00e9matiques, avec les \u00e9l\u00e8ves et par les \u00e9l\u00e8ves, pour vous donner un aper\u00e7u des \u00e9v\u00e9nements et des projets, dans les coulisses de l\u2019acad\u00e9mie de Nancy-Metz !<\/strong><\/p>\n\n\n\n<p style=\"font-size:17px\">Pour accueillir le podcast dans votre \u00e9tablissement, rendez-vous sur ADAGE. L\u2019appel \u00e0 projets \u00ab&nbsp;Les Ondes Scolaires&nbsp;\u00bb vous donne l\u2019opportunit\u00e9 de pr\u00e9senter votre projet, avec la possibilit\u00e9 de b\u00e9n\u00e9ficier de formations en classe, et de r\u00e9aliser un enregistrement, en public, et dans les conditions du direct, dans votre \u00e9tablissement.<\/p>\n\n\n\n<div style=\"height:59px\" aria-hidden=\"true\" class=\"wp-block-spacer\"><\/div>\n\n\n\n<div class=\"custom-widget\">\n  <div class=\"horizontal-bar\"><\/div>\n  <h2 class=\"entry-title\">Fiche d&rsquo;identit\u00e9<\/h2>\n<\/div>\n<h2 id=\"section1\"><\/h2>\n\n\n\n<div class=\"wp-block-columns is-layout-flex wp-container-core-columns-is-layout-1 wp-block-columns-is-layout-flex\">\n<div class=\"wp-block-column is-layout-flow wp-block-column-is-layout-flow\">\n<p class=\"has-text-align-center has-medium-font-size\"><strong>Structure<\/strong><\/p>\n\n\n\n<p class=\"has-text-align-center has-background\" style=\"background-color:#7bdbb545\">Les Ondes Scolaires est une \u00e9mission produite par le rectorat de l&rsquo;acad\u00e9mie de Nancy-Metz.<\/p>\n<\/div>\n\n\n\n<div class=\"wp-block-column is-layout-flow wp-block-column-is-layout-flow\">\n<p class=\"has-text-align-center has-medium-font-size\"><strong>Directeur de publication<\/strong><\/p>\n\n\n\n<p class=\"has-text-align-center has-background\" style=\"background-color:#8dd2fc4a\">Le directeur de publication est Florent D\u00e9n\u00e9ch\u00e8re, Coordonateur du CLEMI.<\/p>\n<\/div>\n\n\n\n<div class=\"wp-block-column is-layout-flow wp-block-column-is-layout-flow\">\n<p class=\"has-text-align-center has-medium-font-size\"><strong>Nous contacter<\/strong><\/p>\n\n\n\n<p class=\"has-text-align-center has-background\" style=\"background-color:#cf2d2d29\">Plus d&rsquo;informations sur les Ondes Scolaires aupr\u00e8s du CLEMI : <a href=\"mailto:clemi@ac-nancy-metz.fr\">clemi@ac-nancy-metz.fr<\/a><\/p>\n<\/div>\n<\/div>\n\n\n\n<div style=\"height:60px\" aria-hidden=\"true\" class=\"wp-block-spacer\"><\/div>\n\n\n\n<div class=\"custom-widget\">\n  <div class=\"horizontal-bar\"><\/div>\n  <h2 class=\"entry-title\">Les derni\u00e8res \u00e9missions<\/h2>\n<\/div>\n<h2 id=\"section1\"><\/h2>\n\n\n\n    <style>\n        \/* Grille en 3 colonnes *\/\n        .post-grid {\n            display: grid;\n            grid-template-columns: repeat(3, 1fr);\n            gap: 20px;\n        }\n        \/* Chaque colonne devient un conteneur flex vertical *\/\n        .grid-item {\n            border: 1px solid #ddd;\n            padding: 15px;\n            border-radius: 20px;\n            display: flex;\n            flex-direction: column;\n        }\n        \/* Image \u00e0 la une : hauteur max 350px *\/\n        .post-thumbnail img {\n            width: 100%;\n            height: auto;\n            max-height: 350px;\n            object-fit: cover;\n            border-radius: 20px 20px 0 0;\n        }\n        .post-title a {\n            color: #000;\n            text-decoration: none;\n        }\n        .post-date {\n            font-size: 1.1em;\n            color: #666;\n            margin-top: 5px;\n            margin-bottom: 10px; \/* Espacement de 10px sous la date *\/\n        }\n        .calendar-icon {\n            margin-right: 5px;\n        }\n        \/* La zone du bouton est pouss\u00e9e en bas gr\u00e2ce \u00e0 margin-top: auto *\/\n        .learn-more {\n            margin-top: auto;\n            padding-top: 50px; \/* Espace de 50px entre le contenu et le bouton *\/\n        }\n        .btn-learn-more {\n            display: block;\n            width: 100%;\n            background-color: #fff;\n            border: 2px solid #000;\n            border-radius: 50px;\n            color: #000;\n            text-align: center;\n            padding: 10px;\n            text-decoration: none;\n        }\n        .btn-learn-more:hover {\n            background-color: #f9f9f9;\n        }\n        \/* Styles de la pagination en noir et active en gras sans surbrillance bleue *\/\n        .pagination {\n            margin-top: 20px;\n            text-align: center;\n        }\n        .pagination .page-numbers {\n            color: #000;\n            margin: 0 5px;\n            text-decoration: none;\n            outline: none;\n        }\n        .pagination .page-numbers:focus,\n        .pagination .page-numbers:hover {\n            outline: none;\n            box-shadow: none;\n        }\n        .pagination .page-numbers.current {\n            font-weight: bold;\n        }\n\n        \/* Responsive : 2 colonnes sur \u00e9cran moyen et 1 colonne sur petit \u00e9cran *\/\n        @media (max-width: 768px) {\n            .post-grid {\n                grid-template-columns: repeat(2, 1fr);\n            }\n        }\n        @media (max-width: 480px) {\n            .post-grid {\n                grid-template-columns: 1fr;\n            }\n        }\n    <\/style>\n\n            <div class=\"post-grid\">\n                            <div class=\"grid-item\">\n                                            <div class=\"post-thumbnail\">\n                            <a href=\"https:\/\/sites.ac-nancy-metz.fr\/mawebradio\/les-ondes-scolaires-8\/\">\n                                <img loading=\"lazy\" decoding=\"async\" width=\"750\" height=\"794\" src=\"https:\/\/sites.ac-nancy-metz.fr\/mawebradio\/wp-content\/uploads\/clemi-banner-webradio-jpg-23284.jpg\" class=\"attachment-full size-full wp-post-image\" alt=\"\" style=\"max-height:350px; width:auto; object-fit:cover;\" srcset=\"https:\/\/sites.ac-nancy-metz.fr\/mawebradio\/wp-content\/uploads\/clemi-banner-webradio-jpg-23284.jpg 750w, https:\/\/sites.ac-nancy-metz.fr\/mawebradio\/wp-content\/uploads\/clemi-banner-webradio-jpg-23284-283x300.jpg 283w\" sizes=\"auto, (max-width: 750px) 100vw, 750px\" \/>                            <\/a>\n                        <\/div>\n                                        <h2 class=\"post-title\">\n                        <a href=\"https:\/\/sites.ac-nancy-metz.fr\/mawebradio\/les-ondes-scolaires-8\/\">Les Ondes Scolaires #8<\/a>\n                    <\/h2>\n                    <div class=\"post-date\">\n                        <i class=\"fa fa-calendar calendar-icon\" aria-hidden=\"true\"><\/i>20\/02\/2025                    <\/div>\n                    \n                    <!-- Contenu tronqu\u00e9 \u00e0 300 caract\u00e8res -->\n                    <div class=\"post-content\">\n                        \u00c0 l'occasion du Festival du Film Mega Court organis\u00e9 par la Cit\u00e9 Scolaire Julie Daubi\u00e9 de Rombas, les \u00e9l\u00e8ves de la section m\u00e9dia ont enregistr\u00e9 une \u00e9mission autour de l'\u00e9crivain Jo\u00ebl Egloff.Comment vient l'inspiration ? A quoi \u00e7a ressemble une vie d'\u00e9crivain ? Comment on \"entre\" en litt...                    <\/div>\n\n                    <div class=\"learn-more\">\n                        <a href=\"https:\/\/sites.ac-nancy-metz.fr\/mawebradio\/les-ondes-scolaires-8\/\" class=\"btn-learn-more\">En savoir plus<\/a>\n                    <\/div>\n                <\/div>\n                            <div class=\"grid-item\">\n                                            <div class=\"post-thumbnail\">\n                            <a href=\"https:\/\/sites.ac-nancy-metz.fr\/mawebradio\/les-ondes-scolaires-9\/\">\n                                <img loading=\"lazy\" decoding=\"async\" width=\"750\" height=\"794\" src=\"https:\/\/sites.ac-nancy-metz.fr\/mawebradio\/wp-content\/uploads\/clemi-banner-webradio-jpg-23284.jpg\" class=\"attachment-full size-full wp-post-image\" alt=\"\" style=\"max-height:350px; width:auto; object-fit:cover;\" srcset=\"https:\/\/sites.ac-nancy-metz.fr\/mawebradio\/wp-content\/uploads\/clemi-banner-webradio-jpg-23284.jpg 750w, https:\/\/sites.ac-nancy-metz.fr\/mawebradio\/wp-content\/uploads\/clemi-banner-webradio-jpg-23284-283x300.jpg 283w\" sizes=\"auto, (max-width: 750px) 100vw, 750px\" \/>                            <\/a>\n                        <\/div>\n                                        <h2 class=\"post-title\">\n                        <a href=\"https:\/\/sites.ac-nancy-metz.fr\/mawebradio\/les-ondes-scolaires-9\/\">Les Ondes Scolaires #9<\/a>\n                    <\/h2>\n                    <div class=\"post-date\">\n                        <i class=\"fa fa-calendar calendar-icon\" aria-hidden=\"true\"><\/i>20\/02\/2025                    <\/div>\n                    \n                    <!-- Contenu tronqu\u00e9 \u00e0 300 caract\u00e8res -->\n                    <div class=\"post-content\">\n                        Rencontre avec l'artiste Paul Parant (s\u00e9rigraphie, gravure...), en r\u00e9sidence au Lyc\u00e9e de la Communication pendant une semaine.Les \u00e9l\u00e8ves ont enregistr\u00e9 ce nouveau num\u00e9ro depuis le Lieu d'art et de culture (LAC), install\u00e9 en 2017 dans les murs du lyc\u00e9e.Bonne \u00e9coute !                    <\/div>\n\n                    <div class=\"learn-more\">\n                        <a href=\"https:\/\/sites.ac-nancy-metz.fr\/mawebradio\/les-ondes-scolaires-9\/\" class=\"btn-learn-more\">En savoir plus<\/a>\n                    <\/div>\n                <\/div>\n                    <\/div>\n\n        <!-- Pagination -->\n        <div class=\"pagination\">\n                    <\/div>\n    \n","protected":false},"excerpt":{"rendered":"<p>L\u2019acad\u00e9mie produit et diffuse son propre podcast ! Intitul\u00e9e \u00ab&nbsp;Les Ondes Scolaires&nbsp;\u00bb, elle vous propose r\u00e9guli\u00e8rement des podcasts th\u00e9matiques, avec les \u00e9l\u00e8ves et par les \u00e9l\u00e8ves,&#8230;<\/p>\n","protected":false},"author":1,"featured_media":4317,"parent":0,"menu_order":0,"comment_status":"closed","ping_status":"closed","template":"","meta":{"footnotes":""},"class_list":["post-4407","page","type-page","status-publish","has-post-thumbnail","hentry"],"_links":{"self":[{"href":"https:\/\/sites.ac-nancy-metz.fr\/mawebradio\/wp-json\/wp\/v2\/pages\/4407","targetHints":{"allow":["GET"]}}],"collection":[{"href":"https:\/\/sites.ac-nancy-metz.fr\/mawebradio\/wp-json\/wp\/v2\/pages"}],"about":[{"href":"https:\/\/sites.ac-nancy-metz.fr\/mawebradio\/wp-json\/wp\/v2\/types\/page"}],"author":[{"embeddable":true,"href":"https:\/\/sites.ac-nancy-metz.fr\/mawebradio\/wp-json\/wp\/v2\/users\/1"}],"replies":[{"embeddable":true,"href":"https:\/\/sites.ac-nancy-metz.fr\/mawebradio\/wp-json\/wp\/v2\/comments?post=4407"}],"version-history":[{"count":31,"href":"https:\/\/sites.ac-nancy-metz.fr\/mawebradio\/wp-json\/wp\/v2\/pages\/4407\/revisions"}],"predecessor-version":[{"id":4513,"href":"https:\/\/sites.ac-nancy-metz.fr\/mawebradio\/wp-json\/wp\/v2\/pages\/4407\/revisions\/4513"}],"wp:featuredmedia":[{"embeddable":true,"href":"https:\/\/sites.ac-nancy-metz.fr\/mawebradio\/wp-json\/wp\/v2\/media\/4317"}],"wp:attachment":[{"href":"https:\/\/sites.ac-nancy-metz.fr\/mawebradio\/wp-json\/wp\/v2\/media?parent=4407"}],"curies":[{"name":"wp","href":"https:\/\/api.w.org\/{rel}","templated":true}]}}