{"id":4700,"date":"2025-10-20T06:37:46","date_gmt":"2025-10-20T05:37:46","guid":{"rendered":"https:\/\/sites.ac-nancy-metz.fr\/mawebradio\/?page_id=4700"},"modified":"2025-10-20T06:41:54","modified_gmt":"2025-10-20T05:41:54","slug":"radiopointk","status":"publish","type":"page","link":"https:\/\/sites.ac-nancy-metz.fr\/mawebradio\/radiopointk\/","title":{"rendered":"Radio Point K &#8211; Lyc\u00e9e Henri Poincar\u00e9 de Nancy (54)"},"content":{"rendered":"\n<figure class=\"wp-block-image alignfull size-large\"><img loading=\"lazy\" decoding=\"async\" width=\"1024\" height=\"220\" src=\"https:\/\/sites.ac-nancy-metz.fr\/mawebradio\/wp-content\/uploads\/banniere_point_K-1024x220.png\" alt=\"\" class=\"wp-image-4701\" srcset=\"https:\/\/sites.ac-nancy-metz.fr\/mawebradio\/wp-content\/uploads\/banniere_point_K-1024x220.png 1024w, https:\/\/sites.ac-nancy-metz.fr\/mawebradio\/wp-content\/uploads\/banniere_point_K-300x64.png 300w, https:\/\/sites.ac-nancy-metz.fr\/mawebradio\/wp-content\/uploads\/banniere_point_K-768x165.png 768w, https:\/\/sites.ac-nancy-metz.fr\/mawebradio\/wp-content\/uploads\/banniere_point_K-1536x329.png 1536w, https:\/\/sites.ac-nancy-metz.fr\/mawebradio\/wp-content\/uploads\/banniere_point_K.png 1600w\" sizes=\"auto, (max-width: 1024px) 100vw, 1024px\" \/><\/figure>\n\n\n\n<h2 class=\"wp-block-heading\" style=\"font-size:17px\"><strong>On est ravis de vous pr\u00e9senter Le Point K, la nouvelle radio du lyc\u00e9e Henri Poincar\u00e9 !<\/strong><\/h2>\n\n\n\n<p>Compos\u00e9e pour le moment de 7 membres, notre \u00e9quipe est pr\u00eate \u00e0 faire vibrer vos oreilles et \u00e0 animer vos journ\u00e9es.<br>Au programme :<\/p>\n\n\n\n<ul class=\"wp-block-list\">\n<li>Chronique : sport, cin\u00e9ma, spectacle, sorties \u00e0 faire ce week-end et bien plus.<\/li>\n\n\n\n<li>D\u00e9bats : sur les sujets qui Vous animent.<\/li>\n\n\n\n<li>Politique : pour d\u00e9crypter I&rsquo;actu et comprendre les enjeux qui nous concernent tous.<br>-Musique : pour partager nos coups de c\u0153ur et faire d\u00e9couvrir les talents du lyc\u00e9e.<\/li>\n\n\n\n<li>\u00c9v\u00e9nements du lyc\u00e9e : pour parler ce qui se passe au lyc\u00e9e (CVL,MDL,UNSS, club\u2026) et de toutes les activit\u00e9s \u00e0 d\u00e9couvrir.<\/li>\n\n\n\n<li>Interviews : de professionnels ou d&rsquo;\u00e9l\u00e8ves<\/li>\n<\/ul>\n\n\n\n<p><strong> Le Point K : la voix de Poincar\u00e9, par et pour les lyc\u00e9ens !<\/strong><\/p>\n\n\n\n<div style=\"height:59px\" aria-hidden=\"true\" class=\"wp-block-spacer\"><\/div>\n\n\n\n<div class=\"custom-widget\">\n  <div class=\"horizontal-bar\"><\/div>\n  <h2 class=\"entry-title\">Fiche d&rsquo;identit\u00e9<\/h2>\n<\/div>\n<h2 id=\"section1\"><\/h2>\n\n\n\n<div class=\"wp-block-columns is-layout-flex wp-container-core-columns-is-layout-1 wp-block-columns-is-layout-flex\">\n<div class=\"wp-block-column is-layout-flow wp-block-column-is-layout-flow\">\n<p class=\"has-text-align-center has-medium-font-size\"><strong>Structure<\/strong><\/p>\n\n\n\n<p class=\"has-text-align-center has-background\" style=\"background-color:#7bdbb545\">Radio Point K c&rsquo;est la WebRadio produite <br>par le lyc\u00e9e Henri Poincar\u00e9 <br>de Nancy (54)<\/p>\n<\/div>\n\n\n\n<div class=\"wp-block-column is-layout-flow wp-block-column-is-layout-flow\">\n<p class=\"has-text-align-center has-medium-font-size\"><strong>Directeur de publication<\/strong><\/p>\n\n\n\n<p class=\"has-text-align-center has-background\" style=\"background-color:#8dd2fc4a\">Le directeur de publication est <br><strong>Dominique Schnitzler<\/strong>, proviseur du<br>Lyc\u00e9e Henri Poincar\u00e9<\/p>\n<\/div>\n\n\n\n<div class=\"wp-block-column is-layout-flow wp-block-column-is-layout-flow\">\n<p class=\"has-text-align-center has-medium-font-size\"><strong>Nous contacter<\/strong><\/p>\n\n\n\n<p class=\"has-text-align-center has-background\" style=\"background-color:#cf2d2d29\">Plus d&rsquo;informations sur Radio Point K aupr\u00e8s de <a href=\"mailto:Lea.Khallek@ac-nancy-metz.fr\">Lea.Khallek@ac-nancy-metz.fr<\/a>, responsable de publication<\/p>\n<\/div>\n<\/div>\n\n\n\n<div style=\"height:60px\" aria-hidden=\"true\" class=\"wp-block-spacer\"><\/div>\n\n\n\n<div class=\"custom-widget\">\n  <div class=\"horizontal-bar\"><\/div>\n  <h2 class=\"entry-title\">Les derni\u00e8res \u00e9missions<\/h2>\n<\/div>\n<h2 id=\"section1\"><\/h2>\n\n\n\n    <style>\n        \/* Grille en 3 colonnes *\/\n        .post-grid {\n            display: grid;\n            grid-template-columns: repeat(3, 1fr);\n            gap: 20px;\n        }\n        \/* Chaque colonne devient un conteneur flex vertical *\/\n        .grid-item {\n            border: 1px solid #ddd;\n            padding: 15px;\n            border-radius: 20px;\n            display: flex;\n            flex-direction: column;\n        }\n        \/* Image \u00e0 la une : hauteur max 350px *\/\n        .post-thumbnail img {\n            width: 100%;\n            height: auto;\n            max-height: 350px;\n            object-fit: cover;\n            border-radius: 20px 20px 0 0;\n        }\n        .post-title a {\n            color: #000;\n            text-decoration: none;\n        }\n        .post-date {\n            font-size: 1.1em;\n            color: #666;\n            margin-top: 5px;\n            margin-bottom: 10px; \/* Espacement de 10px sous la date *\/\n        }\n        .calendar-icon {\n            margin-right: 5px;\n        }\n        \/* La zone du bouton est pouss\u00e9e en bas gr\u00e2ce \u00e0 margin-top: auto *\/\n        .learn-more {\n            margin-top: auto;\n            padding-top: 50px; \/* Espace de 50px entre le contenu et le bouton *\/\n        }\n        .btn-learn-more {\n            display: block;\n            width: 100%;\n            background-color: #fff;\n            border: 2px solid #000;\n            border-radius: 50px;\n            color: #000;\n            text-align: center;\n            padding: 10px;\n            text-decoration: none;\n        }\n        .btn-learn-more:hover {\n            background-color: #f9f9f9;\n        }\n        \/* Styles de la pagination en noir et active en gras sans surbrillance bleue *\/\n        .pagination {\n            margin-top: 20px;\n            text-align: center;\n        }\n        .pagination .page-numbers {\n            color: #000;\n            margin: 0 5px;\n            text-decoration: none;\n            outline: none;\n        }\n        .pagination .page-numbers:focus,\n        .pagination .page-numbers:hover {\n            outline: none;\n            box-shadow: none;\n        }\n        .pagination .page-numbers.current {\n            font-weight: bold;\n        }\n\n        \/* Responsive : 2 colonnes sur \u00e9cran moyen et 1 colonne sur petit \u00e9cran *\/\n        @media (max-width: 768px) {\n            .post-grid {\n                grid-template-columns: repeat(2, 1fr);\n            }\n        }\n        @media (max-width: 480px) {\n            .post-grid {\n                grid-template-columns: 1fr;\n            }\n        }\n    <\/style>\n\n            <div class=\"post-grid\">\n                            <div class=\"grid-item\">\n                                            <div class=\"post-thumbnail\">\n                            <a href=\"https:\/\/sites.ac-nancy-metz.fr\/mawebradio\/radio-point-k-la-journee-portes-ouvertes-a-poinca\/\">\n                                <img loading=\"lazy\" decoding=\"async\" width=\"1920\" height=\"1280\" src=\"https:\/\/sites.ac-nancy-metz.fr\/mawebradio\/wp-content\/uploads\/image_une_point_k.png\" class=\"attachment-full size-full wp-post-image\" alt=\"\" style=\"max-height:350px; width:auto; object-fit:cover;\" srcset=\"https:\/\/sites.ac-nancy-metz.fr\/mawebradio\/wp-content\/uploads\/image_une_point_k.png 1920w, https:\/\/sites.ac-nancy-metz.fr\/mawebradio\/wp-content\/uploads\/image_une_point_k-300x200.png 300w, https:\/\/sites.ac-nancy-metz.fr\/mawebradio\/wp-content\/uploads\/image_une_point_k-1024x683.png 1024w, https:\/\/sites.ac-nancy-metz.fr\/mawebradio\/wp-content\/uploads\/image_une_point_k-768x512.png 768w, https:\/\/sites.ac-nancy-metz.fr\/mawebradio\/wp-content\/uploads\/image_une_point_k-1536x1024.png 1536w\" sizes=\"auto, (max-width: 1920px) 100vw, 1920px\" \/>                            <\/a>\n                        <\/div>\n                                        <h2 class=\"post-title\">\n                        <a href=\"https:\/\/sites.ac-nancy-metz.fr\/mawebradio\/radio-point-k-la-journee-portes-ouvertes-a-poinca\/\">Radio Point K &#8211; La Journ\u00e9e Portes Ouvertes \u00e0 Poinca<\/a>\n                    <\/h2>\n                    <div class=\"post-date\">\n                        <i class=\"fa fa-calendar calendar-icon\" aria-hidden=\"true\"><\/i>13\/02\/2026                    <\/div>\n                    \n                    <!-- Contenu tronqu\u00e9 \u00e0 300 caract\u00e8res -->\n                    <div class=\"post-content\">\n                        Revivez la journ\u00e9e portes ouvertes du lyc\u00e9e Henri Poincar\u00e9 gr\u00e2ce \u00e0 l\u2019\u00e9quipe de Radio Point K ! Dans cette \u00e9dition sp\u00e9ciale : - Des interviews pour pr\u00e9senter la vie du lyc\u00e9e r\u00e9alis\u00e9es par Justine, Erwan et William : AED, Professeurs, Proviseur Adjoint, Psychologue de l\u2019Education Nationale\u2026 - Erwan et...                    <\/div>\n\n                    <div class=\"learn-more\">\n                        <a href=\"https:\/\/sites.ac-nancy-metz.fr\/mawebradio\/radio-point-k-la-journee-portes-ouvertes-a-poinca\/\" class=\"btn-learn-more\">En savoir plus<\/a>\n                    <\/div>\n                <\/div>\n                            <div class=\"grid-item\">\n                                            <div class=\"post-thumbnail\">\n                            <a href=\"https:\/\/sites.ac-nancy-metz.fr\/mawebradio\/radio-point-k-decembre-speciale-fetes\/\">\n                                <img loading=\"lazy\" decoding=\"async\" width=\"1920\" height=\"1280\" src=\"https:\/\/sites.ac-nancy-metz.fr\/mawebradio\/wp-content\/uploads\/image_une_point_k.png\" class=\"attachment-full size-full wp-post-image\" alt=\"\" style=\"max-height:350px; width:auto; object-fit:cover;\" srcset=\"https:\/\/sites.ac-nancy-metz.fr\/mawebradio\/wp-content\/uploads\/image_une_point_k.png 1920w, https:\/\/sites.ac-nancy-metz.fr\/mawebradio\/wp-content\/uploads\/image_une_point_k-300x200.png 300w, https:\/\/sites.ac-nancy-metz.fr\/mawebradio\/wp-content\/uploads\/image_une_point_k-1024x683.png 1024w, https:\/\/sites.ac-nancy-metz.fr\/mawebradio\/wp-content\/uploads\/image_une_point_k-768x512.png 768w, https:\/\/sites.ac-nancy-metz.fr\/mawebradio\/wp-content\/uploads\/image_une_point_k-1536x1024.png 1536w\" sizes=\"auto, (max-width: 1920px) 100vw, 1920px\" \/>                            <\/a>\n                        <\/div>\n                                        <h2 class=\"post-title\">\n                        <a href=\"https:\/\/sites.ac-nancy-metz.fr\/mawebradio\/radio-point-k-decembre-speciale-fetes\/\">Radio Point K &#8211; Le Point de D\u00e9cembre &#8211; Sp\u00e9ciale F\u00eates !<\/a>\n                    <\/h2>\n                    <div class=\"post-date\">\n                        <i class=\"fa fa-calendar calendar-icon\" aria-hidden=\"true\"><\/i>18\/12\/2025                    <\/div>\n                    \n                    <!-- Contenu tronqu\u00e9 \u00e0 300 caract\u00e8res -->\n                    <div class=\"post-content\">\n                        En ce mois de d\u00e9cembre, l'\u00e9quipe vous propose de plonger dans l'ambiance des f\u00eates de fin d'ann\u00e9e ! Au programme :\n\n\n\n\nLa l\u00e9gende du Krampus, l'histoire de no\u00ebl la plus mal\u00e9fique ! Pr\u00e9sent\u00e9e par Mohamed et Erwan.\n\n\n\nJustine, William, Mohamed et Erwan sont all\u00e9s vous poser des questions au march\u00e9 de ...                    <\/div>\n\n                    <div class=\"learn-more\">\n                        <a href=\"https:\/\/sites.ac-nancy-metz.fr\/mawebradio\/radio-point-k-decembre-speciale-fetes\/\" class=\"btn-learn-more\">En savoir plus<\/a>\n                    <\/div>\n                <\/div>\n                            <div class=\"grid-item\">\n                                            <div class=\"post-thumbnail\">\n                            <a href=\"https:\/\/sites.ac-nancy-metz.fr\/mawebradio\/radio-point-k-le-point-doctobre-novembre\/\">\n                                <img loading=\"lazy\" decoding=\"async\" width=\"1920\" height=\"1280\" src=\"https:\/\/sites.ac-nancy-metz.fr\/mawebradio\/wp-content\/uploads\/image_une_point_k.png\" class=\"attachment-full size-full wp-post-image\" alt=\"\" style=\"max-height:350px; width:auto; object-fit:cover;\" srcset=\"https:\/\/sites.ac-nancy-metz.fr\/mawebradio\/wp-content\/uploads\/image_une_point_k.png 1920w, https:\/\/sites.ac-nancy-metz.fr\/mawebradio\/wp-content\/uploads\/image_une_point_k-300x200.png 300w, https:\/\/sites.ac-nancy-metz.fr\/mawebradio\/wp-content\/uploads\/image_une_point_k-1024x683.png 1024w, https:\/\/sites.ac-nancy-metz.fr\/mawebradio\/wp-content\/uploads\/image_une_point_k-768x512.png 768w, https:\/\/sites.ac-nancy-metz.fr\/mawebradio\/wp-content\/uploads\/image_une_point_k-1536x1024.png 1536w\" sizes=\"auto, (max-width: 1920px) 100vw, 1920px\" \/>                            <\/a>\n                        <\/div>\n                                        <h2 class=\"post-title\">\n                        <a href=\"https:\/\/sites.ac-nancy-metz.fr\/mawebradio\/radio-point-k-le-point-doctobre-novembre\/\">Radio Point K &#8211; Le Point d&rsquo;Octobre-Novembre<\/a>\n                    <\/h2>\n                    <div class=\"post-date\">\n                        <i class=\"fa fa-calendar calendar-icon\" aria-hidden=\"true\"><\/i>03\/12\/2025                    <\/div>\n                    \n                    <!-- Contenu tronqu\u00e9 \u00e0 300 caract\u00e8res -->\n                    <div class=\"post-content\">\n                        Dans cette \u00e9mission : - Justine revient avec \u00e9motion sur les terribles attentats du 13 novembre 2015 et leur comm\u00e9moration.- William nous parle sport, nutrition et sant\u00e9.- William et Justine re\u00e7oivent Ranig\u00e9 C\u00e9line, infirmi\u00e8re \u00e0 la clinique Majorelle pour parler du cancer du sein.- On finit avec un ...                    <\/div>\n\n                    <div class=\"learn-more\">\n                        <a href=\"https:\/\/sites.ac-nancy-metz.fr\/mawebradio\/radio-point-k-le-point-doctobre-novembre\/\" class=\"btn-learn-more\">En savoir plus<\/a>\n                    <\/div>\n                <\/div>\n                            <div class=\"grid-item\">\n                                            <div class=\"post-thumbnail\">\n                            <a href=\"https:\/\/sites.ac-nancy-metz.fr\/mawebradio\/radio-point-k-decouvrez-les-open-universities\/\">\n                                <img loading=\"lazy\" decoding=\"async\" width=\"1920\" height=\"1280\" src=\"https:\/\/sites.ac-nancy-metz.fr\/mawebradio\/wp-content\/uploads\/image_une_point_k.png\" class=\"attachment-full size-full wp-post-image\" alt=\"\" style=\"max-height:350px; width:auto; object-fit:cover;\" srcset=\"https:\/\/sites.ac-nancy-metz.fr\/mawebradio\/wp-content\/uploads\/image_une_point_k.png 1920w, https:\/\/sites.ac-nancy-metz.fr\/mawebradio\/wp-content\/uploads\/image_une_point_k-300x200.png 300w, https:\/\/sites.ac-nancy-metz.fr\/mawebradio\/wp-content\/uploads\/image_une_point_k-1024x683.png 1024w, https:\/\/sites.ac-nancy-metz.fr\/mawebradio\/wp-content\/uploads\/image_une_point_k-768x512.png 768w, https:\/\/sites.ac-nancy-metz.fr\/mawebradio\/wp-content\/uploads\/image_une_point_k-1536x1024.png 1536w\" sizes=\"auto, (max-width: 1920px) 100vw, 1920px\" \/>                            <\/a>\n                        <\/div>\n                                        <h2 class=\"post-title\">\n                        <a href=\"https:\/\/sites.ac-nancy-metz.fr\/mawebradio\/radio-point-k-decouvrez-les-open-universities\/\">Radio Point K &#8211; D\u00e9couvrez les Open Universities !<\/a>\n                    <\/h2>\n                    <div class=\"post-date\">\n                        <i class=\"fa fa-calendar calendar-icon\" aria-hidden=\"true\"><\/i>13\/11\/2025                    <\/div>\n                    \n                    <!-- Contenu tronqu\u00e9 \u00e0 300 caract\u00e8res -->\n                    <div class=\"post-content\">\n                        L\u00e9ane, Valentine, Lylou, Elizaveta, Lucie, Juliette, Sarah et Louane, \u00e9l\u00e8ves de 1er, nous font d\u00e9couvrir les Open Universities \u00e0 travers les histoires poignantes de leurs personnages. Un podcast, in english please !                    <\/div>\n\n                    <div class=\"learn-more\">\n                        <a href=\"https:\/\/sites.ac-nancy-metz.fr\/mawebradio\/radio-point-k-decouvrez-les-open-universities\/\" class=\"btn-learn-more\">En savoir plus<\/a>\n                    <\/div>\n                <\/div>\n                            <div class=\"grid-item\">\n                                            <div class=\"post-thumbnail\">\n                            <a href=\"https:\/\/sites.ac-nancy-metz.fr\/mawebradio\/radio-point-k-le-cinema-de-arnaud-desplechin-par-les-terminales-option-cav\/\">\n                                <img loading=\"lazy\" decoding=\"async\" width=\"1920\" height=\"1280\" src=\"https:\/\/sites.ac-nancy-metz.fr\/mawebradio\/wp-content\/uploads\/image_une_point_k.png\" class=\"attachment-full size-full wp-post-image\" alt=\"\" style=\"max-height:350px; width:auto; object-fit:cover;\" srcset=\"https:\/\/sites.ac-nancy-metz.fr\/mawebradio\/wp-content\/uploads\/image_une_point_k.png 1920w, https:\/\/sites.ac-nancy-metz.fr\/mawebradio\/wp-content\/uploads\/image_une_point_k-300x200.png 300w, https:\/\/sites.ac-nancy-metz.fr\/mawebradio\/wp-content\/uploads\/image_une_point_k-1024x683.png 1024w, https:\/\/sites.ac-nancy-metz.fr\/mawebradio\/wp-content\/uploads\/image_une_point_k-768x512.png 768w, https:\/\/sites.ac-nancy-metz.fr\/mawebradio\/wp-content\/uploads\/image_une_point_k-1536x1024.png 1536w\" sizes=\"auto, (max-width: 1920px) 100vw, 1920px\" \/>                            <\/a>\n                        <\/div>\n                                        <h2 class=\"post-title\">\n                        <a href=\"https:\/\/sites.ac-nancy-metz.fr\/mawebradio\/radio-point-k-le-cinema-de-arnaud-desplechin-par-les-terminales-option-cav\/\">Radio Point K &#8211; Le cin\u00e9ma de Arnaud Desplechin par les Terminales option CAV<\/a>\n                    <\/h2>\n                    <div class=\"post-date\">\n                        <i class=\"fa fa-calendar calendar-icon\" aria-hidden=\"true\"><\/i>10\/11\/2025                    <\/div>\n                    \n                    <!-- Contenu tronqu\u00e9 \u00e0 300 caract\u00e8res -->\n                    <div class=\"post-content\">\n                        Lors de cette \u00e9mission sp\u00e9ciale, les \u00e9l\u00e8ves de Terminale option cin\u00e9ma audiovisuel nous pr\u00e9sentent 4 films du r\u00e9alisateur Arnaud Desplechin : \n\n\n\nTrois Souvenirs de ma jeunesse, Rois et Reine, Fr\u00e8res et S\u0153ur, Spectateurs ! \n\n\n\nApr\u00e8s avoir eu la chance de le rencontrer pour lui poser leurs questions,...                    <\/div>\n\n                    <div class=\"learn-more\">\n                        <a href=\"https:\/\/sites.ac-nancy-metz.fr\/mawebradio\/radio-point-k-le-cinema-de-arnaud-desplechin-par-les-terminales-option-cav\/\" class=\"btn-learn-more\">En savoir plus<\/a>\n                    <\/div>\n                <\/div>\n                            <div class=\"grid-item\">\n                                            <div class=\"post-thumbnail\">\n                            <a href=\"https:\/\/sites.ac-nancy-metz.fr\/mawebradio\/radio-point-k-les-elections-du-cvl-a-poinca\/\">\n                                <img loading=\"lazy\" decoding=\"async\" width=\"1920\" height=\"1280\" src=\"https:\/\/sites.ac-nancy-metz.fr\/mawebradio\/wp-content\/uploads\/image_une_point_k.png\" class=\"attachment-full size-full wp-post-image\" alt=\"\" style=\"max-height:350px; width:auto; object-fit:cover;\" srcset=\"https:\/\/sites.ac-nancy-metz.fr\/mawebradio\/wp-content\/uploads\/image_une_point_k.png 1920w, https:\/\/sites.ac-nancy-metz.fr\/mawebradio\/wp-content\/uploads\/image_une_point_k-300x200.png 300w, https:\/\/sites.ac-nancy-metz.fr\/mawebradio\/wp-content\/uploads\/image_une_point_k-1024x683.png 1024w, https:\/\/sites.ac-nancy-metz.fr\/mawebradio\/wp-content\/uploads\/image_une_point_k-768x512.png 768w, https:\/\/sites.ac-nancy-metz.fr\/mawebradio\/wp-content\/uploads\/image_une_point_k-1536x1024.png 1536w\" sizes=\"auto, (max-width: 1920px) 100vw, 1920px\" \/>                            <\/a>\n                        <\/div>\n                                        <h2 class=\"post-title\">\n                        <a href=\"https:\/\/sites.ac-nancy-metz.fr\/mawebradio\/radio-point-k-les-elections-du-cvl-a-poinca\/\">Radio Point K &#8211; Les \u00c9lections du CVL \u00e0 Poinca\u00a0\u00a0<\/a>\n                    <\/h2>\n                    <div class=\"post-date\">\n                        <i class=\"fa fa-calendar calendar-icon\" aria-hidden=\"true\"><\/i>06\/11\/2025                    <\/div>\n                    \n                    <!-- Contenu tronqu\u00e9 \u00e0 300 caract\u00e8res -->\n                    <div class=\"post-content\">\n                        Le 09 octobre 2025, votre \u00e9quipe d'animateurs ont re\u00e7u les candidats aux postes tant convoit\u00e9s de repr\u00e9sentants au Conseil de la Vie Lyc\u00e9enne. Ils sont venus nous pr\u00e9senter leurs programmes, r\u00e9pondre \u00e0 nos questions et participer \u00e0 notre quiz surprise.\u00a0 Et pour parfaire l'ambiance Mohamed et Erwan n...                    <\/div>\n\n                    <div class=\"learn-more\">\n                        <a href=\"https:\/\/sites.ac-nancy-metz.fr\/mawebradio\/radio-point-k-les-elections-du-cvl-a-poinca\/\" class=\"btn-learn-more\">En savoir plus<\/a>\n                    <\/div>\n                <\/div>\n                    <\/div>\n\n        <!-- Pagination -->\n        <div class=\"pagination\">\n                    <\/div>\n    \n","protected":false},"excerpt":{"rendered":"<p>On est ravis de vous pr\u00e9senter Le Point K, la nouvelle radio du lyc\u00e9e Henri Poincar\u00e9 ! Compos\u00e9e pour le moment de 7 membres, notre \u00e9quipe&#8230;<\/p>\n","protected":false},"author":1,"featured_media":4704,"parent":0,"menu_order":0,"comment_status":"closed","ping_status":"closed","template":"","meta":{"footnotes":""},"class_list":["post-4700","page","type-page","status-publish","has-post-thumbnail","hentry"],"_links":{"self":[{"href":"https:\/\/sites.ac-nancy-metz.fr\/mawebradio\/wp-json\/wp\/v2\/pages\/4700","targetHints":{"allow":["GET"]}}],"collection":[{"href":"https:\/\/sites.ac-nancy-metz.fr\/mawebradio\/wp-json\/wp\/v2\/pages"}],"about":[{"href":"https:\/\/sites.ac-nancy-metz.fr\/mawebradio\/wp-json\/wp\/v2\/types\/page"}],"author":[{"embeddable":true,"href":"https:\/\/sites.ac-nancy-metz.fr\/mawebradio\/wp-json\/wp\/v2\/users\/1"}],"replies":[{"embeddable":true,"href":"https:\/\/sites.ac-nancy-metz.fr\/mawebradio\/wp-json\/wp\/v2\/comments?post=4700"}],"version-history":[{"count":1,"href":"https:\/\/sites.ac-nancy-metz.fr\/mawebradio\/wp-json\/wp\/v2\/pages\/4700\/revisions"}],"predecessor-version":[{"id":4703,"href":"https:\/\/sites.ac-nancy-metz.fr\/mawebradio\/wp-json\/wp\/v2\/pages\/4700\/revisions\/4703"}],"wp:featuredmedia":[{"embeddable":true,"href":"https:\/\/sites.ac-nancy-metz.fr\/mawebradio\/wp-json\/wp\/v2\/media\/4704"}],"wp:attachment":[{"href":"https:\/\/sites.ac-nancy-metz.fr\/mawebradio\/wp-json\/wp\/v2\/media?parent=4700"}],"curies":[{"name":"wp","href":"https:\/\/api.w.org\/{rel}","templated":true}]}}