{"id":4745,"date":"2026-02-11T16:19:32","date_gmt":"2026-02-11T15:19:32","guid":{"rendered":"https:\/\/sites.ac-nancy-metz.fr\/mawebradio\/?page_id=4745"},"modified":"2026-02-11T16:21:23","modified_gmt":"2026-02-11T15:21:23","slug":"frequencebichat","status":"publish","type":"page","link":"https:\/\/sites.ac-nancy-metz.fr\/mawebradio\/frequencebichat\/","title":{"rendered":"Fr\u00e9quence Bichat &#8211; Lyc\u00e9e Ernest Bichat de Lun\u00e9ville (54)"},"content":{"rendered":"\n<figure class=\"wp-block-image alignfull size-large\"><img loading=\"lazy\" decoding=\"async\" width=\"1024\" height=\"220\" src=\"https:\/\/sites.ac-nancy-metz.fr\/mawebradio\/wp-content\/uploads\/frequencebichat_banniere-1024x220.jpg\" alt=\"\" class=\"wp-image-4748\" srcset=\"https:\/\/sites.ac-nancy-metz.fr\/mawebradio\/wp-content\/uploads\/frequencebichat_banniere-1024x220.jpg 1024w, https:\/\/sites.ac-nancy-metz.fr\/mawebradio\/wp-content\/uploads\/frequencebichat_banniere-300x64.jpg 300w, https:\/\/sites.ac-nancy-metz.fr\/mawebradio\/wp-content\/uploads\/frequencebichat_banniere-768x165.jpg 768w, https:\/\/sites.ac-nancy-metz.fr\/mawebradio\/wp-content\/uploads\/frequencebichat_banniere-1536x329.jpg 1536w, https:\/\/sites.ac-nancy-metz.fr\/mawebradio\/wp-content\/uploads\/frequencebichat_banniere.jpg 1600w\" sizes=\"auto, (max-width: 1024px) 100vw, 1024px\" \/><\/figure>\n\n\n\n<h2 class=\"wp-block-heading\" style=\"font-size:17px\"><strong><strong>Un lyc\u00e9e &#8211; Vos voix &#8211; Notre m\u00e9dia<\/strong><\/strong><\/h2>\n\n\n\n<p>Notre radio est un m\u00e9dia scolaire qui s\u2019inscrit dans diff\u00e9rents projets et travaux p\u00e9dagogiques, men\u00e9s en lien direct avec les programmes du lyc\u00e9e.<\/p>\n\n\n\n<p>Elle permet la d\u00e9couverte et l\u2019utilisation d\u2019un nouvel outil : la radio, support innovant au fort int\u00e9r\u00eat didactique et p\u00e9dagogique.&nbsp;<\/p>\n\n\n\n<p>En donnant une place centrale \u00e0 l\u2019oral, \u00e0 l\u2019expression et \u00e0 l\u2019esprit critique, elle renouvelle les pratiques de classe et valorise la parole des \u00e9l\u00e8ves \u00e0 travers leurs productions.<\/p>\n\n\n\n<div style=\"height:59px\" aria-hidden=\"true\" class=\"wp-block-spacer\"><\/div>\n\n\n\n<div class=\"custom-widget\">\n  <div class=\"horizontal-bar\"><\/div>\n  <h2 class=\"entry-title\">Fiche d&rsquo;identit\u00e9<\/h2>\n<\/div>\n<h2 id=\"section1\"><\/h2>\n\n\n\n<div class=\"wp-block-columns is-layout-flex wp-container-core-columns-is-layout-1 wp-block-columns-is-layout-flex\">\n<div class=\"wp-block-column is-layout-flow wp-block-column-is-layout-flow\">\n<p class=\"has-text-align-center has-medium-font-size\"><strong>Structure<\/strong><\/p>\n\n\n\n<p class=\"has-text-align-center has-background\" style=\"background-color:#7bdbb545\">Fr\u00e9quence Bichat c&rsquo;est la WebRadio produite <br>par le lyc\u00e9e Ernest Bichat de Lun\u00e9ville (54)<\/p>\n<\/div>\n\n\n\n<div class=\"wp-block-column is-layout-flow wp-block-column-is-layout-flow\">\n<p class=\"has-text-align-center has-medium-font-size\"><strong>Directeur de publication<\/strong><\/p>\n\n\n\n<p class=\"has-text-align-center has-background\" style=\"background-color:#8dd2fc4a\">Le directeur de publication est <br><strong>Alexis Claudel<\/strong>, proviseur<\/p>\n<\/div>\n\n\n\n<div class=\"wp-block-column is-layout-flow wp-block-column-is-layout-flow\">\n<p class=\"has-text-align-center has-medium-font-size\"><strong>Nous contacter<\/strong><\/p>\n\n\n\n<p class=\"has-text-align-center has-background\" style=\"background-color:#cf2d2d29\">Plus d&rsquo;informations sur Fr\u00e9quence Bichat aupr\u00e8s de <a href=\"mailto:clemi@ac-nancy-metz.fr\">Vanessa-Helene.Raulin@ac-nancy-metz.fr<\/a>, responsable de publication<\/p>\n<\/div>\n<\/div>\n\n\n\n<div style=\"height:60px\" aria-hidden=\"true\" class=\"wp-block-spacer\"><\/div>\n\n\n\n<div class=\"custom-widget\">\n  <div class=\"horizontal-bar\"><\/div>\n  <h2 class=\"entry-title\">Les derni\u00e8res \u00e9missions<\/h2>\n<\/div>\n<h2 id=\"section1\"><\/h2>\n\n\n\n    <style>\n        \/* Grille en 3 colonnes *\/\n        .post-grid {\n            display: grid;\n            grid-template-columns: repeat(3, 1fr);\n            gap: 20px;\n        }\n        \/* Chaque colonne devient un conteneur flex vertical *\/\n        .grid-item {\n            border: 1px solid #ddd;\n            padding: 15px;\n            border-radius: 20px;\n            display: flex;\n            flex-direction: column;\n        }\n        \/* Image \u00e0 la une : hauteur max 350px *\/\n        .post-thumbnail img {\n            width: 100%;\n            height: auto;\n            max-height: 350px;\n            object-fit: cover;\n            border-radius: 20px 20px 0 0;\n        }\n        .post-title a {\n            color: #000;\n            text-decoration: none;\n        }\n        .post-date {\n            font-size: 1.1em;\n            color: #666;\n            margin-top: 5px;\n            margin-bottom: 10px; \/* Espacement de 10px sous la date *\/\n        }\n        .calendar-icon {\n            margin-right: 5px;\n        }\n        \/* La zone du bouton est pouss\u00e9e en bas gr\u00e2ce \u00e0 margin-top: auto *\/\n        .learn-more {\n            margin-top: auto;\n            padding-top: 50px; \/* Espace de 50px entre le contenu et le bouton *\/\n        }\n        .btn-learn-more {\n            display: block;\n            width: 100%;\n            background-color: #fff;\n            border: 2px solid #000;\n            border-radius: 50px;\n            color: #000;\n            text-align: center;\n            padding: 10px;\n            text-decoration: none;\n        }\n        .btn-learn-more:hover {\n            background-color: #f9f9f9;\n        }\n        \/* Styles de la pagination en noir et active en gras sans surbrillance bleue *\/\n        .pagination {\n            margin-top: 20px;\n            text-align: center;\n        }\n        .pagination .page-numbers {\n            color: #000;\n            margin: 0 5px;\n            text-decoration: none;\n            outline: none;\n        }\n        .pagination .page-numbers:focus,\n        .pagination .page-numbers:hover {\n            outline: none;\n            box-shadow: none;\n        }\n        .pagination .page-numbers.current {\n            font-weight: bold;\n        }\n\n        \/* Responsive : 2 colonnes sur \u00e9cran moyen et 1 colonne sur petit \u00e9cran *\/\n        @media (max-width: 768px) {\n            .post-grid {\n                grid-template-columns: repeat(2, 1fr);\n            }\n        }\n        @media (max-width: 480px) {\n            .post-grid {\n                grid-template-columns: 1fr;\n            }\n        }\n    <\/style>\n\n            <div class=\"post-grid\">\n                            <div class=\"grid-item\">\n                                            <div class=\"post-thumbnail\">\n                            <a href=\"https:\/\/sites.ac-nancy-metz.fr\/mawebradio\/a-venir-la-classe-de-terminale-7-a-realise-un-projet-sur-le-theme-de-la-democratie\/\">\n                                <img loading=\"lazy\" decoding=\"async\" width=\"1920\" height=\"1080\" src=\"https:\/\/sites.ac-nancy-metz.fr\/mawebradio\/wp-content\/uploads\/image_une_frequence_bichat.jpg\" class=\"attachment-full size-full wp-post-image\" alt=\"\" style=\"max-height:350px; width:auto; object-fit:cover;\" srcset=\"https:\/\/sites.ac-nancy-metz.fr\/mawebradio\/wp-content\/uploads\/image_une_frequence_bichat.jpg 1920w, https:\/\/sites.ac-nancy-metz.fr\/mawebradio\/wp-content\/uploads\/image_une_frequence_bichat-300x169.jpg 300w, https:\/\/sites.ac-nancy-metz.fr\/mawebradio\/wp-content\/uploads\/image_une_frequence_bichat-1024x576.jpg 1024w, https:\/\/sites.ac-nancy-metz.fr\/mawebradio\/wp-content\/uploads\/image_une_frequence_bichat-768x432.jpg 768w, https:\/\/sites.ac-nancy-metz.fr\/mawebradio\/wp-content\/uploads\/image_une_frequence_bichat-1536x864.jpg 1536w\" sizes=\"auto, (max-width: 1920px) 100vw, 1920px\" \/>                            <\/a>\n                        <\/div>\n                                        <h2 class=\"post-title\">\n                        <a href=\"https:\/\/sites.ac-nancy-metz.fr\/mawebradio\/a-venir-la-classe-de-terminale-7-a-realise-un-projet-sur-le-theme-de-la-democratie\/\">A Venir : La classe de Terminale 7 a r\u00e9alis\u00e9 un projet sur le th\u00e8me de la d\u00e9mocratie<\/a>\n                    <\/h2>\n                    <div class=\"post-date\">\n                        <i class=\"fa fa-calendar calendar-icon\" aria-hidden=\"true\"><\/i>27\/03\/2026                    <\/div>\n                    \n                    <!-- Contenu tronqu\u00e9 \u00e0 300 caract\u00e8res -->\n                    <div class=\"post-content\">\n                        Celui-ci est une r\u00e9alisation de diff\u00e9rents podcasts qui a pour but de montrer les atouts et les faiblesses de la d\u00e9mocratie actuelle dans le monde en \u00e9voquant des sujets qui nous tiennent particuli\u00e8rement \u00e0 coeur.Les \u00e9l\u00e8ves ont donc d\u00fb confectionn\u00e9 des podcasts. En passant par un travail de recherch...                    <\/div>\n\n                    <div class=\"learn-more\">\n                        <a href=\"https:\/\/sites.ac-nancy-metz.fr\/mawebradio\/a-venir-la-classe-de-terminale-7-a-realise-un-projet-sur-le-theme-de-la-democratie\/\" class=\"btn-learn-more\">En savoir plus<\/a>\n                    <\/div>\n                <\/div>\n                            <div class=\"grid-item\">\n                                            <div class=\"post-thumbnail\">\n                            <a href=\"https:\/\/sites.ac-nancy-metz.fr\/mawebradio\/a-venir-projet-amplifie%c2%b7e%c2%b7s-terminales-specialite-ses\/\">\n                                <img loading=\"lazy\" decoding=\"async\" width=\"1920\" height=\"1080\" src=\"https:\/\/sites.ac-nancy-metz.fr\/mawebradio\/wp-content\/uploads\/image_une_frequence_bichat.jpg\" class=\"attachment-full size-full wp-post-image\" alt=\"\" style=\"max-height:350px; width:auto; object-fit:cover;\" srcset=\"https:\/\/sites.ac-nancy-metz.fr\/mawebradio\/wp-content\/uploads\/image_une_frequence_bichat.jpg 1920w, https:\/\/sites.ac-nancy-metz.fr\/mawebradio\/wp-content\/uploads\/image_une_frequence_bichat-300x169.jpg 300w, https:\/\/sites.ac-nancy-metz.fr\/mawebradio\/wp-content\/uploads\/image_une_frequence_bichat-1024x576.jpg 1024w, https:\/\/sites.ac-nancy-metz.fr\/mawebradio\/wp-content\/uploads\/image_une_frequence_bichat-768x432.jpg 768w, https:\/\/sites.ac-nancy-metz.fr\/mawebradio\/wp-content\/uploads\/image_une_frequence_bichat-1536x864.jpg 1536w\" sizes=\"auto, (max-width: 1920px) 100vw, 1920px\" \/>                            <\/a>\n                        <\/div>\n                                        <h2 class=\"post-title\">\n                        <a href=\"https:\/\/sites.ac-nancy-metz.fr\/mawebradio\/a-venir-projet-amplifie%c2%b7e%c2%b7s-terminales-specialite-ses\/\">A Venir : Projet Amplifi\u00e9\u00b7e\u00b7s &#8211; Premi\u00e8re Sp\u00e9cialit\u00e9 SES<\/a>\n                    <\/h2>\n                    <div class=\"post-date\">\n                        <i class=\"fa fa-calendar calendar-icon\" aria-hidden=\"true\"><\/i>11\/03\/2026                    <\/div>\n                    \n                    <!-- Contenu tronqu\u00e9 \u00e0 300 caract\u00e8res -->\n                    <div class=\"post-content\">\n                        Amplifi\u00e9\u00b7e\u00b7s est un projet artistique et culturel inter-lyc\u00e9es port\u00e9 par L\u2019Autre Canal et La Souris Verte, prenant appui sur l\u2019ouvrage Fear of a Female Planet de Cara Zina et Karim Hammou. Il propose aux \u00e9l\u00e8ves de croiser musique, arts visuels, litt\u00e9rature et \u00e9ducation aux m\u00e9dias pour interroger la ...                    <\/div>\n\n                    <div class=\"learn-more\">\n                        <a href=\"https:\/\/sites.ac-nancy-metz.fr\/mawebradio\/a-venir-projet-amplifie%c2%b7e%c2%b7s-terminales-specialite-ses\/\" class=\"btn-learn-more\">En savoir plus<\/a>\n                    <\/div>\n                <\/div>\n                            <div class=\"grid-item\">\n                                            <div class=\"post-thumbnail\">\n                            <a href=\"https:\/\/sites.ac-nancy-metz.fr\/mawebradio\/le-monde-en-questions-les-podcasts-engages-des-terminales-stmg\/\">\n                                <img loading=\"lazy\" decoding=\"async\" width=\"1920\" height=\"1080\" src=\"https:\/\/sites.ac-nancy-metz.fr\/mawebradio\/wp-content\/uploads\/image_une_frequence_bichat.jpg\" class=\"attachment-full size-full wp-post-image\" alt=\"\" style=\"max-height:350px; width:auto; object-fit:cover;\" srcset=\"https:\/\/sites.ac-nancy-metz.fr\/mawebradio\/wp-content\/uploads\/image_une_frequence_bichat.jpg 1920w, https:\/\/sites.ac-nancy-metz.fr\/mawebradio\/wp-content\/uploads\/image_une_frequence_bichat-300x169.jpg 300w, https:\/\/sites.ac-nancy-metz.fr\/mawebradio\/wp-content\/uploads\/image_une_frequence_bichat-1024x576.jpg 1024w, https:\/\/sites.ac-nancy-metz.fr\/mawebradio\/wp-content\/uploads\/image_une_frequence_bichat-768x432.jpg 768w, https:\/\/sites.ac-nancy-metz.fr\/mawebradio\/wp-content\/uploads\/image_une_frequence_bichat-1536x864.jpg 1536w\" sizes=\"auto, (max-width: 1920px) 100vw, 1920px\" \/>                            <\/a>\n                        <\/div>\n                                        <h2 class=\"post-title\">\n                        <a href=\"https:\/\/sites.ac-nancy-metz.fr\/mawebradio\/le-monde-en-questions-les-podcasts-engages-des-terminales-stmg\/\">Le monde en questions : les podcasts engag\u00e9s des Terminales STMG<\/a>\n                    <\/h2>\n                    <div class=\"post-date\">\n                        <i class=\"fa fa-calendar calendar-icon\" aria-hidden=\"true\"><\/i>11\/03\/2026                    <\/div>\n                    \n                    <!-- Contenu tronqu\u00e9 \u00e0 300 caract\u00e8res -->\n                    <div class=\"post-content\">\n                        Dans le cadre d\u2019un projet p\u00e9dagogique autour du FIG et du programme de g\u00e9ographie de Terminale technologique, les \u00e9l\u00e8ves r\u00e9alisent des podcasts consacr\u00e9s aux grands enjeux du d\u00e9veloppement durable. Mobilit\u00e9s, \u00e9nergies, num\u00e9rique ou biodiversit\u00e9 : ils analysent les acteurs et les rapports de pouvoir ...                    <\/div>\n\n                    <div class=\"learn-more\">\n                        <a href=\"https:\/\/sites.ac-nancy-metz.fr\/mawebradio\/le-monde-en-questions-les-podcasts-engages-des-terminales-stmg\/\" class=\"btn-learn-more\">En savoir plus<\/a>\n                    <\/div>\n                <\/div>\n                            <div class=\"grid-item\">\n                                            <div class=\"post-thumbnail\">\n                            <a href=\"https:\/\/sites.ac-nancy-metz.fr\/mawebradio\/les-eleves-de-1ere-stmg-en-direct-une-emission-radio-speciale-histoire-geographie\/\">\n                                <img loading=\"lazy\" decoding=\"async\" width=\"1920\" height=\"1080\" src=\"https:\/\/sites.ac-nancy-metz.fr\/mawebradio\/wp-content\/uploads\/image_une_frequence_bichat.jpg\" class=\"attachment-full size-full wp-post-image\" alt=\"\" style=\"max-height:350px; width:auto; object-fit:cover;\" srcset=\"https:\/\/sites.ac-nancy-metz.fr\/mawebradio\/wp-content\/uploads\/image_une_frequence_bichat.jpg 1920w, https:\/\/sites.ac-nancy-metz.fr\/mawebradio\/wp-content\/uploads\/image_une_frequence_bichat-300x169.jpg 300w, https:\/\/sites.ac-nancy-metz.fr\/mawebradio\/wp-content\/uploads\/image_une_frequence_bichat-1024x576.jpg 1024w, https:\/\/sites.ac-nancy-metz.fr\/mawebradio\/wp-content\/uploads\/image_une_frequence_bichat-768x432.jpg 768w, https:\/\/sites.ac-nancy-metz.fr\/mawebradio\/wp-content\/uploads\/image_une_frequence_bichat-1536x864.jpg 1536w\" sizes=\"auto, (max-width: 1920px) 100vw, 1920px\" \/>                            <\/a>\n                        <\/div>\n                                        <h2 class=\"post-title\">\n                        <a href=\"https:\/\/sites.ac-nancy-metz.fr\/mawebradio\/les-eleves-de-1ere-stmg-en-direct-une-emission-radio-speciale-histoire-geographie\/\">\u00ab Les \u00e9l\u00e8ves de 1\u00e8re STMG en direct : une \u00e9mission radio sp\u00e9ciale Histoire-G\u00e9ographie \u00bb<\/a>\n                    <\/h2>\n                    <div class=\"post-date\">\n                        <i class=\"fa fa-calendar calendar-icon\" aria-hidden=\"true\"><\/i>23\/02\/2026                    <\/div>\n                    \n                    <!-- Contenu tronqu\u00e9 \u00e0 300 caract\u00e8res -->\n                    <div class=\"post-content\">\n                        La classe de 1\u00e8re STMG du lyc\u00e9e Ernest Bichat a cr\u00e9\u00e9 deux \u00e9missions radio originales. Au programme : la vie des soldats dans les tranch\u00e9es, l\u2019industrie a\u00e9ronautique \u00e0 Toulouse et le sport comme outil de soft power en Chine. Entre chroniques, quiz et musique, les \u00e9l\u00e8ves ont m\u00eal\u00e9 apprentissage et cr\u00e9a...                    <\/div>\n\n                    <div class=\"learn-more\">\n                        <a href=\"https:\/\/sites.ac-nancy-metz.fr\/mawebradio\/les-eleves-de-1ere-stmg-en-direct-une-emission-radio-speciale-histoire-geographie\/\" class=\"btn-learn-more\">En savoir plus<\/a>\n                    <\/div>\n                <\/div>\n                            <div class=\"grid-item\">\n                                            <div class=\"post-thumbnail\">\n                            <a href=\"https:\/\/sites.ac-nancy-metz.fr\/mawebradio\/quand-lactualite-passe-par-la-voix-des-eleves-le-premier-flash-info-des-1ere-stmg-2\/\">\n                                <img loading=\"lazy\" decoding=\"async\" width=\"1920\" height=\"1080\" src=\"https:\/\/sites.ac-nancy-metz.fr\/mawebradio\/wp-content\/uploads\/image_une_frequence_bichat.jpg\" class=\"attachment-full size-full wp-post-image\" alt=\"\" style=\"max-height:350px; width:auto; object-fit:cover;\" srcset=\"https:\/\/sites.ac-nancy-metz.fr\/mawebradio\/wp-content\/uploads\/image_une_frequence_bichat.jpg 1920w, https:\/\/sites.ac-nancy-metz.fr\/mawebradio\/wp-content\/uploads\/image_une_frequence_bichat-300x169.jpg 300w, https:\/\/sites.ac-nancy-metz.fr\/mawebradio\/wp-content\/uploads\/image_une_frequence_bichat-1024x576.jpg 1024w, https:\/\/sites.ac-nancy-metz.fr\/mawebradio\/wp-content\/uploads\/image_une_frequence_bichat-768x432.jpg 768w, https:\/\/sites.ac-nancy-metz.fr\/mawebradio\/wp-content\/uploads\/image_une_frequence_bichat-1536x864.jpg 1536w\" sizes=\"auto, (max-width: 1920px) 100vw, 1920px\" \/>                            <\/a>\n                        <\/div>\n                                        <h2 class=\"post-title\">\n                        <a href=\"https:\/\/sites.ac-nancy-metz.fr\/mawebradio\/quand-lactualite-passe-par-la-voix-des-eleves-le-premier-flash-info-des-1ere-stmg-2\/\">Quand l\u2019actualit\u00e9 passe par la voix des \u00e9l\u00e8ves : le premier flash info des 1\u00e8re STMG<\/a>\n                    <\/h2>\n                    <div class=\"post-date\">\n                        <i class=\"fa fa-calendar calendar-icon\" aria-hidden=\"true\"><\/i>14\/02\/2026                    <\/div>\n                    \n                    <!-- Contenu tronqu\u00e9 \u00e0 300 caract\u00e8res -->\n                    <div class=\"post-content\">\n                        Dans le cadre de ce projet radiophonique, les \u00e9l\u00e8ves de 1\u00e8re STMG ont r\u00e9alis\u00e9 leur premier flash info. Ce travail leur a permis de s\u2019informer sur une actualit\u00e9, d\u2019en comprendre les enjeux et de la restituer de fa\u00e7on claire et concise, \u00e0 l\u2019oral.                    <\/div>\n\n                    <div class=\"learn-more\">\n                        <a href=\"https:\/\/sites.ac-nancy-metz.fr\/mawebradio\/quand-lactualite-passe-par-la-voix-des-eleves-le-premier-flash-info-des-1ere-stmg-2\/\" class=\"btn-learn-more\">En savoir plus<\/a>\n                    <\/div>\n                <\/div>\n                    <\/div>\n\n        <!-- Pagination -->\n        <div class=\"pagination\">\n                    <\/div>\n    \n","protected":false},"excerpt":{"rendered":"<p>Un lyc\u00e9e &#8211; Vos voix &#8211; Notre m\u00e9dia Notre radio est un m\u00e9dia scolaire qui s\u2019inscrit dans diff\u00e9rents projets et travaux p\u00e9dagogiques, men\u00e9s en lien direct&#8230;<\/p>\n","protected":false},"author":1,"featured_media":4747,"parent":0,"menu_order":0,"comment_status":"closed","ping_status":"closed","template":"","meta":{"footnotes":""},"class_list":["post-4745","page","type-page","status-publish","has-post-thumbnail","hentry"],"_links":{"self":[{"href":"https:\/\/sites.ac-nancy-metz.fr\/mawebradio\/wp-json\/wp\/v2\/pages\/4745","targetHints":{"allow":["GET"]}}],"collection":[{"href":"https:\/\/sites.ac-nancy-metz.fr\/mawebradio\/wp-json\/wp\/v2\/pages"}],"about":[{"href":"https:\/\/sites.ac-nancy-metz.fr\/mawebradio\/wp-json\/wp\/v2\/types\/page"}],"author":[{"embeddable":true,"href":"https:\/\/sites.ac-nancy-metz.fr\/mawebradio\/wp-json\/wp\/v2\/users\/1"}],"replies":[{"embeddable":true,"href":"https:\/\/sites.ac-nancy-metz.fr\/mawebradio\/wp-json\/wp\/v2\/comments?post=4745"}],"version-history":[{"count":3,"href":"https:\/\/sites.ac-nancy-metz.fr\/mawebradio\/wp-json\/wp\/v2\/pages\/4745\/revisions"}],"predecessor-version":[{"id":4752,"href":"https:\/\/sites.ac-nancy-metz.fr\/mawebradio\/wp-json\/wp\/v2\/pages\/4745\/revisions\/4752"}],"wp:featuredmedia":[{"embeddable":true,"href":"https:\/\/sites.ac-nancy-metz.fr\/mawebradio\/wp-json\/wp\/v2\/media\/4747"}],"wp:attachment":[{"href":"https:\/\/sites.ac-nancy-metz.fr\/mawebradio\/wp-json\/wp\/v2\/media?parent=4745"}],"curies":[{"name":"wp","href":"https:\/\/api.w.org\/{rel}","templated":true}]}}