{"id":127,"date":"2025-11-25T09:55:59","date_gmt":"2025-11-25T08:55:59","guid":{"rendered":"https:\/\/sites.ac-nancy-metz.fr\/micro-lycee-54\/?page_id=127"},"modified":"2025-11-26T12:28:04","modified_gmt":"2025-11-26T11:28:04","slug":"lequipe-enseignante","status":"publish","type":"page","link":"https:\/\/sites.ac-nancy-metz.fr\/micro-lycee-54\/?page_id=127","title":{"rendered":"L&rsquo;\u00e9quipe enseignante"},"content":{"rendered":"\n<figure class=\"wp-block-image size-large\"><img loading=\"lazy\" decoding=\"async\" width=\"1024\" height=\"303\" src=\"https:\/\/sites.ac-nancy-metz.fr\/micro-lycee-54\/wp-content\/uploads\/2025\/11\/IMG_8928-1-1024x303.jpeg\" alt=\"\" class=\"wp-image-207\" srcset=\"https:\/\/sites.ac-nancy-metz.fr\/micro-lycee-54\/wp-content\/uploads\/2025\/11\/IMG_8928-1-1024x303.jpeg 1024w, https:\/\/sites.ac-nancy-metz.fr\/micro-lycee-54\/wp-content\/uploads\/2025\/11\/IMG_8928-1-300x89.jpeg 300w, https:\/\/sites.ac-nancy-metz.fr\/micro-lycee-54\/wp-content\/uploads\/2025\/11\/IMG_8928-1-768x227.jpeg 768w, https:\/\/sites.ac-nancy-metz.fr\/micro-lycee-54\/wp-content\/uploads\/2025\/11\/IMG_8928-1-1536x454.jpeg 1536w, https:\/\/sites.ac-nancy-metz.fr\/micro-lycee-54\/wp-content\/uploads\/2025\/11\/IMG_8928-1.jpeg 1895w\" sizes=\"auto, (max-width: 1024px) 100vw, 1024px\" \/><\/figure>\n\n\n<p>Notre \u00e9quipe est compos\u00e9e de 10 enseignant\u00b7es :<\/p>\n<ul>\n<li>Achille Martin en math\u00e9matiques<\/li>\n<li>Anne-Lise Kroetz en EPS<\/li>\n<li>Carole Trarbach en Anglais et LLCE<\/li>\n<li>Charles-Antoine Boivin en SES<\/li>\n<li>Claire Hary en Fran\u00e7ais et HLP<\/li>\n<li>Erwan Wolffer en Histoire-G\u00e9ographie et HGGSP<\/li>\n<li>Laura Marchal en SVT et Enseignement Scientifique<\/li>\n<li>Mariana Da Silva Espagnol<\/li>\n<li>Marie Ferdinand en Physique-Chimie et Enseignement Scientifique<\/li>\n<li>Yannick Chin-Drian en Philosophie et HLP<\/li>\n<\/ul>","protected":false},"excerpt":{"rendered":"<p>Notre \u00e9quipe est compos\u00e9e de 10 enseignant\u00b7es : Achille Martin en math\u00e9matiques Anne-Lise Kroetz en EPS Carole Trarbach en Anglais et LLCE Charles-Antoine Boivin en SES Claire Hary en Fran\u00e7ais et HLP Erwan Wolffer en Histoire-G\u00e9ographie et HGGSP Laura Marchal en SVT et Enseignement Scientifique Mariana Da Silva Espagnol Marie Ferdinand en Physique-Chimie et Enseignement [&hellip;]<\/p>\n","protected":false},"author":1,"featured_media":0,"parent":0,"menu_order":0,"comment_status":"closed","ping_status":"closed","template":"","meta":{"footnotes":""},"class_list":["post-127","page","type-page","status-publish","hentry"],"_links":{"self":[{"href":"https:\/\/sites.ac-nancy-metz.fr\/micro-lycee-54\/index.php?rest_route=\/wp\/v2\/pages\/127","targetHints":{"allow":["GET"]}}],"collection":[{"href":"https:\/\/sites.ac-nancy-metz.fr\/micro-lycee-54\/index.php?rest_route=\/wp\/v2\/pages"}],"about":[{"href":"https:\/\/sites.ac-nancy-metz.fr\/micro-lycee-54\/index.php?rest_route=\/wp\/v2\/types\/page"}],"author":[{"embeddable":true,"href":"https:\/\/sites.ac-nancy-metz.fr\/micro-lycee-54\/index.php?rest_route=\/wp\/v2\/users\/1"}],"replies":[{"embeddable":true,"href":"https:\/\/sites.ac-nancy-metz.fr\/micro-lycee-54\/index.php?rest_route=%2Fwp%2Fv2%2Fcomments&post=127"}],"version-history":[{"count":5,"href":"https:\/\/sites.ac-nancy-metz.fr\/micro-lycee-54\/index.php?rest_route=\/wp\/v2\/pages\/127\/revisions"}],"predecessor-version":[{"id":208,"href":"https:\/\/sites.ac-nancy-metz.fr\/micro-lycee-54\/index.php?rest_route=\/wp\/v2\/pages\/127\/revisions\/208"}],"wp:attachment":[{"href":"https:\/\/sites.ac-nancy-metz.fr\/micro-lycee-54\/index.php?rest_route=%2Fwp%2Fv2%2Fmedia&parent=127"}],"curies":[{"name":"wp","href":"https:\/\/api.w.org\/{rel}","templated":true}]}}