{"id":29,"date":"2025-08-25T17:37:44","date_gmt":"2025-08-25T15:37:44","guid":{"rendered":"https:\/\/sites.ac-nancy-metz.fr\/micro-lycee-54\/?page_id=29"},"modified":"2026-04-09T09:16:16","modified_gmt":"2026-04-09T07:16:16","slug":"comment-postuler","status":"publish","type":"page","link":"https:\/\/sites.ac-nancy-metz.fr\/micro-lycee-54\/?page_id=29","title":{"rendered":"Comment postuler ?"},"content":{"rendered":"\n<p>Pour pouvoir int\u00e9grer le micro-lyc\u00e9e, il faut remplir des conditions :<\/p>\n\n\n\n<ul class=\"wp-block-list\">\n<li>Avoir eu une d\u00e9cision de passage en 2nde g\u00e9n\u00e9rale et technologique<\/li>\n\n\n\n<li>Ne plus \u00eatre scolaris\u00e9\u00b7e depuis au moins 6 moins<\/li>\n\n\n\n<li>Avoir entre 18 et 25 ans. Une d\u00e9rogation est possible (si nous avons de la place) \u00e0 partir de 16 ans, mais il faut alors prendre contact avec la <a href=\"https:\/\/sites.ac-nancy-metz.fr\/lio\/mlds\/daip.htm\">PAIP<\/a> la plus proche via un <a href=\"https:\/\/www.ac-nancy-metz.fr\/centres-d-information-et-d-orientation\">CIO<\/a>.<\/li>\n\n\n\n<li>\u00catre acteur\u00b7rice de son raccrochage !<\/li>\n<\/ul>\n\n\n\n<p>Si vous \u00eates int\u00e9ress\u00e9\u00b7e, vous pouvez prendre contact avec un <a href=\"https:\/\/www.ac-nancy-metz.fr\/centres-d-information-et-d-orientation\">CIO<\/a>.<\/p>\n\n\n\n<p>Vous pouvez aussi nous contacter directement : <\/p>\n\n\n\n<ul class=\"wp-block-list\">\n<li>Mail : <a href=\"mailto:microlycee@ac-nancy-metz.fr\">microlycee@ac-nancy-metz.fr<\/a><\/li>\n\n\n\n<li>Num\u00e9ro de t\u00e9l\u00e9phone : 07.52.04.75.11<\/li>\n<\/ul>\n\n\n\n<p>Dans tous les cas, il faudra organiser une rencontre avec l&rsquo;\u00e9quipe du micro-lyc\u00e9e pour pouvoir entamer une demande d&rsquo;affectation.<\/p>\n\n\n\n<div class=\"wp-block-buttons is-content-justification-center is-layout-flex wp-container-core-buttons-is-layout-a89b3969 wp-block-buttons-is-layout-flex\">\n<div class=\"wp-block-button is-style-fill\"><a class=\"wp-block-button__link wp-element-button\" href=\"https:\/\/sites.ac-nancy-metz.fr\/micro-lycee-54\/wp-content\/uploads\/2025\/11\/MICROLYCEE-flyer_2025.pdf\">Notre Flyer<\/a><\/div>\n<\/div>\n\n\n\n<p><\/p>\n","protected":false},"excerpt":{"rendered":"<p>Pour pouvoir int\u00e9grer le micro-lyc\u00e9e, il faut remplir des conditions : Si vous \u00eates int\u00e9ress\u00e9\u00b7e, vous pouvez prendre contact avec un CIO. Vous pouvez aussi nous contacter directement : Dans tous les cas, il faudra organiser une rencontre avec l&rsquo;\u00e9quipe du micro-lyc\u00e9e pour pouvoir entamer une demande d&rsquo;affectation.<\/p>\n","protected":false},"author":1,"featured_media":0,"parent":0,"menu_order":0,"comment_status":"closed","ping_status":"closed","template":"","meta":{"footnotes":""},"class_list":["post-29","page","type-page","status-publish","hentry"],"_links":{"self":[{"href":"https:\/\/sites.ac-nancy-metz.fr\/micro-lycee-54\/index.php?rest_route=\/wp\/v2\/pages\/29","targetHints":{"allow":["GET"]}}],"collection":[{"href":"https:\/\/sites.ac-nancy-metz.fr\/micro-lycee-54\/index.php?rest_route=\/wp\/v2\/pages"}],"about":[{"href":"https:\/\/sites.ac-nancy-metz.fr\/micro-lycee-54\/index.php?rest_route=\/wp\/v2\/types\/page"}],"author":[{"embeddable":true,"href":"https:\/\/sites.ac-nancy-metz.fr\/micro-lycee-54\/index.php?rest_route=\/wp\/v2\/users\/1"}],"replies":[{"embeddable":true,"href":"https:\/\/sites.ac-nancy-metz.fr\/micro-lycee-54\/index.php?rest_route=%2Fwp%2Fv2%2Fcomments&post=29"}],"version-history":[{"count":13,"href":"https:\/\/sites.ac-nancy-metz.fr\/micro-lycee-54\/index.php?rest_route=\/wp\/v2\/pages\/29\/revisions"}],"predecessor-version":[{"id":273,"href":"https:\/\/sites.ac-nancy-metz.fr\/micro-lycee-54\/index.php?rest_route=\/wp\/v2\/pages\/29\/revisions\/273"}],"wp:attachment":[{"href":"https:\/\/sites.ac-nancy-metz.fr\/micro-lycee-54\/index.php?rest_route=%2Fwp%2Fv2%2Fmedia&parent=29"}],"curies":[{"name":"wp","href":"https:\/\/api.w.org\/{rel}","templated":true}]}}