{"id":1118,"date":"2023-08-06T12:54:22","date_gmt":"2023-08-06T10:54:22","guid":{"rendered":"https:\/\/sites.ac-nancy-metz.fr\/physique\/wp_local\/?page_id=1118"},"modified":"2025-10-23T06:48:09","modified_gmt":"2025-10-23T04:48:09","slug":"jeux-en-physique-chimie","status":"publish","type":"page","link":"https:\/\/sites.ac-nancy-metz.fr\/physique\/wp_local\/?page_id=1118","title":{"rendered":"Jeux en physique-chimie"},"content":{"rendered":"\n<figure class=\"wp-block-image size-full\"><img loading=\"lazy\" decoding=\"async\" width=\"900\" height=\"399\" src=\"https:\/\/sites.ac-nancy-metz.fr\/physique\/wp_local\/wp-content\/uploads\/2023\/02\/jeux_v2-1.png\" alt=\"\" class=\"wp-image-471\" srcset=\"https:\/\/sites.ac-nancy-metz.fr\/physique\/wp_local\/wp-content\/uploads\/2023\/02\/jeux_v2-1.png 900w, https:\/\/sites.ac-nancy-metz.fr\/physique\/wp_local\/wp-content\/uploads\/2023\/02\/jeux_v2-1-300x133.png 300w, https:\/\/sites.ac-nancy-metz.fr\/physique\/wp_local\/wp-content\/uploads\/2023\/02\/jeux_v2-1-768x340.png 768w\" sizes=\"auto, (max-width: 900px) 100vw, 900px\" \/><\/figure>\n\n\n\n<header class='entry-header'><h1  class='entry-title'>Academie d&rsquo;Aix_Marseille<\/h1><\/header>\n\n\n\n<p><a href=\"https:\/\/www.pedagogie.ac-aix-marseille.fr\/jcms\/c_11093500\/fr\/jouer-avec-les-atomes-et-les-ions\" data-type=\"link\" data-id=\"https:\/\/www.pedagogie.ac-aix-marseille.fr\/jcms\/c_11093500\/fr\/jouer-avec-les-atomes-et-les-ions\" target=\"_blank\" rel=\"noreferrer noopener\">Jouer avec les atomes et les ions<\/a> \u00a0\u00a0\u00a0\u00a0\u00a0\u00a0\u00a0\u00a0\u00a0\u00a0\u00a0\u00a0\u00a0\u00a0\u00a0\u00a0\u00a0\u00a0\u00a0\u00a0\u00a0\u00a0\u00a0\u00a0<a href=\"https:\/\/www.pedagogie.ac-aix-marseille.fr\/jcms\/c_11210904\/fr\/le-jeu-laboboum-un-jeu-cooperatif-de-questions\" data-type=\"link\" data-id=\"https:\/\/www.pedagogie.ac-aix-marseille.fr\/jcms\/c_11210904\/fr\/le-jeu-laboboum-un-jeu-cooperatif-de-questions\" target=\"_blank\" rel=\"noreferrer noopener\">Le Jeu LABOBOUM, un jeu coop\u00e9ratif<\/a>\u00a0\u00a0\u00a0\u00a0\u00a0\u00a0\u00a0\u00a0\u00a0\u00a0\u00a0\u00a0\u00a0\u00a0\u00a0\u00a0\u00a0\u00a0<a href=\"https:\/\/www.pedagogie.ac-aix-marseille.fr\/jcms\/c_11100781\/fr\/jouer-avec-les-molecules\" data-type=\"link\" data-id=\"https:\/\/www.pedagogie.ac-aix-marseille.fr\/jcms\/c_11100781\/fr\/jouer-avec-les-molecules\" target=\"_blank\" rel=\"noreferrer noopener\">Jouer avec les mol\u00e9cules<\/a><\/p>\n\n\n\n<header class='entry-header'><h1  class='entry-title'>Academie de Limoges<\/h1><\/header>\n\n\n\n<p><a href=\"https:\/\/pedagogie.ac-limoges.fr\/physique-chimie\/spip.php?article457\" data-type=\"link\" data-id=\"https:\/\/pedagogie.ac-limoges.fr\/physique-chimie\/spip.php?article457\" target=\"_blank\" rel=\"noreferrer noopener\">Interaction gravitationnelle<\/a>\u00a0\u00a0\u00a0\u00a0\u00a0\u00a0\u00a0\u00a0<a href=\"https:\/\/pedagogie.ac-limoges.fr\/physique-chimie\/spip.php?article456\" data-type=\"link\" data-id=\"https:\/\/pedagogie.ac-limoges.fr\/physique-chimie\/spip.php?article456\" target=\"_blank\" rel=\"noreferrer noopener\">Gravitation<\/a>\u00a0\u00a0\u00a0\u00a0\u00a0\u00a0<a href=\"https:\/\/pedagogie.ac-limoges.fr\/physique-chimie\/spip.php?article453\" data-type=\"link\" data-id=\"https:\/\/pedagogie.ac-limoges.fr\/physique-chimie\/spip.php?article453\" target=\"_blank\" rel=\"noreferrer noopener\">Notion de temp\u00e9rature<\/a>\u00a0\u00a0\u00a0\u00a0\u00a0\u00a0<a href=\"https:\/\/pedagogie.ac-limoges.fr\/physique-chimie\/spip.php?article452\" data-type=\"link\" data-id=\"https:\/\/pedagogie.ac-limoges.fr\/physique-chimie\/spip.php?article452\" target=\"_blank\" rel=\"noreferrer noopener\">Jeu de miroirs<\/a>\u00a0\u00a0\u00a0\u00a0\u00a0\u00a0<a href=\"https:\/\/pedagogie.ac-limoges.fr\/physique-chimie\/spip.php?article449\" data-type=\"link\" data-id=\"https:\/\/pedagogie.ac-limoges.fr\/physique-chimie\/spip.php?article449\" target=\"_blank\" rel=\"noreferrer noopener\">forces et mouvements<\/a>\u00a0\u00a0\u00a0\u00a0\u00a0\u00a0\u00a0\u00a0<a href=\"https:\/\/pedagogie.ac-limoges.fr\/physique-chimie\/spip.php?article448\" data-type=\"link\" data-id=\"https:\/\/pedagogie.ac-limoges.fr\/physique-chimie\/spip.php?article448\" target=\"_blank\" rel=\"noreferrer noopener\">Dominos des mol\u00e9cules<\/a><\/p>\n\n\n\n<header class='entry-header'><h1  class='entry-title'>Des jeux pour apprendre dans d&rsquo;autres acad\u00e9mies<\/h1><\/header>\n\n\n\n<p><a href=\"https:\/\/pedagogie.ac-strasbourg.fr\/physiquechimie\/ressources-pedagogiques\/college\/cycle-4\/des-jeux-pour-apprendre\/\" data-type=\"link\" data-id=\"https:\/\/pedagogie.ac-strasbourg.fr\/physiquechimie\/ressources-pedagogiques\/college\/cycle-4\/des-jeux-pour-apprendre\/\" target=\"_blank\" rel=\"noreferrer noopener\">Acad\u00e9mie de<\/a>S<a href=\"https:\/\/pedagogie.ac-strasbourg.fr\/physiquechimie\/ressources-pedagogiques\/college\/cycle-4\/des-jeux-pour-apprendre\/\" data-type=\"link\" data-id=\"https:\/\/pedagogie.ac-strasbourg.fr\/physiquechimie\/ressources-pedagogiques\/college\/cycle-4\/des-jeux-pour-apprendre\/\" target=\"_blank\" rel=\"noreferrer noopener\">trasbourg<\/a> \u00a0\u00a0\u00a0\u00a0<a href=\"http:\/\/physique.discipline.ac-lille.fr\/espace-collaboratif-de-travail-pour-les-enseignants\/des-jeux-pour-les-eleves\" data-type=\"link\" data-id=\"http:\/\/physique.discipline.ac-lille.fr\/espace-collaboratif-de-travail-pour-les-enseignants\/des-jeux-pour-les-eleves\" target=\"_blank\" rel=\"noreferrer noopener\">Acad\u00e9mie de Lille<\/a>\u00a0\u00a0\u00a0\u00a0\u00a0\u00a0<a href=\"https:\/\/physique-chimie.ac-normandie.fr\/spip.php?rubrique91\" data-type=\"link\" data-id=\"https:\/\/physique-chimie.ac-normandie.fr\/spip.php?rubrique91\" target=\"_blank\" rel=\"noreferrer noopener\">Acad\u00e9mie de Normandie<\/a>\u00a0\u00a0\u00a0\u00a0\u00a0\u00a0<a href=\"https:\/\/www.ecosia.org\/search?method=index&amp;q=Jeux+en+physique-chimie\" data-type=\"link\" data-id=\"https:\/\/www.ecosia.org\/search?method=index&amp;q=Jeux+en+physique-chimie\" target=\"_blank\" rel=\"noreferrer noopener\">Et dans un moteur de recherche&#8230;<\/a><\/p>\n\n\n\n<header class='entry-header'><h1  class='entry-title'>Academie de Nancy-Metz<\/h1><\/header>\n\n\n\n<object type=\"text\/html\" data=\"jouer.php\" width=\"100%\" height=\"2270\"><\/object>\n","protected":false},"excerpt":{"rendered":"<p>Academie d&rsquo;Aix_Marseille Jouer avec les atomes et les ions \u00a0\u00a0\u00a0\u00a0\u00a0\u00a0\u00a0\u00a0\u00a0\u00a0\u00a0\u00a0\u00a0\u00a0\u00a0\u00a0\u00a0\u00a0\u00a0\u00a0\u00a0\u00a0\u00a0\u00a0Le Jeu LABOBOUM, un jeu coop\u00e9ratif\u00a0\u00a0\u00a0\u00a0\u00a0\u00a0\u00a0\u00a0\u00a0\u00a0\u00a0\u00a0\u00a0\u00a0\u00a0\u00a0\u00a0\u00a0Jouer avec les mol\u00e9cules Academie de Limoges Interaction gravitationnelle\u00a0\u00a0\u00a0\u00a0\u00a0\u00a0\u00a0\u00a0Gravitation\u00a0\u00a0\u00a0\u00a0\u00a0\u00a0Notion de temp\u00e9rature\u00a0\u00a0\u00a0\u00a0\u00a0\u00a0Jeu de miroirs\u00a0\u00a0\u00a0\u00a0\u00a0\u00a0forces et mouvements\u00a0\u00a0\u00a0\u00a0\u00a0\u00a0\u00a0\u00a0Dominos des mol\u00e9cules Des jeux pour apprendre dans d&rsquo;autres acad\u00e9mies Acad\u00e9mie deStrasbourg \u00a0\u00a0\u00a0\u00a0Acad\u00e9mie de Lille\u00a0\u00a0\u00a0\u00a0\u00a0\u00a0Acad\u00e9mie de Normandie\u00a0\u00a0\u00a0\u00a0\u00a0\u00a0Et dans un moteur de recherche&#8230; Academie de Nancy-Metz<\/p>\n","protected":false},"author":1,"featured_media":0,"parent":375,"menu_order":0,"comment_status":"closed","ping_status":"closed","template":"","meta":{"footnotes":""},"class_list":["post-1118","page","type-page","status-publish","hentry"],"_links":{"self":[{"href":"https:\/\/sites.ac-nancy-metz.fr\/physique\/wp_local\/index.php?rest_route=\/wp\/v2\/pages\/1118","targetHints":{"allow":["GET"]}}],"collection":[{"href":"https:\/\/sites.ac-nancy-metz.fr\/physique\/wp_local\/index.php?rest_route=\/wp\/v2\/pages"}],"about":[{"href":"https:\/\/sites.ac-nancy-metz.fr\/physique\/wp_local\/index.php?rest_route=\/wp\/v2\/types\/page"}],"author":[{"embeddable":true,"href":"https:\/\/sites.ac-nancy-metz.fr\/physique\/wp_local\/index.php?rest_route=\/wp\/v2\/users\/1"}],"replies":[{"embeddable":true,"href":"https:\/\/sites.ac-nancy-metz.fr\/physique\/wp_local\/index.php?rest_route=%2Fwp%2Fv2%2Fcomments&post=1118"}],"version-history":[{"count":24,"href":"https:\/\/sites.ac-nancy-metz.fr\/physique\/wp_local\/index.php?rest_route=\/wp\/v2\/pages\/1118\/revisions"}],"predecessor-version":[{"id":4242,"href":"https:\/\/sites.ac-nancy-metz.fr\/physique\/wp_local\/index.php?rest_route=\/wp\/v2\/pages\/1118\/revisions\/4242"}],"up":[{"embeddable":true,"href":"https:\/\/sites.ac-nancy-metz.fr\/physique\/wp_local\/index.php?rest_route=\/wp\/v2\/pages\/375"}],"wp:attachment":[{"href":"https:\/\/sites.ac-nancy-metz.fr\/physique\/wp_local\/index.php?rest_route=%2Fwp%2Fv2%2Fmedia&parent=1118"}],"curies":[{"name":"wp","href":"https:\/\/api.w.org\/{rel}","templated":true}]}}