{"id":2099,"date":"2023-08-19T21:27:31","date_gmt":"2023-08-19T19:27:31","guid":{"rendered":"https:\/\/sites.ac-nancy-metz.fr\/physique\/wp_local\/?page_id=2099"},"modified":"2026-04-30T07:22:00","modified_gmt":"2026-04-30T05:22:00","slug":"relire-les-dernieres-lettres","status":"publish","type":"page","link":"https:\/\/sites.ac-nancy-metz.fr\/physique\/wp_local\/?page_id=2099","title":{"rendered":"Relire les derni\u00e8res lettres"},"content":{"rendered":"\n<figure class=\"wp-block-image size-full\"><img loading=\"lazy\" decoding=\"async\" width=\"900\" height=\"98\" src=\"https:\/\/sites.ac-nancy-metz.fr\/physique\/wp_local\/wp-content\/uploads\/2023\/02\/journal2-1.jpg\" alt=\"\" class=\"wp-image-477\" srcset=\"https:\/\/sites.ac-nancy-metz.fr\/physique\/wp_local\/wp-content\/uploads\/2023\/02\/journal2-1.jpg 900w, https:\/\/sites.ac-nancy-metz.fr\/physique\/wp_local\/wp-content\/uploads\/2023\/02\/journal2-1-300x33.jpg 300w, https:\/\/sites.ac-nancy-metz.fr\/physique\/wp_local\/wp-content\/uploads\/2023\/02\/journal2-1-768x84.jpg 768w\" sizes=\"auto, (max-width: 900px) 100vw, 900px\" \/><\/figure>\n\n\n\n<style>a:link {color: #000000;}<\/style>\n<table style='font-weight:normal;border: none;'><tr><td width='33%' style='border: none;'><\/td><td width='33%' style='border: none;'>\n<a href='..\/wp_local\/?page_id=4568'><img src='images\/tweet.png'alt='tweet' width='15' height='15'>Num\u00e9ro du 1 mai 2026<\/a> <br\/>\n<a href='..\/wp_local\/?page_id=4571'><img src='images\/tweet.png'alt='tweet' width='15' height='15'>Num\u00e9ro du 10 avril 2026<\/a> <br\/>\n<a href='..\/wp_local\/?page_id=4531'><img src='images\/tweet.png'alt='tweet' width='15' height='15'>Num\u00e9ro du 3 avril 2026<\/a> <br\/>\n<a href='..\/wp_local\/?page_id=4527'><img src='images\/tweet.png'alt='tweet' width='15' height='15'>Num\u00e9ro du 27 mars 2026<\/a> <br\/>\n<a href='..\/wp_local\/?page_id=4521'><img src='images\/tweet.png'alt='tweet' width='15' height='15'>Num\u00e9ro du 13 mars 2026<\/a> <br\/>\n<a href='..\/wp_local\/?page_id=4515'><img src='images\/tweet.png'alt='tweet' width='15' height='15'>Num\u00e9ro du 6 mars 2026<\/a> <br\/>\n<a href='..\/wp_local\/?page_id=4503'><img src='images\/tweet.png'alt='tweet' width='15' height='15'>Num\u00e9ro du 13 fev. 2026<\/a> <br\/>\n<a href='..\/wp_local\/?page_id=4499'><img src='images\/tweet.png'alt='tweet' width='15' height='15'>Num\u00e9ro du 6 fev. 2026<\/a> <br\/>\n<a href='..\/wp_local\/?page_id=4470'><img src='images\/tweet.png'alt='tweet' width='15' height='15'>Num\u00e9ro du 30 janv. 2026<\/a> <br\/>\n<a href='..\/wp_local\/?page_id=4453'><img src='images\/tweet.png'alt='tweet' width='15' height='15'>Num\u00e9ro du 23 janv. 2026<\/a> <br\/>\n<a href='..\/wp_local\/?page_id=4325'><img src='images\/tweet.png'alt='tweet' width='15' height='15'>Num\u00e9ro du 16 janv. 2026<\/a> <br\/>\n<a href='..\/wp_local\/?page_id=4322'><img src='images\/tweet.png'alt='tweet' width='15' height='15'>Num\u00e9ro du 9 janv. 2026<\/a> <br\/>\n<a href='..\/wp_local\/?page_id=4288'><img src='images\/tweet.png'alt='tweet' width='15' height='15'>Num\u00e9ro du 19 d\u00e9c. 2025<\/a> <br\/>\n<a href='..\/wp_local\/?page_id=4286'><img src='images\/tweet.png'alt='tweet' width='15' height='15'>Num\u00e9ro du 12 d\u00e9c. 2025<\/a> <br\/>\n<a href='..\/wp_local\/?page_id=4277'><img src='images\/tweet.png'alt='tweet' width='15' height='15'>Num\u00e9ro du 5 d\u00e9c. 2025<\/a> <br\/>\n<!-- <a href='news\/numero244.php'><img src='images\/tweet.png'alt='tweet' width='15'><a href='..\/wp_local\/?page_id=2058'>Num\u00e9ro du 15 septembre 2023<\/a> <br\/> -->\n<\/td><td width='33%' style='border: none;'><\/td><\/tr><\/table>\n\n\n\n<header class='entry-header'><h1  class='entry-title'><a href=\"https:\/\/sites.ac-nancy-metz.fr\/physique\/wp_local\/?page_id=4309\" style=\"color:#000000;\">Les newsletters 2025<\/a><\/h1><\/header>\n\n\n\n<p><a href=\"https:\/\/sites.ac-nancy-metz.fr\/physique\/wp_local\/?page_id=4309\">Les newsletters 2025<\/a><\/p>\n\n\n\n<header class='entry-header'><h1  class='entry-title'><a href=\"https:\/\/sites.ac-nancy-metz.fr\/physique\/wp_local\/?page_id=3900\" style=\"color:#000000;\">Les newsletters 2024<\/a><\/h1><\/header>\n\n\n\n<p><a href=\"https:\/\/sites.ac-nancy-metz.fr\/physique\/wp_local\/?page_id=3900\">Les newsletters 2024<\/a><\/p>\n\n\n\n<header class='entry-header'><h1  class='entry-title'><a href=\"https:\/\/sites.ac-nancy-metz.fr\/physique\/wp_local\/?page_id=2998\" style=\"color:#000000;\">Les newsletters 2023<\/a><\/h1><\/header>\n\n\n\n<p><a href=\"https:\/\/sites.ac-nancy-metz.fr\/physique\/wp_local\/?page_id=3035\">Les newsletters 2023<\/a><\/p>\n\n\n\n<header class='entry-header'><h1  class='entry-title'><a href=\"https:\/\/sites.ac-nancy-metz.fr\/physique\/wp_local\/?page_id=2998\" style=\"color:#000000;\">Les newsletters 2022<\/a><\/h1><\/header>\n\n\n\n<p><a href=\"https:\/\/sites.ac-nancy-metz.fr\/physique\/wp_local\/?page_id=2998\">Les newsletters 2022<\/a><\/p>\n","protected":false},"excerpt":{"rendered":"<p>Num\u00e9ro du 1 mai 2026 Num\u00e9ro du 10 avril 2026 Num\u00e9ro du 3 avril 2026 Num\u00e9ro du 27 mars 2026 Num\u00e9ro du 13 mars 2026 Num\u00e9ro du 6 mars 2026 Num\u00e9ro du 13 fev. 2026 Num\u00e9ro du 6 fev. 2026 Num\u00e9ro du 30 janv. 2026 Num\u00e9ro du 23 janv. 2026 Num\u00e9ro du 16 janv. 2026 Num\u00e9ro du 9 janv. 2026 Num\u00e9ro du 19 d\u00e9c. 2025 Num\u00e9ro du 12 d\u00e9c. 2025 Num\u00e9ro du 5 d\u00e9c. 2025 Les newsletters 2025 Les newsletters 2025 Les newsletters 2024 Les newsletters 2024 Les newsletters 2023&hellip;<\/p>\n","protected":false},"author":1,"featured_media":0,"parent":375,"menu_order":0,"comment_status":"closed","ping_status":"closed","template":"","meta":{"footnotes":""},"class_list":["post-2099","page","type-page","status-publish","hentry"],"_links":{"self":[{"href":"https:\/\/sites.ac-nancy-metz.fr\/physique\/wp_local\/index.php?rest_route=\/wp\/v2\/pages\/2099","targetHints":{"allow":["GET"]}}],"collection":[{"href":"https:\/\/sites.ac-nancy-metz.fr\/physique\/wp_local\/index.php?rest_route=\/wp\/v2\/pages"}],"about":[{"href":"https:\/\/sites.ac-nancy-metz.fr\/physique\/wp_local\/index.php?rest_route=\/wp\/v2\/types\/page"}],"author":[{"embeddable":true,"href":"https:\/\/sites.ac-nancy-metz.fr\/physique\/wp_local\/index.php?rest_route=\/wp\/v2\/users\/1"}],"replies":[{"embeddable":true,"href":"https:\/\/sites.ac-nancy-metz.fr\/physique\/wp_local\/index.php?rest_route=%2Fwp%2Fv2%2Fcomments&post=2099"}],"version-history":[{"count":119,"href":"https:\/\/sites.ac-nancy-metz.fr\/physique\/wp_local\/index.php?rest_route=\/wp\/v2\/pages\/2099\/revisions"}],"predecessor-version":[{"id":4573,"href":"https:\/\/sites.ac-nancy-metz.fr\/physique\/wp_local\/index.php?rest_route=\/wp\/v2\/pages\/2099\/revisions\/4573"}],"up":[{"embeddable":true,"href":"https:\/\/sites.ac-nancy-metz.fr\/physique\/wp_local\/index.php?rest_route=\/wp\/v2\/pages\/375"}],"wp:attachment":[{"href":"https:\/\/sites.ac-nancy-metz.fr\/physique\/wp_local\/index.php?rest_route=%2Fwp%2Fv2%2Fmedia&parent=2099"}],"curies":[{"name":"wp","href":"https:\/\/api.w.org\/{rel}","templated":true}]}}