{"id":2103,"date":"2023-08-19T21:32:13","date_gmt":"2023-08-19T19:32:13","guid":{"rendered":"https:\/\/sites.ac-nancy-metz.fr\/physique\/wp_local\/?page_id=2103"},"modified":"2024-12-12T09:09:52","modified_gmt":"2024-12-12T08:09:52","slug":"contact","status":"publish","type":"page","link":"https:\/\/sites.ac-nancy-metz.fr\/physique\/wp_local\/?page_id=2103","title":{"rendered":"Contact"},"content":{"rendered":"\n<figure class=\"wp-block-image size-full\"><img loading=\"lazy\" decoding=\"async\" width=\"900\" height=\"419\" src=\"https:\/\/sites.ac-nancy-metz.fr\/physique\/wp_local\/wp-content\/uploads\/2023\/02\/contact_v2.png\" alt=\"\" class=\"wp-image-476\" srcset=\"https:\/\/sites.ac-nancy-metz.fr\/physique\/wp_local\/wp-content\/uploads\/2023\/02\/contact_v2.png 900w, https:\/\/sites.ac-nancy-metz.fr\/physique\/wp_local\/wp-content\/uploads\/2023\/02\/contact_v2-300x140.png 300w, https:\/\/sites.ac-nancy-metz.fr\/physique\/wp_local\/wp-content\/uploads\/2023\/02\/contact_v2-768x358.png 768w\" sizes=\"auto, (max-width: 900px) 100vw, 900px\" \/><\/figure>\n\n\n\n<h2 class=\"wp-block-heading\">Les listes de diffusion<\/h2>\n\n\n\n<p>Les informations officielles&#8230;<br>L&rsquo;inscription \u00e0 cette liste est automatique. Seuls les mod\u00e9rateurs peuvent y poster des messages<\/p>\n\n\n\n<h2 class=\"wp-block-heading\">Liste de diffusion des professeurs de l&rsquo;acad\u00e9mie<\/h2>\n\n\n\n<p>\u00c9changes p\u00e9dagogiques pour tous<br>Les deux listes pr\u00e9c\u00e9dentes ont fusionn\u00e9 en une seule.<br>Tous les membres peuvent y poster des messages et \u00e9changer en toute libert\u00e9. Cette liste est n\u00e9anmoins mod\u00e9r\u00e9e, un peu pour \u00e9viter les messages inconvenants mais essentiellement pour bloquer les pourriels. L&rsquo;inscription \u00e0 cette liste est volontaire.<\/p>\n\n\n\n<p>Pour s&rsquo;inscrire \u00e0 la liste, il vous faut :<br> &#8211; envoyer un mail vide \u00e0 <a href=\"mailto:sympa@ac-nancy-metz.fr\">sympa@ac-nancy-metz.fr<\/a> avec pour sujet : \u00ab\u00a0subscribe physchim_nancy_metz pr\u00e9nom nom\u00a0\u00bb. \u00ab\u00a0Pr\u00e9nom\u00a0\u00bb et \u00ab\u00a0Nom\u00a0\u00bb d\u00e9termineront votre nom d&rsquo;utilisateur.<br> &#8211; r\u00e9pondre au mail d&rsquo;authentification qui vous sera imm\u00e9diatement envoy\u00e9<br> &#8211; vous pouvez aussi envoyer directement une demande \u00e0 <a href=\"mailto:serge.pecoul@ac-nancy-metz.fr\">serge.pecoul@ac-nancy-metz.fr.<\/a><br> Pour envoyer un post, vous pouvez simplement envoyer un mail \u00e0 : <a href=\"mailto:physchim_nancy_metz@ac-nancy-metz.fr\">physchim_nancy_metz@ac-nancy-metz.fr<\/a><\/p>\n\n\n\n<h2 class=\"wp-block-heading\">Liste de diffusion des responsables de laboratoire<\/h2>\n\n\n\n<p>\u00c9changes entre les&#8230; responsables de laboratoire<br>L&rsquo;inscription \u00e0 cette liste est volontaire.<\/p>\n\n\n\n<p>Pour s&rsquo;inscrire \u00e0 la liste, il vous faut : <br> &#8211; envoyer un mail vide \u00e0 <a href=\"mailto:sympa@ac-nancy-metz.fr\">sympa@ac-nancy-metz.fr<\/a> avec pour sujet : \u00ab\u00a0subscribe resp-laboscphy pr\u00e9nom nom\u00a0\u00bb. \u00ab\u00a0Pr\u00e9nom et \u00ab\u00a0Nom\u00a0\u00bb d\u00e9termineront votre nom d&rsquo;utilisateur. <br> &#8211; r\u00e9pondre au mail d&rsquo;authentification qui vous sera imm\u00e9diatement envoy\u00e9 <br> &#8211; vous pouvez aussi envoyer directement une demande \u00e0 <a href=\"mailto:serge.pecoul@ac-nancy-metz.fr\">serge.pecoul@ac-nancy-metz.fr.<\/a> <br> Pour envoyer un post, vous pouvez simplement envoyer un mail \u00e0 : <a href=\"mailto:resp-laboscphy@ac-nancy-metz.fr\">resp-laboscphy@ac-nancy-metz.fr<\/a><\/p>\n\n\n\n<h2 class=\"wp-block-heading\">Liste nationale Physchim<\/h2>\n\n\n\n<p><a href=\"https:\/\/listes.education.fr\/sympa\/info\/physchim\" target=\"_blank\" rel=\"noreferrer noopener\">https:\/\/listes.education.fr\/sympa\/info\/physchim<\/a><\/p>\n\n\n\n<h2 class=\"wp-block-heading has-text-align-center\">Autres adresses utiles<\/h2>\n\n\n\n<center>\n<p><a href=\"http:\/\/eduscol.education.fr\/\" target=\"_blank\" rel=\"noopener\">EDUSCOL<\/a><\/p>\n<p><a href=\"https:\/\/test.webedu.eduscol.education.fr\/espace\/default.htm\" target=\"_blank\" rel=\"noopener\">Sciences spatiales et enseignement<\/a><\/p>\n<p><a href=\"http:\/\/www.inrp.fr\/\" target=\"_blank\" rel=\"noopener\">Institut National de Recherche P\u00e9dagogique<\/a><\/p>\n<p><a href=\"https:\/\/www.reseau-canope.fr\/\" target=\"_blank\" rel=\"noopener\">Canope<\/a><\/p>\n<p><a target=\"_blank\" href=\"http:\/\/www.udppc.asso.fr\" rel=\"noopener\">L&rsquo;Union des professeurs de physique et de chimie (UdPPC)<\/a><\/p>\n<\/center>\n","protected":false},"excerpt":{"rendered":"<p>Les listes de diffusion Les informations officielles&#8230;L&rsquo;inscription \u00e0 cette liste est automatique. Seuls les mod\u00e9rateurs peuvent y poster des messages Liste de diffusion des professeurs de l&rsquo;acad\u00e9mie \u00c9changes p\u00e9dagogiques pour tousLes deux listes pr\u00e9c\u00e9dentes ont fusionn\u00e9 en une seule.Tous les membres peuvent y poster des messages et \u00e9changer en toute libert\u00e9. Cette liste est n\u00e9anmoins mod\u00e9r\u00e9e, un peu pour \u00e9viter les messages inconvenants mais essentiellement pour bloquer les pourriels. L&rsquo;inscription \u00e0 cette liste est volontaire. Pour s&rsquo;inscrire \u00e0 la liste, il vous faut : &#8211; envoyer un mail vide \u00e0&hellip;<\/p>\n","protected":false},"author":1,"featured_media":0,"parent":375,"menu_order":0,"comment_status":"closed","ping_status":"closed","template":"","meta":{"footnotes":""},"class_list":["post-2103","page","type-page","status-publish","hentry"],"_links":{"self":[{"href":"https:\/\/sites.ac-nancy-metz.fr\/physique\/wp_local\/index.php?rest_route=\/wp\/v2\/pages\/2103","targetHints":{"allow":["GET"]}}],"collection":[{"href":"https:\/\/sites.ac-nancy-metz.fr\/physique\/wp_local\/index.php?rest_route=\/wp\/v2\/pages"}],"about":[{"href":"https:\/\/sites.ac-nancy-metz.fr\/physique\/wp_local\/index.php?rest_route=\/wp\/v2\/types\/page"}],"author":[{"embeddable":true,"href":"https:\/\/sites.ac-nancy-metz.fr\/physique\/wp_local\/index.php?rest_route=\/wp\/v2\/users\/1"}],"replies":[{"embeddable":true,"href":"https:\/\/sites.ac-nancy-metz.fr\/physique\/wp_local\/index.php?rest_route=%2Fwp%2Fv2%2Fcomments&post=2103"}],"version-history":[{"count":10,"href":"https:\/\/sites.ac-nancy-metz.fr\/physique\/wp_local\/index.php?rest_route=\/wp\/v2\/pages\/2103\/revisions"}],"predecessor-version":[{"id":3709,"href":"https:\/\/sites.ac-nancy-metz.fr\/physique\/wp_local\/index.php?rest_route=\/wp\/v2\/pages\/2103\/revisions\/3709"}],"up":[{"embeddable":true,"href":"https:\/\/sites.ac-nancy-metz.fr\/physique\/wp_local\/index.php?rest_route=\/wp\/v2\/pages\/375"}],"wp:attachment":[{"href":"https:\/\/sites.ac-nancy-metz.fr\/physique\/wp_local\/index.php?rest_route=%2Fwp%2Fv2%2Fmedia&parent=2103"}],"curies":[{"name":"wp","href":"https:\/\/api.w.org\/{rel}","templated":true}]}}