{"id":2125,"date":"2023-08-19T22:19:17","date_gmt":"2023-08-19T20:19:17","guid":{"rendered":"https:\/\/sites.ac-nancy-metz.fr\/physique\/wp_local\/?page_id=2125"},"modified":"2024-11-06T19:00:32","modified_gmt":"2024-11-06T18:00:32","slug":"contribuer-page","status":"publish","type":"page","link":"https:\/\/sites.ac-nancy-metz.fr\/physique\/wp_local\/?page_id=2125","title":{"rendered":"Contribuer"},"content":{"rendered":"\n<figure class=\"wp-block-image size-full\"><img loading=\"lazy\" decoding=\"async\" width=\"900\" height=\"388\" src=\"https:\/\/sites.ac-nancy-metz.fr\/physique\/wp_local\/wp-content\/uploads\/2023\/02\/bacsable_v2-1.png\" alt=\"\" class=\"wp-image-469\" srcset=\"https:\/\/sites.ac-nancy-metz.fr\/physique\/wp_local\/wp-content\/uploads\/2023\/02\/bacsable_v2-1.png 900w, https:\/\/sites.ac-nancy-metz.fr\/physique\/wp_local\/wp-content\/uploads\/2023\/02\/bacsable_v2-1-300x129.png 300w, https:\/\/sites.ac-nancy-metz.fr\/physique\/wp_local\/wp-content\/uploads\/2023\/02\/bacsable_v2-1-768x331.png 768w\" sizes=\"auto, (max-width: 900px) 100vw, 900px\" \/><\/figure>\n\n\n\n<h3 class=\"wp-block-heading\">COMMENT PARTICIPER ?<\/h3>\n\n\n\n<h4 class=\"wp-block-heading\">Vous pouvez nous faire part des vos remarques, suggestions et envies<\/h4>\n\n\n\n<h4 class=\"wp-block-heading\">Vous pouvez vous abonner aux listes de diffusion<\/h4>\n\n\n\n<p>Et surtout&#8230;<\/p>\n\n\n\n<h4 class=\"wp-block-heading\">N&rsquo;h\u00e9sitez pas \u00e0 partager les documents dont vous \u00eates fiers ! (mais si, on en a tous au moins quelques uns &#8230;)<\/h4>\n\n\n\n<p>Mais auparavant, lisez ces informations concernant les travaux propos\u00e9s, les formats demand\u00e9s, les d\u00e9lais de mise en ligne, etc.<br>Pour prendre en compte votre contribution nous vous demandons de veiller \u00e0 indiquer<br><\/p>\n\n\n\n<ul class=\"wp-block-list\">\n<li>Le niveau concern\u00e9.<\/li>\n\n\n\n<li>La partie du programme trait\u00e9e.<\/li>\n\n\n\n<li>La probl\u00e9matique ou la question de cours qui d\u00e9termine la d\u00e9marche..<\/li>\n\n\n\n<li>Les sources des documents utilis\u00e9s..<\/li>\n\n\n\n<li>Le mat\u00e9riel n\u00e9cessaire \u00e0 la r\u00e9alisation de la s\u00e9ance..<\/li>\n\n\n\n<li>Le temps \u00e0 consacrer \u00e0 cette s\u00e9ance..<\/li>\n<\/ul>\n\n\n\n<p>Ces informations appara\u00eetront en pr\u00e9alable \u00e0 votre le\u00e7on et faciliteront l\u2019acc\u00e8s \u00e0 l\u2019information des coll\u00e8gues utilisateurs du site.<\/p>\n\n\n\n<p>et envoyer le tout par mail \u00e0 <a href=\"mailto:serge.pecoul@ac-nancy-metz.fr\">serge.pecoul@ac-nancy-metz.fr<\/a> qui transmettra pour validation (aussi rapide que possible, c&rsquo;est promis !)<\/p>\n\n\n\n<p>Ces ressources figureront dans les pages officielles du site et seront r\u00e9f\u00e9renc\u00e9es.<\/p>\n\n\n\n<p>Si vous voulez simplement partager, comme vous le feriez en salle des profs, alors participez au bac \u00e0 sable ! <\/p>\n\n\n\n<h3 class=\"wp-block-heading\"><strong>LE SITE EST A VOUS!<\/strong><\/h3>\n\n\n\n<p>Le site acad\u00e9mique de physique-chimie est un outil destin\u00e9 \u00e0 tous les enseignants. Il a pour vocation de proposer des ressources scientifiques et p\u00e9dagogiques utiles \u00e0 l&rsquo;enseignement de notre discipline. Il est \u00e9galement un moyen d&rsquo;acc\u00e9der rapidement aux textes officiels et aux actualit\u00e9s culturelles concernant l&rsquo;Acad\u00e9mie Nancy-Metz. Enfin, il est ouvert \u00e0 tous et doit permettre la mutualisation de nos pratiques p\u00e9dagogiques.<\/p>\n\n\n\n<h3 class=\"wp-block-heading\"><strong>LE BAC A SABLE<\/strong><\/h3>\n\n\n\n<p>Vous trouverez ici des ressources NON VALID\u00c9ES. A chacun d&rsquo;en faire bon usage\u2026<br>Cette page a un acc\u00e8s r\u00e9serv\u00e9. Pour obtenir le mot de passe, il suffit de le demander en \u00e9crivant au webmaster avec votre adresse acad\u00e9mique.<\/p>\n\n\n\nPour acc\u00e9der aux ressources libres:\n<form name=\"form1\" method=\"post\" action=\"..\/wp_local\/?page_id=748\">\n&nbsp;&nbsp;&nbsp;&nbsp;&nbsp;&nbsp;&nbsp;<input type=\"submit\" value=\"Valider\"\/>\n<\/form>\n","protected":false},"excerpt":{"rendered":"<p>COMMENT PARTICIPER ? Vous pouvez nous faire part des vos remarques, suggestions et envies Vous pouvez vous abonner aux listes de diffusion Et surtout&#8230; N&rsquo;h\u00e9sitez pas \u00e0 partager les documents dont vous \u00eates fiers ! (mais si, on en a tous au moins quelques uns &#8230;) Mais auparavant, lisez ces informations concernant les travaux propos\u00e9s, les formats demand\u00e9s, les d\u00e9lais de mise en ligne, etc.Pour prendre en compte votre contribution nous vous demandons de veiller \u00e0 indiquer Ces informations appara\u00eetront en pr\u00e9alable \u00e0 votre le\u00e7on et faciliteront l\u2019acc\u00e8s \u00e0 l\u2019information&hellip;<\/p>\n","protected":false},"author":1,"featured_media":0,"parent":375,"menu_order":0,"comment_status":"closed","ping_status":"closed","template":"","meta":{"footnotes":""},"class_list":["post-2125","page","type-page","status-publish","hentry"],"_links":{"self":[{"href":"https:\/\/sites.ac-nancy-metz.fr\/physique\/wp_local\/index.php?rest_route=\/wp\/v2\/pages\/2125","targetHints":{"allow":["GET"]}}],"collection":[{"href":"https:\/\/sites.ac-nancy-metz.fr\/physique\/wp_local\/index.php?rest_route=\/wp\/v2\/pages"}],"about":[{"href":"https:\/\/sites.ac-nancy-metz.fr\/physique\/wp_local\/index.php?rest_route=\/wp\/v2\/types\/page"}],"author":[{"embeddable":true,"href":"https:\/\/sites.ac-nancy-metz.fr\/physique\/wp_local\/index.php?rest_route=\/wp\/v2\/users\/1"}],"replies":[{"embeddable":true,"href":"https:\/\/sites.ac-nancy-metz.fr\/physique\/wp_local\/index.php?rest_route=%2Fwp%2Fv2%2Fcomments&post=2125"}],"version-history":[{"count":12,"href":"https:\/\/sites.ac-nancy-metz.fr\/physique\/wp_local\/index.php?rest_route=\/wp\/v2\/pages\/2125\/revisions"}],"predecessor-version":[{"id":3623,"href":"https:\/\/sites.ac-nancy-metz.fr\/physique\/wp_local\/index.php?rest_route=\/wp\/v2\/pages\/2125\/revisions\/3623"}],"up":[{"embeddable":true,"href":"https:\/\/sites.ac-nancy-metz.fr\/physique\/wp_local\/index.php?rest_route=\/wp\/v2\/pages\/375"}],"wp:attachment":[{"href":"https:\/\/sites.ac-nancy-metz.fr\/physique\/wp_local\/index.php?rest_route=%2Fwp%2Fv2%2Fmedia&parent=2125"}],"curies":[{"name":"wp","href":"https:\/\/api.w.org\/{rel}","templated":true}]}}