{"id":2159,"date":"2023-08-23T12:31:28","date_gmt":"2023-08-23T10:31:28","guid":{"rendered":"https:\/\/sites.ac-nancy-metz.fr\/physique\/wp_local\/?page_id=2159"},"modified":"2024-09-11T16:14:48","modified_gmt":"2024-09-11T14:14:48","slug":"dnl","status":"publish","type":"page","link":"https:\/\/sites.ac-nancy-metz.fr\/physique\/wp_local\/?page_id=2159","title":{"rendered":"Qu&rsquo;est-ce que la certification DNL ?"},"content":{"rendered":"\n<figure class=\"wp-block-image size-large is-resized\"><img loading=\"lazy\" decoding=\"async\" width=\"1024\" height=\"461\" src=\"https:\/\/sites.ac-nancy-metz.fr\/physique\/wp_local\/wp-content\/uploads\/2024\/09\/DNL_Big-1024x461.png\" alt=\"\" class=\"wp-image-3554\" style=\"width:363px;height:auto\" srcset=\"https:\/\/sites.ac-nancy-metz.fr\/physique\/wp_local\/wp-content\/uploads\/2024\/09\/DNL_Big-1024x461.png 1024w, https:\/\/sites.ac-nancy-metz.fr\/physique\/wp_local\/wp-content\/uploads\/2024\/09\/DNL_Big-300x135.png 300w, https:\/\/sites.ac-nancy-metz.fr\/physique\/wp_local\/wp-content\/uploads\/2024\/09\/DNL_Big-768x346.png 768w, https:\/\/sites.ac-nancy-metz.fr\/physique\/wp_local\/wp-content\/uploads\/2024\/09\/DNL_Big.png 1500w\" sizes=\"auto, (max-width: 1024px) 100vw, 1024px\" \/><\/figure>\n\n\n\n<p>La certification DNL est une certification accord\u00e9e aux professeurs et formateurs de disciplines non linguistiques afin de leur permettre d&rsquo;enseigner leur discipline en langue vivante \u00e9trang\u00e8re dans une section europ\u00e9enne.<\/p>\n\n\n\n<p>Cette certification est ouverte :<\/p>\n\n\n\n<ul class=\"wp-block-list\">\n<li>aux enseignants, titulaires ou stagiaires, du premier et second degr\u00e9 des \u00e9tablissements publics,<\/li>\n\n\n\n<li>aux ma\u00eetres contractuels et agr\u00e9\u00e9s des \u00e9tablissements priv\u00e9s sous contrat,<\/li>\n\n\n\n<li>aux enseignants contractuels du premier et second degr\u00e9 employ\u00e9s par contrat \u00e0 dur\u00e9e ind\u00e9termin\u00e9e des \u00e9tablissements publics,<\/li>\n\n\n\n<li>aux ma\u00eetres d\u00e9l\u00e9gu\u00e9s employ\u00e9s par contrat \u00e0 dur\u00e9e ind\u00e9termin\u00e9e des \u00e9tablissements priv\u00e9s sous contrat.<\/li>\n<\/ul>\n\n\n\n<p>Dans la voie professionnelle, le corps d&rsquo;inspection pr\u00e9conise de privil\u00e9gier les disciplines d&rsquo;enseignement professionnel comme disciplines non linguistiques des sections europ\u00e9ennes, sans exclure pour autant les disciplines d&rsquo;enseignement g\u00e9n\u00e9ral.<\/p>\n\n\n\n<p>Si l&rsquo;\u00e9tablissement ne dispose pas d&rsquo;une section europ\u00e9enne, il est toutefois possible de pr\u00e9senter cette certification dans l&rsquo;objectif de l&rsquo;ouverture future d&rsquo;une telle section ou simplement \u00e0 titre d&rsquo;enrichissement professionnel.<\/p>\n\n\n\n<!-- https:\/\/voie-pro.web.ac-grenoble.fr\/certification-discipline-non-linguistique-dnl  -->\n","protected":false},"excerpt":{"rendered":"<p>La certification DNL est une certification accord\u00e9e aux professeurs et formateurs de disciplines non linguistiques afin de leur permettre d&rsquo;enseigner leur discipline en langue vivante \u00e9trang\u00e8re dans une section europ\u00e9enne. Cette certification est ouverte : Dans la voie professionnelle, le corps d&rsquo;inspection pr\u00e9conise de privil\u00e9gier les disciplines d&rsquo;enseignement professionnel comme disciplines non linguistiques des sections europ\u00e9ennes, sans exclure pour autant les disciplines d&rsquo;enseignement g\u00e9n\u00e9ral. Si l&rsquo;\u00e9tablissement ne dispose pas d&rsquo;une section europ\u00e9enne, il est toutefois possible de pr\u00e9senter cette certification dans l&rsquo;objectif de l&rsquo;ouverture future d&rsquo;une telle section ou simplement&hellip;<\/p>\n","protected":false},"author":1,"featured_media":0,"parent":0,"menu_order":0,"comment_status":"closed","ping_status":"closed","template":"","meta":{"footnotes":""},"class_list":["post-2159","page","type-page","status-publish","hentry"],"_links":{"self":[{"href":"https:\/\/sites.ac-nancy-metz.fr\/physique\/wp_local\/index.php?rest_route=\/wp\/v2\/pages\/2159","targetHints":{"allow":["GET"]}}],"collection":[{"href":"https:\/\/sites.ac-nancy-metz.fr\/physique\/wp_local\/index.php?rest_route=\/wp\/v2\/pages"}],"about":[{"href":"https:\/\/sites.ac-nancy-metz.fr\/physique\/wp_local\/index.php?rest_route=\/wp\/v2\/types\/page"}],"author":[{"embeddable":true,"href":"https:\/\/sites.ac-nancy-metz.fr\/physique\/wp_local\/index.php?rest_route=\/wp\/v2\/users\/1"}],"replies":[{"embeddable":true,"href":"https:\/\/sites.ac-nancy-metz.fr\/physique\/wp_local\/index.php?rest_route=%2Fwp%2Fv2%2Fcomments&post=2159"}],"version-history":[{"count":9,"href":"https:\/\/sites.ac-nancy-metz.fr\/physique\/wp_local\/index.php?rest_route=\/wp\/v2\/pages\/2159\/revisions"}],"predecessor-version":[{"id":3557,"href":"https:\/\/sites.ac-nancy-metz.fr\/physique\/wp_local\/index.php?rest_route=\/wp\/v2\/pages\/2159\/revisions\/3557"}],"wp:attachment":[{"href":"https:\/\/sites.ac-nancy-metz.fr\/physique\/wp_local\/index.php?rest_route=%2Fwp%2Fv2%2Fmedia&parent=2159"}],"curies":[{"name":"wp","href":"https:\/\/api.w.org\/{rel}","templated":true}]}}