{"id":2170,"date":"2023-08-23T12:45:59","date_gmt":"2023-08-23T10:45:59","guid":{"rendered":"https:\/\/sites.ac-nancy-metz.fr\/physique\/wp_local\/?page_id=2170"},"modified":"2024-09-11T16:15:09","modified_gmt":"2024-09-11T14:15:09","slug":"la-certification-dnl","status":"publish","type":"page","link":"https:\/\/sites.ac-nancy-metz.fr\/physique\/wp_local\/?page_id=2170","title":{"rendered":"Certification DNL"},"content":{"rendered":"\n<figure class=\"wp-block-image size-large is-resized\"><img loading=\"lazy\" decoding=\"async\" width=\"1024\" height=\"461\" src=\"https:\/\/sites.ac-nancy-metz.fr\/physique\/wp_local\/wp-content\/uploads\/2024\/09\/DNL_Big-1024x461.png\" alt=\"\" class=\"wp-image-3554\" style=\"width:345px;height:auto\" srcset=\"https:\/\/sites.ac-nancy-metz.fr\/physique\/wp_local\/wp-content\/uploads\/2024\/09\/DNL_Big-1024x461.png 1024w, https:\/\/sites.ac-nancy-metz.fr\/physique\/wp_local\/wp-content\/uploads\/2024\/09\/DNL_Big-300x135.png 300w, https:\/\/sites.ac-nancy-metz.fr\/physique\/wp_local\/wp-content\/uploads\/2024\/09\/DNL_Big-768x346.png 768w, https:\/\/sites.ac-nancy-metz.fr\/physique\/wp_local\/wp-content\/uploads\/2024\/09\/DNL_Big.png 1500w\" sizes=\"auto, (max-width: 1024px) 100vw, 1024px\" \/><\/figure>\n\n\n\n<p>Ces informations sont extraites du <a rel=\"noreferrer noopener\" href=\"https:\/\/www.education.gouv.fr\/bo\/2004\/7\/MENP0302665A.htm\" target=\"_blank\">BO n\u00b07 du 12 f\u00e9vrier 2004<\/a> et du <a href=\"https:\/\/www.education.gouv.fr\/bo\/2004\/39\/MENP0402363N.htm\" target=\"_blank\" rel=\"noreferrer noopener\">BO n\u00b039 du 28 octobre 2004<\/a> pr\u00e9cisant l\u2019organisation de l\u2019examen et la nature des \u00e9preuves de la certification.<\/p>\n\n\n\n<h4 class=\"wp-block-heading\">Jury<\/h4>\n\n\n\n<p>Le jury est compos\u00e9 par le recteur d\u2019acad\u00e9mie qui en d\u00e9signe le pr\u00e9sident.<\/p>\n\n\n\n<p>Dans l&rsquo;acad\u00e9mie de Nancy-Metz, il se compose de deux membres :<\/p>\n\n\n\n<ul class=\"wp-block-list\">\n<li>un inspecteur de l&rsquo;\u00e9ducation nationale de langue,<\/li>\n\n\n\n<li>un inspecteur de l&rsquo;\u00e9ducation nationale de la discipline dont rel\u00e8ve le candidat.<\/li>\n<\/ul>\n\n\n\n<h4 class=\"wp-block-heading\">Epreuve<\/h4>\n\n\n\n<p>La certification est constitu\u00e9e de :<\/p>\n\n\n\n<ul class=\"wp-block-list\">\n<li><strong>Un rapport<\/strong><br>En d\u00e9posant sa demande d\u2019inscription, le candidat remettra un rapport d\u2019au plus cinq pages dactylographi\u00e9es, pr\u00e9cisant :<br>&#8211; les titres et dipl\u00f4mes obtenus en France ou \u00e0 l\u2019\u00e9tranger,<br>&#8211; les \u00e9ventuelles exp\u00e9riences d\u2019enseignement, d\u2019ateliers, de stages, d\u2019\u00e9changes, de sessions de formation auxquels il a pu participer, de travaux effectu\u00e9s \u00e0 titre personnel ou professionnel, comprenant un d\u00e9veloppement comment\u00e9 de l\u2019une des exp\u00e9riences qui lui para\u00eet la plus significative.<br>Le rapport doit \u00eatre constitu\u00e9 de mani\u00e8re rigoureuse (page de garde, introduction, conclusion, pagination, &#8230;).<\/li>\n\n\n\n<li><strong>Une \u00e9preuve orale<\/strong><br>L\u2019\u00e9preuve, d\u2019une dur\u00e9e de trente minutes maximum, d\u00e9bute par un expos\u00e9 du candidat, en fran\u00e7ais ou en langue vivante \u00e9trang\u00e8re, pendant une dur\u00e9e de dix minutes maximum, prenant appui sur sa formation universitaire ou professionnelle, re\u00e7ue dans une universit\u00e9, dans un institut universitaire de formation ou dans un autre lieu de formation dans le secteur disciplinaire. Le candidat peut \u00e9galement faire \u00e9tat de son exp\u00e9rience et de ses pratiques personnelles, dans le domaine de l\u2019enseignement ou dans un autre domaine, notamment \u00e0 l\u2019occasion de stages, d\u2019\u00e9changes, de travaux ou de r\u00e9alisations effectu\u00e9s \u00e0 titre professionnel ou personnel.<br>Cet expos\u00e9 est suivi d\u2019un entretien avec le jury, d\u2019une dur\u00e9e de vingt minutes maximum (environ dix minutes en langue vivante \u00e9trang\u00e8re et dix minutes en fran\u00e7ais), dont l\u2019objet est d\u2019appr\u00e9cier les connaissances du candidat concernant les contenus d\u2019enseignement, les programmes et les principes essentiels touchant \u00e0 l\u2019organisation de la section europ\u00e9enne et d\u2019estimer ses capacit\u00e9s de conception et d\u2019implication dans la mise en \u0153uvre, au sein de son \u00e9tablissement.<\/li>\n<\/ul>\n\n\n\n<h4 class=\"wp-block-heading\">Recommandations du jury<\/h4>\n\n\n\n<p>Que ce soit dans la constitution du rapport ou lors de l&rsquo;\u00e9preuve orale, le jury appr\u00e9cie que le candidat :<\/p>\n\n\n\n<ul class=\"wp-block-list\">\n<li>aborde les \u00e9ventuelles exp\u00e9riences, personnelles ou professionnelles, qu&rsquo;il a pu avoir en lien avec le ou les pays de la langue vivante \u00e9trang\u00e8re ;<\/li>\n\n\n\n<li>d\u00e9crive une s\u00e9ance, une s\u00e9quence ou un projet exp\u00e9riment\u00e9s en langue vivante \u00e9trang\u00e8re avec une classe ;<\/li>\n\n\n\n<li>expose \u00e0 l&rsquo;oral des \u00e9l\u00e9ments diff\u00e9rents de ceux port\u00e9s dans le rapport ;<\/li>\n\n\n\n<li>mette en avant la collaboration mise en \u0153uvre avec ses coll\u00e8gues de langue vivante \u00e9trang\u00e8re.<\/li>\n<\/ul>\n\n\n\n<header class='entry-header'><h1  class='entry-title'>Campagne d\u2019inscription \u00e0 la certification compl\u00e9mentaire DNL<\/h1><\/header>\n\n\n\n<p>Les inscriptions se font sur CYCLADES: <a rel=\"noreferrer noopener\" href=\"https:\/\/cyclades.education.gouv.fr\/cyccandidat\/portal\/login\" target=\"_blank\">https:\/\/cyclades.education.gouv.fr\/cyccandidat\/portal\/login<\/a>.Il est imp\u00e9ratif de cr\u00e9er un compte lors d\u2019une premi\u00e8re connexion.<\/p>\n\n\n\n<p>Des rapports de jury sont disponible \u00e0 l&rsquo;adresse: <a href=\"https:\/\/www.ac-nancy-metz.fr\/certifications-122342\" target=\"_blank\" rel=\"noreferrer noopener\">https:\/\/www.ac-nancy-metz.fr\/certifications-122342<\/a><\/p>\n\n\n\n<p>EN CAS DE QUESTIONNEMENT CONCERANT L\u2019INSCRIPTION, VOUS POUVEZ JOINDRE:<\/p>\n\n\n\n<p>Rectorat de Nancy-Metz DEC 1<\/p>\n\n\n\n<p>certifications@ac-nancy-metz.fr<\/p>\n\n\n\n<p><\/p>\n","protected":false},"excerpt":{"rendered":"<p>Ces informations sont extraites du BO n\u00b07 du 12 f\u00e9vrier 2004 et du BO n\u00b039 du 28 octobre 2004 pr\u00e9cisant l\u2019organisation de l\u2019examen et la nature des \u00e9preuves de la certification. Jury Le jury est compos\u00e9 par le recteur d\u2019acad\u00e9mie qui en d\u00e9signe le pr\u00e9sident. Dans l&rsquo;acad\u00e9mie de Nancy-Metz, il se compose de deux membres : Epreuve La certification est constitu\u00e9e de : Recommandations du jury Que ce soit dans la constitution du rapport ou lors de l&rsquo;\u00e9preuve orale, le jury appr\u00e9cie que le candidat : Campagne d\u2019inscription \u00e0 la&hellip;<\/p>\n","protected":false},"author":1,"featured_media":0,"parent":2159,"menu_order":0,"comment_status":"closed","ping_status":"closed","template":"","meta":{"footnotes":""},"class_list":["post-2170","page","type-page","status-publish","hentry"],"_links":{"self":[{"href":"https:\/\/sites.ac-nancy-metz.fr\/physique\/wp_local\/index.php?rest_route=\/wp\/v2\/pages\/2170","targetHints":{"allow":["GET"]}}],"collection":[{"href":"https:\/\/sites.ac-nancy-metz.fr\/physique\/wp_local\/index.php?rest_route=\/wp\/v2\/pages"}],"about":[{"href":"https:\/\/sites.ac-nancy-metz.fr\/physique\/wp_local\/index.php?rest_route=\/wp\/v2\/types\/page"}],"author":[{"embeddable":true,"href":"https:\/\/sites.ac-nancy-metz.fr\/physique\/wp_local\/index.php?rest_route=\/wp\/v2\/users\/1"}],"replies":[{"embeddable":true,"href":"https:\/\/sites.ac-nancy-metz.fr\/physique\/wp_local\/index.php?rest_route=%2Fwp%2Fv2%2Fcomments&post=2170"}],"version-history":[{"count":7,"href":"https:\/\/sites.ac-nancy-metz.fr\/physique\/wp_local\/index.php?rest_route=\/wp\/v2\/pages\/2170\/revisions"}],"predecessor-version":[{"id":3558,"href":"https:\/\/sites.ac-nancy-metz.fr\/physique\/wp_local\/index.php?rest_route=\/wp\/v2\/pages\/2170\/revisions\/3558"}],"up":[{"embeddable":true,"href":"https:\/\/sites.ac-nancy-metz.fr\/physique\/wp_local\/index.php?rest_route=\/wp\/v2\/pages\/2159"}],"wp:attachment":[{"href":"https:\/\/sites.ac-nancy-metz.fr\/physique\/wp_local\/index.php?rest_route=%2Fwp%2Fv2%2Fmedia&parent=2170"}],"curies":[{"name":"wp","href":"https:\/\/api.w.org\/{rel}","templated":true}]}}