{"id":2186,"date":"2023-08-27T23:49:27","date_gmt":"2023-08-27T21:49:27","guid":{"rendered":"https:\/\/sites.ac-nancy-metz.fr\/physique\/wp_local\/?page_id=2186"},"modified":"2024-11-30T19:34:08","modified_gmt":"2024-11-30T18:34:08","slug":"loral-et-son-evaluation","status":"publish","type":"page","link":"https:\/\/sites.ac-nancy-metz.fr\/physique\/wp_local\/?page_id=2186","title":{"rendered":"L\u2019oral et son \u00e9valuation"},"content":{"rendered":"\n<b>Des sujets 0<\/b> (inclus les 2 sujets post\u00e9 sur RESANA) :<br>\n\n<dd><ul>\n<li>Th\u00e8me D\u00e9veloppement durable : <\/li>\n   <dd><ul>\n   <li><font style=\"color:purple\"><a href=\"DNL\/sujet_PlasticPollution.pdf\" target=\"_blank\" rel=\"noopener\">Sujet : plastic pollution         <\/a><\/font><\/li>\n   <li><font style=\"color:purple\"><a href=\"DNL\/sujet_EnergyAndLife.pdf\" target=\"_blank\" rel=\"noopener\">Sujet : Energy access transforms live<\/a><\/font><\/li>\n   <\/ul><\/dd>\n<li>Th\u00e8me Art : Cin\u00e9ma \/ Musique et son&#8230; : <\/li>\n   <dd><ul>\n   <li><font style=\"color:purple\"><a href=\"DNL\/sujet_SoundNoise.pdf\" target=\"_blank\" rel=\"noopener\">Sujet : Noise pollution                  <\/a><\/font><\/li>\n   <li><font style=\"color:purple\"><a href=\"DNL\/sujet_PowerOfMusic.pdf\" target=\"_blank\" rel=\"noopener\">Sujet: The power of music              <\/a><\/font><\/li>\n   <\/ul><\/dd>\n<li>Th\u00e8me Sport : <\/li>\n   <dd><ul>\n   <li><font style=\"color:purple\"><a href=\"DNL\/sujet_NanotechnologyInSports.pdf\" target=\"_blank\" rel=\"noopener\">Sujet : Nanotechnology in sports equipment <\/a><\/font><\/li>\n   <li><font style=\"color:purple\"><a href=\"DNL\/sujet_OlympicGoldMedals.pdf\" target=\"_blank\" rel=\"noopener\">Sujet : Olympic Gold Medals                     <\/a><\/font><\/li>\n   <li><font style=\"color:purple\"><a href=\"DNL\/sujet_AnatomyOfaSneaker.pdf\" target=\"_blank\" rel=\"noopener\">Sujet : The wildly complex anatomy of a sneaker <\/a><\/font><\/li>\n   <\/ul><\/dd>\n<li>Th\u00e8me Espace : <\/li>\n   <dd><ul>\n   <li><font style=\"color:purple\"><a href=\"DNL\/sujet_MarsOrbiter.pdf\" target=\"_blank\" rel=\"noopener\">Sujet : Mars climate orbiter<\/a><\/font><\/li>\n   <\/ul><\/dd>\n<li>Th\u00e8me Nourriture : <\/li>\n   <dd><ul>\n   <li><font style=\"color:purple\"><a href=\"DNL\/Sujet_CulinaryAndCookingTrends.pdf\" target=\"_blank\" rel=\"noopener\">Sujet : Culinary and cooking trends <\/a><\/font><\/li>\n   <\/ul><\/dd>\n<\/ul><\/dd>\n\n\n\n<p><\/p>\n","protected":false},"excerpt":{"rendered":"<p>Des sujets 0 (inclus les 2 sujets post\u00e9 sur RESANA) : Th\u00e8me D\u00e9veloppement durable : Sujet : plastic pollution Sujet : Energy access transforms live Th\u00e8me Art : Cin\u00e9ma \/ Musique et son&#8230; : Sujet : Noise pollution Sujet: The power of music Th\u00e8me Sport : Sujet : Nanotechnology in sports equipment Sujet : Olympic Gold Medals Sujet : The wildly complex anatomy of a sneaker Th\u00e8me Espace : Sujet : Mars climate orbiter Th\u00e8me Nourriture : Sujet : Culinary and cooking trends<\/p>\n","protected":false},"author":1,"featured_media":0,"parent":2159,"menu_order":0,"comment_status":"closed","ping_status":"closed","template":"","meta":{"footnotes":""},"class_list":["post-2186","page","type-page","status-publish","hentry"],"_links":{"self":[{"href":"https:\/\/sites.ac-nancy-metz.fr\/physique\/wp_local\/index.php?rest_route=\/wp\/v2\/pages\/2186","targetHints":{"allow":["GET"]}}],"collection":[{"href":"https:\/\/sites.ac-nancy-metz.fr\/physique\/wp_local\/index.php?rest_route=\/wp\/v2\/pages"}],"about":[{"href":"https:\/\/sites.ac-nancy-metz.fr\/physique\/wp_local\/index.php?rest_route=\/wp\/v2\/types\/page"}],"author":[{"embeddable":true,"href":"https:\/\/sites.ac-nancy-metz.fr\/physique\/wp_local\/index.php?rest_route=\/wp\/v2\/users\/1"}],"replies":[{"embeddable":true,"href":"https:\/\/sites.ac-nancy-metz.fr\/physique\/wp_local\/index.php?rest_route=%2Fwp%2Fv2%2Fcomments&post=2186"}],"version-history":[{"count":37,"href":"https:\/\/sites.ac-nancy-metz.fr\/physique\/wp_local\/index.php?rest_route=\/wp\/v2\/pages\/2186\/revisions"}],"predecessor-version":[{"id":3668,"href":"https:\/\/sites.ac-nancy-metz.fr\/physique\/wp_local\/index.php?rest_route=\/wp\/v2\/pages\/2186\/revisions\/3668"}],"up":[{"embeddable":true,"href":"https:\/\/sites.ac-nancy-metz.fr\/physique\/wp_local\/index.php?rest_route=\/wp\/v2\/pages\/2159"}],"wp:attachment":[{"href":"https:\/\/sites.ac-nancy-metz.fr\/physique\/wp_local\/index.php?rest_route=%2Fwp%2Fv2%2Fmedia&parent=2186"}],"curies":[{"name":"wp","href":"https:\/\/api.w.org\/{rel}","templated":true}]}}