{"id":34,"date":"2023-02-15T15:50:40","date_gmt":"2023-02-15T14:50:40","guid":{"rendered":"https:\/\/sites.ac-nancy-metz.fr\/physique\/wp_local\/?page_id=34"},"modified":"2025-09-26T10:54:41","modified_gmt":"2025-09-26T08:54:41","slug":"la-page-de-linspection","status":"publish","type":"page","link":"https:\/\/sites.ac-nancy-metz.fr\/physique\/wp_local\/?page_id=34","title":{"rendered":"La page de l&rsquo;inspection"},"content":{"rendered":"\n<h1 class=\"wp-block-heading has-text-align-center\">Le mot des IA-IPR<\/h1>\n\n\n\n<p class=\"has-text-align-center\">Bienvenue sur le site de physique-chimie de notre acad\u00e9mie.<\/p>\n\n\n\n<p class=\"has-text-align-center\">N&rsquo;h\u00e9sitez pas \u00e0 en faire bon usage.<\/p>\n\n\n\n<p class=\"has-text-align-center\">Vous trouverez la lettre de rentr\u00e9e 2025 <strong><font size=\"4\"><a href=\"..\/wp_local\/IPR\/LettreRentree2025_2026_PhysiqueChimieVF.pdf\"  target=\"_blank\">ici<\/a> !<\/font><\/strong><\/p>\n\n\n\n<p class=\"has-text-align-center\">Bonne ann\u00e9e scolaire \u00e0 tous !<\/p>\n\n\n\n<p class=\"has-text-align-center\">Vous pouvez nous joindre par mail en cliquant ci-dessous :<\/p>\n\n\n\n<p class=\"has-text-align-center\">\u00a0\u00a0\u00a0\u00a0\u00a0 <a href=\"mailto:sophie.colognac@ac-nancy-metz.fr\">Sophie COLOGNAC<\/a> \u00a0\u00a0\u00a0\u00a0\u00a0 <a href=\"mailto:Guy.Denozi@ac-nancy-metz.fr\">Guy DENOZI<\/a> \u00a0\u00a0\u00a0\u00a0\u00a0 <a href=\"mailto:tanguy.saibi@ac-nancy-metz.fr\">Tanguy SAIBI<\/a><\/p>\n\n\n\n<br>\n\n\n\n<p class=\"has-text-align-center\"><\/p>\n\n\n\n<br>\n<center><h1>Sur Eduscol&#8230;<\/h1>\n<a href='https:\/\/eduscol.education.fr\/2318\/physique-chimie' target='_blank' rel=\"noopener\"><img style='border:1px solid black;' src='..\/wp_local\/wp-content\/uploads\/2023\/02\/eduscol.png' width=\"15%\"><\/a><br>\n\u25cf <a href=\"https:\/\/eduscol.education.fr\/1648\/programmes-et-ressources-en-physique-chimie-voie-gt\" target='_blank' rel=\"noopener\">Programmes et ressources en physique-chimie &#8211; voie GT<\/a><br>\n\u25cf <a href=\"https:\/\/eduscol.education.fr\/225\/recherche-et-innovation-en-physique-chimie\" target='_blank' rel=\"noopener\">Recherche et innovation en physique-chimie<\/a><br>\n\n<br><br>\n<h1>Les documents utiles pour une inspection :<\/h1>\n<a href='..\/wp_local\/IPR\/Documents_Inspection_2024.pdf'><img src='..\/wp_local\/wp-content\/uploads\/2023\/02\/tablette_v2.png' width=\"15%\"><\/a>\n<p>\u25cf <a href='..\/wp_local\/IPR\/Documents_Inspection_2024.pdf'>Documents \u00e0 fournir lors d&rsquo;une inspection <\/a><\/p> \n<p>\u25cf <a href='..\/wp_local\/IPR\/PrincipauxPointsObserves_PC_2024.pdf'>Principaux points observ\u00e9s lors d&rsquo;une inspection <\/a><\/p> \n\n<br> <br>\n<h1>Liens utiles<\/h1> \n&nbsp;&nbsp;&nbsp;&nbsp;&nbsp;\n<a href='http:\/\/www.sciencesalecole.org\/' target='_blank' rel=\"noopener\"> \n<img style='border:0px solid black;' src='..\/wp_local\/wp-content\/uploads\/2023\/02\/sciences_ecole_v2.png' width=\"12%\"><\/a>&nbsp;&nbsp;&nbsp;&nbsp;&nbsp;\n<a href='http:\/\/www.education.gouv.fr\/pid285\/le-bulletin-officiel.html' target='_blank' rel=\"noopener\"> \n<img style='border:0px solid black;' src='..\/wp_local\/wp-content\/uploads\/2023\/02\/BO_v2.png' width=\"20%\"><\/a>&nbsp;&nbsp;&nbsp;&nbsp;&nbsp;\n<\/center>\n","protected":false},"excerpt":{"rendered":"<p>Le mot des IA-IPR Bienvenue sur le site de physique-chimie de notre acad\u00e9mie. N&rsquo;h\u00e9sitez pas \u00e0 en faire bon usage. Vous trouverez la lettre de rentr\u00e9e 2025 ici ! Bonne ann\u00e9e scolaire \u00e0 tous ! Vous pouvez nous joindre par mail en cliquant ci-dessous : \u00a0\u00a0\u00a0\u00a0\u00a0 Sophie COLOGNAC \u00a0\u00a0\u00a0\u00a0\u00a0 Guy DENOZI \u00a0\u00a0\u00a0\u00a0\u00a0 Tanguy SAIBI Sur Eduscol&#8230; \u25cf Programmes et ressources en physique-chimie &#8211; voie GT \u25cf Recherche et innovation en physique-chimie Les documents utiles pour une inspection : \u25cf Documents \u00e0 fournir lors d&rsquo;une inspection \u25cf Principaux points observ\u00e9s lors&hellip;<\/p>\n","protected":false},"author":1,"featured_media":0,"parent":0,"menu_order":0,"comment_status":"closed","ping_status":"closed","template":"","meta":{"footnotes":""},"class_list":["post-34","page","type-page","status-publish","hentry"],"_links":{"self":[{"href":"https:\/\/sites.ac-nancy-metz.fr\/physique\/wp_local\/index.php?rest_route=\/wp\/v2\/pages\/34","targetHints":{"allow":["GET"]}}],"collection":[{"href":"https:\/\/sites.ac-nancy-metz.fr\/physique\/wp_local\/index.php?rest_route=\/wp\/v2\/pages"}],"about":[{"href":"https:\/\/sites.ac-nancy-metz.fr\/physique\/wp_local\/index.php?rest_route=\/wp\/v2\/types\/page"}],"author":[{"embeddable":true,"href":"https:\/\/sites.ac-nancy-metz.fr\/physique\/wp_local\/index.php?rest_route=\/wp\/v2\/users\/1"}],"replies":[{"embeddable":true,"href":"https:\/\/sites.ac-nancy-metz.fr\/physique\/wp_local\/index.php?rest_route=%2Fwp%2Fv2%2Fcomments&post=34"}],"version-history":[{"count":56,"href":"https:\/\/sites.ac-nancy-metz.fr\/physique\/wp_local\/index.php?rest_route=\/wp\/v2\/pages\/34\/revisions"}],"predecessor-version":[{"id":4124,"href":"https:\/\/sites.ac-nancy-metz.fr\/physique\/wp_local\/index.php?rest_route=\/wp\/v2\/pages\/34\/revisions\/4124"}],"wp:attachment":[{"href":"https:\/\/sites.ac-nancy-metz.fr\/physique\/wp_local\/index.php?rest_route=%2Fwp%2Fv2%2Fmedia&parent=34"}],"curies":[{"name":"wp","href":"https:\/\/api.w.org\/{rel}","templated":true}]}}