{"id":375,"date":"2023-02-18T22:31:35","date_gmt":"2023-02-18T21:31:35","guid":{"rendered":"https:\/\/sites.ac-nancy-metz.fr\/physique\/wp_local\/?page_id=375"},"modified":"2026-03-24T05:29:30","modified_gmt":"2026-03-24T04:29:30","slug":"infos","status":"publish","type":"page","link":"https:\/\/sites.ac-nancy-metz.fr\/physique\/wp_local\/?page_id=375","title":{"rendered":"Ressources"},"content":{"rendered":"\n<style>#primary{width: 78%;}.secondary-sidebar{width: 20%;}.widget_block {margin:0;}<\/style>\n<a href='..\/wp_local\/?p=2118'><img decoding='async' src='https:\/\/sites.ac-nancy-metz.fr\/physique\/wp_local\/wp-content\/uploads\/2023\/02\/actu-1.jpg' width='100%'><\/a>\n<header class='entry-header'><h4 class='entry-title'>Contribuer<\/h4><\/header>\n<a href='..\/wp_local\/?p=2125'><img decoding='async' src='https:\/\/sites.ac-nancy-metz.fr\/physique\/wp_local\/wp-content\/uploads\/2023\/02\/bacsable_v2-1.png' width='100%'><\/a>\n<header class='entry-header'><h4 class='entry-title'>Classe invers\u00e9e<\/h4><\/header>\n<a href='..\/wp_local\/?p=383'><img decoding='async' src='https:\/\/sites.ac-nancy-metz.fr\/physique\/wp_local\/wp-content\/uploads\/2023\/02\/autrement_v2.jpg' width='100%'><\/a>\n<header class='entry-header'><h4 class='entry-title'>Jeux en physique-chimie<\/h4><\/header>\n<a href='..\/wp_local\/?p=1118'><img decoding='async' src='https:\/\/sites.ac-nancy-metz.fr\/physique\/wp_local\/wp-content\/uploads\/2023\/02\/jeux_v2-1.png' width='100%'><\/a>\n<header class='entry-header'><h4 class='entry-title'>Astro<\/h4><\/header>\n<a href='..\/wp_local\/?p=1122'><img decoding='async' src='https:\/\/sites.ac-nancy-metz.fr\/physique\/wp_local\/wp-content\/uploads\/2023\/02\/Saturn_v2-1.jpg' width='100%'><\/a>\n<header class='entry-header'><h4 class='entry-title'>Lyc\u00e9es 4.0<\/h4><\/header>\n<a href='..\/wp_local\/?p=1135'><img decoding='async' src='https:\/\/sites.ac-nancy-metz.fr\/physique\/wp_local\/wp-content\/uploads\/2023\/02\/lycee40_v2.jpg' width='100%'><\/a>\n<header class='entry-header'><h4 class='entry-title'>Les infos du labo<\/h4><\/header>\n<a href='..\/wp_local\/?p=1149'><img decoding='async' src='https:\/\/sites.ac-nancy-metz.fr\/physique\/wp_local\/wp-content\/uploads\/2023\/08\/dechets.png' width='100%'><\/a>\n<header class='entry-header'><h4 class='entry-title'>Concours scientifiques<\/h4><\/header>\n<a href='..\/wp_local\/?p=1161'><img decoding='async' src='https:\/\/sites.ac-nancy-metz.fr\/physique\/wp_local\/wp-content\/uploads\/2023\/02\/nobel_v2.jpg' width='100%'><\/a>\n<header class='entry-header'><h4 class='entry-title'>Contact<\/h4><\/header>\n<a href='..\/wp_local\/?p=2103'><img decoding='async' src='https:\/\/sites.ac-nancy-metz.fr\/physique\/wp_local\/wp-content\/uploads\/2023\/02\/contact_v2.png' width='100%'><\/a>\n<header class='entry-header'><h4 class='entry-title'>Relire les derni\u00e8res lettres<\/h4><\/header>\n<a href='..\/wp_local\/?p=2099'><img decoding='async' src='https:\/\/sites.ac-nancy-metz.fr\/physique\/wp_local\/wp-content\/uploads\/2023\/02\/journal2-1.jpg' width='100%'><\/a>\n<header class='entry-header'><h4 class='entry-title'>L&rsquo;ancienne version du site acad\u00e9mique de physique-chimie<\/h4><\/header>\nRetrouvez l&rsquo;ancienne version du site en demandant le lien au webmaster.\n<img decoding='async' src='https:\/\/sites.ac-nancy-metz.fr\/physique\/wp_local\/wp-content\/uploads\/2023\/08\/ancienSiteAca.png' width='100%'>\n\n\n\n<object type=\"text\/html\" data=\"ressources_aside.php\" width=\"100%\" height=\"10\"><\/object>\n","protected":false},"excerpt":{"rendered":"<p>Contribuer Classe invers\u00e9e Jeux en physique-chimie Astro Lyc\u00e9es 4.0 Les infos du labo Concours scientifiques Contact Relire les derni\u00e8res lettres L&rsquo;ancienne version du site acad\u00e9mique de physique-chimie Retrouvez l&rsquo;ancienne version du site en demandant le lien au webmaster.<\/p>\n","protected":false},"author":1,"featured_media":0,"parent":0,"menu_order":0,"comment_status":"closed","ping_status":"closed","template":"","meta":{"footnotes":""},"class_list":["post-375","page","type-page","status-publish","hentry"],"_links":{"self":[{"href":"https:\/\/sites.ac-nancy-metz.fr\/physique\/wp_local\/index.php?rest_route=\/wp\/v2\/pages\/375","targetHints":{"allow":["GET"]}}],"collection":[{"href":"https:\/\/sites.ac-nancy-metz.fr\/physique\/wp_local\/index.php?rest_route=\/wp\/v2\/pages"}],"about":[{"href":"https:\/\/sites.ac-nancy-metz.fr\/physique\/wp_local\/index.php?rest_route=\/wp\/v2\/types\/page"}],"author":[{"embeddable":true,"href":"https:\/\/sites.ac-nancy-metz.fr\/physique\/wp_local\/index.php?rest_route=\/wp\/v2\/users\/1"}],"replies":[{"embeddable":true,"href":"https:\/\/sites.ac-nancy-metz.fr\/physique\/wp_local\/index.php?rest_route=%2Fwp%2Fv2%2Fcomments&post=375"}],"version-history":[{"count":35,"href":"https:\/\/sites.ac-nancy-metz.fr\/physique\/wp_local\/index.php?rest_route=\/wp\/v2\/pages\/375\/revisions"}],"predecessor-version":[{"id":4526,"href":"https:\/\/sites.ac-nancy-metz.fr\/physique\/wp_local\/index.php?rest_route=\/wp\/v2\/pages\/375\/revisions\/4526"}],"wp:attachment":[{"href":"https:\/\/sites.ac-nancy-metz.fr\/physique\/wp_local\/index.php?rest_route=%2Fwp%2Fv2%2Fmedia&parent=375"}],"curies":[{"name":"wp","href":"https:\/\/api.w.org\/{rel}","templated":true}]}}