{"id":4473,"date":"2026-01-29T15:02:30","date_gmt":"2026-01-29T14:02:30","guid":{"rendered":"https:\/\/sites.ac-nancy-metz.fr\/physique\/wp_local\/?page_id=4473"},"modified":"2026-02-02T08:52:05","modified_gmt":"2026-02-02T07:52:05","slug":"les-webinaires-de-physique-chimie","status":"publish","type":"page","link":"https:\/\/sites.ac-nancy-metz.fr\/physique\/wp_local\/?page_id=4473","title":{"rendered":"Les webinaires de physique-chimie"},"content":{"rendered":"\n<h2 class=\"wp-block-heading\"><em>Revoir le webinaire du 28 janvier 2026<\/em><\/h2>\n\n\n\n<ul class=\"wp-block-list\">\n<li>L&rsquo;enregistrement du deuxi\u00e8me webinaire du 28 janvier 2026 : \u00ab <a href=\"https:\/\/sites.ac-nancy-metz.fr\/physique\/wp_local\/IPR\/WebBinaire002.m4v\" target=\"_blank\" rel=\"noreferrer noopener\">\u00c9valuation en contr\u00f4le continu au coll\u00e8ge et au lyc\u00e9e<\/a> \u00bb<\/li>\n<\/ul>\n\n\n<div class=\"wp-block-image\">\n<figure class=\"aligncenter size-full is-resized\"><a href=\"https:\/\/sites.ac-nancy-metz.fr\/physique\/wp_local\/IPR\/WebBinaire002.m4v\" target=\"_blank\" rel=\" noreferrer noopener\"><img loading=\"lazy\" decoding=\"async\" width=\"973\" height=\"555\" src=\"https:\/\/sites.ac-nancy-metz.fr\/physique\/wp_local\/wp-content\/uploads\/2026\/01\/WebBinaire002-2.png\" alt=\"\" class=\"wp-image-4488\" style=\"width:533px;height:auto\" srcset=\"https:\/\/sites.ac-nancy-metz.fr\/physique\/wp_local\/wp-content\/uploads\/2026\/01\/WebBinaire002-2.png 973w, https:\/\/sites.ac-nancy-metz.fr\/physique\/wp_local\/wp-content\/uploads\/2026\/01\/WebBinaire002-2-300x171.png 300w, https:\/\/sites.ac-nancy-metz.fr\/physique\/wp_local\/wp-content\/uploads\/2026\/01\/WebBinaire002-2-768x438.png 768w\" sizes=\"auto, (max-width: 973px) 100vw, 973px\" \/><\/a><\/figure><\/div>\n\n\n<p><strong>Le diaporama : <\/strong><\/p>\n\n\n\n<div data-wp-interactive=\"core\/file\" class=\"wp-block-file\"><object data-wp-bind--hidden=\"!state.hasPdfPreview\" hidden class=\"wp-block-file__embed\" data=\"https:\/\/sites.ac-nancy-metz.fr\/physique\/wp_local\/wp-content\/uploads\/2026\/02\/WebinaireEvaluation_SC_TS_GD.pdf\" type=\"application\/pdf\" style=\"width:100%;height:600px\" aria-label=\"Contenu embarqu\u00e9 WebinaireEvaluation_SC_TS_GD.\"><\/object><a id=\"wp-block-file--media-37c35ebc-4f99-4548-aeb3-95411544dc87\" href=\"https:\/\/sites.ac-nancy-metz.fr\/physique\/wp_local\/wp-content\/uploads\/2026\/02\/WebinaireEvaluation_SC_TS_GD.pdf\">WebinaireEvaluation_SC_TS_GD<\/a><a href=\"https:\/\/sites.ac-nancy-metz.fr\/physique\/wp_local\/wp-content\/uploads\/2026\/02\/WebinaireEvaluation_SC_TS_GD.pdf\" class=\"wp-block-file__button wp-element-button\" download aria-describedby=\"wp-block-file--media-37c35ebc-4f99-4548-aeb3-95411544dc87\">T\u00e9l\u00e9charger<\/a><\/div>\n","protected":false},"excerpt":{"rendered":"<p>Revoir le webinaire du 28 janvier 2026 Le diaporama :<\/p>\n","protected":false},"author":1,"featured_media":4474,"parent":0,"menu_order":0,"comment_status":"closed","ping_status":"closed","template":"","meta":{"footnotes":""},"class_list":["post-4473","page","type-page","status-publish","has-post-thumbnail","hentry"],"_links":{"self":[{"href":"https:\/\/sites.ac-nancy-metz.fr\/physique\/wp_local\/index.php?rest_route=\/wp\/v2\/pages\/4473","targetHints":{"allow":["GET"]}}],"collection":[{"href":"https:\/\/sites.ac-nancy-metz.fr\/physique\/wp_local\/index.php?rest_route=\/wp\/v2\/pages"}],"about":[{"href":"https:\/\/sites.ac-nancy-metz.fr\/physique\/wp_local\/index.php?rest_route=\/wp\/v2\/types\/page"}],"author":[{"embeddable":true,"href":"https:\/\/sites.ac-nancy-metz.fr\/physique\/wp_local\/index.php?rest_route=\/wp\/v2\/users\/1"}],"replies":[{"embeddable":true,"href":"https:\/\/sites.ac-nancy-metz.fr\/physique\/wp_local\/index.php?rest_route=%2Fwp%2Fv2%2Fcomments&post=4473"}],"version-history":[{"count":14,"href":"https:\/\/sites.ac-nancy-metz.fr\/physique\/wp_local\/index.php?rest_route=\/wp\/v2\/pages\/4473\/revisions"}],"predecessor-version":[{"id":4498,"href":"https:\/\/sites.ac-nancy-metz.fr\/physique\/wp_local\/index.php?rest_route=\/wp\/v2\/pages\/4473\/revisions\/4498"}],"wp:featuredmedia":[{"embeddable":true,"href":"https:\/\/sites.ac-nancy-metz.fr\/physique\/wp_local\/index.php?rest_route=\/wp\/v2\/media\/4474"}],"wp:attachment":[{"href":"https:\/\/sites.ac-nancy-metz.fr\/physique\/wp_local\/index.php?rest_route=%2Fwp%2Fv2%2Fmedia&parent=4473"}],"curies":[{"name":"wp","href":"https:\/\/api.w.org\/{rel}","templated":true}]}}