{"id":62,"date":"2023-02-15T15:57:08","date_gmt":"2023-02-15T14:57:08","guid":{"rendered":"https:\/\/sites.ac-nancy-metz.fr\/physique\/wp_local\/?page_id=62"},"modified":"2026-01-21T10:03:58","modified_gmt":"2026-01-21T09:03:58","slug":"cycle-3","status":"publish","type":"page","link":"https:\/\/sites.ac-nancy-metz.fr\/physique\/wp_local\/?page_id=62","title":{"rendered":"Cycle 3"},"content":{"rendered":"\n<link rel=\"stylesheet\" href=\"wp-content\/themes\/supermag\/stylesite_bacsable.css\"\/>\n<table  ><tr>\n<td style=\"border: none;\"><img decoding=\"async\" src=\"wp-content\/uploads\/2023\/02\/3bis.jpg\" alt=\"\" class=\"wp-image-424\"\/><\/td>\n<td style=\"border: none;\"><img decoding=\"async\" src=\"images\/pendule2.jpe\" alt=\"\" class=\"wp-image-424\"\/><\/td>\n<\/tr><\/table>\n\n\n\n<h4 class=\"wp-block-heading\">Pour acc\u00e9der aux ressources libres c&rsquo;est <a href=\"..\/wp_local\/?p=287\">ici<\/a>. Cette zone est s\u00e9curis\u00e9e par mot de passe : il suffit de le demander avec votre adresse acad\u00e9mique.<\/h4>\n\n\n\n<table  >\n<caption> <img decoding=\"async\" src=\"images\/atome2.jpg\" alt=\"mol\u00e9cule\" width=\"70\"  class=\"imageflottante\" \/> Mati\u00e8re, mouvement, \u00e9nergie, information <\/caption>\n<tr><th> Titre<\/th><th> Type de cours <\/th><th> T\u00e9l\u00e9charger<\/th><th>Auteur(s)<\/th><\/tr>\n<tr>\n<td>Relativit\u00e9 du mouvement<\/td><td>Dossier<\/td>\n<td> <a href=\"college\/doc_college\/relativite_du_mouvementCycle3.pdf\">\n\t <img decoding=\"async\" src=\"images\/pdf.png\" alt=\"word\" id=\"logo\" \/><\/a><\/td>\n<td> GRIESP<\/td>\n<\/tr>\n<\/table><br>\n\n<!--\n<table >\n<caption> <img decoding=\"async\" src=\"images\/vivant.jpg\" alt=\"mol\u00e9cule\" width=\"70\"  class=\"imageflottante\"\/> Le vivant, sa diversit\u00e9 et les fonctions qui le caract\u00e9risent <\/caption>\n<tr><th> Titre<\/th><th> Type de cours <\/th><th> T\u00e9l\u00e9charger<\/th><th>Auteur(s) <\/th>\n<\/tr><tr>\n\t<td>A venir<\/td><td> A venir<\/td>\n\t<td> <a href=\"#\"><img decoding=\"async\" src=\"images\/word.png\" alt=\"word\" id=\"logo\" \/><\/a><\/td>\n\t<td> <a href=\"#\"><img decoding=\"async\" src=\"images\/mail.jpe\" alt=\"mail\" id=\"logo\" \/><\/a><\/td>\n<\/tr>\n<\/table><br>\n\n<table>\n<caption> <img decoding=\"async\" src=\"images\/tecnic.jpg\" alt=\"mol\u00e9cule\" width=\"70\"  class=\"imageflottante\"\/> Mat\u00e9riaux et objets techniques <\/caption>\n<tr><th> Titre<\/th><th> Type de cours <\/th><th> T\u00e9l\u00e9charger<\/th><th>Auteur(s)<\/th><\/tr>\n<tr>\n\t<td>A venir<\/td><td> A venir<\/td>\n\t<td> <a href=\"#\"><img decoding=\"async\" src=\"images\/word.png\" alt=\"word\" id=\"logo\" \/><\/a><\/td>\n\t<td> <a href=\"#\"><img decoding=\"async\" src=\"images\/mail.jpe\" alt=\"mail\" id=\"logo\" \/><\/a><\/td>\n<\/tr>\n<\/table><br>\n\n<table  >\n<caption> <img decoding=\"async\" src=\"images\/terre.jpg\" alt=\"mol\u00e9cule\" width=\"70\"  class=\"imageflottante\"\/> La plan\u00e8te Terre. Les \u00eatres vivants dans leur environnement<\/caption>\n<tr><th> Titre<\/th><th> Type de cours <\/th><th> T\u00e9l\u00e9charger<\/th><th>Auteur(s)<\/th><\/tr>\n<tr>\n\t<td>A venir<\/td><td> A venir<\/td>\n\t<td> <a href=\"#\"><img decoding=\"async\" src=\"images\/word.png\" alt=\"word\" id=\"logo\" \/><\/a><\/td>\n\t<td> <a href=\"#\"><img decoding=\"async\" src=\"images\/mail.jpe\" alt=\"mail\" id=\"logo\" \/><\/a><\/td>\n<\/tr>\n<\/table><br>\n-->\n\n\n\n<header class='entry-header'><h1  class='entry-title'>Vu sur le net : ressources<\/h1><\/header>\n\n\n\n<p>\u25cf <a rel=\"noreferrer noopener\" href=\"https:\/\/physique-chimie.ac-normandie.fr\/spip.php?rubrique3\" target=\"_blank\">Ressources p\u00e9dagogiques acad\u00e9mie de Caen<\/a><a rel=\"noreferrer noopener\" href=\"https:\/\/physique-chimie.ac-normandie.fr\/spip.php?rubrique3\" target=\"_blank\">.<\/a><\/p>\n\n\n\n<p>\u25cf Et plus encore sur la page d\u00e9di\u00e9e aux <a href=\"https:\/\/sites.ac-nancy-metz.fr\/physique\/wp_local\/liens.php\" target=\"_blank\" rel=\"noreferrer noopener\">ressources externes<\/a><\/p>\n","protected":false},"excerpt":{"rendered":"<p>Pour acc\u00e9der aux ressources libres c&rsquo;est ici. Cette zone est s\u00e9curis\u00e9e par mot de passe : il suffit de le demander avec votre adresse acad\u00e9mique. Mati\u00e8re, mouvement, \u00e9nergie, information Titre Type de cours T\u00e9l\u00e9charger Auteur(s) Relativit\u00e9 du mouvement Dossier GRIESP Vu sur le net : ressources \u25cf Ressources p\u00e9dagogiques acad\u00e9mie de Caen. \u25cf Et plus encore sur la page d\u00e9di\u00e9e aux ressources externes<\/p>\n","protected":false},"author":1,"featured_media":0,"parent":55,"menu_order":0,"comment_status":"closed","ping_status":"closed","template":"","meta":{"footnotes":""},"class_list":["post-62","page","type-page","status-publish","hentry"],"_links":{"self":[{"href":"https:\/\/sites.ac-nancy-metz.fr\/physique\/wp_local\/index.php?rest_route=\/wp\/v2\/pages\/62","targetHints":{"allow":["GET"]}}],"collection":[{"href":"https:\/\/sites.ac-nancy-metz.fr\/physique\/wp_local\/index.php?rest_route=\/wp\/v2\/pages"}],"about":[{"href":"https:\/\/sites.ac-nancy-metz.fr\/physique\/wp_local\/index.php?rest_route=\/wp\/v2\/types\/page"}],"author":[{"embeddable":true,"href":"https:\/\/sites.ac-nancy-metz.fr\/physique\/wp_local\/index.php?rest_route=\/wp\/v2\/users\/1"}],"replies":[{"embeddable":true,"href":"https:\/\/sites.ac-nancy-metz.fr\/physique\/wp_local\/index.php?rest_route=%2Fwp%2Fv2%2Fcomments&post=62"}],"version-history":[{"count":83,"href":"https:\/\/sites.ac-nancy-metz.fr\/physique\/wp_local\/index.php?rest_route=\/wp\/v2\/pages\/62\/revisions"}],"predecessor-version":[{"id":4436,"href":"https:\/\/sites.ac-nancy-metz.fr\/physique\/wp_local\/index.php?rest_route=\/wp\/v2\/pages\/62\/revisions\/4436"}],"up":[{"embeddable":true,"href":"https:\/\/sites.ac-nancy-metz.fr\/physique\/wp_local\/index.php?rest_route=\/wp\/v2\/pages\/55"}],"wp:attachment":[{"href":"https:\/\/sites.ac-nancy-metz.fr\/physique\/wp_local\/index.php?rest_route=%2Fwp%2Fv2%2Fmedia&parent=62"}],"curies":[{"name":"wp","href":"https:\/\/api.w.org\/{rel}","templated":true}]}}