{"id":65,"date":"2023-02-15T15:57:08","date_gmt":"2023-02-15T14:57:08","guid":{"rendered":"https:\/\/sites.ac-nancy-metz.fr\/physique\/wp_local\/?page_id=65"},"modified":"2026-01-21T10:10:09","modified_gmt":"2026-01-21T09:10:09","slug":"quelques-liens","status":"publish","type":"page","link":"https:\/\/sites.ac-nancy-metz.fr\/physique\/wp_local\/?page_id=65","title":{"rendered":"Quelques liens"},"content":{"rendered":"\n<figure class=\"wp-block-image size-full\"><img loading=\"lazy\" decoding=\"async\" width=\"155\" height=\"180\" src=\"https:\/\/sites.ac-nancy-metz.fr\/physique\/wp_local\/wp-content\/uploads\/2023\/02\/lien_v2.png\" alt=\"\" class=\"wp-image-521\"\/><\/figure>\n\n\n\n<p>\u25cf <a href=\"https:\/\/eduscol.education.fr\/2318\/physique-chimie\" target=\"_blank\" rel=\"noreferrer noopener\">EDUSCOL :<\/a> ressources pour accompagner la r\u00e9forme des coll\u00e8ges<\/p>\n\n\n\n<p>\u25cf <a href=\"http:\/\/ww2.ac-poitiers.fr\/sc_phys\/spip.php?rubrique165\" target=\"_blank\" rel=\"noreferrer noopener\">Des id\u00e9es de l&rsquo;acad\u00e9mie de Poitiers pour le cycle 4<\/a><\/p>\n\n\n\n<p>\u25cf <a rel=\"noreferrer noopener\" href=\"https:\/\/spc.web.ac-grenoble.fr\/traam-rubrique\/livret-methodologique-college-cycle-3-cycle-4\" target=\"_blank\">Des ressources de l&rsquo;acad\u00e9mie de Grenoble pour les cycles 3 et 4 <\/a><\/p>\n\n\n\n<p>\u25cf <a href=\"https:\/\/physique-chimie.enseigne.ac-lyon.fr\/spip\/spip.php?article907\" target=\"_blank\" rel=\"noreferrer noopener\">Les ressources propos\u00e9es par le GRD de Lyon<\/a><\/p>\n\n\n\n<p>\u25cf <a href=\"https:\/\/edubase.eduscol.education.fr\/\" target=\"_blank\" rel=\"noreferrer noopener\">Edu&rsquo;base<\/a><\/p>\n\n\n\n<p>\u25cf <a href=\"https:\/\/padlet.com\/heymesk\/rallyenumerique\" target=\"_blank\" rel=\"noreferrer noopener\">Un rallye num\u00e9rique<\/a> : pour d\u00e9couvrir des outils num\u00e9rique destin\u00e9s \u00e0 l&rsquo;enseignement de la physique-chimie au coll\u00e8ge, avec des mots de passe pour passer d&rsquo;une \u00e9tape \u00e0 l&rsquo;autre.<\/p>\n","protected":false},"excerpt":{"rendered":"<p>\u25cf EDUSCOL : ressources pour accompagner la r\u00e9forme des coll\u00e8ges \u25cf Des id\u00e9es de l&rsquo;acad\u00e9mie de Poitiers pour le cycle 4 \u25cf Des ressources de l&rsquo;acad\u00e9mie de Grenoble pour les cycles 3 et 4 \u25cf Les ressources propos\u00e9es par le GRD de Lyon \u25cf Edu&rsquo;base \u25cf Un rallye num\u00e9rique : pour d\u00e9couvrir des outils num\u00e9rique destin\u00e9s \u00e0 l&rsquo;enseignement de la physique-chimie au coll\u00e8ge, avec des mots de passe pour passer d&rsquo;une \u00e9tape \u00e0 l&rsquo;autre.<\/p>\n","protected":false},"author":1,"featured_media":408,"parent":55,"menu_order":0,"comment_status":"closed","ping_status":"closed","template":"","meta":{"footnotes":""},"class_list":["post-65","page","type-page","status-publish","has-post-thumbnail","hentry"],"_links":{"self":[{"href":"https:\/\/sites.ac-nancy-metz.fr\/physique\/wp_local\/index.php?rest_route=\/wp\/v2\/pages\/65","targetHints":{"allow":["GET"]}}],"collection":[{"href":"https:\/\/sites.ac-nancy-metz.fr\/physique\/wp_local\/index.php?rest_route=\/wp\/v2\/pages"}],"about":[{"href":"https:\/\/sites.ac-nancy-metz.fr\/physique\/wp_local\/index.php?rest_route=\/wp\/v2\/types\/page"}],"author":[{"embeddable":true,"href":"https:\/\/sites.ac-nancy-metz.fr\/physique\/wp_local\/index.php?rest_route=\/wp\/v2\/users\/1"}],"replies":[{"embeddable":true,"href":"https:\/\/sites.ac-nancy-metz.fr\/physique\/wp_local\/index.php?rest_route=%2Fwp%2Fv2%2Fcomments&post=65"}],"version-history":[{"count":11,"href":"https:\/\/sites.ac-nancy-metz.fr\/physique\/wp_local\/index.php?rest_route=\/wp\/v2\/pages\/65\/revisions"}],"predecessor-version":[{"id":4441,"href":"https:\/\/sites.ac-nancy-metz.fr\/physique\/wp_local\/index.php?rest_route=\/wp\/v2\/pages\/65\/revisions\/4441"}],"up":[{"embeddable":true,"href":"https:\/\/sites.ac-nancy-metz.fr\/physique\/wp_local\/index.php?rest_route=\/wp\/v2\/pages\/55"}],"wp:featuredmedia":[{"embeddable":true,"href":"https:\/\/sites.ac-nancy-metz.fr\/physique\/wp_local\/index.php?rest_route=\/wp\/v2\/media\/408"}],"wp:attachment":[{"href":"https:\/\/sites.ac-nancy-metz.fr\/physique\/wp_local\/index.php?rest_route=%2Fwp%2Fv2%2Fmedia&parent=65"}],"curies":[{"name":"wp","href":"https:\/\/api.w.org\/{rel}","templated":true}]}}