{"id":76,"date":"2023-02-15T15:58:14","date_gmt":"2023-02-15T14:58:14","guid":{"rendered":"https:\/\/sites.ac-nancy-metz.fr\/physique\/wp_local\/?page_id=76"},"modified":"2023-08-10T09:44:50","modified_gmt":"2023-08-10T07:44:50","slug":"premiere","status":"publish","type":"page","link":"https:\/\/sites.ac-nancy-metz.fr\/physique\/wp_local\/?page_id=76","title":{"rendered":"Classe de premi\u00e8re"},"content":{"rendered":"\n<h2 class=\"wp-block-heading has-text-align-center\"><a style=\"color:#000000;\" href=\"..\/wp_local\/?page_id=1648\">Premi\u00e8re g\u00e9n\u00e9rale : enseignement scientifique<\/a><\/h2>\n\n\n\n<h1 class=\"wp-block-heading has-text-align-center\" id=\"1\"><a href=\"..\/wp_local\/?page_id=1648\"><img loading=\"lazy\" decoding=\"async\" src=\"http:\/\/sites.ac-nancy-metz.fr\/physique\/SiteAcademiqueOld\/images\/1.jpg\" alt=\"s\" width=\"150\" height=\"150\"><\/a><\/h1>\n\n\n\n<h2 class=\"wp-block-heading has-text-align-center\"><a style=\"color:#000000;\" href=\"..\/wp_local\/?page_id=1653\">Premi\u00e8re g\u00e9n\u00e9rale: sp\u00e9cialit\u00e9<\/a><\/h2>\n\n\n\n<p class=\"has-text-align-center\"><a href=\"..\/wp_local\/?page_id=1653\"><img loading=\"lazy\" decoding=\"async\" src=\"http:\/\/sites.ac-nancy-metz.fr\/physique\/SiteAcademiqueOld\/images\/SPE.jpg\" alt=\"s\" width=\"150\" height=\"150\"><\/a><\/p>\n\n\n\n<h2 class=\"wp-block-heading has-text-align-center\"><a style=\"color:#000000;\" href=\"..\/wp_local\/?page_id=1665\">Premi\u00e8re ST2S : physique-chimie pour la sant\u00e9<\/a><\/h2>\n\n\n\n<p class=\"has-text-align-center\"><a href=\"..\/wp_local\/?page_id=1665\"><img loading=\"lazy\" decoding=\"async\" src=\"http:\/\/sites.ac-nancy-metz.fr\/physique\/SiteAcademiqueOld\/images\/ST2S.jpg\" alt=\"s\" width=\"150\" height=\"150\"><\/a><\/p>\n\n\n\n<h2 class=\"wp-block-heading has-text-align-center\"><a style=\"color:#000000;\" href=\"..\/wp_local\/?page_id=1668\">Premi\u00e8re STI2D : physique-chimie et math\u00e9matiques<\/a><\/h2>\n\n\n\n<p class=\"has-text-align-center\"><a href=\"..\/wp_local\/?page_id=1668\"><img loading=\"lazy\" decoding=\"async\" src=\"http:\/\/sites.ac-nancy-metz.fr\/physique\/SiteAcademiqueOld\/images\/STI.jpg\" alt=\"s\" width=\"150\" height=\"150\"><\/a><\/p>\n\n\n\n<h2 class=\"wp-block-heading has-text-align-center\"><a style=\"color:#000000;\" href=\"..\/wp_local\/?page_id=1656\">Premi\u00e8re STL : physique-chimie et math\u00e9matiques<\/a><\/h2>\n\n\n\n<p class=\"has-text-align-center\"><a href=\"..\/wp_local\/?page_id=1656\"><img loading=\"lazy\" decoding=\"async\" src=\"http:\/\/sites.ac-nancy-metz.fr\/physique\/SiteAcademiqueOld\/images\/STL.jpg\" alt=\"s\" width=\"150\" height=\"150\"><\/a><\/p>\n\n\n\n<h2 class=\"wp-block-heading has-text-align-center\"><a style=\"color:#000000;\" href=\"..\/wp_local\/?page_id=1660\">Premi\u00e8re STL : sciences physiques et chimiques en laboratoire<\/a><\/h2>\n\n\n\n<p class=\"has-text-align-center\"><a href=\"..\/wp_local\/?page_id=1660\"><img loading=\"lazy\" decoding=\"async\" src=\"http:\/\/sites.ac-nancy-metz.fr\/physique\/SiteAcademiqueOld\/images\/STLL.jpg\" alt=\"s\" width=\"150\" height=\"150\"><\/a><\/p>\n\n\n\n<h2 class=\"wp-block-heading has-text-align-center\"><a style=\"color:#000000;\" href=\"..\/wp_local\/?page_id=1671\">Premi\u00e8re STD2A : physique-chimie<\/a><\/h2>\n\n\n\n<p class=\"has-text-align-center\"><a href=\"..\/wp_local\/?page_id=1671\"><img loading=\"lazy\" decoding=\"async\" src=\"http:\/\/sites.ac-nancy-metz.fr\/physique\/SiteAcademiqueOld\/images\/std2a.jpg\" alt=\"s\" width=\"150\" height=\"150\"><\/a><\/p>\n","protected":false},"excerpt":{"rendered":"<p>Premi\u00e8re g\u00e9n\u00e9rale : enseignement scientifique Premi\u00e8re g\u00e9n\u00e9rale: sp\u00e9cialit\u00e9 Premi\u00e8re ST2S : physique-chimie pour la sant\u00e9 Premi\u00e8re STI2D : physique-chimie et math\u00e9matiques Premi\u00e8re STL : physique-chimie et math\u00e9matiques Premi\u00e8re STL : sciences physiques et chimiques en laboratoire Premi\u00e8re STD2A : physique-chimie<\/p>\n","protected":false},"author":1,"featured_media":410,"parent":31,"menu_order":0,"comment_status":"closed","ping_status":"closed","template":"","meta":{"footnotes":""},"class_list":["post-76","page","type-page","status-publish","has-post-thumbnail","hentry"],"_links":{"self":[{"href":"https:\/\/sites.ac-nancy-metz.fr\/physique\/wp_local\/index.php?rest_route=\/wp\/v2\/pages\/76","targetHints":{"allow":["GET"]}}],"collection":[{"href":"https:\/\/sites.ac-nancy-metz.fr\/physique\/wp_local\/index.php?rest_route=\/wp\/v2\/pages"}],"about":[{"href":"https:\/\/sites.ac-nancy-metz.fr\/physique\/wp_local\/index.php?rest_route=\/wp\/v2\/types\/page"}],"author":[{"embeddable":true,"href":"https:\/\/sites.ac-nancy-metz.fr\/physique\/wp_local\/index.php?rest_route=\/wp\/v2\/users\/1"}],"replies":[{"embeddable":true,"href":"https:\/\/sites.ac-nancy-metz.fr\/physique\/wp_local\/index.php?rest_route=%2Fwp%2Fv2%2Fcomments&post=76"}],"version-history":[{"count":15,"href":"https:\/\/sites.ac-nancy-metz.fr\/physique\/wp_local\/index.php?rest_route=\/wp\/v2\/pages\/76\/revisions"}],"predecessor-version":[{"id":1716,"href":"https:\/\/sites.ac-nancy-metz.fr\/physique\/wp_local\/index.php?rest_route=\/wp\/v2\/pages\/76\/revisions\/1716"}],"up":[{"embeddable":true,"href":"https:\/\/sites.ac-nancy-metz.fr\/physique\/wp_local\/index.php?rest_route=\/wp\/v2\/pages\/31"}],"wp:featuredmedia":[{"embeddable":true,"href":"https:\/\/sites.ac-nancy-metz.fr\/physique\/wp_local\/index.php?rest_route=\/wp\/v2\/media\/410"}],"wp:attachment":[{"href":"https:\/\/sites.ac-nancy-metz.fr\/physique\/wp_local\/index.php?rest_route=%2Fwp%2Fv2%2Fmedia&parent=76"}],"curies":[{"name":"wp","href":"https:\/\/api.w.org\/{rel}","templated":true}]}}