{"id":1309,"date":"2018-03-23T22:39:54","date_gmt":"2018-03-23T21:39:54","guid":{"rendered":"http:\/\/sites.ac-nancy-metz.fr\/ses\/wordpress\/?page_id=1309"},"modified":"2019-04-09T13:06:08","modified_gmt":"2019-04-09T12:06:08","slug":"numerique-educatif","status":"publish","type":"page","link":"https:\/\/sites.ac-nancy-metz.fr\/ses\/wordpress\/accueil\/sequences-pedagogiques\/numerique-educatif\/","title":{"rendered":"Num\u00e9rique \u00e9ducatif"},"content":{"rendered":"<p>Deux usages d&rsquo;outils num\u00e9riques au service des apprentissages<\/p>\n<p><a href=\"http:\/\/sites.ac-nancy-metz.fr\/ses\/wordpress\/accueil\/sequences-pedagogiques\/numerique-educatif\/usagetni\/\">L&rsquo;usage du TNI<\/a><\/p>\n<p><a href=\"http:\/\/sites.ac-nancy-metz.fr\/ses\/wordpress\/accueil\/sequences-pedagogiques\/numerique-educatif\/lapprentissage-par-les-pairs-avec-classflow\/\">L&rsquo;apprentissage par les pairs<\/a><\/p>\n","protected":false},"excerpt":{"rendered":"<p>Deux usages d&rsquo;outils num\u00e9riques au service des apprentissages L&rsquo;usage du TNI L&rsquo;apprentissage par les pairs<\/p>\n","protected":false},"author":6,"featured_media":0,"parent":25,"menu_order":4,"comment_status":"closed","ping_status":"closed","template":"","meta":{"footnotes":""},"class_list":["entry","page","publish","author-charles-antoine","post-1309"],"_links":{"self":[{"href":"https:\/\/sites.ac-nancy-metz.fr\/ses\/wordpress\/wp-json\/wp\/v2\/pages\/1309","targetHints":{"allow":["GET"]}}],"collection":[{"href":"https:\/\/sites.ac-nancy-metz.fr\/ses\/wordpress\/wp-json\/wp\/v2\/pages"}],"about":[{"href":"https:\/\/sites.ac-nancy-metz.fr\/ses\/wordpress\/wp-json\/wp\/v2\/types\/page"}],"author":[{"embeddable":true,"href":"https:\/\/sites.ac-nancy-metz.fr\/ses\/wordpress\/wp-json\/wp\/v2\/users\/6"}],"replies":[{"embeddable":true,"href":"https:\/\/sites.ac-nancy-metz.fr\/ses\/wordpress\/wp-json\/wp\/v2\/comments?post=1309"}],"version-history":[{"count":3,"href":"https:\/\/sites.ac-nancy-metz.fr\/ses\/wordpress\/wp-json\/wp\/v2\/pages\/1309\/revisions"}],"predecessor-version":[{"id":1456,"href":"https:\/\/sites.ac-nancy-metz.fr\/ses\/wordpress\/wp-json\/wp\/v2\/pages\/1309\/revisions\/1456"}],"up":[{"embeddable":true,"href":"https:\/\/sites.ac-nancy-metz.fr\/ses\/wordpress\/wp-json\/wp\/v2\/pages\/25"}],"wp:attachment":[{"href":"https:\/\/sites.ac-nancy-metz.fr\/ses\/wordpress\/wp-json\/wp\/v2\/media?parent=1309"}],"curies":[{"name":"wp","href":"https:\/\/api.w.org\/{rel}","templated":true}]}}