{"id":1333,"date":"2019-04-02T16:49:38","date_gmt":"2019-04-02T15:49:38","guid":{"rendered":"http:\/\/sites.ac-nancy-metz.fr\/ses\/wordpress\/?page_id=1333"},"modified":"2024-10-30T10:23:45","modified_gmt":"2024-10-30T09:23:45","slug":"ressources","status":"publish","type":"page","link":"https:\/\/sites.ac-nancy-metz.fr\/ses\/wordpress\/accueil\/ressources\/","title":{"rendered":"Ressources"},"content":{"rendered":"\n<ul class=\"wp-block-list\">\n<li><strong>Continuit\u00e9 p\u00e9dagogique: ce que proposent les autres acad\u00e9mies:<\/strong><\/li>\n<\/ul>\n\n\n\n<div>L&rsquo;acad\u00e9mie de Aix-Marseille :&nbsp;<a href=\"http:\/\/www.pedagogie.ac-aix-marseille.fr\/jcms\/c_10764582\/fr\/continuation-pedagogique\" target=\"_blank\" rel=\"noopener\">Lien<\/a><\/div>\n\n\n\n<div>L&rsquo;acad\u00e9mie de Amiens :&nbsp;<a href=\"http:\/\/ses.ac-amiens.fr\/CONTINUITE-PEDAGOGIQUE-DES-ENSEIGNEMENTS.html\" target=\"_blank\" rel=\"noopener\">Lien<\/a><\/div>\n\n\n\n<div>L&rsquo;acad\u00e9mie de Bordeaux :&nbsp;<a href=\"https:\/\/ent2d.ac-bordeaux.fr\/disciplines\/ses\/category\/usages-du-numerique\/enseigner-a-distance\/\" target=\"_blank\" rel=\"noopener\">Lien<\/a><\/div>\n\n\n\n<div>L&rsquo;acad\u00e9mie de Caen : <a href=\"https:\/\/ses.discip.ac-caen.fr\/\" target=\"_blank\" rel=\"noopener\">Lien<\/a><\/div>\n\n\n\n<div>L&rsquo;acad\u00e9mie de Guyane : <a href=\"https:\/\/ses.dis.ac-guyane.fr\/Continuite-pedagogique-Les-outils.html\" target=\"_blank\" rel=\"noopener\">Lien<\/a><\/div>\n\n\n\n<div>L&rsquo;acad\u00e9mie de Limoges : <a href=\"http:\/\/pedagogie.ac-limoges.fr\/ses\/spip.php?article1369\" target=\"_blank\" rel=\"noopener\">Lien<\/a><\/div>\n\n\n\n<div>\n<div>L&rsquo;acad\u00e9mie de Montpellier : <a href=\"http:\/\/www.pearltrees.com\/t\/sciences-economiques-sociales\/economiques-pedagogique\/id29965816\" target=\"_blank\" rel=\"noopener\">Lien<\/a><\/div>\n<div>\n<div>L&rsquo;acad\u00e9mie de Nice : <a href=\"https:\/\/www.pedagogie.ac-nice.fr\/ses\/category\/cp\/cp-prof\/\" target=\"_blank\" rel=\"noopener\">Lien<\/a><\/div>\n<div>\n<div>L&rsquo;acad\u00e9mie de Orl\u00e9ans-Tours : <a href=\"https:\/\/www.ac-orleans-tours.fr\/pedagogie\/ses\/actualites\/detail\/news\/continuite_pedagogique\/?tx_news_pi1%5Bcontroller%5D=News&amp;tx_news_pi1%5Baction%5D=detail&amp;cHash=e235400f7b1bb267aec733e1def21321\" target=\"_blank\" rel=\"noopener\">Lien<\/a><\/div>\n<div>\n<div>L&rsquo;acad\u00e9mie de&nbsp;Poitiers :&nbsp;<a href=\"http:\/\/ww2.ac-poitiers.fr\/ses\/spip.php?article458\" target=\"_blank\" rel=\"noopener\">Lien<\/a><\/div>\n<div>\n<div>L&rsquo;acad\u00e9mie de Reims :&nbsp;<a href=\"https:\/\/pedagogie.ac-reims.fr\/index.php\/lycee\/arts-et-sc-humaines\/ses-lycee\" target=\"_blank\" rel=\"noopener\">Lien<\/a><\/div>\n<div>\n<div>L&rsquo;acad\u00e9mique de Rouen : <a href=\"http:\/\/ses.spip.ac-rouen.fr\/spip.php?article623\" target=\"_blank\" rel=\"noopener\">Lien<\/a><\/div>\n<div>\n<div>L&rsquo;acad\u00e9mie de Strasbourg :&nbsp;<a href=\"https:\/\/www.ac-strasbourg.fr\/pedagogie\/ses\/continuite-pedagogique\/\" target=\"_blank\" rel=\"noopener\">Lien<\/a><\/div>\n<div>\n<div>L&rsquo;acad\u00e9mie de Toulouse : <a href=\"https:\/\/disciplines.ac-toulouse.fr\/ses\/enseigner-distance\" target=\"_blank\" rel=\"noopener\">Lien&nbsp;<\/a><\/div>\n<div>L&rsquo;acad\u00e9mie de Versailles : <a href=\"http:\/\/www.ses.ac-versailles.fr\/prgs_2019\/continuite_peda\/continuite.html\" target=\"_blank\" rel=\"noopener\">Lien<\/a><\/div>\n<div>&nbsp;<\/div>\n<\/div>\n<\/div>\n<\/div>\n<\/div>\n<\/div>\n<\/div>\n<\/div>\n<\/div>\n\n\n\n<ul class=\"wp-block-list\">\n<li><strong>Les programmes de SES<\/strong><\/li>\n<\/ul>\n\n\n\n<p><a href=\"https:\/\/eduscol.education.fr\/document\/23149\/download\" target=\"_blank\" rel=\"noreferrer noopener\">Seconde<\/a><\/p>\n\n\n\n<p><a href=\"https:\/\/eduscol.education.fr\/document\/23152\/download\">Premi\u00e8re<\/a><\/p>\n\n\n\n<p><a href=\"https:\/\/eduscol.education.fr\/document\/23155\/download\">Terminale<\/a><\/p>\n\n\n\n<ul class=\"wp-block-list\">\n<li><strong>Informations \u00e9conomiques et sociales<\/strong><ul><br><li><strong>Organismes officiels <\/strong><br><ul><br><li><a title=\"Eduth\u00e8que\" href=\"http:\/\/www.edutheque.fr\/accueil.html\" target=\"_blank\" rel=\"noopener\">Eduth\u00e8que<\/a> Portail de ressources qui permet \u00e0 l&rsquo;enseignant, gr\u00e2ce \u00e0 un seul identifiant, d&rsquo;acc\u00e9der gratuitement \u00e0 des ressources de qualit\u00e9 (en ligne ou en t\u00e9l\u00e9chargement) propos\u00e9es par les grands \u00e9tablissements publics \u00e0 caract\u00e8re scientifique et culturel<\/li><br><li><a title=\"SES-ENS\" href=\"http:\/\/ses.ens-lyon.fr\/\" target=\"_blank\" rel=\"noopener\">ENS-SES Lyon<\/a><\/li><br><li><a title=\"INSEE Premi\u00e8re\" href=\"http:\/\/www.insee.fr\/fr\/publications-et-services\/collection.asp?id=1\" target=\"_blank\" rel=\"noopener\">INSEE Premi\u00e8re<\/a><\/li><br><li><a href=\"http:\/\/www.ladocumentationfrancaise.fr\/\" target=\"_blank\" rel=\"noopener\">La documentation fran\u00e7aise<\/a><\/li><br><li><a title=\"INSEE\" href=\"http:\/\/www.insee.fr\/fr\/\" target=\"_blank\" rel=\"noopener\">L&rsquo;INSEE<\/a><\/li><br><li>La lettre du <a title=\"CEPII\" href=\"http:\/\/www.cepii.fr\/CEPII\/fr\/publications\/lettre.asp\" target=\"_blank\" rel=\"noopener\">Centre d&rsquo;Etudes Prospectives et d&rsquo;Informations Internationales<\/a> (CEPII)<\/li><br><li>Le <a title=\"CEVIPOF\" href=\"http:\/\/www.cevipof.com\/\" target=\"_blank\" rel=\"noopener\">CEVIPOF<\/a>, Centre de recherche politiques de Sciences-Po<\/li><br><li>Le <a title=\"CREDOC\" href=\"http:\/\/www.credoc.fr\/\" target=\"_blank\" rel=\"noopener\">Centre de Recherche pour l&rsquo;EtuDe et l&rsquo;Observation des Conditions de vie<\/a> (CREDOC)<\/li><br><li><a title=\"INED\" href=\"http:\/\/www.ined.fr\/fr\/publications\/pop_soc\/\" target=\"_blank\" rel=\"noopener\">L&rsquo;Institut National de \u00c9tudes D\u00e9mographiques (INED) Population et Soci\u00e9t\u00e9s<\/a><\/li><br><li><a title=\"Liens Socio\" href=\"http:\/\/www.liens-socio.org\" target=\"_blank\" rel=\"noopener\">Liens Socio<\/a> : portail d&rsquo;information des sciences sociales francophones<\/li><br><li><a title=\"OCDE\" href=\"http:\/\/www.oecd.org\/fr\/\" target=\"_blank\" rel=\"noopener\">L&rsquo;Organisation de Coop\u00e9ration et de d\u00e9veloppement \u00c9conomiques<\/a> (OCDE)<\/li><br><li><a title=\"OFCE\" href=\"http:\/\/www.ofce.sciences-po.fr\/\" target=\"_blank\" rel=\"noopener\">L&rsquo;Observatoire Fran\u00e7ais des Conjonctures \u00c9conomiques<\/a> (OFCE)<\/li><br><li><a title=\"Melchior\" href=\"http:\/\/www.melchior.fr\/\" target=\"_blank\" rel=\"noopener\">Melchior<\/a><\/li><br><br><li><a title=\"S.E.S.Webclass\" href=\"http:\/\/ses.webclass.fr\/\" target=\"_blank\" rel=\"noopener\">S.E.S.Webclass<\/a> : Anciennement BriSES, un cours de Terminale ES enti\u00e8rement r\u00e9dig\u00e9 par une \u00e9quipe de professeurs de SES (avec comit\u00e9 de lecture)<\/li><br><\/ul><br><br><\/li><br><li><strong>Revues<\/strong><br><ul><br><li><a title=\"Alternatives Economiques\" href=\"http:\/\/www.alternatives-economiques.fr\/\" target=\"_blank\" rel=\"noopener\">Alternatives \u00e9conomiques<\/a><\/li><br><li><a title=\"Cairn Info\" href=\"http:\/\/www.cairn.info\/\" target=\"_blank\" rel=\"noopener\">Cairn Info<\/a> : premier portail international de revues en langue fran\u00e7aise<\/li><br><li><a title=\"Courrier international\" href=\"http:\/\/www.courrierinternational.com\/\" target=\"_blank\" rel=\"noopener\">Courrier international<\/a><\/li><br><li><a title=\"La vie des id\u00e9es\" href=\"http:\/\/www.laviedesidees.fr\/\" target=\"_blank\" rel=\"noopener\">La vie des id\u00e9es<\/a><\/li><br><li><a href=\"https:\/\/www.vie-publique.fr\/cahiers-francais?xtor=-GOO-[R-Visibilite-dCPC-GA-GrandPublic-CahiersFrancaisAbo-RSA]-[704415885280]-S-[cahier%20fran%C3%A7ais]&amp;gad_source=1&amp;gclid=Cj0KCQjwsoe5BhDiARIsAOXVoUsh3ZkUVrEjVkfzRSddEBPfJVSEEZNX-nEbYKA6ybbI5BJgceQx2-saAsjwEALw_wcB&amp;gclsrc=aw.ds\" target=\"_blank\" rel=\"noreferrer noopener\">Les cahiers fran\u00e7ais<\/a><\/li><br><li><a title=\"Regards crois\u00e9s sur l'\u00e9conomie\" href=\"http:\/\/www.rce-revue.com\/?q=rceblog\" target=\"_blank\" rel=\"noopener\">Regards Crois\u00e9s sur l\u2019\u00e9conomie<\/a><\/li><br><li><a title=\"Sciences Humaines\" href=\"http:\/\/www.scienceshumaines.com\/\" target=\"_blank\" rel=\"noopener\">Sciences Humaines<\/a><\/li><br><\/ul><br><\/li><br><\/ul>\n<ul class=\"wp-block-list\">\n<li><strong>Outils pour la classe<\/strong><\/li>\n\n\n\n<li><a title=\"Dessine moi l'\u00e9co\" href=\"http:\/\/dessinemoileco.com\/\" target=\"_blank\" rel=\"noopener\">Dessine moi l&rsquo;\u00e9co<\/a> : animations vid\u00e9os de 3 minutes pr\u00e9sentant l&rsquo;actualit\u00e9 \u00e9conomique, en partenariat avec Le Monde.fr<\/li>\n\n\n\n<li><a title=\"Invers\u00e9co\" href=\"http:\/\/inverseco.weebly.com\/\" target=\"_blank\" rel=\"noopener\">Invers\u00e9co<\/a> : Site d\u00e9di\u00e9 \u00e0 l&rsquo;exp\u00e9rimentation de classe invers\u00e9e en SES utilisant l&rsquo;outil vid\u00e9o comme support de cours.<\/li>\n\n\n\n<li><a href=\"https:\/\/ses.ac-versailles.fr\/spip.php?rubrique18\" target=\"_blank\" rel=\"noreferrer noopener\">Base de donn\u00e9es de l&rsquo;acad\u00e9mie de Versailles<\/a> recensant tous les sujets de baccalaur\u00e9at avec outil de recherche avanc\u00e9<\/li>\n\n\n\n<li><strong>\u00c9missions de radio<\/strong>\n<ul class=\"wp-block-list\">\n<li><a href=\"http:\/\/www.franceculture.fr\/emission-l-economie-en-questions-0\" target=\"_blank\" rel=\"noopener\">L&rsquo;\u00e9conomie en questions<\/a>, France Culture : chaque samedi, une heure d&rsquo;\u00e9mission autour de l&rsquo;actualit\u00e9 \u00e9conomique de la semaine comment\u00e9e par 4 \u00e9conomistes, professeurs d&rsquo;\u00e9conomie ou chercheurs en partenariat avec <a href=\"http:\/\/www.lesechos.fr\/\" target=\"_blank\" rel=\"noopener\">Les \u00c9chos<\/a><\/li>\n\n\n\n<li><a href=\"http:\/\/www.franceculture.fr\/emission-les-carnets-de-l-economie-0\" target=\"_blank\" rel=\"noopener\">Les carnets de l&rsquo;\u00e9conomie<\/a>, France Culture&nbsp; : courts entretiens (3 minutes) du lundi au jeudi d&rsquo;un chercheur ou d&rsquo;un acteur de l&rsquo;\u00e9conomie<\/li>\n\n\n\n<li><a href=\"http:\/\/www.franceculture.fr\/emission-du-grain-a-moudre-0\" target=\"_blank\" rel=\"noopener\">Du grain \u00e0 moudre<\/a>, France Culture : 40 minutes autour de questions et d\u00e9bats sur des questions de soci\u00e9t\u00e9<\/li>\n<\/ul>\n<\/li>\n<\/ul>\n<\/li>\n\n\n\n<li><a title=\"Sites acad\u00e9miques\" href=\"http:\/\/eduscol.education.fr\/ses\/animation\/sites-acad\" target=\"_blank\" rel=\"noopener\"><strong>Sites SES acad\u00e9miques<\/strong><\/a>\n<ul class=\"wp-block-list\">\n<li><a href=\"http:\/\/www.ses.ac-aix-marseille.fr\/spip\/\" target=\"_blank\" rel=\"noopener\">Aix-Marseille<\/a><\/li>\n\n\n\n<li><a href=\"http:\/\/ses.ac-amiens.fr\/\" target=\"_blank\" rel=\"noopener\">Amiens<\/a><\/li>\n\n\n\n<li><a href=\"http:\/\/artic.ac-besancon.fr\/s_e_s\/\" target=\"_blank\" rel=\"noopener\">Besan\u00e7on<\/a><\/li>\n\n\n\n<li><a href=\"http:\/\/ses.ac-bordeaux.fr\/spip_ses\/\" target=\"_blank\" rel=\"noopener\">Bordeaux<\/a><\/li>\n\n\n\n<li><a href=\"http:\/\/www.discip.crdp.ac-caen.fr\/ses\/\" target=\"_blank\" rel=\"noopener\">Caen<\/a><\/li>\n\n\n\n<li><a href=\"http:\/\/www.ac-clermont.fr\/disciplines\/?id=1213\" target=\"_blank\" rel=\"noopener\">Clermont-Ferrand<\/a><\/li>\n\n\n\n<li><a href=\"http:\/\/ses.ac-creteil.fr\/\" target=\"_blank\" rel=\"noopener\">Cr\u00e9teil<\/a><\/li>\n\n\n\n<li><a href=\"http:\/\/ses.ac-dijon.fr\/\" target=\"_blank\" rel=\"noopener\">Dijon<\/a><\/li>\n\n\n\n<li><a href=\"http:\/\/www.ac-grenoble.fr\/disciplines\/ses\/index.php?lng=fr\" target=\"_blank\" rel=\"noopener\">Grenoble<\/a><\/li>\n\n\n\n<li><a href=\"http:\/\/pedagogie.ac-guadeloupe.fr\/ses\" target=\"_blank\" rel=\"noopener\">Guadeloupe<\/a><\/li>\n\n\n\n<li><a href=\"http:\/\/www4b.ac-lille.fr\/~seslille\/\" target=\"_blank\" rel=\"noopener\">Lille<\/a><\/li>\n\n\n\n<li><a href=\"http:\/\/www.ac-limoges.fr\/ses\/\" target=\"_blank\" rel=\"noopener\">Limoges<\/a><\/li>\n\n\n\n<li><a href=\"http:\/\/www2.ac-lyon.fr\/enseigne\/ses\/index.php\" target=\"_blank\" rel=\"noopener\">Lyon<\/a><\/li>\n\n\n\n<li><a href=\"http:\/\/pedagogie.ac-montpellier.fr\/disciplines\/ses\/\" target=\"_blank\" rel=\"noopener\">Montpellier<\/a><\/li>\n\n\n\n<li><a href=\"http:\/\/www.pedagogie.ac-nantes.fr\/02242272\/0\/fiche___pagelibre\/&amp;RH=1177538786859&amp;RF=SES\" target=\"_blank\" rel=\"noopener\">Nantes<\/a><\/li>\n\n\n\n<li><a href=\"http:\/\/www.ac-nice.fr\/ses\/\" target=\"_blank\" rel=\"noopener\">Nice<\/a><\/li>\n\n\n\n<li><a href=\"http:\/\/ses.ac-orleans-tours.fr\/\" target=\"_blank\" rel=\"noopener\">Orl\u00e9ans-Tour<\/a><\/li>\n\n\n\n<li><a href=\"https:\/\/www.ac-paris.fr\/portail\/jcms\/piapp1_58880\/accueil\" target=\"_blank\" rel=\"noopener\">Paris<\/a><\/li>\n\n\n\n<li><a href=\"http:\/\/ww2.ac-poitiers.fr\/ses\/\" target=\"_blank\" rel=\"noopener\">Poitiers<\/a><\/li>\n\n\n\n<li><a href=\"http:\/\/web.ac-reims.fr\/editice\/index.php\/lettres-et-sciences-humaines\/sciences-economiques-et-sociales?id=1298\" target=\"_blank\" rel=\"noopener\">Reims<\/a><\/li>\n\n\n\n<li><a href=\"http:\/\/espaceeducatif.ac-rennes.fr\/jahia\/Jahia\/site\/espaceeducatif3\/pid\/14351\" target=\"_blank\" rel=\"noopener\">Rennes<\/a><\/li>\n\n\n\n<li><a href=\"http:\/\/ses.ac-reunion.fr\/\" target=\"_blank\" rel=\"noopener\">La r\u00e9union<\/a><\/li>\n\n\n\n<li><a href=\"http:\/\/ses.spip.ac-rouen.fr\/\" target=\"_blank\" rel=\"noopener\">Rouen<\/a><\/li>\n\n\n\n<li><a href=\"http:\/\/www.ac-strasbourg.fr\/pedagogie\/ses\/\" target=\"_blank\" rel=\"noopener\">Strasbourg<\/a><\/li>\n\n\n\n<li><a href=\"http:\/\/automne-ses.ac-toulouse.fr\/\" target=\"_blank\" rel=\"noopener\">Toulouse<\/a><\/li>\n\n\n\n<li><a href=\"http:\/\/www.ses.ac-versailles.fr\/index.html\" target=\"_blank\" rel=\"noopener\">Versailles<\/a><\/li>\n<\/ul>\n<\/li>\n\n\n\n<li><strong>Quelques blogs de coll\u00e8gues de SES<\/strong>\n<ul class=\"wp-block-list\">\n<li><a title=\"Arnaud Parienty\" href=\"http:\/\/alternatives-economiques.fr\/blogs\/parienty\/\" target=\"_blank\" rel=\"noopener\">Arnaud Parienty<\/a><\/li>\n\n\n\n<li><a title=\"Eloge des SES\" href=\"http:\/\/www.eloge-des-ses.fr\/pages\/26alhome.html\" target=\"_blank\" rel=\"noopener\">\u00c9loge des SES<\/a><\/li>\n\n\n\n<li><a title=\"Une heure de peine\" href=\"http:\/\/uneheuredepeine.blogspot.fr\/\" target=\"_blank\" rel=\"noopener\">Une heure de peine<\/a><\/li>\n\n\n\n<li><a title=\"Eloge des SES\" href=\"http:\/\/www.eloge-des-ses.fr\/pages\/26alhome.html\" target=\"_blank\" rel=\"noopener\">Toile SES<\/a><\/li>\n<\/ul>\n<\/li>\n\n\n\n<li><strong>Communication acad\u00e9mique<\/strong>\n<ul class=\"wp-block-list\">\n<li><a title=\"Annuaire acad\u00e9mique\" href=\"https:\/\/id.ac-nancy-metz.fr\/login\/ct_logon.jsp?CT_ORIG_URL=http%3A%2F%2Fportail.ac-nancy-metz.fr%2Fannuaire%2F&amp;ct_orig_uri=http%3A%2F%2Fportail.ac-nancy-metz.fr%2Fannuaire%2F\" target=\"_blank\" rel=\"noopener\">Annuaire acad\u00e9mique<\/a>, consultable avec ses identifiants de messagerie<\/li>\n\n\n\n<li>I-Prof : Portail Arena, puis Gestion des personnels, depuis le site :<\/li>\n\n\n\n<li><a href=\"https:\/\/login.ac-nancy-metz.fr\/idp\/profile\/oidc\/authorize?execution=e2s1\">Partage Nancy-Metz<\/a><\/li>\n\n\n\n<li><a title=\"messagerie acad\u00e9mique\" href=\"https:\/\/webmel.ac-nancy-metz.fr\/\" target=\"_blank\" rel=\"noopener\">Messagerie acad\u00e9mique<\/a><\/li>\n\n\n\n<li><a href=\"https:\/\/ac-nancy-metz.monbureaunumerique.fr\/\">Mon bureau num\u00e9rique<\/a><\/li>\n\n\n\n<li>Liste de diffusion des professeurs de SES : <a class=\"smarterwiki-linkify\" href=\"mailto:professeurs.ses@ac-nancy-metz.fr\">professeurs.ses@ac-nancy-metz.fr<\/a><\/li>\n<\/ul>\n<\/li>\n<\/ul>\n\n\n\n<p>Liste dynamique c&rsquo;est \u00e0 dire actualis\u00e9e automatiquement sans qu&rsquo;il y ait besoin de s&rsquo;y inscrire. La liste est mod\u00e9r\u00e9e <em>a priori<\/em><\/p>\n","protected":false},"excerpt":{"rendered":"<p>L&rsquo;acad\u00e9mie de Aix-Marseille :&nbsp;Lien L&rsquo;acad\u00e9mie de Amiens :&nbsp;Lien L&rsquo;acad\u00e9mie de Bordeaux :&nbsp;Lien L&rsquo;acad\u00e9mie de Caen : Lien L&rsquo;acad\u00e9mie de Guyane : Lien L&rsquo;acad\u00e9mie de Limoges : Lien L&rsquo;acad\u00e9mie de Montpellier : Lien L&rsquo;acad\u00e9mie de Nice : Lien L&rsquo;acad\u00e9mie de Orl\u00e9ans-Tours : Lien L&rsquo;acad\u00e9mie de&nbsp;Poitiers :&nbsp;Lien L&rsquo;acad\u00e9mie de Reims :&nbsp;Lien L&rsquo;acad\u00e9mique de Rouen : Lien L&rsquo;acad\u00e9mie &#8230; <span class=\"more\"><a class=\"more-link\" href=\"https:\/\/sites.ac-nancy-metz.fr\/ses\/wordpress\/accueil\/ressources\/\">[Read more&#8230;]<\/a><\/span><\/p>\n","protected":false},"author":6,"featured_media":0,"parent":7,"menu_order":0,"comment_status":"closed","ping_status":"closed","template":"","meta":{"footnotes":""},"class_list":["entry","page","publish","author-charles-antoine","post-1333"],"_links":{"self":[{"href":"https:\/\/sites.ac-nancy-metz.fr\/ses\/wordpress\/wp-json\/wp\/v2\/pages\/1333","targetHints":{"allow":["GET"]}}],"collection":[{"href":"https:\/\/sites.ac-nancy-metz.fr\/ses\/wordpress\/wp-json\/wp\/v2\/pages"}],"about":[{"href":"https:\/\/sites.ac-nancy-metz.fr\/ses\/wordpress\/wp-json\/wp\/v2\/types\/page"}],"author":[{"embeddable":true,"href":"https:\/\/sites.ac-nancy-metz.fr\/ses\/wordpress\/wp-json\/wp\/v2\/users\/6"}],"replies":[{"embeddable":true,"href":"https:\/\/sites.ac-nancy-metz.fr\/ses\/wordpress\/wp-json\/wp\/v2\/comments?post=1333"}],"version-history":[{"count":15,"href":"https:\/\/sites.ac-nancy-metz.fr\/ses\/wordpress\/wp-json\/wp\/v2\/pages\/1333\/revisions"}],"predecessor-version":[{"id":1571,"href":"https:\/\/sites.ac-nancy-metz.fr\/ses\/wordpress\/wp-json\/wp\/v2\/pages\/1333\/revisions\/1571"}],"up":[{"embeddable":true,"href":"https:\/\/sites.ac-nancy-metz.fr\/ses\/wordpress\/wp-json\/wp\/v2\/pages\/7"}],"wp:attachment":[{"href":"https:\/\/sites.ac-nancy-metz.fr\/ses\/wordpress\/wp-json\/wp\/v2\/media?parent=1333"}],"curies":[{"name":"wp","href":"https:\/\/api.w.org\/{rel}","templated":true}]}}