{"id":1370,"date":"2019-04-04T14:12:03","date_gmt":"2019-04-04T13:12:03","guid":{"rendered":"http:\/\/sites.ac-nancy-metz.fr\/ses\/wordpress\/?page_id=1370"},"modified":"2019-04-09T07:41:56","modified_gmt":"2019-04-09T06:41:56","slug":"tutoriels","status":"publish","type":"page","link":"https:\/\/sites.ac-nancy-metz.fr\/ses\/wordpress\/accueil\/a-propos-de-pedagogie\/tutoriels\/","title":{"rendered":"Tutoriels"},"content":{"rendered":"<p>Certaines ressources propos\u00e9es n\u00e9cessitent une application sp\u00e9cifique. Cette page vous propose alors d&rsquo;apprendre \u00e0 utiliser ces applications.<\/p>\n<p>Si vous avez un besoin de tutoriels ou si vous voulez en proposer un, merci de le signaler \u00e0:<\/p>\n<p>charles-antoine.boivin@ac-nancy-metz.fr<\/p>\n<p>&nbsp;<\/p>\n<h4>Les Tutoriels<\/h4>\n\n<table id=\"tablepress-27\" class=\"tablepress tablepress-id-27\">\n<thead>\n<tr class=\"row-1 odd\">\n\t<th class=\"column-1\">Nom du tutoriel<\/th><th class=\"column-2\">Lien vers le tutoriel<br \/>\n<\/th>\n<\/tr>\n<\/thead>\n<tbody class=\"row-hover\">\n<tr class=\"row-2 even\">\n\t<td class=\"column-1\">Qu'est-ce que Moodle ?<\/td><td class=\"column-2\"><a href=\"http:\/\/www4.ac-nancy-metz.fr\/ses\/fichiers\/Mutualisation\/Tuto\/qu_est_ce_que_moodle.mbz\" rel=\"noopener\" target=\"_blank\">lien<\/a><\/td>\n<\/tr>\n<tr class=\"row-3 odd\">\n\t<td class=\"column-1\">Importer un fichier sous Moodle<\/td><td class=\"column-2\"><a href=\"http:\/\/www4.ac-nancy-metz.fr\/ses\/fichiers\/Mutualisation\/Tuto\/tuto_importer_moodle.wmv\" rel=\"noopener\" target=\"_blank\">lien<\/a><\/td>\n<\/tr>\n<tr class=\"row-4 even\">\n\t<td class=\"column-1\">Importer un fichier sous Open Board<\/td><td class=\"column-2\"><a href=\"http:\/\/www4.ac-nancy-metz.fr\/ses\/fichiers\/Mutualisation\/Tuto\/tuto_importer_openboard.wmv\" rel=\"noopener\" target=\"_blank\">lien<\/a><\/td>\n<\/tr>\n<tr class=\"row-5 odd\">\n\t<td class=\"column-1\"><\/td><td class=\"column-2\"><\/td>\n<\/tr>\n<\/tbody>\n<\/table>\n<!-- #tablepress-27 from cache -->\n","protected":false},"excerpt":{"rendered":"<p>Certaines ressources propos\u00e9es n\u00e9cessitent une application sp\u00e9cifique. Cette page vous propose alors d&rsquo;apprendre \u00e0 utiliser ces applications. Si vous avez un besoin de tutoriels ou si vous voulez en proposer un, merci de le signaler \u00e0: charles-antoine.boivin@ac-nancy-metz.fr &nbsp; Les Tutoriels<\/p>\n","protected":false},"author":6,"featured_media":0,"parent":21,"menu_order":0,"comment_status":"closed","ping_status":"closed","template":"","meta":{"footnotes":""},"class_list":["entry","page","publish","author-charles-antoine","post-1370"],"_links":{"self":[{"href":"https:\/\/sites.ac-nancy-metz.fr\/ses\/wordpress\/wp-json\/wp\/v2\/pages\/1370","targetHints":{"allow":["GET"]}}],"collection":[{"href":"https:\/\/sites.ac-nancy-metz.fr\/ses\/wordpress\/wp-json\/wp\/v2\/pages"}],"about":[{"href":"https:\/\/sites.ac-nancy-metz.fr\/ses\/wordpress\/wp-json\/wp\/v2\/types\/page"}],"author":[{"embeddable":true,"href":"https:\/\/sites.ac-nancy-metz.fr\/ses\/wordpress\/wp-json\/wp\/v2\/users\/6"}],"replies":[{"embeddable":true,"href":"https:\/\/sites.ac-nancy-metz.fr\/ses\/wordpress\/wp-json\/wp\/v2\/comments?post=1370"}],"version-history":[{"count":2,"href":"https:\/\/sites.ac-nancy-metz.fr\/ses\/wordpress\/wp-json\/wp\/v2\/pages\/1370\/revisions"}],"predecessor-version":[{"id":1431,"href":"https:\/\/sites.ac-nancy-metz.fr\/ses\/wordpress\/wp-json\/wp\/v2\/pages\/1370\/revisions\/1431"}],"up":[{"embeddable":true,"href":"https:\/\/sites.ac-nancy-metz.fr\/ses\/wordpress\/wp-json\/wp\/v2\/pages\/21"}],"wp:attachment":[{"href":"https:\/\/sites.ac-nancy-metz.fr\/ses\/wordpress\/wp-json\/wp\/v2\/media?parent=1370"}],"curies":[{"name":"wp","href":"https:\/\/api.w.org\/{rel}","templated":true}]}}