{"id":1374,"date":"2019-04-04T20:31:45","date_gmt":"2019-04-04T19:31:45","guid":{"rendered":"http:\/\/sites.ac-nancy-metz.fr\/ses\/wordpress\/?page_id=1374"},"modified":"2019-04-09T13:40:39","modified_gmt":"2019-04-09T12:40:39","slug":"les-comptes-rendus-du-seminaire-nationale-sur-les-nouveaux-programmes","status":"publish","type":"page","link":"https:\/\/sites.ac-nancy-metz.fr\/ses\/wordpress\/accueil\/infos-pratiques-et-institutionnelles\/documents-officiels-de-la-discipline\/les-comptes-rendus-du-seminaire-nationale-sur-les-nouveaux-programmes\/","title":{"rendered":"Les comptes rendus du s\u00e9minaire national sur les nouveaux programmes"},"content":{"rendered":"<p>Vous trouverez sur cette page les comptes rendus du s\u00e9minaire par les enseignants de Nancy-Metz et Strasbourg. Ces documents ont \u00e9t\u00e9 r\u00e9alis\u00e9s \u00e0 partir de leurs notes. Elle n&rsquo;engagent donc qu&rsquo;eux.<\/p>\n<p><strong>Seconde:<\/strong><\/p>\n<p>Comment les \u00e9conomistes, les sociologues et les politistes raisonnent-ils et travaillent-ils ?<\/p>\n<p>Comment cr\u00e9e-t-on des richesses et comment les mesure-t-on ?<\/p>\n<p>Comment se forment les prix sur un march\u00e9 ?<\/p>\n<p>Comment devenons-nous des acteurs sociaux ?<\/p>\n<p>Comment s\u2019organise la vie politique ?<\/p>\n<p>Quelles relations entre le dipl\u00f4me, l\u2019emploi et le salaire ?<\/p>\n<p>&nbsp;<\/p>\n<p><strong>Premi\u00e8re:<\/strong><\/p>\n<p>Comment un march\u00e9 concurrentiel fonctionne-t-il ?<\/p>\n<p><a href=\"http:\/\/sites.ac-nancy-metz.fr\/ses\/fichiers\/Formations\/Reunion_de_bassin\/2018_2019\/1_e2.pptx\">Comment les march\u00e9s imparfaitement concurrentiels fonctionnent-ils ?<\/a><\/p>\n<p><a href=\"http:\/\/sites.ac-nancy-metz.fr\/ses\/fichiers\/Formations\/Reunion_de_bassin\/2018_2019\/1_e3.pptx\">Quelles sont les principales d\u00e9faillances du march\u00e9 ?<\/a><\/p>\n<p>Comment les agents \u00e9conomiques se financent-ils ?<\/p>\n<p>Qu\u2019est-ce que la monnaie et comment est-elle cr\u00e9\u00e9e ?<\/p>\n<p>Comment la socialisation contribue-t-elle \u00e0 expliquer les diff\u00e9rences de comportement des individus ?<\/p>\n<p><a href=\"http:\/\/sites.ac-nancy-metz.fr\/ses\/fichiers\/Formations\/Reunion_de_bassin\/2018_2019\/S.Paugam.pptx\">Comment se construisent et \u00e9voluent les liens sociaux ?<\/a><\/p>\n<p>Quels sont les processus sociaux qui contribuent \u00e0 la d\u00e9viance ?<\/p>\n<p>Comment se forme et s\u2019exprime l\u2019opinion publique ?<\/p>\n<p>Voter : une affaire individuelle ou collective ?<\/p>\n<p>Comment l\u2019assurance et la protection sociale contribuent-elles \u00e0 la gestion des risques dans les soci\u00e9t\u00e9s d\u00e9velopp\u00e9es ?<\/p>\n<p>Comment les entreprises sont-elles organis\u00e9es et gouvern\u00e9es ?<\/p>\n","protected":false},"excerpt":{"rendered":"<p>Vous trouverez sur cette page les comptes rendus du s\u00e9minaire par les enseignants de Nancy-Metz et Strasbourg. Ces documents ont \u00e9t\u00e9 r\u00e9alis\u00e9s \u00e0 partir de leurs notes. Elle n&rsquo;engagent donc qu&rsquo;eux. Seconde: Comment les \u00e9conomistes, les sociologues et les politistes raisonnent-ils et travaillent-ils ? Comment cr\u00e9e-t-on des richesses et comment les mesure-t-on ? Comment se &#8230; <span class=\"more\"><a class=\"more-link\" href=\"https:\/\/sites.ac-nancy-metz.fr\/ses\/wordpress\/accueil\/infos-pratiques-et-institutionnelles\/documents-officiels-de-la-discipline\/les-comptes-rendus-du-seminaire-nationale-sur-les-nouveaux-programmes\/\">[Read more&#8230;]<\/a><\/span><\/p>\n","protected":false},"author":6,"featured_media":0,"parent":43,"menu_order":0,"comment_status":"closed","ping_status":"closed","template":"","meta":{"footnotes":""},"class_list":["entry","page","publish","author-charles-antoine","post-1374"],"_links":{"self":[{"href":"https:\/\/sites.ac-nancy-metz.fr\/ses\/wordpress\/wp-json\/wp\/v2\/pages\/1374","targetHints":{"allow":["GET"]}}],"collection":[{"href":"https:\/\/sites.ac-nancy-metz.fr\/ses\/wordpress\/wp-json\/wp\/v2\/pages"}],"about":[{"href":"https:\/\/sites.ac-nancy-metz.fr\/ses\/wordpress\/wp-json\/wp\/v2\/types\/page"}],"author":[{"embeddable":true,"href":"https:\/\/sites.ac-nancy-metz.fr\/ses\/wordpress\/wp-json\/wp\/v2\/users\/6"}],"replies":[{"embeddable":true,"href":"https:\/\/sites.ac-nancy-metz.fr\/ses\/wordpress\/wp-json\/wp\/v2\/comments?post=1374"}],"version-history":[{"count":12,"href":"https:\/\/sites.ac-nancy-metz.fr\/ses\/wordpress\/wp-json\/wp\/v2\/pages\/1374\/revisions"}],"predecessor-version":[{"id":1464,"href":"https:\/\/sites.ac-nancy-metz.fr\/ses\/wordpress\/wp-json\/wp\/v2\/pages\/1374\/revisions\/1464"}],"up":[{"embeddable":true,"href":"https:\/\/sites.ac-nancy-metz.fr\/ses\/wordpress\/wp-json\/wp\/v2\/pages\/43"}],"wp:attachment":[{"href":"https:\/\/sites.ac-nancy-metz.fr\/ses\/wordpress\/wp-json\/wp\/v2\/media?parent=1374"}],"curies":[{"name":"wp","href":"https:\/\/api.w.org\/{rel}","templated":true}]}}