{"id":1382,"date":"2019-04-04T20:41:08","date_gmt":"2019-04-04T19:41:08","guid":{"rendered":"http:\/\/sites.ac-nancy-metz.fr\/ses\/wordpress\/?page_id=1382"},"modified":"2019-04-09T15:47:31","modified_gmt":"2019-04-09T14:47:31","slug":"les-propositions-de-sequences-pedagogiques-mobilisant-le-numerique","status":"publish","type":"page","link":"https:\/\/sites.ac-nancy-metz.fr\/ses\/wordpress\/accueil\/infos-pratiques-et-institutionnelles\/documents-officiels-de-la-discipline\/les-propositions-de-sequences-pedagogiques-mobilisant-le-numerique\/","title":{"rendered":"Les propositions de s\u00e9quences p\u00e9dagogiques mobilisant le num\u00e9rique"},"content":{"rendered":"<p><strong>Seconde:<\/strong><\/p>\n<p><a href=\"http:\/\/sites.ac-nancy-metz.fr\/ses\/fichiers\/Formations\/Reunion_de_bassin\/2018_2019\/intro_seconde.docx\" target=\"_blank\" rel=\"noopener\">Comment les \u00e9conomistes, les sociologues et les politistes raisonnent-ils et travaillent-ils ?<\/a><\/p>\n<p>&nbsp;<\/p>\n<p><strong>Premi\u00e8re:<\/strong><\/p>\n<p><a href=\"http:\/\/sites.ac-nancy-metz.fr\/ses\/fichiers\/Formations\/Reunion_de_bassin\/2018_2019\/marche.docx\" target=\"_blank\" rel=\"noopener\">Quelles sont les principales d\u00e9faillances du march\u00e9 ?<\/a><\/p>\n<p><a href=\"http:\/\/sites.ac-nancy-metz.fr\/ses\/fichiers\/Formations\/Reunion_de_bassin\/2018_2019\/Assurance et protection sociale .odt\">Comment l\u2019assurance et la protection sociale contribuent-elles \u00e0 la gestion des risques dans les soci\u00e9t\u00e9s d\u00e9velopp\u00e9es ?<\/a><\/p>\n<p><a href=\"http:\/\/sites.ac-nancy-metz.fr\/ses\/fichiers\/Formations\/Reunion_de_bassin\/2018_2019\/ProgrammePREMIERE2020.docx\">Comment les entreprises sont-elles organis\u00e9es et gouvern\u00e9es ?<\/a><\/p>\n","protected":false},"excerpt":{"rendered":"<p>Seconde: Comment les \u00e9conomistes, les sociologues et les politistes raisonnent-ils et travaillent-ils ? &nbsp; Premi\u00e8re: Quelles sont les principales d\u00e9faillances du march\u00e9 ? Comment l\u2019assurance et la protection sociale contribuent-elles \u00e0 la gestion des risques dans les soci\u00e9t\u00e9s d\u00e9velopp\u00e9es ? Comment les entreprises sont-elles organis\u00e9es et gouvern\u00e9es ?<\/p>\n","protected":false},"author":6,"featured_media":0,"parent":43,"menu_order":0,"comment_status":"closed","ping_status":"closed","template":"","meta":{"footnotes":""},"class_list":["entry","page","publish","author-charles-antoine","post-1382"],"_links":{"self":[{"href":"https:\/\/sites.ac-nancy-metz.fr\/ses\/wordpress\/wp-json\/wp\/v2\/pages\/1382","targetHints":{"allow":["GET"]}}],"collection":[{"href":"https:\/\/sites.ac-nancy-metz.fr\/ses\/wordpress\/wp-json\/wp\/v2\/pages"}],"about":[{"href":"https:\/\/sites.ac-nancy-metz.fr\/ses\/wordpress\/wp-json\/wp\/v2\/types\/page"}],"author":[{"embeddable":true,"href":"https:\/\/sites.ac-nancy-metz.fr\/ses\/wordpress\/wp-json\/wp\/v2\/users\/6"}],"replies":[{"embeddable":true,"href":"https:\/\/sites.ac-nancy-metz.fr\/ses\/wordpress\/wp-json\/wp\/v2\/comments?post=1382"}],"version-history":[{"count":4,"href":"https:\/\/sites.ac-nancy-metz.fr\/ses\/wordpress\/wp-json\/wp\/v2\/pages\/1382\/revisions"}],"predecessor-version":[{"id":1465,"href":"https:\/\/sites.ac-nancy-metz.fr\/ses\/wordpress\/wp-json\/wp\/v2\/pages\/1382\/revisions\/1465"}],"up":[{"embeddable":true,"href":"https:\/\/sites.ac-nancy-metz.fr\/ses\/wordpress\/wp-json\/wp\/v2\/pages\/43"}],"wp:attachment":[{"href":"https:\/\/sites.ac-nancy-metz.fr\/ses\/wordpress\/wp-json\/wp\/v2\/media?parent=1382"}],"curies":[{"name":"wp","href":"https:\/\/api.w.org\/{rel}","templated":true}]}}