{"id":1410,"date":"2019-04-08T12:21:48","date_gmt":"2019-04-08T11:21:48","guid":{"rendered":"http:\/\/sites.ac-nancy-metz.fr\/ses\/wordpress\/?page_id=1410"},"modified":"2019-04-10T07:48:24","modified_gmt":"2019-04-10T06:48:24","slug":"les-ressources-mutualisees","status":"publish","type":"page","link":"https:\/\/sites.ac-nancy-metz.fr\/ses\/wordpress\/accueil\/a-propos-de-pedagogie\/les-ressources-mutualisees\/","title":{"rendered":"Les ressources mutualis\u00e9es"},"content":{"rendered":"<p>Vous trouverez ici des ressources propos\u00e9es par des enseignants. Les choix p\u00e9dagogiques n&rsquo;engagent que l&rsquo;enseignant qui en est \u00e0 l&rsquo;origine.<\/p>\n<p>Veillez aussi \u00e0 \u00eatre attentif aux sources: les documents propos\u00e9s seront peut \u00eatre issus de manuels dont votre \u00e9tablissement n&rsquo;est pas souscripteur; il s&rsquo;agira alors de modifier les ressources pour les adapter \u00e0 votre manuel.<\/p>\n<p>Certaines n\u00e9cessitent des logiciels sp\u00e9cifiques. Pensez alors \u00e0 regarder s&rsquo;il existe un <a href=\"http:\/\/sites.ac-nancy-metz.fr\/ses\/wordpress\/accueil\/a-propos-de-pedagogie\/tutoriels\/\">tutoriel<\/a> pour ce logiciel.<\/p>\n<p>&nbsp;<\/p>\n\n<table id=\"tablepress-26\" class=\"tablepress tablepress-id-26\">\n<thead>\n<tr class=\"row-1 odd\">\n\t<th class=\"column-1\">Niveau<\/th><th class=\"column-2\">Chapitre<\/th><th class=\"column-3\">Descriptif<\/th><th class=\"column-4\">Lien vers la ressource<\/th>\n<\/tr>\n<\/thead>\n<tbody class=\"row-hover\">\n<tr class=\"row-2 even\">\n\t<td class=\"column-1\">Seconde <\/td><td class=\"column-2\">Comment les \u00e9conomistes, les sociologues et les politistes raisonnent-ils et travaillent-ils ? <\/td><td class=\"column-3\">La s\u00e9quence sous Open Board (voir tuto):<\/td><td class=\"column-4\"><a href=\"http:\/\/www4.ac-nancy-metz.fr\/ses\/fichiers\/Mutualisation\/seconde\/2_intro_openboard1.ubz\" rel=\"noopener\" target=\"_blank\">lien<\/a><\/td>\n<\/tr>\n<tr class=\"row-3 odd\">\n\t<td class=\"column-1\">Seconde <\/td><td class=\"column-2\">Comment les \u00e9conomistes, les sociologues et les politistes raisonnent-ils et travaillent-ils ? <\/td><td class=\"column-3\">La s\u00e9quence sous Moodle (voir tuto)<\/td><td class=\"column-4\"><a href=\"http:\/\/www4.ac-nancy-metz.fr\/ses\/fichiers\/Mutualisation\/seconde\/2_intro_moodle1.mbz\" rel=\"noopener\" target=\"_blank\">lien<\/a><\/td>\n<\/tr>\n<tr class=\"row-4 even\">\n\t<td class=\"column-1\">seconde<\/td><td class=\"column-2\">Comment les \u00e9conomistes, les sociologues et les politistes raisonnent-ils et travaillent-ils ? <\/td><td class=\"column-3\">Un proposition de s\u00e9quence int\u00e9grant le num\u00e9rique (r\u00e9union de bassin)<\/td><td class=\"column-4\"><a href=\"http:\/\/www4.ac-nancy-metz.fr\/ses\/wordpress\/accueil\/actus-pratiques-et-institutionnelles\/documents-officiels-de-la-discipline\/les-propositions-de-sequences-pedagogiques-mobilisant-le-numerique\/\">lien<\/a><\/td>\n<\/tr>\n<tr class=\"row-5 odd\">\n\t<td class=\"column-1\">Premi\u00e8re<\/td><td class=\"column-2\">Quelles sont les principales d\u00e9faillances du march\u00e9 ?<\/td><td class=\"column-3\">Un proposition de s\u00e9quence int\u00e9grant le num\u00e9rique (r\u00e9union de bassin)<\/td><td class=\"column-4\"><a href=\"http:\/\/www4.ac-nancy-metz.fr\/ses\/wordpress\/accueil\/actus-pratiques-et-institutionnelles\/documents-officiels-de-la-discipline\/les-propositions-de-sequences-pedagogiques-mobilisant-le-numerique\/\">lien<\/a><\/td>\n<\/tr>\n<tr class=\"row-6 even\">\n\t<td class=\"column-1\">Premi\u00e8re<\/td><td class=\"column-2\">Comment l\u2019assurance et la protection sociale contribuent-elles \u00e0 la gestion des risques dans les soci\u00e9t\u00e9s d\u00e9velopp\u00e9es ?<\/td><td class=\"column-3\">Un proposition de s\u00e9quence int\u00e9grant le num\u00e9rique (r\u00e9union de bassin)<\/td><td class=\"column-4\"><a href=\"http:\/\/www4.ac-nancy-metz.fr\/ses\/wordpress\/accueil\/actus-pratiques-et-institutionnelles\/documents-officiels-de-la-discipline\/les-propositions-de-sequences-pedagogiques-mobilisant-le-numerique\/\">lien<\/a><\/td>\n<\/tr>\n<tr class=\"row-7 odd\">\n\t<td class=\"column-1\">Premi\u00e8re<\/td><td class=\"column-2\">Comment les entreprises sont-elles organis\u00e9es et gouvern\u00e9es ?<\/td><td class=\"column-3\">Un proposition de s\u00e9quence int\u00e9grant le num\u00e9rique (r\u00e9union de bassin)<\/td><td class=\"column-4\"><a href=\"http:\/\/www4.ac-nancy-metz.fr\/ses\/wordpress\/accueil\/actus-pratiques-et-institutionnelles\/documents-officiels-de-la-discipline\/les-propositions-de-sequences-pedagogiques-mobilisant-le-numerique\/\">lien<\/a><\/td>\n<\/tr>\n<tr class=\"row-8 even\">\n\t<td class=\"column-1\">Premi\u00e8re<\/td><td class=\"column-2\">Comment un march\u00e9 concurrentiel fonctionne-t-il ?<\/td><td class=\"column-3\">Une proposition de s\u00e9quence<\/td><td class=\"column-4\"><a href=\"http:\/\/www4.ac-nancy-metz.fr\/ses\/fichiers\/Mutualisation\/premiere\/1_e1_cours1.odp\" rel=\"noopener\" target=\"_blank\">Lien<\/a><\/td>\n<\/tr>\n<tr class=\"row-9 odd\">\n\t<td class=\"column-1\">Premi\u00e8re<\/td><td class=\"column-2\">Comment un march\u00e9 concurrentiel fonctionne-t-il ?<\/td><td class=\"column-3\">Une proposition de s\u00e9quence<\/td><td class=\"column-4\"><a href=\"http:\/\/www4.ac-nancy-metz.fr\/ses\/fichiers\/Mutualisation\/premiere\/1_e1_cours2.docx\" rel=\"noopener\" target=\"_blank\">Lien<\/a><\/td>\n<\/tr>\n<tr class=\"row-10 even\">\n\t<td class=\"column-1\">Premi\u00e8re<\/td><td class=\"column-2\">Comment un march\u00e9 concurrentiel fonctionne-t-il ?<\/td><td class=\"column-3\">Une proposition de DS\/activit\u00e9<\/td><td class=\"column-4\"><a href=\"http:\/\/www4.ac-nancy-metz.fr\/ses\/fichiers\/Mutualisation\/premiere\/1_e1_DS1.odt\" rel=\"noopener\" target=\"_blank\">Lien<\/a><\/td>\n<\/tr>\n<tr class=\"row-11 odd\">\n\t<td class=\"column-1\">Premi\u00e8re<\/td><td class=\"column-2\">Comment les march\u00e9s imparfaitement concurrentiels fonctionnent-ils ?<br \/>\n<\/td><td class=\"column-3\">Une proposition de DS\/activit\u00e9<\/td><td class=\"column-4\"><a href=\"http:\/\/www4.ac-nancy-metz.fr\/ses\/fichiers\/Mutualisation\/premiere\/1_e2_DS2.odt\" rel=\"noopener\" target=\"_blank\">Lien<\/a><\/td>\n<\/tr>\n<tr class=\"row-12 even\">\n\t<td class=\"column-1\">Premi\u00e8re<\/td><td class=\"column-2\">Quelles sont les principales d\u00e9faillances de march\u00e9 ?<\/td><td class=\"column-3\">Une proposition de s\u00e9quence<\/td><td class=\"column-4\"><a href=\"http:\/\/www4.ac-nancy-metz.fr\/ses\/fichiers\/Mutualisation\/premiere\/1_e3_cours1.docx\" rel=\"noopener\" target=\"_blank\">Lien<\/a><\/td>\n<\/tr>\n<tr class=\"row-13 odd\">\n\t<td class=\"column-1\">Premi\u00e8re<\/td><td class=\"column-2\">Quelles sont les principales d\u00e9faillances de march\u00e9 ?<\/td><td class=\"column-3\">Une proposition de DS\/activit\u00e9<\/td><td class=\"column-4\"><a href=\"http:\/\/www4.ac-nancy-metz.fr\/ses\/fichiers\/Mutualisation\/premiere\/1_e3_DS1.docx\" rel=\"noopener\" target=\"_blank\">Lien<\/a><\/td>\n<\/tr>\n<tr class=\"row-14 even\">\n\t<td class=\"column-1\">Premi\u00e8re<\/td><td class=\"column-2\">Quelles sont les principales d\u00e9faillances de march\u00e9 ?<\/td><td class=\"column-3\">Une proposition de DS\/activit\u00e9<\/td><td class=\"column-4\"><a href=\"http:\/\/www4.ac-nancy-metz.fr\/ses\/fichiers\/Mutualisation\/premiere\/1_e3_DS2.docx\" rel=\"noopener\" target=\"_blank\">Lien<\/a><\/td>\n<\/tr>\n<\/tbody>\n<\/table>\n<!-- #tablepress-26 from cache -->\n<p>&nbsp;<\/p>\n","protected":false},"excerpt":{"rendered":"<p>Vous trouverez ici des ressources propos\u00e9es par des enseignants. Les choix p\u00e9dagogiques n&rsquo;engagent que l&rsquo;enseignant qui en est \u00e0 l&rsquo;origine. Veillez aussi \u00e0 \u00eatre attentif aux sources: les documents propos\u00e9s seront peut \u00eatre issus de manuels dont votre \u00e9tablissement n&rsquo;est pas souscripteur; il s&rsquo;agira alors de modifier les ressources pour les adapter \u00e0 votre manuel. &#8230; <span class=\"more\"><a class=\"more-link\" href=\"https:\/\/sites.ac-nancy-metz.fr\/ses\/wordpress\/accueil\/a-propos-de-pedagogie\/les-ressources-mutualisees\/\">[Read more&#8230;]<\/a><\/span><\/p>\n","protected":false},"author":6,"featured_media":0,"parent":21,"menu_order":0,"comment_status":"closed","ping_status":"closed","template":"","meta":{"footnotes":""},"class_list":["entry","page","publish","author-charles-antoine","post-1410"],"_links":{"self":[{"href":"https:\/\/sites.ac-nancy-metz.fr\/ses\/wordpress\/wp-json\/wp\/v2\/pages\/1410","targetHints":{"allow":["GET"]}}],"collection":[{"href":"https:\/\/sites.ac-nancy-metz.fr\/ses\/wordpress\/wp-json\/wp\/v2\/pages"}],"about":[{"href":"https:\/\/sites.ac-nancy-metz.fr\/ses\/wordpress\/wp-json\/wp\/v2\/types\/page"}],"author":[{"embeddable":true,"href":"https:\/\/sites.ac-nancy-metz.fr\/ses\/wordpress\/wp-json\/wp\/v2\/users\/6"}],"replies":[{"embeddable":true,"href":"https:\/\/sites.ac-nancy-metz.fr\/ses\/wordpress\/wp-json\/wp\/v2\/comments?post=1410"}],"version-history":[{"count":5,"href":"https:\/\/sites.ac-nancy-metz.fr\/ses\/wordpress\/wp-json\/wp\/v2\/pages\/1410\/revisions"}],"predecessor-version":[{"id":1475,"href":"https:\/\/sites.ac-nancy-metz.fr\/ses\/wordpress\/wp-json\/wp\/v2\/pages\/1410\/revisions\/1475"}],"up":[{"embeddable":true,"href":"https:\/\/sites.ac-nancy-metz.fr\/ses\/wordpress\/wp-json\/wp\/v2\/pages\/21"}],"wp:attachment":[{"href":"https:\/\/sites.ac-nancy-metz.fr\/ses\/wordpress\/wp-json\/wp\/v2\/media?parent=1410"}],"curies":[{"name":"wp","href":"https:\/\/api.w.org\/{rel}","templated":true}]}}