{"id":1414,"date":"2019-04-08T12:29:48","date_gmt":"2019-04-08T11:29:48","guid":{"rendered":"http:\/\/sites.ac-nancy-metz.fr\/ses\/wordpress\/?page_id=1414"},"modified":"2019-04-08T12:29:48","modified_gmt":"2019-04-08T11:29:48","slug":"contribuez","status":"publish","type":"page","link":"https:\/\/sites.ac-nancy-metz.fr\/ses\/wordpress\/accueil\/a-propos-de-pedagogie\/contribuez\/","title":{"rendered":"Contribuez"},"content":{"rendered":"<p>Si vous \u00eates enseignant de SES et souhaitez contribuer, que ce soit pour proposer une s\u00e9quence ou une activit\u00e9, n&rsquo;h\u00e9sitez pas.<\/p>\n<p>Il vous suffit d&rsquo;envoyer, depuis votre adresse acad\u00e9mique, un mail \u00e0 cette adresse: charles-antoine.boivin@ac-nancy-metz.fr<\/p>\n<p>Pour faciliter la mise en ligne de votre ressource, merci de pr\u00e9ciser les points suivants:<\/p>\n<ul>\n<li>Le niveau (seconde, premi\u00e8re, terminale)<\/li>\n<li>Le chapitre<\/li>\n<li>Un petit descriptif<\/li>\n<\/ul>\n<p>Bien s\u00fbr, n&rsquo;oubliez pas de joindre votre ressource.<\/p>\n","protected":false},"excerpt":{"rendered":"<p>Si vous \u00eates enseignant de SES et souhaitez contribuer, que ce soit pour proposer une s\u00e9quence ou une activit\u00e9, n&rsquo;h\u00e9sitez pas. Il vous suffit d&rsquo;envoyer, depuis votre adresse acad\u00e9mique, un mail \u00e0 cette adresse: charles-antoine.boivin@ac-nancy-metz.fr Pour faciliter la mise en ligne de votre ressource, merci de pr\u00e9ciser les points suivants: Le niveau (seconde, premi\u00e8re, terminale) &#8230; <span class=\"more\"><a class=\"more-link\" href=\"https:\/\/sites.ac-nancy-metz.fr\/ses\/wordpress\/accueil\/a-propos-de-pedagogie\/contribuez\/\">[Read more&#8230;]<\/a><\/span><\/p>\n","protected":false},"author":6,"featured_media":0,"parent":21,"menu_order":0,"comment_status":"closed","ping_status":"closed","template":"","meta":{"footnotes":""},"class_list":["entry","page","publish","author-charles-antoine","post-1414"],"_links":{"self":[{"href":"https:\/\/sites.ac-nancy-metz.fr\/ses\/wordpress\/wp-json\/wp\/v2\/pages\/1414","targetHints":{"allow":["GET"]}}],"collection":[{"href":"https:\/\/sites.ac-nancy-metz.fr\/ses\/wordpress\/wp-json\/wp\/v2\/pages"}],"about":[{"href":"https:\/\/sites.ac-nancy-metz.fr\/ses\/wordpress\/wp-json\/wp\/v2\/types\/page"}],"author":[{"embeddable":true,"href":"https:\/\/sites.ac-nancy-metz.fr\/ses\/wordpress\/wp-json\/wp\/v2\/users\/6"}],"replies":[{"embeddable":true,"href":"https:\/\/sites.ac-nancy-metz.fr\/ses\/wordpress\/wp-json\/wp\/v2\/comments?post=1414"}],"version-history":[{"count":1,"href":"https:\/\/sites.ac-nancy-metz.fr\/ses\/wordpress\/wp-json\/wp\/v2\/pages\/1414\/revisions"}],"predecessor-version":[{"id":1415,"href":"https:\/\/sites.ac-nancy-metz.fr\/ses\/wordpress\/wp-json\/wp\/v2\/pages\/1414\/revisions\/1415"}],"up":[{"embeddable":true,"href":"https:\/\/sites.ac-nancy-metz.fr\/ses\/wordpress\/wp-json\/wp\/v2\/pages\/21"}],"wp:attachment":[{"href":"https:\/\/sites.ac-nancy-metz.fr\/ses\/wordpress\/wp-json\/wp\/v2\/media?parent=1414"}],"curies":[{"name":"wp","href":"https:\/\/api.w.org\/{rel}","templated":true}]}}