{"id":1486,"date":"2019-06-20T15:39:00","date_gmt":"2019-06-20T14:39:00","guid":{"rendered":"http:\/\/sites.ac-nancy-metz.fr\/ses\/wordpress\/?page_id=1486"},"modified":"2019-06-20T15:47:28","modified_gmt":"2019-06-20T14:47:28","slug":"les-entretiens-enseignants-entreprises-eee","status":"publish","type":"page","link":"https:\/\/sites.ac-nancy-metz.fr\/ses\/wordpress\/accueil\/infos-pratiques-et-institutionnelles\/les-entretiens-enseignants-entreprises-eee\/","title":{"rendered":"Les entretiens enseignants-entreprises (EEE)"},"content":{"rendered":"<p>Les entretiens enseignants entreprises portent en 2019 sur le th\u00e8me Risques et opportunit\u00e9s, pr\u00e9sent dans le nouveau programme de premi\u00e8re.<\/p>\n<p>&nbsp;<\/p>\n<p>Pour se renseigner ou s&rsquo;inscrire :\u00a0<a href=\"http:\/\/www.melchior.fr\/eee2019\/accueil\" target=\"_blank\" rel=\"noopener\">http:\/\/www.melchior.fr\/eee2019\/accueil<\/a><\/p>\n<p>&nbsp;<\/p>\n<p>A voir : <a href=\"https:\/\/www.youtube.com\/watch?v=6xh4w-pnuPo&amp;list=PLPwpaw-j2q8OMK4JZoF9V_vHAM5_tExI9\"><b>Une s\u00e9rie de vid\u00e9os de pr\u00e9sentation des EEE 2019<\/b><\/a><\/p>\n<p>&nbsp;<\/p>\n<p><a href=\"http:\/\/sites.ac-nancy-metz.fr\/ses\/fichiers\/Formations\/EEE\/Notice_de_pre__sentation_EEE2019.pdf\">La notice de pr\u00e9sentation<\/a>\u00a0donne un maximum d&rsquo;information.<\/p>\n<p>&nbsp;<\/p>\n<p>Retrouvez aussi\u00a0<a href=\"http:\/\/sites.ac-nancy-metz.fr\/ses\/fichiers\/Formations\/EEE\/Programme_EEE19_VF.pdf\">le programme\u00a0 !<\/a><\/p>\n","protected":false},"excerpt":{"rendered":"<p>Les entretiens enseignants entreprises portent en 2019 sur le th\u00e8me Risques et opportunit\u00e9s, pr\u00e9sent dans le nouveau programme de premi\u00e8re. &nbsp; Pour se renseigner ou s&rsquo;inscrire :\u00a0http:\/\/www.melchior.fr\/eee2019\/accueil &nbsp; A voir : Une s\u00e9rie de vid\u00e9os de pr\u00e9sentation des EEE 2019 &nbsp; La notice de pr\u00e9sentation\u00a0donne un maximum d&rsquo;information. &nbsp; Retrouvez aussi\u00a0le programme\u00a0 !<\/p>\n","protected":false},"author":6,"featured_media":0,"parent":171,"menu_order":0,"comment_status":"closed","ping_status":"closed","template":"","meta":{"footnotes":""},"class_list":["entry","page","publish","author-charles-antoine","post-1486"],"_links":{"self":[{"href":"https:\/\/sites.ac-nancy-metz.fr\/ses\/wordpress\/wp-json\/wp\/v2\/pages\/1486","targetHints":{"allow":["GET"]}}],"collection":[{"href":"https:\/\/sites.ac-nancy-metz.fr\/ses\/wordpress\/wp-json\/wp\/v2\/pages"}],"about":[{"href":"https:\/\/sites.ac-nancy-metz.fr\/ses\/wordpress\/wp-json\/wp\/v2\/types\/page"}],"author":[{"embeddable":true,"href":"https:\/\/sites.ac-nancy-metz.fr\/ses\/wordpress\/wp-json\/wp\/v2\/users\/6"}],"replies":[{"embeddable":true,"href":"https:\/\/sites.ac-nancy-metz.fr\/ses\/wordpress\/wp-json\/wp\/v2\/comments?post=1486"}],"version-history":[{"count":3,"href":"https:\/\/sites.ac-nancy-metz.fr\/ses\/wordpress\/wp-json\/wp\/v2\/pages\/1486\/revisions"}],"predecessor-version":[{"id":1491,"href":"https:\/\/sites.ac-nancy-metz.fr\/ses\/wordpress\/wp-json\/wp\/v2\/pages\/1486\/revisions\/1491"}],"up":[{"embeddable":true,"href":"https:\/\/sites.ac-nancy-metz.fr\/ses\/wordpress\/wp-json\/wp\/v2\/pages\/171"}],"wp:attachment":[{"href":"https:\/\/sites.ac-nancy-metz.fr\/ses\/wordpress\/wp-json\/wp\/v2\/media?parent=1486"}],"curies":[{"name":"wp","href":"https:\/\/api.w.org\/{rel}","templated":true}]}}