{"id":1526,"date":"2020-12-18T08:57:41","date_gmt":"2020-12-18T07:57:41","guid":{"rendered":"http:\/\/sites.ac-nancy-metz.fr\/ses\/wordpress\/?page_id=1526"},"modified":"2020-12-28T11:03:18","modified_gmt":"2020-12-28T10:03:18","slug":"2020-les-nouvelles-epreuves-du-baccalaureat","status":"publish","type":"page","link":"https:\/\/sites.ac-nancy-metz.fr\/ses\/wordpress\/2020-les-nouvelles-epreuves-du-baccalaureat\/","title":{"rendered":"2020 &#8211; Les nouvelles \u00e9preuves du baccalaur\u00e9at"},"content":{"rendered":"<p>Voici les documents ayant servis de support lors de la r\u00e9union :<\/p>\n<p><strong><span style=\"text-decoration: underline;\">Le grand Oral :<\/span><\/strong><\/p>\n<p><a href=\"http:\/\/sites.ac-nancy-metz.fr\/ses\/fichiers\/Formations\/Reunion_de_bassin\/2020-2021\/SES et grand oral Nancy-Metz decembre 2020.pptx\" target=\"_blank\" rel=\"noopener\">SES et grand oral<\/a><\/p>\n<p><a href=\"http:\/\/sites.ac-nancy-metz.fr\/ses\/fichiers\/Formations\/Reunion_de_bassin\/2020-2021\/GO evaluation.pdf\" target=\"_blank\" rel=\"noopener\">Comment \u00e9valuer le grand oral ?<\/a><\/p>\n<p><a href=\"http:\/\/sites.ac-nancy-metz.fr\/ses\/fichiers\/Formations\/Reunion_de_bassin\/2020-2021\/deuxieme grille.pdf\" target=\"_blank\" rel=\"noopener\">Un exemple de grille d&rsquo;\u00e9valuation<\/a><\/p>\n<p><a href=\"http:\/\/sites.ac-nancy-metz.fr\/ses\/fichiers\/Formations\/Reunion_de_bassin\/2020-2021\/comment parler sans support.pdf\" target=\"_blank\" rel=\"noopener\">Comment parler sans support ?<\/a><\/p>\n<p>&nbsp;<\/p>\n<p><strong><span style=\"text-decoration: underline;\">Les \u00e9preuves de SES :<\/span><\/strong><\/p>\n<p><a href=\"http:\/\/sites.ac-nancy-metz.fr\/ses\/fichiers\/Formations\/Reunion_de_bassin\/2020-2021\/Les epreuves du cycle terminal en SES.pdf\" target=\"_blank\" rel=\"noopener\">Les \u00e9preuves du cycle terminal <\/a><\/p>\n<p>&nbsp;<\/p>\n","protected":false},"excerpt":{"rendered":"<p>Voici les documents ayant servis de support lors de la r\u00e9union : Le grand Oral : SES et grand oral Comment \u00e9valuer le grand oral ? Un exemple de grille d&rsquo;\u00e9valuation Comment parler sans support ? &nbsp; Les \u00e9preuves de SES : Les \u00e9preuves du cycle terminal &nbsp;<\/p>\n","protected":false},"author":6,"featured_media":0,"parent":0,"menu_order":0,"comment_status":"closed","ping_status":"closed","template":"","meta":{"footnotes":""},"class_list":["entry","page","publish","author-charles-antoine","post-1526"],"_links":{"self":[{"href":"https:\/\/sites.ac-nancy-metz.fr\/ses\/wordpress\/wp-json\/wp\/v2\/pages\/1526","targetHints":{"allow":["GET"]}}],"collection":[{"href":"https:\/\/sites.ac-nancy-metz.fr\/ses\/wordpress\/wp-json\/wp\/v2\/pages"}],"about":[{"href":"https:\/\/sites.ac-nancy-metz.fr\/ses\/wordpress\/wp-json\/wp\/v2\/types\/page"}],"author":[{"embeddable":true,"href":"https:\/\/sites.ac-nancy-metz.fr\/ses\/wordpress\/wp-json\/wp\/v2\/users\/6"}],"replies":[{"embeddable":true,"href":"https:\/\/sites.ac-nancy-metz.fr\/ses\/wordpress\/wp-json\/wp\/v2\/comments?post=1526"}],"version-history":[{"count":5,"href":"https:\/\/sites.ac-nancy-metz.fr\/ses\/wordpress\/wp-json\/wp\/v2\/pages\/1526\/revisions"}],"predecessor-version":[{"id":1534,"href":"https:\/\/sites.ac-nancy-metz.fr\/ses\/wordpress\/wp-json\/wp\/v2\/pages\/1526\/revisions\/1534"}],"wp:attachment":[{"href":"https:\/\/sites.ac-nancy-metz.fr\/ses\/wordpress\/wp-json\/wp\/v2\/media?parent=1526"}],"curies":[{"name":"wp","href":"https:\/\/api.w.org\/{rel}","templated":true}]}}